{"id":4068,"date":"2023-06-01T15:45:25","date_gmt":"2023-06-01T13:45:25","guid":{"rendered":"https:\/\/culturayciencia.org\/litterae\/?page_id=4068"},"modified":"2023-06-01T15:45:27","modified_gmt":"2023-06-01T13:45:27","slug":"matias-chimirri","status":"publish","type":"page","link":"https:\/\/culturayciencia.org\/litterae\/matias-chimirri\/","title":{"rendered":"Mat\u00edas Chimirri"},"content":{"rendered":"\n<section class=\"wp-block-uagb-columns uagb-columns__wrap uagb-columns__stack-mobile uagb-columns__valign-top uagb-columns__gap-10 align uagb-block-885f7fd3 uagb-columns__columns-2 uagb-columns__max_width-theme\"><div class=\"uagb-columns__overlay\"><\/div><div class=\"uagb-columns__inner-wrap uagb-columns__columns-2\">\n<div class=\"wp-block-uagb-column uagb-column__wrap uagb-column__background-color uagb-block-b6d04f90\"><div class=\"uagb-column__overlay\"><\/div><div class=\"wp-block-image is-style-rounded\">\n<figure class=\"aligncenter size-full\"><img loading=\"lazy\" decoding=\"async\" width=\"417\" height=\"449\" src=\"https:\/\/culturayciencia.org\/litterae\/wp-content\/uploads\/2023\/06\/Matias_Chimirri_Litterae.jpg\" alt=\"\" class=\"wp-image-4067\" srcset=\"https:\/\/culturayciencia.org\/litterae\/wp-content\/uploads\/2023\/06\/Matias_Chimirri_Litterae.jpg 417w, https:\/\/culturayciencia.org\/litterae\/wp-content\/uploads\/2023\/06\/Matias_Chimirri_Litterae-279x300.jpg 279w\" sizes=\"auto, (max-width: 417px) 100vw, 417px\" \/><\/figure>\n<\/div>\n\n\n<h2 class=\"wp-block-heading has-text-align-center has-medium-font-size\"><strong><strong>Mat\u00edas Chimirri<\/strong><\/strong><\/h2>\n\n\n\n<p class=\"has-text-align-center has-vivid-red-color has-text-color\">Libranda<\/p>\n<\/div>\n\n\n\n<div class=\"wp-block-uagb-column uagb-column__wrap uagb-column__background-undefined uagb-block-d375ffda\"><div class=\"uagb-column__overlay\"><\/div>\n<p>Experto en publicaci\u00f3n digital y contenido<\/p>\n\n\n\n<p>M\u00e1s de 20 a\u00f1os de experiencia en la distribuci\u00f3n de contenidos digitales culturales<\/p>\n\n\n\n<p>Experiencia en alta gerencia en operaciones comerciales internacionales en las industrias culturales y creativas para bienes de consumo, medios digitales y tecnolog\u00eda.<\/p>\n\n\n\n<p>Emprendedor diligente y altamente colaborativo con una s\u00f3lida \u00e9tica de trabajo y habilidades de gesti\u00f3n organizacional. Capaz de adaptarse y hacer malabarismos con m\u00faltiples proyectos y plazos en cualquier entorno din\u00e1mico y en constante cambio.<\/p>\n\n\n\n<p>Experiencia especial: forjar asociaciones comerciales clave, as\u00ed como estrategias comerciales generadoras de ingresos entre las tiendas de distribuci\u00f3n digital y los propietarios de contenido cultural. Comercio internacional de contenidos musicales y distribuci\u00f3n de libros digitales as\u00ed como desarrollo de nuevos productos, negociaciones, planificaci\u00f3n estrat\u00e9gica y gesti\u00f3n de clientes.<\/p>\n\n\n\n<p>Apasionado por la innovaci\u00f3n tecnol\u00f3gica y los componentes en l\u00ednea de la vida. Experiencia global en la distribuci\u00f3n de contenido, desarrollo de nuevos negocios y construcci\u00f3n de marcas establecidas.<\/p>\n<\/div>\n<\/div><\/section>\n\n\n","protected":false},"excerpt":{"rendered":"","protected":false},"author":4,"featured_media":0,"parent":0,"menu_order":0,"comment_status":"closed","ping_status":"closed","template":"","meta":{"_acf_changed":false,"om_disable_all_campaigns":false,"_uag_custom_page_level_css":"","_monsterinsights_skip_tracking":false,"_monsterinsights_sitenote_active":false,"_monsterinsights_sitenote_note":"","_monsterinsights_sitenote_category":0,"_uf_show_specific_survey":0,"_uf_disable_surveys":false,"footnotes":""},"class_list":{"0":"post-4068","1":"page","2":"type-page","3":"status-publish","5":"no-featured-image-padding"},"acf":[],"aioseo_notices":[],"uagb_featured_image_src":{"full":false,"thumbnail":false,"medium":false,"medium_large":false,"large":false,"1536x1536":false,"2048x2048":false},"uagb_author_info":{"display_name":false,"author_link":"https:\/\/culturayciencia.org\/litterae\/author\/librerae\/"},"uagb_comment_info":0,"uagb_excerpt":null,"_links":{"self":[{"href":"https:\/\/culturayciencia.org\/litterae\/wp-json\/wp\/v2\/pages\/4068","targetHints":{"allow":["GET"]}}],"collection":[{"href":"https:\/\/culturayciencia.org\/litterae\/wp-json\/wp\/v2\/pages"}],"about":[{"href":"https:\/\/culturayciencia.org\/litterae\/wp-json\/wp\/v2\/types\/page"}],"author":[{"embeddable":true,"href":"https:\/\/culturayciencia.org\/litterae\/wp-json\/wp\/v2\/users\/4"}],"replies":[{"embeddable":true,"href":"https:\/\/culturayciencia.org\/litterae\/wp-json\/wp\/v2\/comments?post=4068"}],"version-history":[{"count":0,"href":"https:\/\/culturayciencia.org\/litterae\/wp-json\/wp\/v2\/pages\/4068\/revisions"}],"wp:attachment":[{"href":"https:\/\/culturayciencia.org\/litterae\/wp-json\/wp\/v2\/media?parent=4068"}],"curies":[{"name":"wp","href":"https:\/\/api.w.org\/{rel}","templated":true}]}}