{"id":4090,"date":"2023-06-01T19:10:41","date_gmt":"2023-06-01T17:10:41","guid":{"rendered":"https:\/\/culturayciencia.org\/litterae\/?page_id=4090"},"modified":"2023-08-02T14:38:12","modified_gmt":"2023-08-02T12:38:12","slug":"mario-madueno","status":"publish","type":"page","link":"https:\/\/culturayciencia.org\/litterae\/mario-madueno\/","title":{"rendered":"Mario Madue\u00f1o"},"content":{"rendered":"\n<section class=\"wp-block-uagb-columns uagb-columns__wrap uagb-columns__background-none uagb-columns__stack-mobile uagb-columns__valign-top uagb-columns__gap-10 align uagb-block-d9e45386 uagb-columns__columns-2 uagb-columns__max_width-theme\"><div class=\"uagb-columns__overlay\"><\/div><div class=\"uagb-columns__inner-wrap uagb-columns__columns-2\">\n<div class=\"wp-block-uagb-column uagb-column__wrap uagb-column__background-color uagb-block-21180568\"><div class=\"uagb-column__overlay\"><\/div><div class=\"wp-block-image is-style-rounded\">\n<figure class=\"aligncenter size-full\"><img loading=\"lazy\" decoding=\"async\" width=\"279\" height=\"300\" src=\"https:\/\/culturayciencia.org\/litterae\/wp-content\/uploads\/2023\/06\/Mario_Madueno_litterae.jpg\" alt=\"\" class=\"wp-image-4088\"\/><\/figure>\n<\/div>\n\n\n<h2 class=\"wp-block-heading has-text-align-center has-medium-font-size\"><strong><strong>Mario Madue\u00f1o<\/strong><\/strong><\/h2>\n\n\n\n<p class=\"has-text-align-center has-vivid-red-color has-text-color\">Coordinador<br>Rodando p\u00e1ginas<\/p>\n<\/div>\n\n\n\n<div class=\"wp-block-uagb-column uagb-column__wrap uagb-column__background-undefined uagb-block-041e091a\"><div class=\"uagb-column__overlay\"><\/div>\n<p>Productor de cine desde hace veinte a\u00f1os, su trabajo apuesta siempre por evitar<br>narrativas habituales y proponer miradas propias. Sus pel\u00edculas han viajado por<br>festivales como Sevilla, Rotterdam, San Sebasti\u00e1n, Locarno, IDFA \u00c1msterdam,<br>Karlovy Vary, Gij\u00f3n o Sundance, siendo nominadas y premiadas en los Premios Goya,<br>Premios Forqu\u00e9, Premios Feroz o Premios EFA.<\/p>\n\n\n\n<p>Actualmente, es presidente de AMA (Asociaci\u00f3n Madrile\u00f1a Audiovisual), presidente de<br>AIC (Asociaci\u00f3n de la Industria del Cortometraje) y vicepresidente del Cl\u00faster<br>Audiovisual de Madrid. Ha sido coordinador de las cuatro \u00faltimas ediciones de<br>Rodando P\u00e1ginas. Del libro a las pantallas, evento profesional anual de conexi\u00f3n de<br>los sectores editorial y audiovisual.<\/p>\n<\/div>\n<\/div><\/section>\n\n\n","protected":false},"excerpt":{"rendered":"","protected":false},"author":4,"featured_media":0,"parent":0,"menu_order":0,"comment_status":"closed","ping_status":"closed","template":"","meta":{"_acf_changed":false,"om_disable_all_campaigns":false,"_uag_custom_page_level_css":"","_monsterinsights_skip_tracking":false,"_monsterinsights_sitenote_active":false,"_monsterinsights_sitenote_note":"","_monsterinsights_sitenote_category":0,"_uf_show_specific_survey":0,"_uf_disable_surveys":false,"footnotes":""},"class_list":{"0":"post-4090","1":"page","2":"type-page","3":"status-publish","5":"no-featured-image-padding"},"acf":[],"aioseo_notices":[],"uagb_featured_image_src":{"full":false,"thumbnail":false,"medium":false,"medium_large":false,"large":false,"1536x1536":false,"2048x2048":false},"uagb_author_info":{"display_name":false,"author_link":"https:\/\/culturayciencia.org\/litterae\/author\/librerae\/"},"uagb_comment_info":0,"uagb_excerpt":null,"_links":{"self":[{"href":"https:\/\/culturayciencia.org\/litterae\/wp-json\/wp\/v2\/pages\/4090","targetHints":{"allow":["GET"]}}],"collection":[{"href":"https:\/\/culturayciencia.org\/litterae\/wp-json\/wp\/v2\/pages"}],"about":[{"href":"https:\/\/culturayciencia.org\/litterae\/wp-json\/wp\/v2\/types\/page"}],"author":[{"embeddable":true,"href":"https:\/\/culturayciencia.org\/litterae\/wp-json\/wp\/v2\/users\/4"}],"replies":[{"embeddable":true,"href":"https:\/\/culturayciencia.org\/litterae\/wp-json\/wp\/v2\/comments?post=4090"}],"version-history":[{"count":0,"href":"https:\/\/culturayciencia.org\/litterae\/wp-json\/wp\/v2\/pages\/4090\/revisions"}],"wp:attachment":[{"href":"https:\/\/culturayciencia.org\/litterae\/wp-json\/wp\/v2\/media?parent=4090"}],"curies":[{"name":"wp","href":"https:\/\/api.w.org\/{rel}","templated":true}]}}