{"id":4099,"date":"2023-06-01T19:22:45","date_gmt":"2023-06-01T17:22:45","guid":{"rendered":"https:\/\/culturayciencia.org\/litterae\/?page_id=4099"},"modified":"2023-08-28T10:35:56","modified_gmt":"2023-08-28T08:35:56","slug":"diego-moreno-zambrana","status":"publish","type":"page","link":"https:\/\/culturayciencia.org\/litterae\/diego-moreno-zambrana\/","title":{"rendered":"Diego Moreno Zambrana"},"content":{"rendered":"\n<section class=\"wp-block-uagb-columns uagb-columns__wrap uagb-columns__background-none uagb-columns__stack-mobile uagb-columns__valign-top uagb-columns__gap-10 align uagb-block-96135d16 uagb-columns__columns-2 uagb-columns__max_width-theme\"><div class=\"uagb-columns__overlay\"><\/div><div class=\"uagb-columns__inner-wrap uagb-columns__columns-2\">\n<div class=\"wp-block-uagb-column uagb-column__wrap uagb-column__background-color uagb-block-26ac0d79\"><div class=\"uagb-column__overlay\"><\/div><div class=\"wp-block-image is-style-rounded\">\n<figure class=\"aligncenter size-full\"><img loading=\"lazy\" decoding=\"async\" width=\"417\" height=\"449\" src=\"https:\/\/culturayciencia.org\/litterae\/wp-content\/uploads\/2023\/08\/diego_moreno_litterae.jpg\" alt=\"\" class=\"wp-image-4321\" srcset=\"https:\/\/culturayciencia.org\/litterae\/wp-content\/uploads\/2023\/08\/diego_moreno_litterae.jpg 417w, https:\/\/culturayciencia.org\/litterae\/wp-content\/uploads\/2023\/08\/diego_moreno_litterae-279x300.jpg 279w\" sizes=\"auto, (max-width: 417px) 100vw, 417px\" \/><\/figure>\n<\/div>\n\n\n<h2 class=\"wp-block-heading has-text-align-center has-medium-font-size\"><strong><strong>Diego Moreno Zambrana<\/strong><\/strong><\/h2>\n\n\n\n<p class=\"has-text-align-center has-vivid-red-color has-text-color\">N\u00f3rdica Libros<\/p>\n<\/div>\n\n\n\n<div class=\"wp-block-uagb-column uagb-column__wrap uagb-column__background-undefined uagb-block-9ef15b1a\"><div class=\"uagb-column__overlay\"><\/div>\n<p>Diego Moreno Zambrana (Madrid, Espa\u00f1a, 1976), es licenciado en Sociolog\u00eda por la Universidad Complutense, Especialista Universitario en Sociolog\u00eda del Consumo por la Universidad Complutense y M\u00e1ster en Edici\u00f3n por la Universidad de Salamanca. <\/p>\n\n\n\n<p>Ha desarrollado su actividad profesional en el mundo del libro trabajando en diferentes \u00e1reas: librer\u00eda, impresi\u00f3n y edici\u00f3n. <\/p>\n\n\n\n<p>En 2006 crea N\u00f3rdica Libros, editorial que recibi\u00f3 el 2008 el Premio Nacional a la Mejor Labor Editorial junto con el resto de los sellos del grupo Contexto. Entre 2017 y 2023 diez libros de N\u00f3rdica han recibido el Premio a los libros mejor editados otorgados por el Ministerio de Educaci\u00f3n, Cultura y Deporte.<\/p>\n<\/div>\n<\/div><\/section>\n\n\n","protected":false},"excerpt":{"rendered":"","protected":false},"author":4,"featured_media":0,"parent":0,"menu_order":0,"comment_status":"closed","ping_status":"closed","template":"","meta":{"_acf_changed":false,"om_disable_all_campaigns":false,"_uag_custom_page_level_css":"","_monsterinsights_skip_tracking":false,"_monsterinsights_sitenote_active":false,"_monsterinsights_sitenote_note":"","_monsterinsights_sitenote_category":0,"_uf_show_specific_survey":0,"_uf_disable_surveys":false,"footnotes":""},"class_list":{"0":"post-4099","1":"page","2":"type-page","3":"status-publish","5":"no-featured-image-padding"},"acf":[],"aioseo_notices":[],"uagb_featured_image_src":{"full":false,"thumbnail":false,"medium":false,"medium_large":false,"large":false,"1536x1536":false,"2048x2048":false},"uagb_author_info":{"display_name":false,"author_link":"https:\/\/culturayciencia.org\/litterae\/author\/librerae\/"},"uagb_comment_info":0,"uagb_excerpt":null,"_links":{"self":[{"href":"https:\/\/culturayciencia.org\/litterae\/wp-json\/wp\/v2\/pages\/4099","targetHints":{"allow":["GET"]}}],"collection":[{"href":"https:\/\/culturayciencia.org\/litterae\/wp-json\/wp\/v2\/pages"}],"about":[{"href":"https:\/\/culturayciencia.org\/litterae\/wp-json\/wp\/v2\/types\/page"}],"author":[{"embeddable":true,"href":"https:\/\/culturayciencia.org\/litterae\/wp-json\/wp\/v2\/users\/4"}],"replies":[{"embeddable":true,"href":"https:\/\/culturayciencia.org\/litterae\/wp-json\/wp\/v2\/comments?post=4099"}],"version-history":[{"count":0,"href":"https:\/\/culturayciencia.org\/litterae\/wp-json\/wp\/v2\/pages\/4099\/revisions"}],"wp:attachment":[{"href":"https:\/\/culturayciencia.org\/litterae\/wp-json\/wp\/v2\/media?parent=4099"}],"curies":[{"name":"wp","href":"https:\/\/api.w.org\/{rel}","templated":true}]}}