{"id":410,"date":"2019-09-04T19:11:00","date_gmt":"2019-09-04T17:11:00","guid":{"rendered":"https:\/\/culturayciencia.org\/litterae\/?page_id=410"},"modified":"2019-09-13T10:26:33","modified_gmt":"2019-09-13T08:26:33","slug":"javier-celaya","status":"publish","type":"page","link":"https:\/\/culturayciencia.org\/litterae\/javier-celaya\/","title":{"rendered":"Javier Celaya"},"content":{"rendered":"\n<div class=\"wp-block-image\"><figure class=\"alignleft\"><img loading=\"lazy\" decoding=\"async\" width=\"400\" height=\"400\" src=\"https:\/\/culturayciencia.org\/litterae\/wp-content\/uploads\/2019\/09\/Javier_Celaya_Litterae.jpg\" alt=\"\" class=\"wp-image-305\" srcset=\"https:\/\/culturayciencia.org\/litterae\/wp-content\/uploads\/2019\/09\/Javier_Celaya_Litterae.jpg 400w, https:\/\/culturayciencia.org\/litterae\/wp-content\/uploads\/2019\/09\/Javier_Celaya_Litterae-150x150.jpg 150w, https:\/\/culturayciencia.org\/litterae\/wp-content\/uploads\/2019\/09\/Javier_Celaya_Litterae-300x300.jpg 300w\" sizes=\"auto, (max-width: 400px) 100vw, 400px\" \/><figcaption> Fotograf\u00eda Javier Broto<br><\/figcaption><\/figure><\/div>\n\n\n\n<h2 class=\"wp-block-heading\" style=\"text-align:center\"><strong>Javier Celaya<\/strong><\/h2>\n\n\n\n<p style=\"text-align:center\"><strong><em>Dosdoce<\/em><\/strong><\/p>\n\n\n\n<p style=\"text-align:justify\"><strong>Javier Celaya (Bilbao, 1963) es socio-fundador de&nbsp;<\/strong><a href=\"http:\/\/www.dosdoce.com\/\" target=\"_blank\" rel=\"noreferrer noopener\"><strong>Dosdoce.com<\/strong><\/a><strong>.<\/strong><\/p>\n\n\n\n<p style=\"text-align:justify\">Desde su inicio en marzo de 2004, el objetivo de&nbsp;<a href=\"http:\/\/www.dosdoce.com\/\" target=\"_blank\" rel=\"noreferrer noopener\"><strong>Dosdoce.com<\/strong><\/a>&nbsp;ha\nsido ayudar a los profesionales del mundo de la cultura (editoriales,\nlibrer\u00edas, bibliotecas, museos, fundaciones, entre otros) a entender la era\ndigital que nos ha tocado vivir.<\/p>\n\n\n\n<p style=\"text-align:justify\">Javier es vocal de la Junta Directiva de Asociaci\u00f3n Espa\u00f1ola\nde la Econom\u00eda Digital (<a href=\"https:\/\/www.adigital.org\/\" target=\"_blank\" rel=\"noreferrer noopener\"><strong>ADIGITAL<\/strong><\/a>),\nas\u00ed responsable del \u00e1rea de Relaciones Institucionales de la&nbsp;<a href=\"http:\/\/www.dosdoce.com\/2018\/12\/12\/nace-aselid-asociacion-empresarial-del-libro-digital\/\" target=\"_blank\" rel=\"noreferrer noopener\"><strong>Asociaci\u00f3n Empresarial del Libro Electr\u00f3nico (ASELID)<\/strong><\/a>.<\/p>\n\n\n\n<p style=\"text-align:justify\">A lo largo de los \u00faltimos seis a\u00f1os ha asesorado a&nbsp;<a href=\"https:\/\/www.bookwire.de\/es\/\" target=\"_blank\" rel=\"noreferrer noopener\"><strong>Bookwire<\/strong><\/a>, la\nprincipal plataforma de distribuci\u00f3n de libros electr\u00f3nicos y audiolibros, en\nsu estrategia de expansi\u00f3n internacional en los mercados en espa\u00f1ol (Espa\u00f1a y\nAm\u00e9rica Latina). Actualmente, Javier asesora al equipo de expansi\u00f3n\ninternacional de&nbsp;<a href=\"https:\/\/www.storytel.com\/es\/es\/\" target=\"_blank\" rel=\"noreferrer noopener\"><strong>Storytel<\/strong><\/a>,\nla principal plataforma europea de audiolibros, en su estrategia de expansi\u00f3n\nen los mercados en espa\u00f1ol (Espa\u00f1a y Am\u00e9rica Latina), as\u00ed como otros mercados.<\/p>\n\n\n\n<p style=\"text-align:justify\">Javier tambi\u00e9n es asesor estrat\u00e9gico de varias iniciativas\ndigitales como&nbsp;<a href=\"http:\/\/www.eliburutegia.euskadi.eus\/\" target=\"_blank\" rel=\"noreferrer noopener\"><strong>eLiburutegia<\/strong><\/a>&nbsp;del Gobierno Vasco,&nbsp;<a href=\"http:\/\/altautores.com\/\" target=\"_blank\" rel=\"noreferrer noopener\">ALT Autores<\/a>, Benetech,\nTekstum, Seebook, The Spanish Bookstage, El Placer de la Lectura, Komilibro,\nSlicebooks, entre otras.<\/p>\n\n\n\n<p style=\"text-align:justify\">Desde 2016 es el director acad\u00e9mico del&nbsp;<a href=\"http:\/\/www.dphuesca.es\/congresolibroelectronico\" target=\"_blank\" rel=\"noreferrer noopener\"><strong>Congreso\ndel Libro Electr\u00f3nico<\/strong><\/a>, el principal encuentro profesional de habla\nhispana que analiza anualmente la evoluci\u00f3n de la edici\u00f3n digital en la Ciudad\nde Barbastro (Huesca).<\/p>\n\n\n\n<p style=\"text-align:justify\">Javier imparte clases en el M\u00e1ster de Edici\u00f3n de la\nUniversidad Aut\u00f3noma (UAM), en M\u00e1ster online en Cr\u00edtica y comunicaci\u00f3n cultural\nde la Universidad de Alcal\u00e1 y la revista El Cultural, en el M\u00e1ster de Gesti\u00f3n\nCultural de la Universidad Carlos III, as\u00ed como en el M\u00e1ster de Edici\u00f3n de la\nUniversidad Complutense de Madrid. Durante m\u00e1s de 5 a\u00f1os fue co-Director del\nM\u00e1ster de Comunicaci\u00f3n Corporativa e Institucional 2.0 y del M\u00e1ster de Edici\u00f3n\nDigital, ambos de la Universidad de Alcal\u00e1. Desde el a\u00f1o 2009 tambi\u00e9n forma\nparte del claustro de profesores de la escuela de negocios y del Consejo Asesor\nde La Salle International Graduate School y es miembro del Comit\u00e9 Cient\u00edfico y\ndel Consejo de Redacci\u00f3n de la Revista Telos, perteneciente a la Fundaci\u00f3n\nTelef\u00f3nica.<\/p>\n\n\n\n<p style=\"text-align:justify\">En marzo de 2011, Javier Celaya obtuvo el&nbsp;<a href=\"http:\/\/www.dosdoce.com\/articulo\/comunicacion-digital\/3638\/ii-premios-revista-de-letras\/\" target=\"_blank\" rel=\"noreferrer noopener\"><strong>Premio Especial RdL de Divulgaci\u00f3n<\/strong><\/a>, destinado a\nprofesionales que han hecho de la comunicaci\u00f3n e informaci\u00f3n digital su campo\nde batalla.<\/p>\n\n\n\n<p style=\"text-align:justify\">En 2013 fue el director acad\u00e9mico del&nbsp;<a href=\"http:\/\/www.dosdoce.com\/articulo\/formacion\/3825\/cultura-digital-cultura-en-red\/\" target=\"_blank\" rel=\"noreferrer noopener\"><strong>V Congreso Iberoamericano de la Cultura<\/strong><\/a>&nbsp;organizado\npor el Ministerio de Educaci\u00f3n, Cultura y Deporte (MECD), la Secretar\u00eda General\nIberoamericana (SEGIB) y la Organizaci\u00f3n de Estados Iberoamericanos (OEI).<\/p>\n\n\n\n<p style=\"text-align:justify\">De 2014 a 2016 ha sido el director acad\u00e9mico de las tres primeras\nediciones del&nbsp;<a href=\"http:\/\/www.dosdoce.com\/articulo\/estudios\/3919\/anuario-ac-e-de-cultura-digital-modelos-de-negocio-culturales-en-internet\/\" target=\"_blank\" rel=\"noreferrer noopener\"><strong>Anuario AC\/E de Cultura Digital<\/strong><\/a>&nbsp;que tiene como\nobjetivo convertirse en un documento anual de referencia sobre la evoluci\u00f3n de\nlas tendencias digitales en el mundo de la cultura.<\/p>\n\n\n\n<p style=\"text-align:justify\">Javier tiene un M\u00e1ster en Relaciones Internacionales por la Universidad de Columbia de Nueva York y es Licenciado en Direcci\u00f3n de Empresas por Boston College.&nbsp;<\/p>\n","protected":false},"excerpt":{"rendered":"","protected":false},"author":4,"featured_media":0,"parent":0,"menu_order":0,"comment_status":"closed","ping_status":"closed","template":"","meta":{"_acf_changed":false,"om_disable_all_campaigns":false,"_uag_custom_page_level_css":"","_monsterinsights_skip_tracking":false,"_monsterinsights_sitenote_active":false,"_monsterinsights_sitenote_note":"","_monsterinsights_sitenote_category":0,"_uf_show_specific_survey":0,"_uf_disable_surveys":false,"footnotes":""},"class_list":{"0":"post-410","1":"page","2":"type-page","3":"status-publish","5":"no-featured-image-padding"},"acf":[],"aioseo_notices":[],"uagb_featured_image_src":{"full":false,"thumbnail":false,"medium":false,"medium_large":false,"large":false,"1536x1536":false,"2048x2048":false},"uagb_author_info":{"display_name":false,"author_link":"https:\/\/culturayciencia.org\/litterae\/author\/librerae\/"},"uagb_comment_info":0,"uagb_excerpt":null,"_links":{"self":[{"href":"https:\/\/culturayciencia.org\/litterae\/wp-json\/wp\/v2\/pages\/410","targetHints":{"allow":["GET"]}}],"collection":[{"href":"https:\/\/culturayciencia.org\/litterae\/wp-json\/wp\/v2\/pages"}],"about":[{"href":"https:\/\/culturayciencia.org\/litterae\/wp-json\/wp\/v2\/types\/page"}],"author":[{"embeddable":true,"href":"https:\/\/culturayciencia.org\/litterae\/wp-json\/wp\/v2\/users\/4"}],"replies":[{"embeddable":true,"href":"https:\/\/culturayciencia.org\/litterae\/wp-json\/wp\/v2\/comments?post=410"}],"version-history":[{"count":0,"href":"https:\/\/culturayciencia.org\/litterae\/wp-json\/wp\/v2\/pages\/410\/revisions"}],"wp:attachment":[{"href":"https:\/\/culturayciencia.org\/litterae\/wp-json\/wp\/v2\/media?parent=410"}],"curies":[{"name":"wp","href":"https:\/\/api.w.org\/{rel}","templated":true}]}}