{"id":4107,"date":"2023-07-14T11:40:43","date_gmt":"2023-07-14T09:40:43","guid":{"rendered":"https:\/\/culturayciencia.org\/litterae\/?page_id=4107"},"modified":"2023-08-02T10:58:19","modified_gmt":"2023-08-02T08:58:19","slug":"sophie-savary","status":"publish","type":"page","link":"https:\/\/culturayciencia.org\/litterae\/sophie-savary\/","title":{"rendered":"Sophie Savary"},"content":{"rendered":"\n<section class=\"wp-block-uagb-columns uagb-columns__wrap uagb-columns__background-none uagb-columns__stack-mobile uagb-columns__valign-top uagb-columns__gap-10 align uagb-block-7d26103c uagb-columns__columns-2 uagb-columns__max_width-theme\"><div class=\"uagb-columns__overlay\"><\/div><div class=\"uagb-columns__inner-wrap uagb-columns__columns-2\">\n<div class=\"wp-block-uagb-column uagb-column__wrap uagb-column__background-color uagb-block-74de7b72\"><div class=\"uagb-column__overlay\"><\/div><div class=\"wp-block-image is-style-rounded\">\n<figure class=\"aligncenter size-full\"><img loading=\"lazy\" decoding=\"async\" width=\"417\" height=\"449\" src=\"https:\/\/culturayciencia.org\/litterae\/wp-content\/uploads\/2023\/07\/Sophie_Savary_Litterae.jpg\" alt=\"\" class=\"wp-image-4105\" srcset=\"https:\/\/culturayciencia.org\/litterae\/wp-content\/uploads\/2023\/07\/Sophie_Savary_Litterae.jpg 417w, https:\/\/culturayciencia.org\/litterae\/wp-content\/uploads\/2023\/07\/Sophie_Savary_Litterae-279x300.jpg 279w\" sizes=\"auto, (max-width: 417px) 100vw, 417px\" \/><\/figure>\n<\/div>\n\n\n<h2 class=\"wp-block-heading has-text-align-center has-medium-font-size\"><strong><strong>Sophie Savary<\/strong><\/strong><\/h2>\n\n\n\n<p class=\"has-text-align-center has-vivid-red-color has-text-color\">Sosavbooks Agencia Editorial<\/p>\n<\/div>\n\n\n\n<div class=\"wp-block-uagb-column uagb-column__wrap uagb-column__background-undefined uagb-block-8ad5481b\"><div class=\"uagb-column__overlay\"><\/div>\n<p>Doctora en Letras y Geograf\u00eda por la Universidad de la Sorbona, fund\u00f3 \u201cUn jard\u00edn de libros\u201d, librer\u00eda ubicada en Montpellier, tras una carrera dedicada a la ense\u00f1anza e investigaci\u00f3n en Geoliteratura. Siempre ha mantenido la relaci\u00f3n con Espa\u00f1a y en particular con Barcelona, y por supuesto con el mundo acad\u00e9mico. Desde su experiencia como librera, aprendi\u00f3 todo (o casi todo\u2026) sobre el mundo profesional de los libros.<\/p>\n\n\n\n<p>En 2013, crea la agencia literaria Sosavbooks, (<a href=\"https:\/\/sosavbooks.com\/bienvenido\/\">https:\/\/sosavbooks.com\/bienvenido\/<\/a>), con la idea de crear un lugar donde los\/as autores\/as se sintieran en casa.<\/p>\n\n\n\n<p>Ya que Espa\u00f1a es su pa\u00eds adoptivo, la agencia representa principalmente a hispano parlantes ib\u00e9ricos o latinoamericanos y a catalanoparlantes. Los franceses tambi\u00e9n, por supuesto, y algunos otros, como los autores de las ediciones de Guernica en el Canad\u00e1 angl\u00f3fono o Rabia Ahmed en Pakist\u00e1n. En Espa\u00f1a, y especialmente en Barcelona, trabaja con socios, agentes con los que forman una red; est\u00e1 orgullosa de ser su co-agente en Francia y de representar sus cat\u00e1logos o a algunos de sus autores. Tambi\u00e9n trabaja con agentes que representan su cat\u00e1logo en Italia, Polonia, Grecia, Escandinavia, Jap\u00f3n, China, y poco a poco en otros pa\u00edses. Los derechos de Manuela Carmena (ex alcaldesa de Madrid) vendidos en Francia permitieron darla a conocer en este pa\u00eds. Los autores hispanohablantes o catalanohablantes representados son de todos g\u00e9neros as\u00ed por ejemplo Andreu Mart\u00edn (reci\u00e9n vendido en \u00e1rabe), David Toscana (M\u00e9jico), Robert Juan-Cantavella, Oscar Gual, Pablo Mart\u00edn Carbajal, Rafael Guerrero, los autores de la editorial Candaya y Clandestina (Crims.cat), Varios novelistas espa\u00f1oles y catalanes representados por la agencia han dado sus primeros pasos en Francia: Gerard Guix, Juan Trejo, Fernando Clemot, Patricia Almarcegui, Gustavo Faver\u00f3n a finales del 2023.<\/p>\n<\/div>\n<\/div><\/section>\n\n\n","protected":false},"excerpt":{"rendered":"","protected":false},"author":4,"featured_media":0,"parent":0,"menu_order":0,"comment_status":"closed","ping_status":"closed","template":"","meta":{"_acf_changed":false,"om_disable_all_campaigns":false,"_uag_custom_page_level_css":"","_monsterinsights_skip_tracking":false,"_monsterinsights_sitenote_active":false,"_monsterinsights_sitenote_note":"","_monsterinsights_sitenote_category":0,"_uf_show_specific_survey":0,"_uf_disable_surveys":false,"footnotes":""},"class_list":{"0":"post-4107","1":"page","2":"type-page","3":"status-publish","5":"no-featured-image-padding"},"acf":[],"aioseo_notices":[],"uagb_featured_image_src":{"full":false,"thumbnail":false,"medium":false,"medium_large":false,"large":false,"1536x1536":false,"2048x2048":false},"uagb_author_info":{"display_name":false,"author_link":"https:\/\/culturayciencia.org\/litterae\/author\/librerae\/"},"uagb_comment_info":0,"uagb_excerpt":null,"_links":{"self":[{"href":"https:\/\/culturayciencia.org\/litterae\/wp-json\/wp\/v2\/pages\/4107","targetHints":{"allow":["GET"]}}],"collection":[{"href":"https:\/\/culturayciencia.org\/litterae\/wp-json\/wp\/v2\/pages"}],"about":[{"href":"https:\/\/culturayciencia.org\/litterae\/wp-json\/wp\/v2\/types\/page"}],"author":[{"embeddable":true,"href":"https:\/\/culturayciencia.org\/litterae\/wp-json\/wp\/v2\/users\/4"}],"replies":[{"embeddable":true,"href":"https:\/\/culturayciencia.org\/litterae\/wp-json\/wp\/v2\/comments?post=4107"}],"version-history":[{"count":0,"href":"https:\/\/culturayciencia.org\/litterae\/wp-json\/wp\/v2\/pages\/4107\/revisions"}],"wp:attachment":[{"href":"https:\/\/culturayciencia.org\/litterae\/wp-json\/wp\/v2\/media?parent=4107"}],"curies":[{"name":"wp","href":"https:\/\/api.w.org\/{rel}","templated":true}]}}