{"id":413,"date":"2019-09-04T19:17:53","date_gmt":"2019-09-04T17:17:53","guid":{"rendered":"https:\/\/culturayciencia.org\/litterae\/?page_id=413"},"modified":"2019-09-13T10:29:32","modified_gmt":"2019-09-13T08:29:32","slug":"javier-soler","status":"publish","type":"page","link":"https:\/\/culturayciencia.org\/litterae\/javier-soler\/","title":{"rendered":"Javier Soler"},"content":{"rendered":"\n<div class=\"wp-block-image\"><figure class=\"alignleft\"><img loading=\"lazy\" decoding=\"async\" width=\"400\" height=\"400\" src=\"https:\/\/culturayciencia.org\/litterae\/wp-content\/uploads\/2019\/09\/Javier_Soler_Litterae_.jpg\" alt=\"\" class=\"wp-image-583\" srcset=\"https:\/\/culturayciencia.org\/litterae\/wp-content\/uploads\/2019\/09\/Javier_Soler_Litterae_.jpg 400w, https:\/\/culturayciencia.org\/litterae\/wp-content\/uploads\/2019\/09\/Javier_Soler_Litterae_-150x150.jpg 150w, https:\/\/culturayciencia.org\/litterae\/wp-content\/uploads\/2019\/09\/Javier_Soler_Litterae_-300x300.jpg 300w\" sizes=\"auto, (max-width: 400px) 100vw, 400px\" \/><\/figure><\/div>\n\n\n\n<h2 class=\"wp-block-heading\" style=\"text-align:center\"><strong>Javier Soler Belda<\/strong><\/h2>\n\n\n\n<p style=\"text-align:center\"><strong><em>Librer\u00eda Entre Libros <\/em><\/strong><\/p>\n\n\n\n<p style=\"text-align:justify\">Joven inquieto busca\u2026 en 1987, con s\u00f3lo 20 a\u00f1os y una\nsobresaliente inconsciencia, se hace cargo de una librer\u00eda en ruinas situada en\nla periferia de su ciudad. Un reto a su altura, pens\u00f3, <em>de aqu\u00ed saldr\u00e1 la\nmejor librer\u00eda de Linares, <\/em>pero aquello se le fue de las manos. 9 a\u00f1os m\u00e1s\ntarde de aquellas cenizas nacieron flores y en 1996 abre sus puertas Librer\u00eda\nEntre Libros S.L. Un lugar c\u00e9ntrico, con espacio suficiente para poner en\nmarcha un programa de actividades relacionadas con la lectura, la escritura,\nlos libros, la m\u00fasica y el teatro. La proyecci\u00f3n que tiene la librer\u00eda sobre la\nciudad es premiada por la C\u00e1mara Oficial de Comercio e Industria de Linares con\nel <strong>Premio a la Empresa Comercial en 2017 <\/strong>ypor la Junta de\nAndaluc\u00eda con el <strong>Premio Andaluz de Comercio Interior en 2018. <\/strong>Aunque\na\u00f1os atr\u00e1s ya hab\u00eda sido galardonada por CEGAL, en 2010, con el <strong>PREMIO\nLIBRERO CULTURAL<\/strong>.<\/p>\n\n\n\n<p style=\"text-align:justify\">Utilizar la narraci\u00f3n oral como recurso le ha servido al\nequipo de Entre Libros para salir fuera de su local a buscar o crear lectores\nen los lugares m\u00e1s variopintos: institutos, bibliotecas, centros\npenitenciarios, hospitales, psiqui\u00e1tricos, etc. <em>Hablar de literatura desde\nel punto de vista de un lector y utilizar el propio texto del libro que quiero\nrecomendar es la base sobre la que trabajo para acercar a la gente a ese libro\nque andaba buscando.<\/em><\/p>\n","protected":false},"excerpt":{"rendered":"","protected":false},"author":4,"featured_media":0,"parent":0,"menu_order":0,"comment_status":"closed","ping_status":"closed","template":"","meta":{"_acf_changed":false,"om_disable_all_campaigns":false,"_uag_custom_page_level_css":"","_monsterinsights_skip_tracking":false,"_monsterinsights_sitenote_active":false,"_monsterinsights_sitenote_note":"","_monsterinsights_sitenote_category":0,"_uf_show_specific_survey":0,"_uf_disable_surveys":false,"footnotes":""},"class_list":{"0":"post-413","1":"page","2":"type-page","3":"status-publish","5":"no-featured-image-padding"},"acf":[],"aioseo_notices":[],"uagb_featured_image_src":{"full":false,"thumbnail":false,"medium":false,"medium_large":false,"large":false,"1536x1536":false,"2048x2048":false},"uagb_author_info":{"display_name":false,"author_link":"https:\/\/culturayciencia.org\/litterae\/author\/librerae\/"},"uagb_comment_info":0,"uagb_excerpt":null,"_links":{"self":[{"href":"https:\/\/culturayciencia.org\/litterae\/wp-json\/wp\/v2\/pages\/413","targetHints":{"allow":["GET"]}}],"collection":[{"href":"https:\/\/culturayciencia.org\/litterae\/wp-json\/wp\/v2\/pages"}],"about":[{"href":"https:\/\/culturayciencia.org\/litterae\/wp-json\/wp\/v2\/types\/page"}],"author":[{"embeddable":true,"href":"https:\/\/culturayciencia.org\/litterae\/wp-json\/wp\/v2\/users\/4"}],"replies":[{"embeddable":true,"href":"https:\/\/culturayciencia.org\/litterae\/wp-json\/wp\/v2\/comments?post=413"}],"version-history":[{"count":0,"href":"https:\/\/culturayciencia.org\/litterae\/wp-json\/wp\/v2\/pages\/413\/revisions"}],"wp:attachment":[{"href":"https:\/\/culturayciencia.org\/litterae\/wp-json\/wp\/v2\/media?parent=413"}],"curies":[{"name":"wp","href":"https:\/\/api.w.org\/{rel}","templated":true}]}}