{"id":418,"date":"2019-09-04T19:30:42","date_gmt":"2019-09-04T17:30:42","guid":{"rendered":"https:\/\/culturayciencia.org\/litterae\/?page_id=418"},"modified":"2019-10-16T12:54:09","modified_gmt":"2019-10-16T10:54:09","slug":"javier-hernandez","status":"publish","type":"page","link":"https:\/\/culturayciencia.org\/litterae\/javier-hernandez\/","title":{"rendered":"Javier Hern\u00e1ndez"},"content":{"rendered":"\n<div class=\"wp-block-image\"><figure class=\"alignleft\"><img loading=\"lazy\" decoding=\"async\" width=\"400\" height=\"400\" src=\"https:\/\/culturayciencia.org\/litterae\/wp-content\/uploads\/2019\/09\/Javier_Hernandez_Litterae.jpg\" alt=\"\" class=\"wp-image-311\" srcset=\"https:\/\/culturayciencia.org\/litterae\/wp-content\/uploads\/2019\/09\/Javier_Hernandez_Litterae.jpg 400w, https:\/\/culturayciencia.org\/litterae\/wp-content\/uploads\/2019\/09\/Javier_Hernandez_Litterae-150x150.jpg 150w, https:\/\/culturayciencia.org\/litterae\/wp-content\/uploads\/2019\/09\/Javier_Hernandez_Litterae-300x300.jpg 300w\" sizes=\"auto, (max-width: 400px) 100vw, 400px\" \/><\/figure><\/div>\n\n\n\n<h2 class=\"wp-block-heading\" style=\"text-align:center\"> <strong>Javier Hern\u00e1ndez Vel\u00e1zquez<\/strong> <\/h2>\n\n\n\n<p style=\"text-align:center\"><strong><em>Escritor <\/em><\/strong><br><em><strong> <\/strong><\/em><strong>Festival Atl\u00e1ntico de g\u00e9nero negro. Tenerife Noir<\/strong><\/p>\n\n\n\n<p style=\"text-align:justify\">Es autor de la serie de novelas del investigador Mat Fern\u00e1ndez. Con su primera entrega,&nbsp;<em>Un camino a trav\u00e9s del infierno<\/em>, recibi\u00f3 la Menci\u00f3n Especial del jurado del Premio Internacional de Novela Negra L&#8217;H Confidencial 2013.&nbsp;<em>Los ojos del puente<\/em>&nbsp;gan\u00f3 el IV Premio Wilkie Collins de Novela Negra y la consideraci\u00f3n como segunda mejor novela negra en Espa\u00f1a en 2014.&nbsp;<em>Nunca bombardees Pearl Harbor<\/em>&nbsp;es su \u00faltimo libro publicado, ya por la 3\u00aa edici\u00f3n. Su obra novel\u00edstica se completa con&nbsp;<em>El fondo de los charco<\/em>&nbsp;(finalista del Premio Benito P\u00e9rez Armas, 2009),&nbsp;<em>Los d\u00edas prometidos a la muerte<\/em>,&nbsp;<em>El sue\u00f1o de Goslar&nbsp;<\/em>y&nbsp;<em>Mientras mueres<\/em>. <\/p>\n\n\n\n<p style=\"text-align:justify\">Abogado y funcionario de carrera, forma parte de la corriente denominada \u00abboom extra perif\u00e9rico de la novela negra\u00bb, con epicentro en las islas del sur. Para el narrador, el aut\u00e9ntico patrimonio de una sociedad es su memoria, y as\u00ed lo ha reflejado en sus obras&nbsp;Un camino a trav\u00e9s del infierno&nbsp;(M.A.R. Editor), Menci\u00f3n Especial del jurado del Premio Internacional de Novela Negra L&#8217;H Confidencial 2013,<em>&nbsp;El fondo de los charcos<\/em>&nbsp;(finalista del Premio Benito P\u00e9rez Armas 2009),&nbsp;<em>Los d\u00edas prometidos a la muerte<\/em>&nbsp;(programa Canarias Lee 2012) o&nbsp;<em>El sue\u00f1o de Goslar&nbsp;<\/em>(programa Santa Cruz Ciudad le\u00edda 2013). Ha sido finalista del XIII Premio Internacional Sexto Continente de Relato Negro por<em>&nbsp;El eco de Cobain<\/em>&nbsp;y Segundo Premio del Concurso de Relatos Ciudad del Rosario 2012 por&nbsp;<em>Cajonera City.<\/em><\/p>\n\n\n\n<p style=\"text-align:justify\"><strong>Javier Hern\u00e1ndez Vel\u00e1zquez es ganador del IV Premio Wilkie Collins de Novela Negra, convocado por M.A.R. Editor con\u00a0<em>Los ojos del puente.<\/em><\/strong><br><strong>Con la novela Baraka (2019) gan\u00f3 el VI Premio Alexandre Dumas de novela hist\u00f3rica.<br>Con el art\u00edculo period\u00edstico La bater\u00eda de monta\u00f1a de Tenerife en el RIF (1921) gan\u00f3 el Premio de Investigaci\u00f3n Hist\u00f3rica Antonio Rumeu de Armas (2019).<\/strong> <\/p>\n","protected":false},"excerpt":{"rendered":"","protected":false},"author":4,"featured_media":0,"parent":0,"menu_order":0,"comment_status":"closed","ping_status":"closed","template":"","meta":{"_acf_changed":false,"om_disable_all_campaigns":false,"_uag_custom_page_level_css":"","_monsterinsights_skip_tracking":false,"_monsterinsights_sitenote_active":false,"_monsterinsights_sitenote_note":"","_monsterinsights_sitenote_category":0,"_uf_show_specific_survey":0,"_uf_disable_surveys":false,"footnotes":""},"class_list":{"0":"post-418","1":"page","2":"type-page","3":"status-publish","5":"no-featured-image-padding"},"acf":[],"aioseo_notices":[],"uagb_featured_image_src":{"full":false,"thumbnail":false,"medium":false,"medium_large":false,"large":false,"1536x1536":false,"2048x2048":false},"uagb_author_info":{"display_name":false,"author_link":"https:\/\/culturayciencia.org\/litterae\/author\/librerae\/"},"uagb_comment_info":0,"uagb_excerpt":null,"_links":{"self":[{"href":"https:\/\/culturayciencia.org\/litterae\/wp-json\/wp\/v2\/pages\/418","targetHints":{"allow":["GET"]}}],"collection":[{"href":"https:\/\/culturayciencia.org\/litterae\/wp-json\/wp\/v2\/pages"}],"about":[{"href":"https:\/\/culturayciencia.org\/litterae\/wp-json\/wp\/v2\/types\/page"}],"author":[{"embeddable":true,"href":"https:\/\/culturayciencia.org\/litterae\/wp-json\/wp\/v2\/users\/4"}],"replies":[{"embeddable":true,"href":"https:\/\/culturayciencia.org\/litterae\/wp-json\/wp\/v2\/comments?post=418"}],"version-history":[{"count":0,"href":"https:\/\/culturayciencia.org\/litterae\/wp-json\/wp\/v2\/pages\/418\/revisions"}],"wp:attachment":[{"href":"https:\/\/culturayciencia.org\/litterae\/wp-json\/wp\/v2\/media?parent=418"}],"curies":[{"name":"wp","href":"https:\/\/api.w.org\/{rel}","templated":true}]}}