{"id":4192,"date":"2023-07-20T19:48:48","date_gmt":"2023-07-20T17:48:48","guid":{"rendered":"https:\/\/culturayciencia.org\/litterae\/?page_id=4192"},"modified":"2023-08-02T11:08:09","modified_gmt":"2023-08-02T09:08:09","slug":"silvia-reig","status":"publish","type":"page","link":"https:\/\/culturayciencia.org\/litterae\/silvia-reig\/","title":{"rendered":"Silvia Reig"},"content":{"rendered":"\n<section class=\"wp-block-uagb-columns uagb-columns__wrap uagb-columns__background-none uagb-columns__stack-mobile uagb-columns__valign-top uagb-columns__gap-10 align uagb-block-945ffb3d uagb-columns__columns-2 uagb-columns__max_width-theme\"><div class=\"uagb-columns__overlay\"><\/div><div class=\"uagb-columns__inner-wrap uagb-columns__columns-2\">\n<div class=\"wp-block-uagb-column uagb-column__wrap uagb-column__background-color uagb-block-6c5c4cf3\"><div class=\"uagb-column__overlay\"><\/div><div class=\"wp-block-image is-style-rounded\">\n<figure class=\"aligncenter size-full\"><img loading=\"lazy\" decoding=\"async\" width=\"417\" height=\"449\" src=\"https:\/\/culturayciencia.org\/litterae\/wp-content\/uploads\/2023\/07\/Silvia_reig_litterae.jpg\" alt=\"\" class=\"wp-image-4195\" srcset=\"https:\/\/culturayciencia.org\/litterae\/wp-content\/uploads\/2023\/07\/Silvia_reig_litterae.jpg 417w, https:\/\/culturayciencia.org\/litterae\/wp-content\/uploads\/2023\/07\/Silvia_reig_litterae-279x300.jpg 279w\" sizes=\"auto, (max-width: 417px) 100vw, 417px\" \/><\/figure>\n<\/div>\n\n\n<h2 class=\"wp-block-heading has-text-align-center has-medium-font-size\"><strong><strong>Silvia Reig<\/strong><\/strong><\/h2>\n\n\n\n<p class=\"has-text-align-center has-vivid-red-color has-text-color\">LEVOIR<\/p>\n<\/div>\n\n\n\n<div class=\"wp-block-uagb-column uagb-column__wrap uagb-column__background-undefined uagb-block-fa5fae2a\"><div class=\"uagb-column__overlay\"><\/div>\n<p>Licenciada en Administraci\u00f3n y Direcci\u00f3n de Empresas. Fund\u00f3 hace 13 a\u00f1os la editorial portuguesa Levoir, desde la que trabaja en los mercados editoriales de Europa y Sudam\u00e9rica.<\/p>\n\n\n\n<p>Tiene m\u00e1s de 20 a\u00f1os de experiencia trabajando para Empresas Multinacionales (Industrias de Medios de Comunicaci\u00f3n, FMCG y Retail) con una amplia red en varios sectores y en diferentes niveles.<\/p>\n<\/div>\n<\/div><\/section>\n\n\n","protected":false},"excerpt":{"rendered":"","protected":false},"author":4,"featured_media":0,"parent":0,"menu_order":0,"comment_status":"closed","ping_status":"closed","template":"","meta":{"_acf_changed":false,"om_disable_all_campaigns":false,"_uag_custom_page_level_css":"","_monsterinsights_skip_tracking":false,"_monsterinsights_sitenote_active":false,"_monsterinsights_sitenote_note":"","_monsterinsights_sitenote_category":0,"_uf_show_specific_survey":0,"_uf_disable_surveys":false,"footnotes":""},"class_list":{"0":"post-4192","1":"page","2":"type-page","3":"status-publish","5":"no-featured-image-padding"},"acf":[],"aioseo_notices":[],"uagb_featured_image_src":{"full":false,"thumbnail":false,"medium":false,"medium_large":false,"large":false,"1536x1536":false,"2048x2048":false},"uagb_author_info":{"display_name":false,"author_link":"https:\/\/culturayciencia.org\/litterae\/author\/librerae\/"},"uagb_comment_info":0,"uagb_excerpt":null,"_links":{"self":[{"href":"https:\/\/culturayciencia.org\/litterae\/wp-json\/wp\/v2\/pages\/4192","targetHints":{"allow":["GET"]}}],"collection":[{"href":"https:\/\/culturayciencia.org\/litterae\/wp-json\/wp\/v2\/pages"}],"about":[{"href":"https:\/\/culturayciencia.org\/litterae\/wp-json\/wp\/v2\/types\/page"}],"author":[{"embeddable":true,"href":"https:\/\/culturayciencia.org\/litterae\/wp-json\/wp\/v2\/users\/4"}],"replies":[{"embeddable":true,"href":"https:\/\/culturayciencia.org\/litterae\/wp-json\/wp\/v2\/comments?post=4192"}],"version-history":[{"count":0,"href":"https:\/\/culturayciencia.org\/litterae\/wp-json\/wp\/v2\/pages\/4192\/revisions"}],"wp:attachment":[{"href":"https:\/\/culturayciencia.org\/litterae\/wp-json\/wp\/v2\/media?parent=4192"}],"curies":[{"name":"wp","href":"https:\/\/api.w.org\/{rel}","templated":true}]}}