{"id":4206,"date":"2023-07-21T18:23:25","date_gmt":"2023-07-21T16:23:25","guid":{"rendered":"https:\/\/culturayciencia.org\/litterae\/?page_id=4206"},"modified":"2023-07-21T18:42:49","modified_gmt":"2023-07-21T16:42:49","slug":"mercedes-moran-ruiz","status":"publish","type":"page","link":"https:\/\/culturayciencia.org\/litterae\/mercedes-moran-ruiz\/","title":{"rendered":"Mercedes Mor\u00e1n Ruiz"},"content":{"rendered":"\n<section class=\"wp-block-uagb-columns uagb-columns__wrap uagb-columns__background-none uagb-columns__stack-mobile uagb-columns__valign-top uagb-columns__gap-10 align uagb-block-603ea9b0 uagb-columns__columns-2 uagb-columns__max_width-theme\"><div class=\"uagb-columns__overlay\"><\/div><div class=\"uagb-columns__inner-wrap uagb-columns__columns-2\">\n<div class=\"wp-block-uagb-column uagb-column__wrap uagb-column__background-color uagb-block-3ac89adf\"><div class=\"uagb-column__overlay\"><\/div><div class=\"wp-block-image is-style-rounded\">\n<figure class=\"aligncenter size-full\"><img loading=\"lazy\" decoding=\"async\" width=\"417\" height=\"449\" src=\"https:\/\/culturayciencia.org\/litterae\/wp-content\/uploads\/2023\/07\/Mercedes_Moran_Litterae.jpg\" alt=\"\" class=\"wp-image-4207\" srcset=\"https:\/\/culturayciencia.org\/litterae\/wp-content\/uploads\/2023\/07\/Mercedes_Moran_Litterae.jpg 417w, https:\/\/culturayciencia.org\/litterae\/wp-content\/uploads\/2023\/07\/Mercedes_Moran_Litterae-279x300.jpg 279w\" sizes=\"auto, (max-width: 417px) 100vw, 417px\" \/><\/figure>\n<\/div>\n\n\n<h2 class=\"wp-block-heading has-text-align-center has-medium-font-size\"><strong><strong><strong>Mercedes Mor\u00e1n Ruiz<\/strong><\/strong><\/strong><\/h2>\n\n\n\n<p class=\"has-text-align-center has-vivid-red-color has-text-color\">CEDRO<\/p>\n<\/div>\n\n\n\n<div class=\"wp-block-uagb-column uagb-column__wrap uagb-column__background-undefined uagb-block-4021a64a\"><div class=\"uagb-column__overlay\"><\/div>\n<p>Licenciada en Derecho por la Universidad Aut\u00f3noma de Madrid y M\u00e1ster en Derecho de la Propiedad Intelectual por la Universidad Carlos III de Madrid. Certificada por la Oficina Espa\u00f1ola de Patentes y Marcas (OEPM) para ejercer como Agente de la Propiedad Industrial desde 2011. Desde el a\u00f1o 2012 trabajo en el Departamento jur\u00eddico de CEDRO. He participado en varias publicaciones como autora y\/o coordinadora, entre otras los Anuarios de Propiedad Intelectual y de Propiedad Industrial de Tirant Lo Blanch (Colecci\u00f3n Actualidad) de 2021 y 2023. <\/p>\n\n\n\n<p>Obtuve el Premio Antonio Delgado en su octava edici\u00f3n con la obra \u201c<em>Entidades de gesti\u00f3n: un sector regulado en el Derecho de la UE<\/em>\u201d y en su d\u00e9cima edici\u00f3n con la obra \u201c<em>Metabibliotecas y criptomuseos: nuevas formas de difusi\u00f3n del patrimonio cultural y su implicaci\u00f3n en los derechos de propiedad intelectual<\/em>\u201d. Anteriormente, el primer premio en el V Certamen de art\u00edculos jur\u00eddicos de Derecho del entretenimiento Premios DENAE. Participo como docente, con car\u00e1cter habitual, en varios m\u00e1ster, cursos, seminarios y mesas redondas. Colaboro con medios de comunicaci\u00f3n en temas relacionados con la propiedad intelectual, nuevas tecnolog\u00edas y derecho de la cultura.<\/p>\n<\/div>\n<\/div><\/section>\n\n\n","protected":false},"excerpt":{"rendered":"","protected":false},"author":4,"featured_media":0,"parent":0,"menu_order":0,"comment_status":"closed","ping_status":"closed","template":"","meta":{"_acf_changed":false,"om_disable_all_campaigns":false,"_uag_custom_page_level_css":"","_monsterinsights_skip_tracking":false,"_monsterinsights_sitenote_active":false,"_monsterinsights_sitenote_note":"","_monsterinsights_sitenote_category":0,"_uf_show_specific_survey":0,"_uf_disable_surveys":false,"footnotes":""},"class_list":{"0":"post-4206","1":"page","2":"type-page","3":"status-publish","5":"no-featured-image-padding"},"acf":[],"aioseo_notices":[],"uagb_featured_image_src":{"full":false,"thumbnail":false,"medium":false,"medium_large":false,"large":false,"1536x1536":false,"2048x2048":false},"uagb_author_info":{"display_name":false,"author_link":"https:\/\/culturayciencia.org\/litterae\/author\/librerae\/"},"uagb_comment_info":0,"uagb_excerpt":null,"_links":{"self":[{"href":"https:\/\/culturayciencia.org\/litterae\/wp-json\/wp\/v2\/pages\/4206","targetHints":{"allow":["GET"]}}],"collection":[{"href":"https:\/\/culturayciencia.org\/litterae\/wp-json\/wp\/v2\/pages"}],"about":[{"href":"https:\/\/culturayciencia.org\/litterae\/wp-json\/wp\/v2\/types\/page"}],"author":[{"embeddable":true,"href":"https:\/\/culturayciencia.org\/litterae\/wp-json\/wp\/v2\/users\/4"}],"replies":[{"embeddable":true,"href":"https:\/\/culturayciencia.org\/litterae\/wp-json\/wp\/v2\/comments?post=4206"}],"version-history":[{"count":0,"href":"https:\/\/culturayciencia.org\/litterae\/wp-json\/wp\/v2\/pages\/4206\/revisions"}],"wp:attachment":[{"href":"https:\/\/culturayciencia.org\/litterae\/wp-json\/wp\/v2\/media?parent=4206"}],"curies":[{"name":"wp","href":"https:\/\/api.w.org\/{rel}","templated":true}]}}