{"id":422,"date":"2019-09-04T19:41:20","date_gmt":"2019-09-04T17:41:20","guid":{"rendered":"https:\/\/culturayciencia.org\/litterae\/?page_id=422"},"modified":"2019-09-13T10:32:12","modified_gmt":"2019-09-13T08:32:12","slug":"joan-gonper","status":"publish","type":"page","link":"https:\/\/culturayciencia.org\/litterae\/joan-gonper\/","title":{"rendered":"JOAN GONPER."},"content":{"rendered":"\n<div class=\"wp-block-image\"><figure class=\"alignleft\"><img loading=\"lazy\" decoding=\"async\" width=\"400\" height=\"400\" src=\"https:\/\/culturayciencia.org\/litterae\/wp-content\/uploads\/2019\/09\/Joan_Gonper_Litterae.jpg\" alt=\"\" class=\"wp-image-312\" srcset=\"https:\/\/culturayciencia.org\/litterae\/wp-content\/uploads\/2019\/09\/Joan_Gonper_Litterae.jpg 400w, https:\/\/culturayciencia.org\/litterae\/wp-content\/uploads\/2019\/09\/Joan_Gonper_Litterae-150x150.jpg 150w, https:\/\/culturayciencia.org\/litterae\/wp-content\/uploads\/2019\/09\/Joan_Gonper_Litterae-300x300.jpg 300w\" sizes=\"auto, (max-width: 400px) 100vw, 400px\" \/><\/figure><\/div>\n\n\n\n<h2 class=\"wp-block-heading\" style=\"text-align:center\"><strong>Joan Gonper<\/strong><\/h2>\n\n\n\n<p style=\"text-align:center\"><strong><em> Editorial Celya<\/em><\/strong><\/p>\n\n\n\n<p style=\"text-align:justify\">Escritor, gestor cultural y editor. Columnista en medios de\ncomunicaci\u00f3n y ant\u00f3logo de distintas selecciones de poes\u00eda espa\u00f1ola. Ha\npublicado: <em>Making off<\/em> (2000); <em>El cuarto de los cuentos<\/em> (2001);<em>\nEl Quijote del IV Centenario<\/em> (2004);<em> Teor\u00eda de la presencia<\/em> (2005); <em>Leonor de Borb\u00f3n<\/em> (2005); <em>Salamanca:\nPlaza Mayor de Europa<\/em> (2005); <em>Historia de Salamanca. 125 Aniversario de\nEl Adelanto<\/em>. 4 Tomos (2009), <em>El\nAsesino<\/em> (2019)\u2026 <\/p>\n\n\n\n<p style=\"text-align:justify\">Aparece en\nnumerosas antolog\u00edas: <em>Premios Literarios La Regenta<\/em>, ed. Fundaci\u00f3n de\nCultura, Ayto. de Oviedo (1998); <em>Cortao<\/em>,\n-conversaciones con Carlos Bouso\u00f1o-, Ed. Espacio de Arte Contempor\u00e1neo El Gallo\n(1998); <em>Quinta del 63<\/em> (2000); <em>Viaje\/Voyage<\/em>, ed. Junta de Castilla\ny Le\u00f3n (2000); <em>Las palabras de paso<\/em> (2001); <em>Voces del Extremo. Poes\u00eda\ny Conflicto<\/em>, Fundaci\u00f3n Juan Ram\u00f3n Jim\u00e9nez (Moguer, 2001); <em>Los rostros de\nla Escritura<\/em>, -fotograf\u00edas de Daniel Mordzinski-, ed. Explorafoto (2002); <em>Relatos\na la luz de la farola<\/em>, II Jornadas de Cultura y Territorio de las Tierras\nBa\u00f1ezanas (2002); <em>\u00c0 Beira<\/em>, II Encontro de Literatura e Cultura no espa\u00e7o\nib\u00e9rico, ed. Universidade da Beira Interior (2004); <em>El mundo al otro lado<\/em>,\nExplorafoto (2004); <em>Aldea Po\u00e9tica VI<\/em>, ed. \u00d3pera Prima (2013); <em>Jorge\nManrique en la poes\u00eda contempor\u00e1nea. Antolog\u00eda 1950-2016, <\/em>ed. Consejer\u00eda de Educaci\u00f3n, Cultura y\nDeportes Castilla-La Mancha (2016)\u2026 <\/p>\n\n\n\n<p style=\"text-align:justify\">Coordinador\ndel Premio Internacional de Poes\u00eda \u2018Le\u00f3n Felipe\u2019. Ha fundado el Centro de\nEstudios Literarios y de Arte de Castilla y Le\u00f3n (2007).<\/p>\n\n\n\n<div class=\"wp-block-uagb-team uagb-team uagb-team__outer-wrap uagb-team__image-position-above uagb-team__align-center uagb-team__stack-tablet\" id=\"uagb-team-9e7cdf63-2c30-41c8-930a-85b04a85efe2\"><div class=\"uagb-team__wrap\"><div class=\"uagb-team__content\"><div class=\"uagb-team__title-wrap\"><h4 class=\"uagb-team__title\"><\/h4><span class=\"uagb-team__prefix\"><\/span><\/div><div class=\"uagb-team__desc-wrap\"><p class=\"uagb-team__desc\">Web: <a href=\"http:\/\/www.editorialcelya.com\/\">http:\/\/www.editorialcelya.com\/ <\/a><\/p><\/div><div class=\"uagb-team__social-icon-wrap\"><ul class=\"uagb-team__social-list\"><li class=\"uagb-team__social-icon\"><a href=\"https:\/\/es.wikipedia.org\/wiki\/Joan_Gonper\" target=\"_self\" title=\"\" rel=\"noopener noreferrer\"><svg xmlns=\"http:\/\/www.w3.org\/2000\/svg\" viewbox=\"0 0 640 512\"><path d=\"M640 51.2l-.3 12.2c-28.1.8-45 15.8-55.8 40.3-25 57.8-103.3 240-155.3 358.6H415l-81.9-193.1c-32.5 63.6-68.3 130-99.2 193.1-.3.3-15 0-15-.3C172 352.3 122.8 243.4 75.8 133.4 64.4 106.7 26.4 63.4.2 63.7c0-3.1-.3-10-.3-14.2h161.9v13.9c-19.2 1.1-52.8 13.3-43.3 34.2 21.9 49.7 103.6 240.3 125.6 288.6 15-29.7 57.8-109.2 75.3-142.8-13.9-28.3-58.6-133.9-72.8-160-9.7-17.8-36.1-19.4-55.8-19.7V49.8l142.5.3v13.1c-19.4.6-38.1 7.8-29.4 26.1 18.9 40 30.6 68.1 48.1 104.7 5.6-10.8 34.7-69.4 48.1-100.8 8.9-20.6-3.9-28.6-38.6-29.4.3-3.6 0-10.3.3-13.6 44.4-.3 111.1-.3 123.1-.6v13.6c-22.5.8-45.8 12.8-58.1 31.7l-59.2 122.8c6.4 16.1 63.3 142.8 69.2 156.7L559.2 91.8c-8.6-23.1-36.4-28.1-47.2-28.3V49.6l127.8 1.1.2.5z\"><\/path><\/svg><\/a><\/li><li class=\"uagb-team__social-icon\"><a href=\"https:\/\/www.facebook.com\/jgonper\" target=\"_self\" title=\"\" rel=\"noopener noreferrer\"><svg xmlns=\"http:\/\/www.w3.org\/2000\/svg\" viewbox=\"0 0 448 512\"><path d=\"M448 56.7v398.5c0 13.7-11.1 24.7-24.7 24.7H309.1V306.5h58.2l8.7-67.6h-67v-43.2c0-19.6 5.4-32.9 33.5-32.9h35.8v-60.5c-6.2-.8-27.4-2.7-52.2-2.7-51.6 0-87 31.5-87 89.4v49.9h-58.4v67.6h58.4V480H24.7C11.1 480 0 468.9 0 455.3V56.7C0 43.1 11.1 32 24.7 32h398.5c13.7 0 24.8 11.1 24.8 24.7z\"><\/path><\/svg><\/a><\/li><\/ul><\/div><\/div><\/div><\/div>\n","protected":false},"excerpt":{"rendered":"","protected":false},"author":4,"featured_media":0,"parent":0,"menu_order":0,"comment_status":"closed","ping_status":"closed","template":"","meta":{"_acf_changed":false,"om_disable_all_campaigns":false,"_uag_custom_page_level_css":"","_monsterinsights_skip_tracking":false,"_monsterinsights_sitenote_active":false,"_monsterinsights_sitenote_note":"","_monsterinsights_sitenote_category":0,"_uf_show_specific_survey":0,"_uf_disable_surveys":false,"footnotes":""},"class_list":{"0":"post-422","1":"page","2":"type-page","3":"status-publish","5":"no-featured-image-padding"},"acf":[],"aioseo_notices":[],"uagb_featured_image_src":{"full":false,"thumbnail":false,"medium":false,"medium_large":false,"large":false,"1536x1536":false,"2048x2048":false},"uagb_author_info":{"display_name":false,"author_link":"https:\/\/culturayciencia.org\/litterae\/author\/librerae\/"},"uagb_comment_info":0,"uagb_excerpt":null,"_links":{"self":[{"href":"https:\/\/culturayciencia.org\/litterae\/wp-json\/wp\/v2\/pages\/422","targetHints":{"allow":["GET"]}}],"collection":[{"href":"https:\/\/culturayciencia.org\/litterae\/wp-json\/wp\/v2\/pages"}],"about":[{"href":"https:\/\/culturayciencia.org\/litterae\/wp-json\/wp\/v2\/types\/page"}],"author":[{"embeddable":true,"href":"https:\/\/culturayciencia.org\/litterae\/wp-json\/wp\/v2\/users\/4"}],"replies":[{"embeddable":true,"href":"https:\/\/culturayciencia.org\/litterae\/wp-json\/wp\/v2\/comments?post=422"}],"version-history":[{"count":0,"href":"https:\/\/culturayciencia.org\/litterae\/wp-json\/wp\/v2\/pages\/422\/revisions"}],"wp:attachment":[{"href":"https:\/\/culturayciencia.org\/litterae\/wp-json\/wp\/v2\/media?parent=422"}],"curies":[{"name":"wp","href":"https:\/\/api.w.org\/{rel}","templated":true}]}}