{"id":4226,"date":"2023-08-28T11:26:47","date_gmt":"2023-08-28T09:26:47","guid":{"rendered":"https:\/\/culturayciencia.org\/litterae\/?page_id=4226"},"modified":"2023-08-28T20:04:03","modified_gmt":"2023-08-28T18:04:03","slug":"laura-guindal-martinez","status":"publish","type":"page","link":"https:\/\/culturayciencia.org\/litterae\/laura-guindal-martinez\/","title":{"rendered":"Laura Guindal Mart\u00ednez"},"content":{"rendered":"\n<section class=\"wp-block-uagb-columns uagb-columns__wrap uagb-columns__background-none uagb-columns__stack-mobile uagb-columns__valign-top uagb-columns__gap-10 align uagb-block-ddcf43a2 uagb-columns__columns-2 uagb-columns__max_width-theme\"><div class=\"uagb-columns__overlay\"><\/div><div class=\"uagb-columns__inner-wrap uagb-columns__columns-2\">\n<div class=\"wp-block-uagb-column uagb-column__wrap uagb-column__background-color uagb-block-2b21c7aa\"><div class=\"uagb-column__overlay\"><\/div><div class=\"wp-block-image is-style-rounded\">\n<figure class=\"aligncenter size-full\"><img loading=\"lazy\" decoding=\"async\" width=\"417\" height=\"449\" src=\"https:\/\/culturayciencia.org\/litterae\/wp-content\/uploads\/2023\/08\/Laura_Guindal_Litterae-1.jpg\" alt=\"\" class=\"wp-image-4333\" srcset=\"https:\/\/culturayciencia.org\/litterae\/wp-content\/uploads\/2023\/08\/Laura_Guindal_Litterae-1.jpg 417w, https:\/\/culturayciencia.org\/litterae\/wp-content\/uploads\/2023\/08\/Laura_Guindal_Litterae-1-279x300.jpg 279w\" sizes=\"auto, (max-width: 417px) 100vw, 417px\" \/><\/figure>\n<\/div>\n\n\n<h2 class=\"wp-block-heading has-text-align-center has-medium-font-size\"><strong><strong>Laura Guindal Mart\u00ednez<\/strong><\/strong><\/h2>\n\n\n\n<p class=\"has-text-align-center has-vivid-red-color has-text-color\">Subdirectora General de Coordinaci\u00f3n Bibliotecaria. Ministerio de Cultura y Deporte<\/p>\n<\/div>\n\n\n\n<div class=\"wp-block-uagb-column uagb-column__wrap uagb-column__background-undefined uagb-block-544801c4\"><div class=\"uagb-column__overlay\"><\/div>\n<p>Tras su paso por la Biblioteca Nacional de Espa\u00f1a, lleg\u00f3 a la Subdirecci\u00f3n General de Coordinaci\u00f3n Bibliotecaria como JEFA DE \u00c1REA DE PROYECTOS BIBLIOTECARIOS, dedic\u00e1ndose a la gesti\u00f3n de Hispana y colaboraci\u00f3n con Europeana, a la gesti\u00f3n de la Biblioteca Virtual de Patrimonio Bibliogr\u00e1fico y de la Biblioteca Virtual de Prensa Hist\u00f3rica y tambi\u00e9n a la elaboraci\u00f3n de pol\u00edticas de digitalizaci\u00f3n y preservaci\u00f3n. Desde 2022, es Subdirectora General de Coordinaci\u00f3n Bibliotecaria.<\/p>\n\n\n\n<p><\/p>\n<\/div>\n<\/div><\/section>\n","protected":false},"excerpt":{"rendered":"","protected":false},"author":4,"featured_media":0,"parent":0,"menu_order":0,"comment_status":"closed","ping_status":"closed","template":"","meta":{"_acf_changed":false,"om_disable_all_campaigns":false,"_uag_custom_page_level_css":"","_monsterinsights_skip_tracking":false,"_monsterinsights_sitenote_active":false,"_monsterinsights_sitenote_note":"","_monsterinsights_sitenote_category":0,"_uf_show_specific_survey":0,"_uf_disable_surveys":false,"footnotes":""},"class_list":{"0":"post-4226","1":"page","2":"type-page","3":"status-publish","5":"no-featured-image-padding"},"acf":[],"aioseo_notices":[],"uagb_featured_image_src":{"full":false,"thumbnail":false,"medium":false,"medium_large":false,"large":false,"1536x1536":false,"2048x2048":false},"uagb_author_info":{"display_name":false,"author_link":"https:\/\/culturayciencia.org\/litterae\/author\/librerae\/"},"uagb_comment_info":0,"uagb_excerpt":null,"_links":{"self":[{"href":"https:\/\/culturayciencia.org\/litterae\/wp-json\/wp\/v2\/pages\/4226","targetHints":{"allow":["GET"]}}],"collection":[{"href":"https:\/\/culturayciencia.org\/litterae\/wp-json\/wp\/v2\/pages"}],"about":[{"href":"https:\/\/culturayciencia.org\/litterae\/wp-json\/wp\/v2\/types\/page"}],"author":[{"embeddable":true,"href":"https:\/\/culturayciencia.org\/litterae\/wp-json\/wp\/v2\/users\/4"}],"replies":[{"embeddable":true,"href":"https:\/\/culturayciencia.org\/litterae\/wp-json\/wp\/v2\/comments?post=4226"}],"version-history":[{"count":0,"href":"https:\/\/culturayciencia.org\/litterae\/wp-json\/wp\/v2\/pages\/4226\/revisions"}],"wp:attachment":[{"href":"https:\/\/culturayciencia.org\/litterae\/wp-json\/wp\/v2\/media?parent=4226"}],"curies":[{"name":"wp","href":"https:\/\/api.w.org\/{rel}","templated":true}]}}