{"id":431,"date":"2019-09-04T19:50:28","date_gmt":"2019-09-04T17:50:28","guid":{"rendered":"https:\/\/culturayciencia.org\/litterae\/?page_id=431"},"modified":"2021-01-26T19:38:55","modified_gmt":"2021-01-26T17:38:55","slug":"raul-herrero","status":"publish","type":"page","link":"https:\/\/culturayciencia.org\/litterae\/raul-herrero\/","title":{"rendered":"Ra\u00fal Herrero"},"content":{"rendered":"\n<section class=\"wp-block-uagb-columns uagb-columns__wrap uagb-columns__background-undefined uagb-columns__stack-mobile uagb-columns__valign-top uagb-columns__gap-10 alignundefined uagb-block-a680914a\"><div class=\"uagb-columns__overlay\"><\/div><div class=\"uagb-columns__inner-wrap uagb-columns__columns-2\">\n<div class=\"wp-block-uagb-column uagb-column__wrap uagb-column__background-color uagb-block-f3f6b60f\"><div class=\"uagb-column__overlay\"><\/div><div class=\"uagb-column__inner-wrap\">\n<div class=\"wp-block-image is-style-rounded\"><figure class=\"aligncenter size-large\"><img loading=\"lazy\" decoding=\"async\" width=\"400\" height=\"400\" src=\"https:\/\/culturayciencia.org\/litterae\/wp-content\/uploads\/2019\/09\/Raul_Herrero_Litterae.jpg\" alt=\"\" class=\"wp-image-315\" srcset=\"https:\/\/culturayciencia.org\/litterae\/wp-content\/uploads\/2019\/09\/Raul_Herrero_Litterae.jpg 400w, https:\/\/culturayciencia.org\/litterae\/wp-content\/uploads\/2019\/09\/Raul_Herrero_Litterae-150x150.jpg 150w, https:\/\/culturayciencia.org\/litterae\/wp-content\/uploads\/2019\/09\/Raul_Herrero_Litterae-300x300.jpg 300w\" sizes=\"auto, (max-width: 400px) 100vw, 400px\" \/><\/figure><\/div>\n\n\n\n<h2 class=\"has-text-align-center has-medium-font-size wp-block-heading\"><strong><strong><strong>Ra\u00fal Herrero<\/strong><\/strong><\/strong><\/h2>\n\n\n\n<p class=\"has-text-align-center has-vivid-red-color has-text-color\"><strong>Escritor, editor y pintor<\/strong><\/p>\n<\/div><\/div>\n\n\n\n<div class=\"wp-block-uagb-column uagb-column__wrap uagb-column__background-undefined uagb-block-977031a0\"><div class=\"uagb-column__overlay\"><\/div><div class=\"uagb-column__inner-wrap\">\n<p>Extra\u00f1o personaje que habita en latitudes inconmensurables ora all\u00e1 ora acull\u00e1. Escritor, pintor y editor.<\/p>\n\n\n\n<p>Ra\u00fal Herrero (1973). Escritor, editor (director de Libros del Innombrable), director del espacio de libros \u00abEspacio Ralo\u00bb y pintor. Ingres\u00f3 como Correspondant en el Coll\u00e8ge de &#8216;Pataphysique de Par\u00eds. Con Luis Vidal ha dirigido los documentales El Boxeador Perico Fern\u00e1ndez (Libros del Innombrable, 2011-12) y Visiones de Dios (en fase de montaje). Entre sus m\u00e1s de diez libros de poes\u00eda publicados mencionamos: la antolog\u00eda El mayor evento (2000), con pr\u00f3logo de Luce Moreau-Arrabal y dibujos de Mar\u00eda Luisa Madrilley, El faro de Sigfrido (2003, en colaboraci\u00f3n con Alicia Silvestre), Officium Defunctorum (1.\u00aa edic.. Madrid, 2005; 2.\u00aa edic.. Alicante, 2011), traducido al franc\u00e9s por Paola Masseau con pr\u00f3logo del Catedr\u00e1tico de Literatura Francesa Francisco Torres Monreal y Los trenes salvajes (1\u00aa edic. 2009; 2\u00aa edic, 2011) con pr\u00f3logo de Antonio Fern\u00e1ndez Molina y dibujos de Isabel Echeverr\u00eda. En la primera d\u00e9cada del presente milenio edit\u00f3 en cuadernillos el poemario Ciclo del 9. Hasta el fecha su m\u00e1s reciente libro de poemas es Sombra salamandra (Libros del Innombrable, 2016), con ilustraciones de Hermes Antonio Herrero y un largo ep\u00edlogo de Jaime D. Parra, que es un estudio de la obra de R. Herrero hasta la fecha. En 2017 Pregunta ediciones edit\u00f3 su poemario Te matar\u00e9 mientras vivas y otros poemas (Coronaci\u00f3n supers\u00f3nica), con pr\u00f3logo de Almudena Vidorreta.<\/p>\n\n\n\n<p>Adem\u00e1s de poes\u00eda ha cultivado otros g\u00e9neros como el libro de relatos: As\u00ed se cuece a un hombre (2001), con dibujos de Fernando S.M. F\u00e9lez y pr\u00f3logo de Mar\u00eda Paz Moreno, o el ensayo-dietario El \u00c9xtasis (2002), con pr\u00f3logo de Viveca Tallgren. Participa en el volumen de relatos de western punk Extra\u00f1o Oeste (Libros del Innombrable, 2015) con el texto \u00abLa ceremonia de Anubis\u00bb. En 2018 la editorial Limbo Errante le public\u00f3 la novela Rascay\u00fa con pr\u00f3logo de Fernando Arrabal.<br>Como autor teatral ha publicado: El hombre elefante, El ind\u00f3mito y extra\u00f1o caso de Gregoria, La matanza de los inocentes, El despachito y Cervantes de perfil o la venta de los milagros (Homenaje a Miguel de Cervantes). La obra El hombre elefante se estren\u00f3 8 de mayo de 2010 Teatro IFT de Buenos Aires por la compa\u00f1\u00eda teatral de Marcelo Roitman. La pieza fue auspiciada por el INADI, y fue declarada de Interes en la Lucha contra el Racismo, la Xenofobia y la Discriminaci\u00f3n.<\/p>\n\n\n\n<p>Entre sus colaboraciones teatrales destacar la m\u00e1s reciente como asesor de direcci\u00f3n de la pieza teatral J.F Sebasti\u00e1n El Dal\u00edrante (Companyia XaviVola Teatre) que se estren\u00f3 el d\u00eda 1 de junio de 2012 en el Teatro Gaud\u00ed de Barcelona.<br>Ra\u00fal Herrero ha colaborado en diversos medios de la prensa escrita como El perro blanco, Turia, Cuadernos del matem\u00e1tico, Barcarola, Heraldo de Arag\u00f3n, Quimera,L&#8217;atelier du roman (Par\u00eds), Leer, Canibaal, etc. As\u00ed como en medios telem\u00e1ticos como <a href=\"https:\/\/l.facebook.com\/l.php?u=http%3A%2F%2Fxn--generacin-d7a.net%2F&amp;h=AT1e45ttUyn4WdsbKw3HrChNuj4T-viKN-lS5PiRSYM6ggV_d96g8XQBMZzsLZIldxb5KNzEAtCEYxz2quWLn3O4beQUlLydNJcH6S2uQYBesa4eWf7YxQjqGKNcxz3NuVspWCvqaH8O3BSaW8EagQ\">Generaci\u00f3n.net<\/a> o la revista Symbolos. Particip\u00f3 como director de redacci\u00f3n de la revista de creaci\u00f3n y pensamiento Almunia. Fundador de las revistas de vanguardia El pelo de la rana y El perro blanco.<\/p>\n<\/div><\/div>\n<\/div><\/section>\n\n\n\n\n\n<p><\/p>\n","protected":false},"excerpt":{"rendered":"","protected":false},"author":4,"featured_media":0,"parent":0,"menu_order":0,"comment_status":"closed","ping_status":"closed","template":"","meta":{"_acf_changed":false,"om_disable_all_campaigns":false,"_uag_custom_page_level_css":"","_monsterinsights_skip_tracking":false,"_monsterinsights_sitenote_active":false,"_monsterinsights_sitenote_note":"","_monsterinsights_sitenote_category":0,"_uf_show_specific_survey":0,"_uf_disable_surveys":false,"footnotes":""},"class_list":{"0":"post-431","1":"page","2":"type-page","3":"status-publish","5":"no-featured-image-padding"},"acf":[],"aioseo_notices":[],"uagb_featured_image_src":{"full":false,"thumbnail":false,"medium":false,"medium_large":false,"large":false,"1536x1536":false,"2048x2048":false},"uagb_author_info":{"display_name":false,"author_link":"https:\/\/culturayciencia.org\/litterae\/author\/librerae\/"},"uagb_comment_info":0,"uagb_excerpt":null,"_links":{"self":[{"href":"https:\/\/culturayciencia.org\/litterae\/wp-json\/wp\/v2\/pages\/431","targetHints":{"allow":["GET"]}}],"collection":[{"href":"https:\/\/culturayciencia.org\/litterae\/wp-json\/wp\/v2\/pages"}],"about":[{"href":"https:\/\/culturayciencia.org\/litterae\/wp-json\/wp\/v2\/types\/page"}],"author":[{"embeddable":true,"href":"https:\/\/culturayciencia.org\/litterae\/wp-json\/wp\/v2\/users\/4"}],"replies":[{"embeddable":true,"href":"https:\/\/culturayciencia.org\/litterae\/wp-json\/wp\/v2\/comments?post=431"}],"version-history":[{"count":0,"href":"https:\/\/culturayciencia.org\/litterae\/wp-json\/wp\/v2\/pages\/431\/revisions"}],"wp:attachment":[{"href":"https:\/\/culturayciencia.org\/litterae\/wp-json\/wp\/v2\/media?parent=431"}],"curies":[{"name":"wp","href":"https:\/\/api.w.org\/{rel}","templated":true}]}}