{"id":444,"date":"2019-09-04T20:29:28","date_gmt":"2019-09-04T18:29:28","guid":{"rendered":"https:\/\/culturayciencia.org\/litterae\/?page_id=444"},"modified":"2019-09-13T10:25:44","modified_gmt":"2019-09-13T08:25:44","slug":"isaac-lopez","status":"publish","type":"page","link":"https:\/\/culturayciencia.org\/litterae\/isaac-lopez\/","title":{"rendered":"Isaac L\u00f3pez"},"content":{"rendered":"\n<div class=\"wp-block-image\"><figure class=\"alignleft\"><img loading=\"lazy\" decoding=\"async\" width=\"400\" height=\"400\" src=\"https:\/\/culturayciencia.org\/litterae\/wp-content\/uploads\/2019\/09\/Isaac_Lopez_Litterae.jpg\" alt=\"\" class=\"wp-image-319\" srcset=\"https:\/\/culturayciencia.org\/litterae\/wp-content\/uploads\/2019\/09\/Isaac_Lopez_Litterae.jpg 400w, https:\/\/culturayciencia.org\/litterae\/wp-content\/uploads\/2019\/09\/Isaac_Lopez_Litterae-150x150.jpg 150w, https:\/\/culturayciencia.org\/litterae\/wp-content\/uploads\/2019\/09\/Isaac_Lopez_Litterae-300x300.jpg 300w\" sizes=\"auto, (max-width: 400px) 100vw, 400px\" \/><\/figure><\/div>\n\n\n\n<h2 class=\"wp-block-heading\" style=\"text-align:center\"><strong> Isaac L\u00f3pez Redondo<\/strong><\/h2>\n\n\n\n<p style=\"text-align:center\"><strong><em>H\u00e9roes de Papel<\/em><\/strong><\/p>\n\n\n\n<p style=\"text-align:justify\">Isaac  L\u00f3pez Redondo es periodista y profesor asociado en la Facultad de  Comunicaci\u00f3n de Sevilla. Ha trabajado en medios como El Correo de  Andaluc\u00eda o El D\u00eda de C\u00f3rdoba, pero la mayor parte de su trayectoria  profesional ha transcurrido en Canal Sur, donde ha trabajado en  programas como acerca-t, Los Reporteros o Solidarios, as\u00ed como en  diferentes espacios informativos de esta cadena auton\u00f3mica. En 2012 se  doctora con una tesis sobre el tratamiento del videojuego en la prensa  escrita y digital. En los \u00faltimos a\u00f1os, su especializaci\u00f3n dentro de  este \u00e1rea se ha plasmado en diversos trabajos de investigaci\u00f3n  acad\u00e9mica. Es autor tambi\u00e9n del libro Cosas que cuentan y \u00bfQu\u00e9 es un  videojuego? Claves para entender el mayor fen\u00f3meno cultural del siglo  XXI, y ha coordinado recientemente La mirada del periodista. <\/p>\n","protected":false},"excerpt":{"rendered":"","protected":false},"author":4,"featured_media":0,"parent":0,"menu_order":0,"comment_status":"closed","ping_status":"closed","template":"","meta":{"_acf_changed":false,"om_disable_all_campaigns":false,"_uag_custom_page_level_css":"","_monsterinsights_skip_tracking":false,"_monsterinsights_sitenote_active":false,"_monsterinsights_sitenote_note":"","_monsterinsights_sitenote_category":0,"_uf_show_specific_survey":0,"_uf_disable_surveys":false,"footnotes":""},"class_list":{"0":"post-444","1":"page","2":"type-page","3":"status-publish","5":"no-featured-image-padding"},"acf":[],"aioseo_notices":[],"uagb_featured_image_src":{"full":false,"thumbnail":false,"medium":false,"medium_large":false,"large":false,"1536x1536":false,"2048x2048":false},"uagb_author_info":{"display_name":false,"author_link":"https:\/\/culturayciencia.org\/litterae\/author\/librerae\/"},"uagb_comment_info":0,"uagb_excerpt":null,"_links":{"self":[{"href":"https:\/\/culturayciencia.org\/litterae\/wp-json\/wp\/v2\/pages\/444","targetHints":{"allow":["GET"]}}],"collection":[{"href":"https:\/\/culturayciencia.org\/litterae\/wp-json\/wp\/v2\/pages"}],"about":[{"href":"https:\/\/culturayciencia.org\/litterae\/wp-json\/wp\/v2\/types\/page"}],"author":[{"embeddable":true,"href":"https:\/\/culturayciencia.org\/litterae\/wp-json\/wp\/v2\/users\/4"}],"replies":[{"embeddable":true,"href":"https:\/\/culturayciencia.org\/litterae\/wp-json\/wp\/v2\/comments?post=444"}],"version-history":[{"count":0,"href":"https:\/\/culturayciencia.org\/litterae\/wp-json\/wp\/v2\/pages\/444\/revisions"}],"wp:attachment":[{"href":"https:\/\/culturayciencia.org\/litterae\/wp-json\/wp\/v2\/media?parent=444"}],"curies":[{"name":"wp","href":"https:\/\/api.w.org\/{rel}","templated":true}]}}