{"id":4452,"date":"2024-04-30T14:48:00","date_gmt":"2024-04-30T12:48:00","guid":{"rendered":"https:\/\/culturayciencia.org\/litterae\/?page_id=4452"},"modified":"2024-04-30T14:48:04","modified_gmt":"2024-04-30T12:48:04","slug":"lourdes-bullido","status":"publish","type":"page","link":"https:\/\/culturayciencia.org\/litterae\/lourdes-bullido\/","title":{"rendered":"Lourdes Bullido"},"content":{"rendered":"\n<section class=\"wp-block-uagb-columns uagb-columns__wrap uagb-columns__stack-mobile uagb-columns__valign-top uagb-columns__gap-10 align uagb-block-6d2fc7ed uagb-columns__columns-2 uagb-columns__max_width-theme\"><div class=\"uagb-columns__overlay\"><\/div><div class=\"uagb-columns__inner-wrap uagb-columns__columns-2\">\n<div class=\"wp-block-uagb-column uagb-column__wrap uagb-column__background-color uagb-block-98aac7ba\"><div class=\"uagb-column__overlay\"><\/div><div class=\"wp-block-image is-style-rounded\">\n<figure class=\"aligncenter size-full\"><img loading=\"lazy\" decoding=\"async\" width=\"417\" height=\"417\" src=\"https:\/\/culturayciencia.org\/litterae\/wp-content\/uploads\/2024\/04\/Lourdes_Bullido_Litterae_2024.jpg\" alt=\"\" class=\"wp-image-4450\" srcset=\"https:\/\/culturayciencia.org\/litterae\/wp-content\/uploads\/2024\/04\/Lourdes_Bullido_Litterae_2024.jpg 417w, https:\/\/culturayciencia.org\/litterae\/wp-content\/uploads\/2024\/04\/Lourdes_Bullido_Litterae_2024-300x300.jpg 300w, https:\/\/culturayciencia.org\/litterae\/wp-content\/uploads\/2024\/04\/Lourdes_Bullido_Litterae_2024-150x150.jpg 150w\" sizes=\"auto, (max-width: 417px) 100vw, 417px\" \/><\/figure>\n<\/div>\n\n\n<h2 class=\"wp-block-heading has-text-align-center has-medium-font-size\"><strong>Lourdes Bullido<\/strong><\/h2>\n\n\n\n<p class=\"has-text-align-center has-vivid-red-color has-text-color\">Especialista de N\u00facleos Perif\u00e9ricos en la Unidad de Adaptaci\u00f3n Documental en la ONCE<\/p>\n<\/div>\n\n\n\n<div class=\"wp-block-uagb-column uagb-column__wrap uagb-column__background-undefined uagb-block-af01522f\"><div class=\"uagb-column__overlay\"><\/div>\n<p>Natural de Bargas \u2013 Toledo. Es una persona Creativa e Innovadora que aplica continuamente su potencial en el entorno profesional. Sus primeros estudios fueron FP2 T\u00e9cnico especialista en la rama Administrativa y Comercial en Toledo en 1995; hace unos a\u00f1os comenz\u00f3 a plantearse seriamente su pasi\u00f3n por la creatividad y estudi\u00f3 HND en Dise\u00f1o de Moda por la ESI de Valladolid en 2021, despu\u00e9s realiz\u00f3 un Master Internacional de Marketing en Comunicaci\u00f3n de Moda y Lujo por la ESIC en Madrid en 2022. Ese mismo a\u00f1o tambi\u00e9n tiene la distinci\u00f3n del Instituto Marangoni de Pa\u00eds en Fashion and Luxury y Communication Management.<\/p>\n\n\n\n<p>Comenz\u00f3 a trabajar en la ONCE en el a\u00f1o 1996 como Administrativa en el Departamento del Juego, y es desde all\u00ed donde pudo conocer tambi\u00e9n de primera mano las cualidades y las necesidades que precisa el\/a trabajador\/a de ONCE. &nbsp;Desde&nbsp;2022 progres\u00f3 de manera profesional hacia Especialista de N\u00facleos Perif\u00e9ricos en la Unidad de Adaptaci\u00f3n Documental en la ONCE de la Delegaci\u00f3n Territorial de Castilla-La Mancha en Toledo.<\/p>\n\n\n\n<p>Actualmente adapta todo el material necesario para personas con ceguera o baja visi\u00f3n, tanto en Braille como en relieve, aportando su creatividad en la interpretaci\u00f3n y adaptaci\u00f3n espec\u00edfica para cada perfil concreto.<\/p>\n\n\n\n<p>Adem\u00e1s, dirige el Club Braille de Toledo cuya finalidad principal consiste en la potenciaci\u00f3n en el uso del c\u00f3digo como actividad diaria, realizando talleres, excursiones y actividades sociales de todo tipo.<\/p>\n<\/div>\n<\/div><\/section>\n","protected":false},"excerpt":{"rendered":"","protected":false},"author":4,"featured_media":0,"parent":0,"menu_order":0,"comment_status":"closed","ping_status":"closed","template":"","meta":{"_acf_changed":false,"om_disable_all_campaigns":false,"_uag_custom_page_level_css":"","_monsterinsights_skip_tracking":false,"_monsterinsights_sitenote_active":false,"_monsterinsights_sitenote_note":"","_monsterinsights_sitenote_category":0,"_uf_show_specific_survey":0,"_uf_disable_surveys":false,"footnotes":""},"class_list":{"0":"post-4452","1":"page","2":"type-page","3":"status-publish","5":"no-featured-image-padding"},"acf":[],"aioseo_notices":[],"uagb_featured_image_src":{"full":false,"thumbnail":false,"medium":false,"medium_large":false,"large":false,"1536x1536":false,"2048x2048":false},"uagb_author_info":{"display_name":false,"author_link":"https:\/\/culturayciencia.org\/litterae\/author\/librerae\/"},"uagb_comment_info":0,"uagb_excerpt":null,"_links":{"self":[{"href":"https:\/\/culturayciencia.org\/litterae\/wp-json\/wp\/v2\/pages\/4452","targetHints":{"allow":["GET"]}}],"collection":[{"href":"https:\/\/culturayciencia.org\/litterae\/wp-json\/wp\/v2\/pages"}],"about":[{"href":"https:\/\/culturayciencia.org\/litterae\/wp-json\/wp\/v2\/types\/page"}],"author":[{"embeddable":true,"href":"https:\/\/culturayciencia.org\/litterae\/wp-json\/wp\/v2\/users\/4"}],"replies":[{"embeddable":true,"href":"https:\/\/culturayciencia.org\/litterae\/wp-json\/wp\/v2\/comments?post=4452"}],"version-history":[{"count":0,"href":"https:\/\/culturayciencia.org\/litterae\/wp-json\/wp\/v2\/pages\/4452\/revisions"}],"wp:attachment":[{"href":"https:\/\/culturayciencia.org\/litterae\/wp-json\/wp\/v2\/media?parent=4452"}],"curies":[{"name":"wp","href":"https:\/\/api.w.org\/{rel}","templated":true}]}}