{"id":447,"date":"2019-09-04T20:34:16","date_gmt":"2019-09-04T18:34:16","guid":{"rendered":"https:\/\/culturayciencia.org\/litterae\/?page_id=447"},"modified":"2019-09-13T10:24:17","modified_gmt":"2019-09-13T08:24:17","slug":"fernando-gonzalez","status":"publish","type":"page","link":"https:\/\/culturayciencia.org\/litterae\/fernando-gonzalez\/","title":{"rendered":"Fernando Gonz\u00e1lez"},"content":{"rendered":"\n<div class=\"wp-block-image\"><figure class=\"alignleft\"><img loading=\"lazy\" decoding=\"async\" width=\"400\" height=\"400\" src=\"https:\/\/culturayciencia.org\/litterae\/wp-content\/uploads\/2019\/09\/Fernando_Gonzalez_Litterae.jpg\" alt=\"\" class=\"wp-image-320\" srcset=\"https:\/\/culturayciencia.org\/litterae\/wp-content\/uploads\/2019\/09\/Fernando_Gonzalez_Litterae.jpg 400w, https:\/\/culturayciencia.org\/litterae\/wp-content\/uploads\/2019\/09\/Fernando_Gonzalez_Litterae-150x150.jpg 150w, https:\/\/culturayciencia.org\/litterae\/wp-content\/uploads\/2019\/09\/Fernando_Gonzalez_Litterae-300x300.jpg 300w\" sizes=\"auto, (max-width: 400px) 100vw, 400px\" \/><\/figure><\/div>\n\n\n\n<h2 class=\"wp-block-heading\" style=\"text-align:center\"><strong> Fernando Gonz\u00e1lez Tom\u00e1s <\/strong><\/h2>\n\n\n\n<p style=\"text-align:center\"><strong>H\u00e9roes de Papel<\/strong><\/p>\n\n\n\n<p style=\"text-align:justify\">Fernando\n Gonz\u00e1lez Tom\u00e1s es licenciado en Investigaci\u00f3n y T\u00e9cnicas de Mercado. Ha\n trabajado durante m\u00e1s de una d\u00e9cada en el sector de la distribuci\u00f3n \npara los grupos Promod\u00e9s, Carrefour, Tengelman y Adeo. En 2007 decide \ncambiar completamente de sector y entra a formar parte de Alinox S.A \ngestionando y ampliando su cartera de clientes de Andaluc\u00eda durante otra\n d\u00e9cada hasta que la llamada de H\u00e9roes de Papel le llev\u00f3 a embarcarse en\n esta nueva aventura.<\/p>\n\n\n\n<p style=\"text-align:justify\">Desde entonces ocupa el puesto de Director Comercial, con el objetivo de  consolidar a H\u00e9roes de Papel como la mayor editorial especializada en  videojuegos de habla hispana, actualmente en pleno proceso de  internacionalizaci\u00f3n.<\/p>\n","protected":false},"excerpt":{"rendered":"","protected":false},"author":4,"featured_media":0,"parent":0,"menu_order":0,"comment_status":"closed","ping_status":"closed","template":"","meta":{"_acf_changed":false,"om_disable_all_campaigns":false,"_uag_custom_page_level_css":"","_monsterinsights_skip_tracking":false,"_monsterinsights_sitenote_active":false,"_monsterinsights_sitenote_note":"","_monsterinsights_sitenote_category":0,"_uf_show_specific_survey":0,"_uf_disable_surveys":false,"footnotes":""},"class_list":{"0":"post-447","1":"page","2":"type-page","3":"status-publish","5":"no-featured-image-padding"},"acf":[],"aioseo_notices":[],"uagb_featured_image_src":{"full":false,"thumbnail":false,"medium":false,"medium_large":false,"large":false,"1536x1536":false,"2048x2048":false},"uagb_author_info":{"display_name":false,"author_link":"https:\/\/culturayciencia.org\/litterae\/author\/librerae\/"},"uagb_comment_info":0,"uagb_excerpt":null,"_links":{"self":[{"href":"https:\/\/culturayciencia.org\/litterae\/wp-json\/wp\/v2\/pages\/447","targetHints":{"allow":["GET"]}}],"collection":[{"href":"https:\/\/culturayciencia.org\/litterae\/wp-json\/wp\/v2\/pages"}],"about":[{"href":"https:\/\/culturayciencia.org\/litterae\/wp-json\/wp\/v2\/types\/page"}],"author":[{"embeddable":true,"href":"https:\/\/culturayciencia.org\/litterae\/wp-json\/wp\/v2\/users\/4"}],"replies":[{"embeddable":true,"href":"https:\/\/culturayciencia.org\/litterae\/wp-json\/wp\/v2\/comments?post=447"}],"version-history":[{"count":0,"href":"https:\/\/culturayciencia.org\/litterae\/wp-json\/wp\/v2\/pages\/447\/revisions"}],"wp:attachment":[{"href":"https:\/\/culturayciencia.org\/litterae\/wp-json\/wp\/v2\/media?parent=447"}],"curies":[{"name":"wp","href":"https:\/\/api.w.org\/{rel}","templated":true}]}}