{"id":4470,"date":"2024-05-02T11:02:50","date_gmt":"2024-05-02T09:02:50","guid":{"rendered":"https:\/\/culturayciencia.org\/litterae\/?page_id=4470"},"modified":"2024-05-02T11:21:04","modified_gmt":"2024-05-02T09:21:04","slug":"arantza-larrauri","status":"publish","type":"page","link":"https:\/\/culturayciencia.org\/litterae\/arantza-larrauri\/","title":{"rendered":"Arantza Larrauri"},"content":{"rendered":"\n<section class=\"wp-block-uagb-columns uagb-columns__wrap uagb-columns__background-none uagb-columns__stack-mobile uagb-columns__valign-top uagb-columns__gap-10 align uagb-block-6d2fc7ed uagb-columns__columns-2 uagb-columns__max_width-theme\"><div class=\"uagb-columns__overlay\"><\/div><div class=\"uagb-columns__inner-wrap uagb-columns__columns-2\">\n<div class=\"wp-block-uagb-column uagb-column__wrap uagb-column__background-color uagb-block-98aac7ba\"><div class=\"uagb-column__overlay\"><\/div><div class=\"wp-block-image is-style-rounded\">\n<figure class=\"aligncenter size-full\"><img loading=\"lazy\" decoding=\"async\" width=\"417\" height=\"417\" src=\"https:\/\/culturayciencia.org\/litterae\/wp-content\/uploads\/2024\/05\/Arantza_Larrauri_Litterae_2024-1.jpg\" alt=\"\" class=\"wp-image-4471\" srcset=\"https:\/\/culturayciencia.org\/litterae\/wp-content\/uploads\/2024\/05\/Arantza_Larrauri_Litterae_2024-1.jpg 417w, https:\/\/culturayciencia.org\/litterae\/wp-content\/uploads\/2024\/05\/Arantza_Larrauri_Litterae_2024-1-300x300.jpg 300w, https:\/\/culturayciencia.org\/litterae\/wp-content\/uploads\/2024\/05\/Arantza_Larrauri_Litterae_2024-1-150x150.jpg 150w\" sizes=\"auto, (max-width: 417px) 100vw, 417px\" \/><\/figure>\n<\/div>\n\n\n<h2 class=\"wp-block-heading has-text-align-center has-medium-font-size\"><strong><strong>Arantza Larrauri<\/strong><\/strong><\/h2>\n\n\n\n<p class=\"has-text-align-center has-vivid-red-color has-text-color\">Directora general de Libranda.<\/p>\n<\/div>\n\n\n\n<div class=\"wp-block-uagb-column uagb-column__wrap uagb-column__background-undefined uagb-block-af01522f\"><div class=\"uagb-column__overlay\"><\/div>\n<p><strong>E<\/strong>studi\u00f3 Direcci\u00f3n y Administraci\u00f3n de empresas en ESADE, donde tambi\u00e9n obtuvo el MBA. Complement\u00f3 su formaci\u00f3n en Arizona, en Thunderbird School, donde obtuvo el Master en gesti\u00f3n internacional (MIM).<\/p>\n\n\n\n<p>Ha trabajado en la industria del libro durante los \u00faltimos 20 a\u00f1os. Desde 2010 es Directora General de Libranda, empresa de servicios digitales para el mundo de la cultura y la educaci\u00f3n, de la que tambi\u00e9n es Consejera. Desde la integraci\u00f3n de Libranda en la empresa canadiense De Marque en 2018, desempe\u00f1a paralelamente el cargo de directora de mercado para Europa y LATAM en De Marque.<\/p>\n\n\n\n<p>Antes de incorporarse a Libranda, trabaj\u00f3 en el grupo editorial Random House como gerente de grandes cuentas y en C\u00edrculo de Lectores, donde ocup\u00f3 diversos cargos en las sedes del club en Espa\u00f1a y Portugal.<\/p>\n\n\n\n<p>Es colaboradora docente del \u201cMaster de Edici\u00f3n\u201d en la UOC y coordinadora y docente del curso \u201cInteligencia artificial para profesionales del libro\u201d en la escuela PARIX, de la Fundaci\u00f3n Germ\u00e1n S\u00e1nchez Ruip\u00e9rez. En este enlace se puede visualizar el contenido del curso: <a href=\"https:\/\/parix.es\/inteligencia-artificial-para-profesionales-del-libro\/\">https:\/\/parix.es\/inteligencia-artificial-para-profesionales-del-libro\/<\/a><\/p>\n\n\n\n<p>Colabora frecuentemente con distintos medios escritos del sector del libro y es autora de diversos poemarios y relatos breves. Sus libros pueden descubrirse en su web personal: <a href=\"http:\/\/www.arantzalarrauri.es\">www.arantzalarrauri.es<\/a><\/p>\n<\/div>\n<\/div><\/section>\n","protected":false},"excerpt":{"rendered":"","protected":false},"author":4,"featured_media":0,"parent":0,"menu_order":0,"comment_status":"closed","ping_status":"closed","template":"","meta":{"_acf_changed":false,"om_disable_all_campaigns":false,"_uag_custom_page_level_css":"","_monsterinsights_skip_tracking":false,"_monsterinsights_sitenote_active":false,"_monsterinsights_sitenote_note":"","_monsterinsights_sitenote_category":0,"_uf_show_specific_survey":0,"_uf_disable_surveys":false,"footnotes":""},"class_list":{"0":"post-4470","1":"page","2":"type-page","3":"status-publish","5":"no-featured-image-padding"},"acf":[],"aioseo_notices":[],"uagb_featured_image_src":{"full":false,"thumbnail":false,"medium":false,"medium_large":false,"large":false,"1536x1536":false,"2048x2048":false},"uagb_author_info":{"display_name":false,"author_link":"https:\/\/culturayciencia.org\/litterae\/author\/librerae\/"},"uagb_comment_info":0,"uagb_excerpt":null,"_links":{"self":[{"href":"https:\/\/culturayciencia.org\/litterae\/wp-json\/wp\/v2\/pages\/4470","targetHints":{"allow":["GET"]}}],"collection":[{"href":"https:\/\/culturayciencia.org\/litterae\/wp-json\/wp\/v2\/pages"}],"about":[{"href":"https:\/\/culturayciencia.org\/litterae\/wp-json\/wp\/v2\/types\/page"}],"author":[{"embeddable":true,"href":"https:\/\/culturayciencia.org\/litterae\/wp-json\/wp\/v2\/users\/4"}],"replies":[{"embeddable":true,"href":"https:\/\/culturayciencia.org\/litterae\/wp-json\/wp\/v2\/comments?post=4470"}],"version-history":[{"count":0,"href":"https:\/\/culturayciencia.org\/litterae\/wp-json\/wp\/v2\/pages\/4470\/revisions"}],"wp:attachment":[{"href":"https:\/\/culturayciencia.org\/litterae\/wp-json\/wp\/v2\/media?parent=4470"}],"curies":[{"name":"wp","href":"https:\/\/api.w.org\/{rel}","templated":true}]}}