{"id":4498,"date":"2024-05-02T11:56:27","date_gmt":"2024-05-02T09:56:27","guid":{"rendered":"https:\/\/culturayciencia.org\/litterae\/?page_id=4498"},"modified":"2024-05-02T11:56:34","modified_gmt":"2024-05-02T09:56:34","slug":"jesus-barba-palacios","status":"publish","type":"page","link":"https:\/\/culturayciencia.org\/litterae\/jesus-barba-palacios\/","title":{"rendered":"Jes\u00fas Barba Palacios"},"content":{"rendered":"\n<section class=\"wp-block-uagb-columns uagb-columns__wrap uagb-columns__stack-mobile uagb-columns__valign-top uagb-columns__gap-10 align uagb-block-6d2fc7ed uagb-columns__columns-2 uagb-columns__max_width-theme\"><div class=\"uagb-columns__overlay\"><\/div><div class=\"uagb-columns__inner-wrap uagb-columns__columns-2\">\n<div class=\"wp-block-uagb-column uagb-column__wrap uagb-column__background-color uagb-block-98aac7ba\"><div class=\"uagb-column__overlay\"><\/div><div class=\"wp-block-image is-style-rounded\">\n<figure class=\"aligncenter size-full\"><img loading=\"lazy\" decoding=\"async\" width=\"417\" height=\"417\" src=\"https:\/\/culturayciencia.org\/litterae\/wp-content\/uploads\/2024\/05\/Jesus_Barba_Palacios_Litterae_2024-1.jpg\" alt=\"\" class=\"wp-image-4500\" srcset=\"https:\/\/culturayciencia.org\/litterae\/wp-content\/uploads\/2024\/05\/Jesus_Barba_Palacios_Litterae_2024-1.jpg 417w, https:\/\/culturayciencia.org\/litterae\/wp-content\/uploads\/2024\/05\/Jesus_Barba_Palacios_Litterae_2024-1-300x300.jpg 300w, https:\/\/culturayciencia.org\/litterae\/wp-content\/uploads\/2024\/05\/Jesus_Barba_Palacios_Litterae_2024-1-150x150.jpg 150w\" sizes=\"auto, (max-width: 417px) 100vw, 417px\" \/><\/figure>\n<\/div>\n\n\n<h2 class=\"wp-block-heading has-text-align-center has-medium-font-size\"><strong>Jes\u00fas Barba Palacios<\/strong><\/h2>\n\n\n\n<p class=\"has-text-align-center has-vivid-red-color has-text-color\">Responsable de Departamento de Servicios Sociales ONCE CLM.<\/p>\n<\/div>\n\n\n\n<div class=\"wp-block-uagb-column uagb-column__wrap uagb-column__background-undefined uagb-block-af01522f\"><div class=\"uagb-column__overlay\"><\/div>\n<p>Graduado en derecho por la UCLM en el a\u00f1o 2018, titulado con el M\u00e1ster de Acceso a la Abogac\u00eda. Actualmente ejerciendo funciones de responsable del Departamento de Servicios Sociales de la ONCE en Castilla La Mancha. Jes\u00fas es una persona con una gran capacidad de escucha y conexi\u00f3n con las personas con las que se relaciona en su \u00e1mbito laboral, lo que favorece el trabajo en equipo. Debido a su deficiencia visual, desde peque\u00f1o ha sido usuario de adaptaciones de libros y otros materiales, lo que le otorga un punto de vista como usuario en relaci\u00f3n a esta materia.<\/p>\n<\/div>\n<\/div><\/section>\n","protected":false},"excerpt":{"rendered":"","protected":false},"author":4,"featured_media":0,"parent":0,"menu_order":0,"comment_status":"closed","ping_status":"closed","template":"","meta":{"_acf_changed":false,"om_disable_all_campaigns":false,"_uag_custom_page_level_css":"","_monsterinsights_skip_tracking":false,"_monsterinsights_sitenote_active":false,"_monsterinsights_sitenote_note":"","_monsterinsights_sitenote_category":0,"_uf_show_specific_survey":0,"_uf_disable_surveys":false,"footnotes":""},"class_list":{"0":"post-4498","1":"page","2":"type-page","3":"status-publish","5":"no-featured-image-padding"},"acf":[],"aioseo_notices":[],"uagb_featured_image_src":{"full":false,"thumbnail":false,"medium":false,"medium_large":false,"large":false,"1536x1536":false,"2048x2048":false},"uagb_author_info":{"display_name":false,"author_link":"https:\/\/culturayciencia.org\/litterae\/author\/librerae\/"},"uagb_comment_info":0,"uagb_excerpt":null,"_links":{"self":[{"href":"https:\/\/culturayciencia.org\/litterae\/wp-json\/wp\/v2\/pages\/4498","targetHints":{"allow":["GET"]}}],"collection":[{"href":"https:\/\/culturayciencia.org\/litterae\/wp-json\/wp\/v2\/pages"}],"about":[{"href":"https:\/\/culturayciencia.org\/litterae\/wp-json\/wp\/v2\/types\/page"}],"author":[{"embeddable":true,"href":"https:\/\/culturayciencia.org\/litterae\/wp-json\/wp\/v2\/users\/4"}],"replies":[{"embeddable":true,"href":"https:\/\/culturayciencia.org\/litterae\/wp-json\/wp\/v2\/comments?post=4498"}],"version-history":[{"count":0,"href":"https:\/\/culturayciencia.org\/litterae\/wp-json\/wp\/v2\/pages\/4498\/revisions"}],"wp:attachment":[{"href":"https:\/\/culturayciencia.org\/litterae\/wp-json\/wp\/v2\/media?parent=4498"}],"curies":[{"name":"wp","href":"https:\/\/api.w.org\/{rel}","templated":true}]}}