{"id":450,"date":"2019-09-04T20:38:42","date_gmt":"2019-09-04T18:38:42","guid":{"rendered":"https:\/\/culturayciencia.org\/litterae\/?page_id=450"},"modified":"2021-01-11T14:34:13","modified_gmt":"2021-01-11T12:34:13","slug":"noemi-plaza","status":"publish","type":"page","link":"https:\/\/culturayciencia.org\/litterae\/noemi-plaza\/","title":{"rendered":"Noemi Plaza"},"content":{"rendered":"\n<section class=\"wp-block-uagb-columns uagb-columns__wrap uagb-columns__background-undefined uagb-columns__stack-mobile uagb-columns__valign-top uagb-columns__gap-10 alignundefined uagb-block-74343aba\"><div class=\"uagb-columns__overlay\"><\/div><div class=\"uagb-columns__inner-wrap uagb-columns__columns-2\">\n<div class=\"wp-block-uagb-column uagb-column__wrap uagb-column__background-color uagb-block-270252ec\"><div class=\"uagb-column__overlay\"><\/div><div class=\"uagb-column__inner-wrap\">\n<figure class=\"wp-block-image size-large is-style-rounded\"><img loading=\"lazy\" decoding=\"async\" width=\"400\" height=\"400\" src=\"https:\/\/culturayciencia.org\/litterae\/wp-content\/uploads\/2019\/09\/Noemi_Plaza_Litterae.jpg\" alt=\"\" class=\"wp-image-321\" srcset=\"https:\/\/culturayciencia.org\/litterae\/wp-content\/uploads\/2019\/09\/Noemi_Plaza_Litterae.jpg 400w, https:\/\/culturayciencia.org\/litterae\/wp-content\/uploads\/2019\/09\/Noemi_Plaza_Litterae-150x150.jpg 150w, https:\/\/culturayciencia.org\/litterae\/wp-content\/uploads\/2019\/09\/Noemi_Plaza_Litterae-300x300.jpg 300w\" sizes=\"auto, (max-width: 400px) 100vw, 400px\" \/><\/figure>\n\n\n\n<h2 class=\"has-text-align-center has-medium-font-size wp-block-heading\"><strong>Noem\u00ed Plaza Guerra<\/strong><\/h2>\n\n\n\n<p class=\"has-text-align-center has-vivid-red-color has-text-color\">CEDRO<\/p>\n<\/div><\/div>\n\n\n\n<div class=\"wp-block-uagb-column uagb-column__wrap uagb-column__background-undefined uagb-block-156ac44c\"><div class=\"uagb-column__overlay\"><\/div><div class=\"uagb-column__inner-wrap\">\n<p>Licenciada Historia del Arte.<br><br>Curs\u00f3 M\u00e1ster en Documentaci\u00f3n, donde comenz\u00f3 a interesarse por la Propiedad Intelectual. Tras trabajar en medios de comunicaci\u00f3n e instituciones educativas y culturales, tuvo la oportunidad de seguir su carrera profesional en CEDRO. Durante este tiempo ha trabajado al servicio de los autores, los traductores y los editores en el Departamento de Socios.<\/p>\n\n\n\n<p>Lleva a cabo un trabajo de gesti\u00f3n, lucha por poner en valor el trabajo de la creaci\u00f3n, por la existencia de una legislaci\u00f3n justa con los derechos de autor y desarrolla una important\u00edsima funci\u00f3n social con un \u00fatil sistema de ayudas para los titulares de derechos de obra escrita.<\/p>\n\n\n\n<p>Insiste en la importancia de acceder a los contenidos de manera legal para que los autores puedan seguir creando y que el sector pueda tener un funcionamiento econ\u00f3mico l\u00f3gico, como cualquier otro sector, que le haga no solo mantenerse, sino crecer para que los ciudadanos puedan seguir disfrutando de contenidos de calidad.<\/p>\n\n\n\n<p>A trav\u00e9s de esos canales de comunicaci\u00f3n hacen una did\u00e1ctica fundamental para explicar el derecho de autor en base a la Ley de Propiedad Intelectual que, en su d\u00eda, con la promulgaci\u00f3n de otras leyes, colocaron a Espa\u00f1a en el mundo moderno.<\/p>\n<\/div><\/div>\n<\/div><\/section>\n\n\n","protected":false},"excerpt":{"rendered":"","protected":false},"author":4,"featured_media":0,"parent":0,"menu_order":0,"comment_status":"closed","ping_status":"closed","template":"","meta":{"_acf_changed":false,"om_disable_all_campaigns":false,"_uag_custom_page_level_css":"","_monsterinsights_skip_tracking":false,"_monsterinsights_sitenote_active":false,"_monsterinsights_sitenote_note":"","_monsterinsights_sitenote_category":0,"_uf_show_specific_survey":0,"_uf_disable_surveys":false,"footnotes":""},"class_list":{"0":"post-450","1":"page","2":"type-page","3":"status-publish","5":"no-featured-image-padding"},"acf":[],"aioseo_notices":[],"uagb_featured_image_src":{"full":false,"thumbnail":false,"medium":false,"medium_large":false,"large":false,"1536x1536":false,"2048x2048":false},"uagb_author_info":{"display_name":false,"author_link":"https:\/\/culturayciencia.org\/litterae\/author\/librerae\/"},"uagb_comment_info":0,"uagb_excerpt":null,"_links":{"self":[{"href":"https:\/\/culturayciencia.org\/litterae\/wp-json\/wp\/v2\/pages\/450","targetHints":{"allow":["GET"]}}],"collection":[{"href":"https:\/\/culturayciencia.org\/litterae\/wp-json\/wp\/v2\/pages"}],"about":[{"href":"https:\/\/culturayciencia.org\/litterae\/wp-json\/wp\/v2\/types\/page"}],"author":[{"embeddable":true,"href":"https:\/\/culturayciencia.org\/litterae\/wp-json\/wp\/v2\/users\/4"}],"replies":[{"embeddable":true,"href":"https:\/\/culturayciencia.org\/litterae\/wp-json\/wp\/v2\/comments?post=450"}],"version-history":[{"count":0,"href":"https:\/\/culturayciencia.org\/litterae\/wp-json\/wp\/v2\/pages\/450\/revisions"}],"wp:attachment":[{"href":"https:\/\/culturayciencia.org\/litterae\/wp-json\/wp\/v2\/media?parent=450"}],"curies":[{"name":"wp","href":"https:\/\/api.w.org\/{rel}","templated":true}]}}