{"id":452,"date":"2019-09-04T20:40:50","date_gmt":"2019-09-04T18:40:50","guid":{"rendered":"https:\/\/culturayciencia.org\/litterae\/?page_id=452"},"modified":"2019-09-13T10:35:28","modified_gmt":"2019-09-13T08:35:28","slug":"monica-rouanet","status":"publish","type":"page","link":"https:\/\/culturayciencia.org\/litterae\/monica-rouanet\/","title":{"rendered":"M\u00f3nica Rouanet"},"content":{"rendered":"\n<div class=\"wp-block-image\"><figure class=\"alignleft\"><img loading=\"lazy\" decoding=\"async\" width=\"400\" height=\"400\" src=\"https:\/\/culturayciencia.org\/litterae\/wp-content\/uploads\/2019\/09\/Monica_Rouanet_Litterae.jpg\" alt=\"\" class=\"wp-image-322\" srcset=\"https:\/\/culturayciencia.org\/litterae\/wp-content\/uploads\/2019\/09\/Monica_Rouanet_Litterae.jpg 400w, https:\/\/culturayciencia.org\/litterae\/wp-content\/uploads\/2019\/09\/Monica_Rouanet_Litterae-150x150.jpg 150w, https:\/\/culturayciencia.org\/litterae\/wp-content\/uploads\/2019\/09\/Monica_Rouanet_Litterae-300x300.jpg 300w\" sizes=\"auto, (max-width: 400px) 100vw, 400px\" \/><\/figure><\/div>\n\n\n\n<h2 class=\"wp-block-heading\" style=\"text-align:center\"><strong> M\u00f3nica Rouanet<\/strong><\/h2>\n\n\n\n<p style=\"text-align:center\"><strong><em>Escritora<\/em><\/strong><\/p>\n\n\n\n<p style=\"text-align:justify\">Naci\u00f3 en Alicante en 1970. Es Licenciada en Filosof\u00eda y letras y Ciencias de la Educaci\u00f3n por la Universidad Pontificia de Comillas (Madrid); posteriormente, curs\u00f3 estudios de Psicolog\u00eda por la U.N.E.D. Desde hace m\u00e1s de 20 a\u00f1os, desarrolla su labor profesional en barrios desfavorecidos de Madrid atendiendo a menores en alto riesgo a trav\u00e9s de una Fundaci\u00f3n de car\u00e1cter social. Desde 2012 compagina su trabajo con la literatura. Ese mismo a\u00f1o autopublic\u00f3 en Amazon su primera novela en versi\u00f3n digital, <em>El camino de las luci\u00e9rnagas<\/em>, que lleg\u00f3 a ocupar los primeros puestos en las listas gracias a su gran n\u00famero de ventas. Poco despu\u00e9s, la editorial La Fea Burgues\u00eda la edit\u00f3 en papel y agot\u00f3 dos ediciones. Su segunda novela, <em>Donde las calles no tienen nombre<\/em>, fue publicada por Roca Editorial en 2015, y en abril de 2019 sali\u00f3 a la venta su tercera novela, <em>Despi\u00e9rtame cuando acabe septiembre<\/em>, tambi\u00e9n de la mano de Roca Editorial. Ha participado en Valencia Negra 2019 como una de las nuevas voces de este g\u00e9nero y ha presentado su \u00faltima novela en Cartagena Negra y Getafe Negro.<\/p>\n","protected":false},"excerpt":{"rendered":"","protected":false},"author":4,"featured_media":0,"parent":0,"menu_order":0,"comment_status":"closed","ping_status":"closed","template":"","meta":{"_acf_changed":false,"om_disable_all_campaigns":false,"_uag_custom_page_level_css":"","_monsterinsights_skip_tracking":false,"_monsterinsights_sitenote_active":false,"_monsterinsights_sitenote_note":"","_monsterinsights_sitenote_category":0,"_uf_show_specific_survey":0,"_uf_disable_surveys":false,"footnotes":""},"class_list":{"0":"post-452","1":"page","2":"type-page","3":"status-publish","5":"no-featured-image-padding"},"acf":[],"aioseo_notices":[],"uagb_featured_image_src":{"full":false,"thumbnail":false,"medium":false,"medium_large":false,"large":false,"1536x1536":false,"2048x2048":false},"uagb_author_info":{"display_name":false,"author_link":"https:\/\/culturayciencia.org\/litterae\/author\/librerae\/"},"uagb_comment_info":0,"uagb_excerpt":null,"_links":{"self":[{"href":"https:\/\/culturayciencia.org\/litterae\/wp-json\/wp\/v2\/pages\/452","targetHints":{"allow":["GET"]}}],"collection":[{"href":"https:\/\/culturayciencia.org\/litterae\/wp-json\/wp\/v2\/pages"}],"about":[{"href":"https:\/\/culturayciencia.org\/litterae\/wp-json\/wp\/v2\/types\/page"}],"author":[{"embeddable":true,"href":"https:\/\/culturayciencia.org\/litterae\/wp-json\/wp\/v2\/users\/4"}],"replies":[{"embeddable":true,"href":"https:\/\/culturayciencia.org\/litterae\/wp-json\/wp\/v2\/comments?post=452"}],"version-history":[{"count":0,"href":"https:\/\/culturayciencia.org\/litterae\/wp-json\/wp\/v2\/pages\/452\/revisions"}],"wp:attachment":[{"href":"https:\/\/culturayciencia.org\/litterae\/wp-json\/wp\/v2\/media?parent=452"}],"curies":[{"name":"wp","href":"https:\/\/api.w.org\/{rel}","templated":true}]}}