{"id":4560,"date":"2024-05-02T14:26:49","date_gmt":"2024-05-02T12:26:49","guid":{"rendered":"https:\/\/culturayciencia.org\/litterae\/?page_id=4560"},"modified":"2024-05-02T14:26:53","modified_gmt":"2024-05-02T12:26:53","slug":"jose-luis-del-rio","status":"publish","type":"page","link":"https:\/\/culturayciencia.org\/litterae\/jose-luis-del-rio\/","title":{"rendered":"Jos\u00e9 Luis Del R\u00edo"},"content":{"rendered":"\n<section class=\"wp-block-uagb-columns uagb-columns__wrap uagb-columns__stack-mobile uagb-columns__valign-top uagb-columns__gap-10 align uagb-block-6d2fc7ed uagb-columns__columns-2 uagb-columns__max_width-theme\"><div class=\"uagb-columns__overlay\"><\/div><div class=\"uagb-columns__inner-wrap uagb-columns__columns-2\">\n<div class=\"wp-block-uagb-column uagb-column__wrap uagb-column__background-color uagb-block-98aac7ba\"><div class=\"uagb-column__overlay\"><\/div><div class=\"wp-block-image is-style-rounded\">\n<figure class=\"aligncenter size-full\"><img loading=\"lazy\" decoding=\"async\" width=\"417\" height=\"417\" src=\"https:\/\/culturayciencia.org\/litterae\/wp-content\/uploads\/2024\/05\/Jose_Luis_Delrio_Litterae_2024-1.jpg\" alt=\"\" class=\"wp-image-4561\" srcset=\"https:\/\/culturayciencia.org\/litterae\/wp-content\/uploads\/2024\/05\/Jose_Luis_Delrio_Litterae_2024-1.jpg 417w, https:\/\/culturayciencia.org\/litterae\/wp-content\/uploads\/2024\/05\/Jose_Luis_Delrio_Litterae_2024-1-300x300.jpg 300w, https:\/\/culturayciencia.org\/litterae\/wp-content\/uploads\/2024\/05\/Jose_Luis_Delrio_Litterae_2024-1-150x150.jpg 150w\" sizes=\"auto, (max-width: 417px) 100vw, 417px\" \/><\/figure>\n<\/div>\n\n\n<h2 class=\"wp-block-heading has-text-align-center has-medium-font-size\"><strong>Jos\u00e9 Luis Del R\u00edo<\/strong><\/h2>\n\n\n\n<p class=\"has-text-align-center has-vivid-red-color has-text-color\">Fundador Apache Libros.<\/p>\n<\/div>\n\n\n\n<div class=\"wp-block-uagb-column uagb-column__wrap uagb-column__background-undefined uagb-block-af01522f\"><div class=\"uagb-column__overlay\"><\/div>\n<p>Graduado en Publicidad y Marketing, ha estado inmerso en el \u00e1mbito editorial durante m\u00e1s de dos d\u00e9cadas. En 2016, fund\u00f3 Apache Libros, una editorial independiente dedicada a dar forma a sue\u00f1os y pesadillas a trav\u00e9s de la ciencia ficci\u00f3n, la fantas\u00eda y el terror. Su misi\u00f3n es dar prestigio la literatura fant\u00e1stica en espa\u00f1ol.<\/p>\n\n\n\n<p>Actualmente, divide su tiempo entre sus responsabilidades editoriales y su labor como educador en la escuela Master D. Adem\u00e1s, ocupa el cargo de Coordinador en la Comisi\u00f3n de Peque\u00f1os Editores del Gremio de Editores de Madrid.<\/p>\n\n\n\n<p>Apasionado del c\u00f3mic, el cine fant\u00e1stico y toda forma de cultura alternativa, Jos\u00e9 Luis del R\u00edo canaliza su creatividad y compromiso hacia la promoci\u00f3n y la difusi\u00f3n de la literatura fant\u00e1stica.<\/p>\n<\/div>\n<\/div><\/section>\n","protected":false},"excerpt":{"rendered":"","protected":false},"author":4,"featured_media":0,"parent":0,"menu_order":0,"comment_status":"closed","ping_status":"closed","template":"","meta":{"_acf_changed":false,"om_disable_all_campaigns":false,"_uag_custom_page_level_css":"","_monsterinsights_skip_tracking":false,"_monsterinsights_sitenote_active":false,"_monsterinsights_sitenote_note":"","_monsterinsights_sitenote_category":0,"_uf_show_specific_survey":0,"_uf_disable_surveys":false,"footnotes":""},"class_list":{"0":"post-4560","1":"page","2":"type-page","3":"status-publish","5":"no-featured-image-padding"},"acf":[],"aioseo_notices":[],"uagb_featured_image_src":{"full":false,"thumbnail":false,"medium":false,"medium_large":false,"large":false,"1536x1536":false,"2048x2048":false},"uagb_author_info":{"display_name":false,"author_link":"https:\/\/culturayciencia.org\/litterae\/author\/librerae\/"},"uagb_comment_info":0,"uagb_excerpt":null,"_links":{"self":[{"href":"https:\/\/culturayciencia.org\/litterae\/wp-json\/wp\/v2\/pages\/4560","targetHints":{"allow":["GET"]}}],"collection":[{"href":"https:\/\/culturayciencia.org\/litterae\/wp-json\/wp\/v2\/pages"}],"about":[{"href":"https:\/\/culturayciencia.org\/litterae\/wp-json\/wp\/v2\/types\/page"}],"author":[{"embeddable":true,"href":"https:\/\/culturayciencia.org\/litterae\/wp-json\/wp\/v2\/users\/4"}],"replies":[{"embeddable":true,"href":"https:\/\/culturayciencia.org\/litterae\/wp-json\/wp\/v2\/comments?post=4560"}],"version-history":[{"count":0,"href":"https:\/\/culturayciencia.org\/litterae\/wp-json\/wp\/v2\/pages\/4560\/revisions"}],"wp:attachment":[{"href":"https:\/\/culturayciencia.org\/litterae\/wp-json\/wp\/v2\/media?parent=4560"}],"curies":[{"name":"wp","href":"https:\/\/api.w.org\/{rel}","templated":true}]}}