{"id":460,"date":"2019-09-04T20:46:45","date_gmt":"2019-09-04T18:46:45","guid":{"rendered":"https:\/\/culturayciencia.org\/litterae\/?page_id=460"},"modified":"2019-09-13T10:19:39","modified_gmt":"2019-09-13T08:19:39","slug":"antonio-erivan","status":"publish","type":"page","link":"https:\/\/culturayciencia.org\/litterae\/antonio-erivan\/","title":{"rendered":"ANTONIO ERIVAN"},"content":{"rendered":"\n<div class=\"wp-block-image\"><figure class=\"alignleft\"><img loading=\"lazy\" decoding=\"async\" width=\"400\" height=\"400\" src=\"https:\/\/culturayciencia.org\/litterae\/wp-content\/uploads\/2019\/09\/Antonio_Erivan_Litterae.jpg\" alt=\"\" class=\"wp-image-358\" srcset=\"https:\/\/culturayciencia.org\/litterae\/wp-content\/uploads\/2019\/09\/Antonio_Erivan_Litterae.jpg 400w, https:\/\/culturayciencia.org\/litterae\/wp-content\/uploads\/2019\/09\/Antonio_Erivan_Litterae-150x150.jpg 150w, https:\/\/culturayciencia.org\/litterae\/wp-content\/uploads\/2019\/09\/Antonio_Erivan_Litterae-300x300.jpg 300w\" sizes=\"auto, (max-width: 400px) 100vw, 400px\" \/><\/figure><\/div>\n\n\n\n<h2 class=\"wp-block-heading\" style=\"text-align:center\"><strong>Antonio Erivan Gomes<\/strong><\/h2>\n\n\n\n<p style=\"text-align:center\"><strong> <\/strong><em><strong>Telos Editora (Brasil)<\/strong><\/em><strong> <\/strong><\/p>\n\n\n\n<p style=\"text-align:justify\">Natural de la ciudad de Currais Novos \u2013 RN, Nordeste de Brasil. Vive en S\u00e3o Paulo desde los 11 a\u00f1os, lleva trabajando 40 en el mundo editorial. Ha trabajado en Cortez Editoria donde empez\u00f3 como becario y acab\u00f3 siendo el director de la editorial. En 2018 cre\u00f3 Telos Editoria que publica  libros infantiles y acad\u00e9micos en diferentes idiomas. Adem\u00e1s, es el  director de la C\u00e1mara Brasile\u00f1a del Libro y participa activamente en  ferias y eventos por todo el mundo.  <\/p>\n","protected":false},"excerpt":{"rendered":"","protected":false},"author":4,"featured_media":0,"parent":0,"menu_order":0,"comment_status":"closed","ping_status":"closed","template":"","meta":{"_acf_changed":false,"om_disable_all_campaigns":false,"_uag_custom_page_level_css":"","_monsterinsights_skip_tracking":false,"_monsterinsights_sitenote_active":false,"_monsterinsights_sitenote_note":"","_monsterinsights_sitenote_category":0,"_uf_show_specific_survey":0,"_uf_disable_surveys":false,"footnotes":""},"class_list":{"0":"post-460","1":"page","2":"type-page","3":"status-publish","5":"no-featured-image-padding"},"acf":[],"aioseo_notices":[],"uagb_featured_image_src":{"full":false,"thumbnail":false,"medium":false,"medium_large":false,"large":false,"1536x1536":false,"2048x2048":false},"uagb_author_info":{"display_name":false,"author_link":"https:\/\/culturayciencia.org\/litterae\/author\/librerae\/"},"uagb_comment_info":0,"uagb_excerpt":null,"_links":{"self":[{"href":"https:\/\/culturayciencia.org\/litterae\/wp-json\/wp\/v2\/pages\/460","targetHints":{"allow":["GET"]}}],"collection":[{"href":"https:\/\/culturayciencia.org\/litterae\/wp-json\/wp\/v2\/pages"}],"about":[{"href":"https:\/\/culturayciencia.org\/litterae\/wp-json\/wp\/v2\/types\/page"}],"author":[{"embeddable":true,"href":"https:\/\/culturayciencia.org\/litterae\/wp-json\/wp\/v2\/users\/4"}],"replies":[{"embeddable":true,"href":"https:\/\/culturayciencia.org\/litterae\/wp-json\/wp\/v2\/comments?post=460"}],"version-history":[{"count":0,"href":"https:\/\/culturayciencia.org\/litterae\/wp-json\/wp\/v2\/pages\/460\/revisions"}],"wp:attachment":[{"href":"https:\/\/culturayciencia.org\/litterae\/wp-json\/wp\/v2\/media?parent=460"}],"curies":[{"name":"wp","href":"https:\/\/api.w.org\/{rel}","templated":true}]}}