{"id":469,"date":"2019-09-04T20:53:16","date_gmt":"2019-09-04T18:53:16","guid":{"rendered":"https:\/\/culturayciencia.org\/litterae\/?page_id=469"},"modified":"2019-09-13T10:40:13","modified_gmt":"2019-09-13T08:40:13","slug":"victor-del-arbol","status":"publish","type":"page","link":"https:\/\/culturayciencia.org\/litterae\/victor-del-arbol\/","title":{"rendered":"V\u00edctor del \u00c1rbol"},"content":{"rendered":"\n<div class=\"wp-block-image\"><figure class=\"alignleft\"><img loading=\"lazy\" decoding=\"async\" width=\"400\" height=\"400\" src=\"https:\/\/culturayciencia.org\/litterae\/wp-content\/uploads\/2019\/09\/Victor_del_Arbol_Litterae.jpg\" alt=\"\" class=\"wp-image-368\" srcset=\"https:\/\/culturayciencia.org\/litterae\/wp-content\/uploads\/2019\/09\/Victor_del_Arbol_Litterae.jpg 400w, https:\/\/culturayciencia.org\/litterae\/wp-content\/uploads\/2019\/09\/Victor_del_Arbol_Litterae-150x150.jpg 150w, https:\/\/culturayciencia.org\/litterae\/wp-content\/uploads\/2019\/09\/Victor_del_Arbol_Litterae-300x300.jpg 300w\" sizes=\"auto, (max-width: 400px) 100vw, 400px\" \/><\/figure><\/div>\n\n\n\n<h2 class=\"wp-block-heading\" style=\"text-align:center\"><strong>V\u00edctor del \u00c1rbol<\/strong><\/h2>\n\n\n\n<p style=\"text-align:center\"><strong><em>Autor<\/em><\/strong><\/p>\n\n\n\n<p style=\"text-align:justify\">Hijo de inmigrantes, creci\u00f3 en medio de una extrema pobreza y con cuatro hermanos en el barrio de&nbsp;Torre Bar\u00f3, en Barcelona.\u200bFue seminarista durante cinco a\u00f1os antes de cursar estudios en Historia en la&nbsp;Universidad de Barcelona&nbsp;y trabaj\u00f3 como funcionario de la&nbsp;Generalidad de Catalu\u00f1a&nbsp;entre los a\u00f1os 1992 y 2012 (Mosso d&#8217;escuadra).<\/p>\n\n\n\n<p style=\"text-align:justify\">Particip\u00f3 dos a\u00f1os como locutor y colaborador con el programa radiof\u00f3nico de realidad social&nbsp;<em>Catalunya sense barreres<\/em>&nbsp;(Radio Estel,&nbsp;ONCE).<\/p>\n\n\n\n<p style=\"text-align:justify\">Fue finalista del&nbsp;Premio Fernando Lara&nbsp;en 2008 y gan\u00f3 el Premio Tiflos de Novela, organizado por la&nbsp;ONCE, en 2006 con&nbsp;<em>El peso de los muertos<\/em>. En 2011 public\u00f3&nbsp;<em>La tristeza del samur\u00e1i<\/em>&nbsp;(Editorial Alrev\u00e9s). Cuenta con numerosos premios, entre ellos,&nbsp;Le Prix du polar Europ\u00e9en&nbsp;2012 a la mejor novela negra europea que otorga la publicaci\u00f3n francesa&nbsp;<em>Le Point<\/em>&nbsp;en el festival de Novela Negra de&nbsp;Lyon, le&nbsp;Prix QuercyNoir&nbsp;2013, de&nbsp;Cahors, y el&nbsp;Premio Tormo Negro, otorgado por el Club de novela criminal de la&nbsp;Biblioteca Ferm\u00edn Caballero, de&nbsp;Cuenca, en 2013. La novela transcurre en forma paralela en dos lugares y dos momentos distintos: Extremadura en 1941 y Barcelona en 1981. La relaci\u00f3n causal entre ambas tramas constituye la sustancia de la historia. En&nbsp;<em>Un mill\u00f3n de gotas<\/em>(2014) hace un retrato terrible de la&nbsp;Uni\u00f3n Sovi\u00e9tica&nbsp;de los a\u00f1os treinta. En 2019 publica \u00abAntes de los a\u00f1os terribles\u00bb sobre la historia de Isa\u00eds Yoweri que nos lleva a Uganda y a la historia de miles de&nbsp;ni\u00f1os soldado.<\/p>\n","protected":false},"excerpt":{"rendered":"","protected":false},"author":4,"featured_media":0,"parent":0,"menu_order":0,"comment_status":"closed","ping_status":"closed","template":"","meta":{"_acf_changed":false,"om_disable_all_campaigns":false,"_uag_custom_page_level_css":"","_monsterinsights_skip_tracking":false,"_monsterinsights_sitenote_active":false,"_monsterinsights_sitenote_note":"","_monsterinsights_sitenote_category":0,"_uf_show_specific_survey":0,"_uf_disable_surveys":false,"footnotes":""},"class_list":{"0":"post-469","1":"page","2":"type-page","3":"status-publish","5":"no-featured-image-padding"},"acf":[],"aioseo_notices":[],"uagb_featured_image_src":{"full":false,"thumbnail":false,"medium":false,"medium_large":false,"large":false,"1536x1536":false,"2048x2048":false},"uagb_author_info":{"display_name":false,"author_link":"https:\/\/culturayciencia.org\/litterae\/author\/librerae\/"},"uagb_comment_info":0,"uagb_excerpt":null,"_links":{"self":[{"href":"https:\/\/culturayciencia.org\/litterae\/wp-json\/wp\/v2\/pages\/469","targetHints":{"allow":["GET"]}}],"collection":[{"href":"https:\/\/culturayciencia.org\/litterae\/wp-json\/wp\/v2\/pages"}],"about":[{"href":"https:\/\/culturayciencia.org\/litterae\/wp-json\/wp\/v2\/types\/page"}],"author":[{"embeddable":true,"href":"https:\/\/culturayciencia.org\/litterae\/wp-json\/wp\/v2\/users\/4"}],"replies":[{"embeddable":true,"href":"https:\/\/culturayciencia.org\/litterae\/wp-json\/wp\/v2\/comments?post=469"}],"version-history":[{"count":0,"href":"https:\/\/culturayciencia.org\/litterae\/wp-json\/wp\/v2\/pages\/469\/revisions"}],"wp:attachment":[{"href":"https:\/\/culturayciencia.org\/litterae\/wp-json\/wp\/v2\/media?parent=469"}],"curies":[{"name":"wp","href":"https:\/\/api.w.org\/{rel}","templated":true}]}}