{"id":4690,"date":"2024-05-16T11:51:05","date_gmt":"2024-05-16T09:51:05","guid":{"rendered":"https:\/\/culturayciencia.org\/litterae\/?page_id=4690"},"modified":"2024-05-16T11:51:08","modified_gmt":"2024-05-16T09:51:08","slug":"paulo-cosin-2","status":"publish","type":"page","link":"https:\/\/culturayciencia.org\/litterae\/paulo-cosin-2\/","title":{"rendered":"Paulo Cos\u00edn"},"content":{"rendered":"\n<section class=\"wp-block-uagb-columns uagb-columns__wrap uagb-columns__stack-mobile uagb-columns__valign-top uagb-columns__gap-10 align uagb-block-6d2fc7ed uagb-columns__columns-2 uagb-columns__max_width-theme\"><div class=\"uagb-columns__overlay\"><\/div><div class=\"uagb-columns__inner-wrap uagb-columns__columns-2\">\n<div class=\"wp-block-uagb-column uagb-column__wrap uagb-column__background-color uagb-block-98aac7ba\"><div class=\"uagb-column__overlay\"><\/div><div class=\"wp-block-image is-style-rounded\">\n<figure class=\"aligncenter size-full\"><img loading=\"lazy\" decoding=\"async\" width=\"417\" height=\"417\" src=\"https:\/\/culturayciencia.org\/litterae\/wp-content\/uploads\/2024\/05\/Paulo_Cosin_Litterae_2024.jpg\" alt=\"\" class=\"wp-image-4688\" srcset=\"https:\/\/culturayciencia.org\/litterae\/wp-content\/uploads\/2024\/05\/Paulo_Cosin_Litterae_2024.jpg 417w, https:\/\/culturayciencia.org\/litterae\/wp-content\/uploads\/2024\/05\/Paulo_Cosin_Litterae_2024-300x300.jpg 300w, https:\/\/culturayciencia.org\/litterae\/wp-content\/uploads\/2024\/05\/Paulo_Cosin_Litterae_2024-150x150.jpg 150w\" sizes=\"auto, (max-width: 417px) 100vw, 417px\" \/><\/figure>\n<\/div>\n\n\n<h2 class=\"wp-block-heading has-text-align-center has-medium-font-size\"><strong>Paulo Cos\u00edn<\/strong><\/h2>\n\n\n\n<p class=\"has-text-align-center has-vivid-red-color has-text-color\">Director Editorial.<br>Ediciones Morata<\/p>\n<\/div>\n\n\n\n<div class=\"wp-block-uagb-column uagb-column__wrap uagb-column__background-undefined uagb-block-af01522f\"><div class=\"uagb-column__overlay\"><\/div>\n<p>Director editorial y propietario de Ediciones Morata. Su experiencia profesional en el sector comenz\u00f3 en el grupo SM como responsable de marketing de publicaciones escolares, y posteriormente en Oxford University Press, donde estuvo a cargo de las labores de marketing de Literatura Infantil y Juvenil en asociaci\u00f3n con el Grupo Planeta. Actualmente es vocal y tesorero de la Junta directiva de la Federaci\u00f3n de Gremios de Editores de Espa\u00f1a y de la Asociaci\u00f3n de Editores de Madrid, de la que es vicepresidente, y ha sido coordinador de la Comisi\u00f3n de Peque\u00f1as Editoriales y representante de los editores en la comisi\u00f3n de la Feria del libro de Madrid. Es miembro de la Comisi\u00f3n Organizadora de la feria internacional LIBER.<\/p>\n\n\n\n<p><br>Paulo Cos\u00edn es autor del programa p\u00f3dcast LEER TE DA M\u00c1S, del libro Para qu\u00e9 leer. Fomentar la lectura en j\u00f3venes y adolescentes (Morata, 2022), La emoci\u00f3n de leer. Leer las emociones (Morata, 2023), de varios art\u00edculos en revistas especializadas del sector, imparte talleres de fomento de lectura y es profesor y coordinador de los cursos de Internacionalizaci\u00f3n y Ferias internacionales del programa PARIX de la FGSR.<\/p>\n\n\n\n<p><br><\/p>\n<\/div>\n<\/div><\/section>\n","protected":false},"excerpt":{"rendered":"","protected":false},"author":4,"featured_media":0,"parent":0,"menu_order":0,"comment_status":"closed","ping_status":"closed","template":"","meta":{"_acf_changed":false,"om_disable_all_campaigns":false,"_uag_custom_page_level_css":"","_monsterinsights_skip_tracking":false,"_monsterinsights_sitenote_active":false,"_monsterinsights_sitenote_note":"","_monsterinsights_sitenote_category":0,"_uf_show_specific_survey":0,"_uf_disable_surveys":false,"footnotes":""},"class_list":{"0":"post-4690","1":"page","2":"type-page","3":"status-publish","5":"no-featured-image-padding"},"acf":[],"aioseo_notices":[],"uagb_featured_image_src":{"full":false,"thumbnail":false,"medium":false,"medium_large":false,"large":false,"1536x1536":false,"2048x2048":false},"uagb_author_info":{"display_name":false,"author_link":"https:\/\/culturayciencia.org\/litterae\/author\/librerae\/"},"uagb_comment_info":0,"uagb_excerpt":null,"_links":{"self":[{"href":"https:\/\/culturayciencia.org\/litterae\/wp-json\/wp\/v2\/pages\/4690","targetHints":{"allow":["GET"]}}],"collection":[{"href":"https:\/\/culturayciencia.org\/litterae\/wp-json\/wp\/v2\/pages"}],"about":[{"href":"https:\/\/culturayciencia.org\/litterae\/wp-json\/wp\/v2\/types\/page"}],"author":[{"embeddable":true,"href":"https:\/\/culturayciencia.org\/litterae\/wp-json\/wp\/v2\/users\/4"}],"replies":[{"embeddable":true,"href":"https:\/\/culturayciencia.org\/litterae\/wp-json\/wp\/v2\/comments?post=4690"}],"version-history":[{"count":0,"href":"https:\/\/culturayciencia.org\/litterae\/wp-json\/wp\/v2\/pages\/4690\/revisions"}],"wp:attachment":[{"href":"https:\/\/culturayciencia.org\/litterae\/wp-json\/wp\/v2\/media?parent=4690"}],"curies":[{"name":"wp","href":"https:\/\/api.w.org\/{rel}","templated":true}]}}