{"id":5256,"date":"2025-04-09T18:58:41","date_gmt":"2025-04-09T16:58:41","guid":{"rendered":"https:\/\/culturayciencia.org\/litterae\/?page_id=5256"},"modified":"2026-01-28T17:56:24","modified_gmt":"2026-01-28T16:56:24","slug":"programa-2025","status":"publish","type":"page","link":"https:\/\/culturayciencia.org\/litterae\/programa-2025\/","title":{"rendered":"PROGRAMA 2025"},"content":{"rendered":"\n<div style=\"height:20px\" aria-hidden=\"true\" class=\"wp-block-spacer\"><\/div>\n\n\n\n<section class=\"wp-block-uagb-section uagb-section__wrap uagb-section__background-undefined uagb-block-0396895c\"><div class=\"uagb-section__overlay\"><\/div><div class=\"uagb-section__inner-wrap\">\n<h1 class=\"wp-block-heading has-text-align-center has-vivid-red-color has-text-color\"><strong><strong>PROGRAMA 202<\/strong>5<\/strong><\/h1>\n\n\n\n<div class=\"wp-block-columns is-layout-flex wp-container-core-columns-is-layout-9d6595d7 wp-block-columns-is-layout-flex\">\n<div class=\"wp-block-column is-layout-flow wp-block-column-is-layout-flow\"><\/div>\n<\/div>\n<\/div><\/section>\n\n\n\n<div class=\"wp-block-uagb-buttons uagb-buttons__outer-wrap uagb-btn__default-btn uagb-btn-tablet__default-btn uagb-btn-mobile__default-btn uagb-block-05e41c1e\"><div class=\"uagb-buttons__wrap uagb-buttons-layout-wrap \">\n<div class=\"wp-block-uagb-buttons-child uagb-buttons__outer-wrap uagb-block-93896da4 wp-block-button\"><div class=\"uagb-button__wrapper\"><a class=\"uagb-buttons-repeater wp-block-button__link\" aria-label=\"\" href=\"https:\/\/culturayciencia.org\/litterae\/edicion-2025-videos\/\" rel=\"follow noopener\" target=\"_blank\" role=\"button\"><div class=\"uagb-button__link\">Ver videos de las mesas<\/div><\/a><\/div><\/div>\n<\/div><\/div>\n\n\n\n<div style=\"height:34px\" aria-hidden=\"true\" class=\"wp-block-spacer\"><\/div>\n\n\n\n<div class=\"wp-block-uagb-advanced-heading uagb-block-5b6cf151\"><h2 class=\"uagb-heading-text\"><strong>Viernes 16 de mayo<\/strong><\/h2><div class=\"uagb-separator\"><\/div><\/div>\n\n\n\n<div class=\"wp-block-columns is-layout-flex wp-container-core-columns-is-layout-9d6595d7 wp-block-columns-is-layout-flex\">\n<div class=\"wp-block-column is-layout-flow wp-block-column-is-layout-flow\">\n<div class=\"wp-block-uagb-advanced-heading uagb-block-60c8d9a7\"><h1 class=\"uagb-heading-text\"><strong>11:30 h.<\/strong><\/h1><\/div>\n\n\n\n<h3 class=\"wp-block-heading has-text-align-center has-text-color has-link-color wp-elements-f9732e921c94b453cde11fd6ebda4180\" style=\"color:#cf2e2e\"><strong>Inauguraci\u00f3n<\/strong><\/h3>\n\n\n\n<p><\/p>\n\n\n\n<ul class=\"wp-block-list\">\n<li style=\"font-size:15px\"><strong>Christian G\u00e1lvez<br><\/strong>Escritor<br><\/li>\n\n\n\n<li style=\"font-size:15px\"><strong>Jos\u00e9 Mar\u00eda Cabanes<br><\/strong>Secretario General C\u00e1mara de Comercio<br><\/li>\n\n\n\n<li style=\"font-size:15px\"><strong>Pedro Lozano<\/strong><br>Concejal Cultura Ayuntamiento de Ciudad Real<br><\/li>\n\n\n\n<li style=\"font-size:15px\"><strong>Ascensi\u00f3n Almod\u00f3var Naranjo<\/strong><br>Directora Litterae<br><\/li>\n<\/ul>\n<\/div>\n\n\n\n<div class=\"wp-block-column is-layout-flow wp-block-column-is-layout-flow\">\n<div class=\"wp-block-uagb-advanced-heading uagb-block-1ac0e7dc\"><h1 class=\"uagb-heading-text\"><strong>12:30 h.<\/strong><\/h1><\/div>\n\n\n\n<h3 class=\"wp-block-heading has-text-align-center has-text-color has-link-color wp-elements-7acfea511ab76a912cb5130a8ac236dc\" style=\"color:#cf2e2e\"><strong>Otras verdades sobre la huella ambiental de la industria del libro<\/strong><\/h3>\n\n\n\n<figure class=\"wp-block-image size-full\"><img decoding=\"async\" src=\"https:\/\/culturayciencia.org\/litterae\/wp-content\/uploads\/2025\/05\/Mesa-16-mayo-1230-Y.png\" alt=\"\" class=\"wp-image-5555\"\/><\/figure>\n\n\n\n<p><\/p>\n\n\n\n<ul class=\"wp-block-list\">\n<li style=\"font-size:15px\"><strong>Reyes del Rio Cordov\u00e9s<br><\/strong>Jefa \u00c1rea de Conservaci\u00f3n y Restauraci\u00f3n de Ecosistemas<br>FUNDACI\u00d3N BIODIVERSIDAD<br>Ministerio para la Transici\u00f3n Ecol\u00f3gica y el Reto Demogr\u00e1fico<br><\/li>\n\n\n\n<li style=\"font-size:15px\"><strong>Coral Calero Mu\u00f1oz<br><\/strong>Catedr\u00e1tica de Lenguajes y Sistemas Inform\u00e1ticos<br>Universidad de Castilla la Mancha<br><\/li>\n\n\n\n<li style=\"font-size:15px\"><strong>Silvia Mart\u00ednez Mart\u00ednez<\/strong><br>Responsable de pol\u00edticas, est\u00e1ndares y proyectos.<br>FSC Espa\u00f1a<br><\/li>\n\n\n\n<li style=\"font-size:15px\"><strong>Jos\u00e9 Luis del R\u00edo<\/strong> <strong>Fortich<\/strong><br>Coordinador Comisi\u00f3n Peque\u00f1os Editores<br>Gremio de Editores de Madrid<br><\/li>\n<\/ul>\n<\/div>\n\n\n\n<div class=\"wp-block-column is-layout-flow wp-block-column-is-layout-flow\">\n<div class=\"wp-block-uagb-advanced-heading uagb-block-87270c3b\"><h1 class=\"uagb-heading-text\"><strong>17:00 h.<\/strong><\/h1><\/div>\n\n\n\n<h3 class=\"wp-block-heading has-text-align-center has-text-color has-link-color wp-elements-7684f308e17f507d8c942b04d10ca778\" style=\"color:#cf2e2e\"><strong>IA: amenaza y oportunidad<\/strong><\/h3>\n\n\n\n<figure class=\"wp-block-image size-full\"><img loading=\"lazy\" decoding=\"async\" width=\"2560\" height=\"1441\" src=\"https:\/\/culturayciencia.org\/litterae\/wp-content\/uploads\/2025\/05\/Mesa-16-mayo-1700-AY-scaled.png\" alt=\"\" class=\"wp-image-5556\" srcset=\"https:\/\/culturayciencia.org\/litterae\/wp-content\/uploads\/2025\/05\/Mesa-16-mayo-1700-AY-scaled.png 2560w, https:\/\/culturayciencia.org\/litterae\/wp-content\/uploads\/2025\/05\/Mesa-16-mayo-1700-AY-300x169.png 300w, https:\/\/culturayciencia.org\/litterae\/wp-content\/uploads\/2025\/05\/Mesa-16-mayo-1700-AY-1024x576.png 1024w, https:\/\/culturayciencia.org\/litterae\/wp-content\/uploads\/2025\/05\/Mesa-16-mayo-1700-AY-768x432.png 768w, https:\/\/culturayciencia.org\/litterae\/wp-content\/uploads\/2025\/05\/Mesa-16-mayo-1700-AY-1536x864.png 1536w, https:\/\/culturayciencia.org\/litterae\/wp-content\/uploads\/2025\/05\/Mesa-16-mayo-1700-AY-2048x1152.png 2048w\" sizes=\"auto, (max-width: 2560px) 100vw, 2560px\" \/><\/figure>\n\n\n\n<p><\/p>\n\n\n\n<ul class=\"wp-block-list\">\n<li style=\"font-size:15px\"><strong>Marta S\u00e1nchez-Nieves Fern\u00e1ndez<br><\/strong>Presidenta<br>ACE Traductores<br><\/li>\n\n\n\n<li style=\"font-size:15px\"><strong>Fernando Vald\u00e9s Taboada<\/strong><br>Presidente<br>Uni\u00f3n de Correctores.UNICO<br><\/li>\n\n\n\n<li style=\"font-size:15px\"><strong>Javier Guti\u00e9rrez Vic\u00e9n<\/strong><br>Director General de VEGAP<br><\/li>\n\n\n\n<li style=\"font-size:15px\"><strong>Pavel Sidorenko<\/strong><br>Profesor Titular en la UNIR. <br>Doctor acreditado en Comunicaci\u00f3n y M\u00e1ster en Comunicaci\u00f3n Social.<br><\/li>\n<\/ul>\n<\/div>\n<\/div>\n\n\n\n<div class=\"wp-block-columns is-layout-flex wp-container-core-columns-is-layout-9d6595d7 wp-block-columns-is-layout-flex\">\n<div class=\"wp-block-column is-layout-flow wp-block-column-is-layout-flow\">\n<div class=\"wp-block-uagb-advanced-heading uagb-block-3a324dbc\"><h1 class=\"uagb-heading-text\"><strong>18:00 h.<\/strong><\/h1><\/div>\n\n\n\n<h3 class=\"wp-block-heading has-text-align-center has-text-color has-link-color wp-elements-acdd6c5b32a95f09d75df29c924eb3ab\" style=\"color:#cf2e2e\"><strong>Resiliencia Editorial: Superando las consecuencias de la DANA<\/strong><\/h3>\n\n\n\n<figure class=\"wp-block-image size-large\"><img loading=\"lazy\" decoding=\"async\" width=\"1024\" height=\"576\" src=\"https:\/\/culturayciencia.org\/litterae\/wp-content\/uploads\/2025\/05\/Mesa-16-mayo-1800-Y-1-1024x576.png\" alt=\"\" class=\"wp-image-5562\" srcset=\"https:\/\/culturayciencia.org\/litterae\/wp-content\/uploads\/2025\/05\/Mesa-16-mayo-1800-Y-1-1024x576.png 1024w, https:\/\/culturayciencia.org\/litterae\/wp-content\/uploads\/2025\/05\/Mesa-16-mayo-1800-Y-1-300x169.png 300w, https:\/\/culturayciencia.org\/litterae\/wp-content\/uploads\/2025\/05\/Mesa-16-mayo-1800-Y-1-768x432.png 768w, https:\/\/culturayciencia.org\/litterae\/wp-content\/uploads\/2025\/05\/Mesa-16-mayo-1800-Y-1-1536x864.png 1536w, https:\/\/culturayciencia.org\/litterae\/wp-content\/uploads\/2025\/05\/Mesa-16-mayo-1800-Y-1-2048x1152.png 2048w\" sizes=\"auto, (max-width: 1024px) 100vw, 1024px\" \/><\/figure>\n\n\n\n<p><\/p>\n\n\n\n<ul class=\"wp-block-list\">\n<li style=\"font-size:15px\"><strong>Manolo Gil<\/strong><br>Director Feria del libro de Valencia<br>Director Editorial Vincle<br><\/li>\n\n\n\n<li style=\"font-size:15px\"><strong>\u00c1frica Ram\u00edrez Olmos<\/strong><br>Directora Editorial de Balandra Edicions<br>Presidenta Associaci\u00f3 d\u2019Editorials del Pa\u00eds Valenci\u00e0<br><\/li>\n\n\n\n<li style=\"font-size:15px\"><strong>Guille Spiekerman<\/strong><br>Librera Passarella Store<br><\/li>\n\n\n\n<li style=\"font-size:15px\"><strong>Amelia D\u00edaz Benlliure<\/strong><br>Editora. Escritora<br>Unaria Ediciones<br><\/li>\n<\/ul>\n<\/div>\n\n\n\n<div class=\"wp-block-column is-layout-flow wp-block-column-is-layout-flow\">\n<div class=\"wp-block-uagb-advanced-heading uagb-block-a29b00ed\"><h1 class=\"uagb-heading-text\"><strong>19:00 h.<\/strong><\/h1><\/div>\n\n\n\n<h3 class=\"wp-block-heading has-text-align-center has-text-color has-link-color wp-elements-a07fbc4d6f2cf249172a3d4aec2dd836\" style=\"color:#cf2e2e\"><strong>Encuentro con Christian G\u00e1lvez<\/strong><\/h3>\n\n\n\n<h3 class=\"wp-block-heading has-text-align-center has-contrast-color has-text-color has-link-color wp-elements-6a193729b15838bbe2a7f948dbb601f8\" style=\"font-size:17px\"><strong>En el Gran Sal\u00f3n del Antiguo Casino <\/strong><\/h3>\n<\/div>\n\n\n\n<div class=\"wp-block-column is-layout-flow wp-block-column-is-layout-flow\">\n<div class=\"wp-block-uagb-advanced-heading uagb-block-d18e08b2\"><h1 class=\"uagb-heading-text\"><strong>19:30 h.<\/strong><\/h1><\/div>\n\n\n\n<h3 class=\"wp-block-heading has-text-align-center has-text-color has-link-color wp-elements-d117f51454b7af9a6e024a4378c9b46a\" style=\"color:#cf2e2e\"><strong>Networking<\/strong><\/h3>\n\n\n\n<div class=\"wp-block-buttons is-content-justification-center is-layout-flex wp-container-core-buttons-is-layout-16018d1d wp-block-buttons-is-layout-flex\">\n<div class=\"wp-block-button\"><a class=\"wp-block-button__link has-background wp-element-button\" href=\"https:\/\/culturayciencia.org\/litterae\/networking\/\" style=\"border-radius:25px;background-color:#cf2e2e\">M\u00e1s informaci\u00f3n<\/a><\/div>\n<\/div>\n\n\n\n<p style=\"font-size:15px\"><\/p>\n<\/div>\n<\/div>\n\n\n\n<div style=\"height:15px\" aria-hidden=\"true\" class=\"wp-block-spacer\"><\/div>\n\n\n\n<div class=\"wp-block-uagb-advanced-heading uagb-block-5115946a\"><h2 class=\"uagb-heading-text\"><strong>S\u00e1bado 17 de mayo<\/strong><\/h2><div class=\"uagb-separator\"><\/div><\/div>\n\n\n\n<div class=\"wp-block-columns is-layout-flex wp-container-core-columns-is-layout-9d6595d7 wp-block-columns-is-layout-flex\">\n<div class=\"wp-block-column is-layout-flow wp-block-column-is-layout-flow\">\n<div class=\"wp-block-uagb-advanced-heading uagb-block-a1cec2a7\"><h1 class=\"uagb-heading-text\"><strong>10:30 h.<\/strong><\/h1><\/div>\n\n\n\n<h3 class=\"wp-block-heading has-text-align-center has-text-color has-link-color wp-elements-9597f76ff9298bde7f2768a17de86864\" style=\"color:#cf2e2e\"><strong>Letras espa\u00f1olas: c\u00f3mo<br> enamorar al mundo<\/strong><\/h3>\n\n\n\n<figure class=\"wp-block-image size-full\"><img decoding=\"async\" src=\"https:\/\/culturayciencia.org\/litterae\/wp-content\/uploads\/2025\/05\/Mesa-17-mayo-1030-Y-1.png\" alt=\"\" class=\"wp-image-5564\"\/><\/figure>\n\n\n\n<p><\/p>\n\n\n\n<ul class=\"wp-block-list\">\n<li style=\"font-size:15px\"><strong>Gisele Corr\u00eaa Ferreira<br><\/strong>Directora y promotora cultural<br>Festival Literario Internacional Po\u00e7os de Caldas \u2013 Flipo\u00e7os (Brasil)<br><\/li>\n\n\n\n<li style=\"font-size:15px\"><strong>Pedro David Vieira de Moura<\/strong><br>Comisario exposiciones c\u00f3mic<br>Docente<br>Portugal<br><\/li>\n\n\n\n<li style=\"font-size:15px\"><strong>Gayna Theophilus<\/strong><br>Editora. Directora de Ventas y Derechos<br>Annick Press&nbsp;(Canad\u00e1)<br><\/li>\n\n\n\n<li style=\"font-size:15px\"><strong>Arturo Tendero<br><\/strong>Escritor. Cr\u00edtico literario. Periodista<br><\/li>\n<\/ul>\n<\/div>\n\n\n\n<div class=\"wp-block-column is-layout-flow wp-block-column-is-layout-flow\">\n<div class=\"wp-block-uagb-advanced-heading uagb-block-fcf890dd\"><h1 class=\"uagb-heading-text\"><strong>12:30 h.<\/strong><\/h1><\/div>\n\n\n\n<h3 class=\"wp-block-heading has-text-align-center has-text-color has-link-color wp-elements-dd115e3df0bc22d9562e9329e610c22d\" style=\"color:#cf2e2e\"><strong>Diversidad literaria: <br>voces que unen<\/strong><\/h3>\n\n\n\n<figure class=\"wp-block-image size-large\"><img loading=\"lazy\" decoding=\"async\" width=\"1024\" height=\"576\" src=\"https:\/\/culturayciencia.org\/litterae\/wp-content\/uploads\/2025\/05\/Mesa-17-mayo-1230-Y-1-1024x576.png\" alt=\"\" class=\"wp-image-5565\" srcset=\"https:\/\/culturayciencia.org\/litterae\/wp-content\/uploads\/2025\/05\/Mesa-17-mayo-1230-Y-1-1024x576.png 1024w, https:\/\/culturayciencia.org\/litterae\/wp-content\/uploads\/2025\/05\/Mesa-17-mayo-1230-Y-1-300x169.png 300w, https:\/\/culturayciencia.org\/litterae\/wp-content\/uploads\/2025\/05\/Mesa-17-mayo-1230-Y-1-768x432.png 768w, https:\/\/culturayciencia.org\/litterae\/wp-content\/uploads\/2025\/05\/Mesa-17-mayo-1230-Y-1-1536x864.png 1536w, https:\/\/culturayciencia.org\/litterae\/wp-content\/uploads\/2025\/05\/Mesa-17-mayo-1230-Y-1-2048x1152.png 2048w\" sizes=\"auto, (max-width: 1024px) 100vw, 1024px\" \/><\/figure>\n\n\n\n<ul class=\"wp-block-list\">\n<li style=\"font-size:15px\"><strong><strong>Luc\u00eda Mbomio<\/strong><\/strong><br>Periodista. Escritora<br><\/li>\n\n\n\n<li style=\"font-size:15px\"><strong>Pedro Ramos<\/strong><br>Escritor<br><\/li>\n\n\n\n<li style=\"font-size:15px\"><strong>Isaias Fanlo<\/strong><br>Escritor<br><\/li>\n\n\n\n<li style=\"font-size:15px\"><strong>Antonio Liu Yang<\/strong><br>Escritor, abogado y facilitador intercultural<br><\/li>\n<\/ul>\n<\/div>\n\n\n\n<div class=\"wp-block-column is-layout-flow wp-block-column-is-layout-flow\">\n<div class=\"wp-block-uagb-advanced-heading uagb-block-1fbc3782\"><h1 class=\"uagb-heading-text\"><strong>17:00 h.<\/strong><\/h1><\/div>\n\n\n\n<h3 class=\"wp-block-heading has-text-align-center has-text-color has-link-color wp-elements-8b48b04b0fd2188dbc3e171d91f2d2ce\" style=\"color:#cf2e2e\"><strong>Supervivencia del libro<\/strong><br><strong>en la era digital<\/strong><\/h3>\n\n\n\n<figure class=\"wp-block-image size-large\"><img loading=\"lazy\" decoding=\"async\" width=\"1024\" height=\"576\" src=\"https:\/\/culturayciencia.org\/litterae\/wp-content\/uploads\/2025\/05\/Mesa-17-mayo-1700-Y-1-1024x576.png\" alt=\"\" class=\"wp-image-5566\" srcset=\"https:\/\/culturayciencia.org\/litterae\/wp-content\/uploads\/2025\/05\/Mesa-17-mayo-1700-Y-1-1024x576.png 1024w, https:\/\/culturayciencia.org\/litterae\/wp-content\/uploads\/2025\/05\/Mesa-17-mayo-1700-Y-1-300x169.png 300w, https:\/\/culturayciencia.org\/litterae\/wp-content\/uploads\/2025\/05\/Mesa-17-mayo-1700-Y-1-768x432.png 768w, https:\/\/culturayciencia.org\/litterae\/wp-content\/uploads\/2025\/05\/Mesa-17-mayo-1700-Y-1-1536x864.png 1536w, https:\/\/culturayciencia.org\/litterae\/wp-content\/uploads\/2025\/05\/Mesa-17-mayo-1700-Y-1-2048x1152.png 2048w\" sizes=\"auto, (max-width: 1024px) 100vw, 1024px\" \/><\/figure>\n\n\n\n<ul class=\"wp-block-list\">\n<li style=\"font-size:15px\"><strong>Miguel Iglesias Ia\u00f1ez<\/strong><br>Presidente CEGAL<br><\/li>\n\n\n\n<li style=\"font-size:15px\"><strong>Antonio Castillo Escobar<\/strong><br>Director Gerente Distriforma<strong><br><\/strong><\/li>\n\n\n\n<li style=\"font-size:15px\"><strong>Antonio Mar\u00eda \u00c1vila<\/strong><br>Secretario General<br>Asociaci\u00f3n de las C\u00e1maras del Libro de Espa\u00f1a.<br>Presidente CELESA.<strong><br><\/strong><\/li>\n\n\n\n<li style=\"font-size:15px\"><strong>Ra\u00fal Herrero Herrero<\/strong><br>Escritor, dramaturgo, pintor, editor<br>Libros del innombrable<br><\/li>\n<\/ul>\n<\/div>\n<\/div>\n\n\n\n<div class=\"wp-block-columns is-layout-flex wp-container-core-columns-is-layout-9d6595d7 wp-block-columns-is-layout-flex\">\n<div class=\"wp-block-column is-layout-flow wp-block-column-is-layout-flow\">\n<div class=\"wp-block-uagb-advanced-heading uagb-block-59b113ce\"><h1 class=\"uagb-heading-text\"><strong>18:30 h.<\/strong><\/h1><\/div>\n\n\n\n<h3 class=\"wp-block-heading has-text-align-center has-text-color has-link-color wp-elements-6677de5b3cec670c476ad57fc42aa5ed\" style=\"color:#cf2e2e\"><strong>Taller: Marketing eficaz en la cadena de libro<\/strong><\/h3>\n\n\n\n<p><\/p>\n\n\n\n<ul class=\"wp-block-list\">\n<li style=\"font-size:15px\"><strong>\u00c1ngel Miranda Vicente<br><\/strong>Marketing editorial online<\/li>\n<\/ul>\n\n\n\n<p class=\"gb-text gb-text-ade89bbb\"><a href=\"https:\/\/culturayciencia.org\/litterae\/talleres-2025\/\" title=\"Talleres 2025\">+info<\/a><\/p>\n<\/div>\n\n\n\n<div class=\"wp-block-column is-layout-flow wp-block-column-is-layout-flow\">\n<div class=\"wp-block-uagb-advanced-heading uagb-block-b0bf6e7d\"><h1 class=\"uagb-heading-text\"><strong>18:30 h.<\/strong><\/h1><\/div>\n\n\n\n<h3 class=\"wp-block-heading has-text-align-center has-text-color has-link-color wp-elements-0493b5df01bf1aac0895ee5c2af6854c\" style=\"color:#cf2e2e\"><strong> <\/strong><\/h3>\n\n\n\n<h3 class=\"wp-block-heading has-text-align-center has-text-color has-link-color wp-elements-78e5b23ab025f170a7555545a1ca0692\" style=\"color:#cf2e2e\"><strong><a href=\"aller: C\u00f3mo presentar con \u00e9xito tu manuscrito\">T<\/a>aller: C\u00f3mo presentar <br>con \u00e9xito tu manuscrito<\/strong><\/h3>\n\n\n\n<p><\/p>\n\n\n\n<ul class=\"wp-block-list\">\n<li style=\"font-size:15px\"><strong>Quique Olmos L\u00f3pez<br><\/strong>Director<br>Editorial Sargantana<br><\/li>\n\n\n\n<li style=\"font-size:15px\"><strong>Alicia Gonz\u00e1lez Sterling<\/strong><br>Directora<br>Agencia Literaria Bookbank<\/li>\n<\/ul>\n\n\n\n<p class=\"gb-text gb-text-9e4c4de8\"><a href=\"https:\/\/culturayciencia.org\/litterae\/talleres-2025\/\" title=\"Talleres 2025\">+info <\/a><\/p>\n<\/div>\n\n\n\n<div class=\"wp-block-column is-layout-flow wp-block-column-is-layout-flow\">\n<div class=\"wp-block-uagb-advanced-heading uagb-block-64531b1d\"><h1 class=\"uagb-heading-text\"><strong>18:30 h.<\/strong><\/h1><\/div>\n\n\n\n<h3 class=\"wp-block-heading has-text-align-center has-text-color has-link-color wp-elements-0493b5df01bf1aac0895ee5c2af6854c\" style=\"color:#cf2e2e\"><strong> <\/strong><\/h3>\n\n\n\n<h3 class=\"wp-block-heading has-text-align-center has-text-color has-link-color wp-elements-fd2fd52d4aa9da5d4897160b297d87d7\" style=\"color:#cf2e2e\"><strong>Taller: C\u00f3mo convertir un texto en libro.<\/strong><\/h3>\n\n\n\n<p><\/p>\n\n\n\n<ul class=\"wp-block-list\">\n<li style=\"font-size:15px\"><strong>Silvia Reig<\/strong><br>CEO y fundadora LEVOIR<\/li>\n<\/ul>\n\n\n\n<p class=\"gb-text gb-text-5fdbad45\"><a href=\"https:\/\/culturayciencia.org\/litterae\/talleres-2025\/\" title=\"Talleres 2025\">+info<\/a><\/p>\n<\/div>\n<\/div>\n\n\n\n<p><\/p>\n","protected":false},"excerpt":{"rendered":"","protected":false},"author":4,"featured_media":4741,"parent":0,"menu_order":0,"comment_status":"closed","ping_status":"closed","template":"","meta":{"_acf_changed":false,"om_disable_all_campaigns":false,"_uag_custom_page_level_css":"","_monsterinsights_skip_tracking":false,"_monsterinsights_sitenote_active":false,"_monsterinsights_sitenote_note":"","_monsterinsights_sitenote_category":0,"_uf_show_specific_survey":0,"_uf_disable_surveys":false,"footnotes":""},"class_list":{"0":"post-5256","1":"page","2":"type-page","3":"status-publish","4":"has-post-thumbnail","6":"no-featured-image-padding"},"acf":[],"aioseo_notices":[],"uagb_featured_image_src":{"full":["https:\/\/culturayciencia.org\/litterae\/wp-content\/uploads\/2025\/02\/Litterae_2025_web.jpg",851,315,false],"thumbnail":["https:\/\/culturayciencia.org\/litterae\/wp-content\/uploads\/2025\/02\/Litterae_2025_web-150x150.jpg",150,150,true],"medium":["https:\/\/culturayciencia.org\/litterae\/wp-content\/uploads\/2025\/02\/Litterae_2025_web-300x111.jpg",300,111,true],"medium_large":["https:\/\/culturayciencia.org\/litterae\/wp-content\/uploads\/2025\/02\/Litterae_2025_web-768x284.jpg",768,284,true],"large":["https:\/\/culturayciencia.org\/litterae\/wp-content\/uploads\/2025\/02\/Litterae_2025_web.jpg",851,315,false],"1536x1536":["https:\/\/culturayciencia.org\/litterae\/wp-content\/uploads\/2025\/02\/Litterae_2025_web.jpg",851,315,false],"2048x2048":["https:\/\/culturayciencia.org\/litterae\/wp-content\/uploads\/2025\/02\/Litterae_2025_web.jpg",851,315,false]},"uagb_author_info":{"display_name":false,"author_link":"https:\/\/culturayciencia.org\/litterae\/author\/librerae\/"},"uagb_comment_info":0,"uagb_excerpt":null,"_links":{"self":[{"href":"https:\/\/culturayciencia.org\/litterae\/wp-json\/wp\/v2\/pages\/5256","targetHints":{"allow":["GET"]}}],"collection":[{"href":"https:\/\/culturayciencia.org\/litterae\/wp-json\/wp\/v2\/pages"}],"about":[{"href":"https:\/\/culturayciencia.org\/litterae\/wp-json\/wp\/v2\/types\/page"}],"author":[{"embeddable":true,"href":"https:\/\/culturayciencia.org\/litterae\/wp-json\/wp\/v2\/users\/4"}],"replies":[{"embeddable":true,"href":"https:\/\/culturayciencia.org\/litterae\/wp-json\/wp\/v2\/comments?post=5256"}],"version-history":[{"count":0,"href":"https:\/\/culturayciencia.org\/litterae\/wp-json\/wp\/v2\/pages\/5256\/revisions"}],"wp:featuredmedia":[{"embeddable":true,"href":"https:\/\/culturayciencia.org\/litterae\/wp-json\/wp\/v2\/media\/4741"}],"wp:attachment":[{"href":"https:\/\/culturayciencia.org\/litterae\/wp-json\/wp\/v2\/media?parent=5256"}],"curies":[{"name":"wp","href":"https:\/\/api.w.org\/{rel}","templated":true}]}}