{"id":5271,"date":"2025-04-09T19:59:05","date_gmt":"2025-04-09T17:59:05","guid":{"rendered":"https:\/\/culturayciencia.org\/litterae\/?page_id=5271"},"modified":"2025-05-08T14:46:56","modified_gmt":"2025-05-08T12:46:56","slug":"fechas-importantes-litterae-2025","status":"publish","type":"page","link":"https:\/\/culturayciencia.org\/litterae\/fechas-importantes-litterae-2025\/","title":{"rendered":"Fechas importantes Litterae 2025"},"content":{"rendered":"\n<div style=\"height:30px\" aria-hidden=\"true\" class=\"wp-block-spacer\"><\/div>\n\n\n\n<div class=\"wp-block-uagb-advanced-heading uagb-block-f1f1af45\"><h1 class=\"uagb-heading-text\"><strong>Fechas importantes Litterae 2025<\/strong><\/h1><div class=\"uagb-separator\"><\/div><\/div>\n\n\n\n<div style=\"height:30px\" aria-hidden=\"true\" class=\"wp-block-spacer\"><\/div>\n\n\n\n<p>Anunciamos las fechas clave para la inscripci\u00f3n en <strong>Litterae 2025<\/strong>, que se llevar\u00e1 a cabo los d\u00edas <strong>16 y 17 de mayo<\/strong>. <\/p>\n\n\n\n<p>Este evento, de car\u00e1cter acad\u00e9mico y cultural, es una oportunidad \u00fanica para profundizar en el mundo de las letras. Le invitamos a realizar su inscripci\u00f3n dentro de los plazos establecidos para garantizar su participaci\u00f3n.<\/p>\n\n\n\n<div style=\"height:20px\" aria-hidden=\"true\" class=\"wp-block-spacer\"><\/div>\n\n\n\n<div class=\"wp-block-columns is-layout-flex wp-container-core-columns-is-layout-9d6595d7 wp-block-columns-is-layout-flex\">\n<div class=\"wp-block-column is-layout-flow wp-block-column-is-layout-flow\">\n<h2 class=\"wp-block-heading has-text-align-center has-text-color has-link-color wp-elements-355f46ddd39dd73877951eb051b90e95\" style=\"color:#cf2e2e\"><strong>21 de abril<\/strong><\/h2>\n\n\n\n<div>\n<p>\u00daltimo d\u00eda para solicitar aparecer en el formulario de la actividad de Networking como persona seleccionable.<\/p>\n<\/div>\n<\/div>\n\n\n\n<div class=\"wp-block-column is-layout-flow wp-block-column-is-layout-flow\">\n<h2 class=\"wp-block-heading has-text-align-center has-text-color has-link-color wp-elements-bc440d727b552e58366b86b6989c4f33\" style=\"color:#cf2e2e\"><strong>28 de abril<\/strong><\/h2>\n\n\n\n<div>\n<p>(solo editoriales) Fecha l\u00edmite para solicitar presencia de t\u00edtulos en el stand expositivo.<\/p>\n<\/div>\n<\/div>\n<\/div>\n\n\n\n<div class=\"wp-block-columns is-layout-flex wp-container-core-columns-is-layout-9d6595d7 wp-block-columns-is-layout-flex\">\n<div class=\"wp-block-column is-layout-flow wp-block-column-is-layout-flow\">\n<h2 class=\"wp-block-heading has-text-align-center has-text-color has-link-color wp-elements-382a55b2f0f85f4eebea33ef952be16a\" style=\"color:#cf2e2e\"><strong>30 de abril<\/strong><\/h2>\n\n\n\n<div>\n<p>\u00daltimo d\u00eda para seleccionar personas con las que reunirse en el Networking. Este formulario solo te llegar\u00e1 si previamente te inscribes en la actividad de Networking.<\/p>\n<\/div>\n<\/div>\n\n\n\n<div class=\"wp-block-column is-layout-flow wp-block-column-is-layout-flow\">\n<h2 class=\"wp-block-heading has-text-align-center has-text-color has-link-color wp-elements-5da4f8cc06732f4a78473aae0a9db567\" style=\"color:#cf2e2e\"><strong>5 de mayo<\/strong><\/h2>\n\n\n\n<div>\n<p>Cierre de inscripci\u00f3n para los talleres (plazas limitadas). Puede que el taller se llene antes del d\u00eda 5. Si eso sucede el formulario aparecer\u00e1 inactivo.<\/p>\n<\/div>\n<\/div>\n<\/div>\n\n\n\n<div class=\"wp-block-columns is-layout-flex wp-container-core-columns-is-layout-9d6595d7 wp-block-columns-is-layout-flex\">\n<div class=\"wp-block-column is-layout-flow wp-block-column-is-layout-flow\">\n<h2 class=\"wp-block-heading has-text-align-center has-text-color has-link-color wp-elements-c6557e94a3691e799223f28d37964ebd\" style=\"color:#cf2e2e\"><strong>9 de mayo<\/strong><\/h2>\n\n\n\n<div>\n<p>Fecha l\u00edmite para solicitar que nuestro equipo organice tus comidas y cenas.<\/p>\n<\/div>\n<\/div>\n\n\n\n<div class=\"wp-block-column is-layout-flow wp-block-column-is-layout-flow\">\n<h2 class=\"wp-block-heading has-text-align-center has-text-color has-link-color wp-elements-20d641ee59ad43822e39e7eddb7df586\" style=\"color:#cf2e2e\"><strong>12 de mayo<\/strong><\/h2>\n\n\n\n<div>\n<p>\u00daltimo d\u00eda para realizar el pago de las comidas\/cenas.<\/p>\n<\/div>\n<\/div>\n<\/div>\n\n\n\n<div class=\"wp-block-columns is-layout-flex wp-container-core-columns-is-layout-9d6595d7 wp-block-columns-is-layout-flex\">\n<div class=\"wp-block-column is-layout-flow wp-block-column-is-layout-flow\">\n<h2 class=\"wp-block-heading has-text-align-center has-text-color has-link-color wp-elements-f19f5eedef2268155eb262610d6e9821\" style=\"color:#cf2e2e\"><strong>14 de mayo<\/strong><\/h2>\n\n\n\n<div>\n<p>\u00daltimo d\u00eda para completar la inscripci\u00f3n general, que incluye solo asistencia a las mesas de debate.<\/p>\n<\/div>\n<\/div>\n\n\n\n<div class=\"wp-block-column is-layout-flow wp-block-column-is-layout-flow\">\n<h2 class=\"wp-block-heading has-text-align-center\"><strong> <\/strong><\/h2>\n\n\n\n<div>\n<p><\/p>\n<\/div>\n<\/div>\n<\/div>\n","protected":false},"excerpt":{"rendered":"","protected":false},"author":4,"featured_media":0,"parent":0,"menu_order":0,"comment_status":"closed","ping_status":"closed","template":"","meta":{"_acf_changed":false,"om_disable_all_campaigns":false,"_uag_custom_page_level_css":"","_monsterinsights_skip_tracking":false,"_monsterinsights_sitenote_active":false,"_monsterinsights_sitenote_note":"","_monsterinsights_sitenote_category":0,"_uf_show_specific_survey":0,"_uf_disable_surveys":false,"footnotes":""},"class_list":{"0":"post-5271","1":"page","2":"type-page","3":"status-publish","5":"no-featured-image-padding"},"acf":[],"aioseo_notices":[],"uagb_featured_image_src":{"full":false,"thumbnail":false,"medium":false,"medium_large":false,"large":false,"1536x1536":false,"2048x2048":false},"uagb_author_info":{"display_name":false,"author_link":"https:\/\/culturayciencia.org\/litterae\/author\/librerae\/"},"uagb_comment_info":0,"uagb_excerpt":null,"_links":{"self":[{"href":"https:\/\/culturayciencia.org\/litterae\/wp-json\/wp\/v2\/pages\/5271","targetHints":{"allow":["GET"]}}],"collection":[{"href":"https:\/\/culturayciencia.org\/litterae\/wp-json\/wp\/v2\/pages"}],"about":[{"href":"https:\/\/culturayciencia.org\/litterae\/wp-json\/wp\/v2\/types\/page"}],"author":[{"embeddable":true,"href":"https:\/\/culturayciencia.org\/litterae\/wp-json\/wp\/v2\/users\/4"}],"replies":[{"embeddable":true,"href":"https:\/\/culturayciencia.org\/litterae\/wp-json\/wp\/v2\/comments?post=5271"}],"version-history":[{"count":0,"href":"https:\/\/culturayciencia.org\/litterae\/wp-json\/wp\/v2\/pages\/5271\/revisions"}],"wp:attachment":[{"href":"https:\/\/culturayciencia.org\/litterae\/wp-json\/wp\/v2\/media?parent=5271"}],"curies":[{"name":"wp","href":"https:\/\/api.w.org\/{rel}","templated":true}]}}