{"id":529,"date":"2019-09-05T12:23:53","date_gmt":"2019-09-05T10:23:53","guid":{"rendered":"https:\/\/culturayciencia.org\/litterae\/?page_id=529"},"modified":"2019-09-13T10:29:47","modified_gmt":"2019-09-13T08:29:47","slug":"jesus-rodriguez","status":"publish","type":"page","link":"https:\/\/culturayciencia.org\/litterae\/jesus-rodriguez\/","title":{"rendered":"Jesus Rodr\u00edguez"},"content":{"rendered":"\n<div class=\"wp-block-image\"><figure class=\"alignleft\"><img decoding=\"async\" src=\"https:\/\/culturayciencia.org\/litterae\/wp-content\/uploads\/2019\/09\/Jesus_Rodr\u00edguez_Litterae.jpg\" alt=\"\" class=\"wp-image-363\"\/><\/figure><\/div>\n\n\n\n<h2 class=\"wp-block-heading\" style=\"text-align:center\"><strong> Jesus Rodr\u00edguez Trueba <\/strong><\/h2>\n\n\n\n<p style=\"text-align:center\"><strong><em>Librer\u00eda la buena vida &#8211; Madrid<\/em><\/strong><\/p>\n\n\n\n<p style=\"text-align:justify\">Jesus Rodr\u00edguez Trueba (Madrid, 1968). Codirige Plot Ediciones  y es responsable de la Librer\u00eda La Buena Vida, Premio Librer\u00eda Cultural 2018. Colabora semanalmente en \u2018Solamente una vez\u2019 de RNE. <\/p>\n\n\n\n<div class=\"wp-block-uagb-team uagb-team uagb-team__outer-wrap uagb-team__image-position-above uagb-team__align-center uagb-team__stack-tablet\" id=\"uagb-team-757839be-95cb-4d11-ae99-6d158ee4a02c\"><div class=\"uagb-team__wrap\"><div class=\"uagb-team__content\"><div class=\"uagb-team__title-wrap\"><h4 class=\"uagb-team__title\"><\/h4><span class=\"uagb-team__prefix\"><\/span><\/div><div class=\"uagb-team__desc-wrap\"><p class=\"uagb-team__desc\">Web: <a href=\"http:\/\/www.labuenavida-cafedellibro.es\">www.labuenavida-cafedellibro.es<\/a><\/p><\/div><div class=\"uagb-team__social-icon-wrap\"><ul class=\"uagb-team__social-list\"><li class=\"uagb-team__social-icon\"><a href=\"https:\/\/twitter.com\/LaBuenaVidaLib\" target=\"_self\" title=\"\" rel=\"noopener noreferrer\"><svg xmlns=\"http:\/\/www.w3.org\/2000\/svg\" viewbox=\"0 0 512 512\"><path d=\"M459.37 151.716c.325 4.548.325 9.097.325 13.645 0 138.72-105.583 298.558-298.558 298.558-59.452 0-114.68-17.219-161.137-47.106 8.447.974 16.568 1.299 25.34 1.299 49.055 0 94.213-16.568 130.274-44.832-46.132-.975-84.792-31.188-98.112-72.772 6.498.974 12.995 1.624 19.818 1.624 9.421 0 18.843-1.3 27.614-3.573-48.081-9.747-84.143-51.98-84.143-102.985v-1.299c13.969 7.797 30.214 12.67 47.431 13.319-28.264-18.843-46.781-51.005-46.781-87.391 0-19.492 5.197-37.36 14.294-52.954 51.655 63.675 129.3 105.258 216.365 109.807-1.624-7.797-2.599-15.918-2.599-24.04 0-57.828 46.782-104.934 104.934-104.934 30.213 0 57.502 12.67 76.67 33.137 23.715-4.548 46.456-13.32 66.599-25.34-7.798 24.366-24.366 44.833-46.132 57.827 21.117-2.273 41.584-8.122 60.426-16.243-14.292 20.791-32.161 39.308-52.628 54.253z\"><\/path><\/svg><\/a><\/li><li class=\"uagb-team__social-icon\"><a href=\"https:\/\/www.facebook.com\/labuenavidalibreria\" target=\"_self\" title=\"\" rel=\"noopener noreferrer\"><svg xmlns=\"http:\/\/www.w3.org\/2000\/svg\" viewbox=\"0 0 448 512\"><path d=\"M448 56.7v398.5c0 13.7-11.1 24.7-24.7 24.7H309.1V306.5h58.2l8.7-67.6h-67v-43.2c0-19.6 5.4-32.9 33.5-32.9h35.8v-60.5c-6.2-.8-27.4-2.7-52.2-2.7-51.6 0-87 31.5-87 89.4v49.9h-58.4v67.6h58.4V480H24.7C11.1 480 0 468.9 0 455.3V56.7C0 43.1 11.1 32 24.7 32h398.5c13.7 0 24.8 11.1 24.8 24.7z\"><\/path><\/svg><\/a><\/li><li class=\"uagb-team__social-icon\"><a href=\"https:\/\/www.instagram.com\/labuenavidalib\/\" target=\"_self\" title=\"\" rel=\"noopener noreferrer\"><svg xmlns=\"http:\/\/www.w3.org\/2000\/svg\" viewbox=\"0 0 448 512\"><path d=\"M224.1 141c-63.6 0-114.9 51.3-114.9 114.9s51.3 114.9 114.9 114.9S339 319.5 339 255.9 287.7 141 224.1 141zm0 189.6c-41.1 0-74.7-33.5-74.7-74.7s33.5-74.7 74.7-74.7 74.7 33.5 74.7 74.7-33.6 74.7-74.7 74.7zm146.4-194.3c0 14.9-12 26.8-26.8 26.8-14.9 0-26.8-12-26.8-26.8s12-26.8 26.8-26.8 26.8 12 26.8 26.8zm76.1 27.2c-1.7-35.9-9.9-67.7-36.2-93.9-26.2-26.2-58-34.4-93.9-36.2-37-2.1-147.9-2.1-184.9 0-35.8 1.7-67.6 9.9-93.9 36.1s-34.4 58-36.2 93.9c-2.1 37-2.1 147.9 0 184.9 1.7 35.9 9.9 67.7 36.2 93.9s58 34.4 93.9 36.2c37 2.1 147.9 2.1 184.9 0 35.9-1.7 67.7-9.9 93.9-36.2 26.2-26.2 34.4-58 36.2-93.9 2.1-37 2.1-147.8 0-184.8zM398.8 388c-7.8 19.6-22.9 34.7-42.6 42.6-29.5 11.7-99.5 9-132.1 9s-102.7 2.6-132.1-9c-19.6-7.8-34.7-22.9-42.6-42.6-11.7-29.5-9-99.5-9-132.1s-2.6-102.7 9-132.1c7.8-19.6 22.9-34.7 42.6-42.6 29.5-11.7 99.5-9 132.1-9s102.7-2.6 132.1 9c19.6 7.8 34.7 22.9 42.6 42.6 11.7 29.5 9 99.5 9 132.1s2.7 102.7-9 132.1z\"><\/path><\/svg><\/a><\/li><\/ul><\/div><\/div><\/div><\/div>\n","protected":false},"excerpt":{"rendered":"","protected":false},"author":4,"featured_media":0,"parent":0,"menu_order":0,"comment_status":"closed","ping_status":"closed","template":"","meta":{"_acf_changed":false,"om_disable_all_campaigns":false,"_uag_custom_page_level_css":"","_monsterinsights_skip_tracking":false,"_monsterinsights_sitenote_active":false,"_monsterinsights_sitenote_note":"","_monsterinsights_sitenote_category":0,"_uf_show_specific_survey":0,"_uf_disable_surveys":false,"footnotes":""},"class_list":{"0":"post-529","1":"page","2":"type-page","3":"status-publish","5":"no-featured-image-padding"},"acf":[],"aioseo_notices":[],"uagb_featured_image_src":{"full":false,"thumbnail":false,"medium":false,"medium_large":false,"large":false,"1536x1536":false,"2048x2048":false},"uagb_author_info":{"display_name":false,"author_link":"https:\/\/culturayciencia.org\/litterae\/author\/librerae\/"},"uagb_comment_info":0,"uagb_excerpt":null,"_links":{"self":[{"href":"https:\/\/culturayciencia.org\/litterae\/wp-json\/wp\/v2\/pages\/529","targetHints":{"allow":["GET"]}}],"collection":[{"href":"https:\/\/culturayciencia.org\/litterae\/wp-json\/wp\/v2\/pages"}],"about":[{"href":"https:\/\/culturayciencia.org\/litterae\/wp-json\/wp\/v2\/types\/page"}],"author":[{"embeddable":true,"href":"https:\/\/culturayciencia.org\/litterae\/wp-json\/wp\/v2\/users\/4"}],"replies":[{"embeddable":true,"href":"https:\/\/culturayciencia.org\/litterae\/wp-json\/wp\/v2\/comments?post=529"}],"version-history":[{"count":0,"href":"https:\/\/culturayciencia.org\/litterae\/wp-json\/wp\/v2\/pages\/529\/revisions"}],"wp:attachment":[{"href":"https:\/\/culturayciencia.org\/litterae\/wp-json\/wp\/v2\/media?parent=529"}],"curies":[{"name":"wp","href":"https:\/\/api.w.org\/{rel}","templated":true}]}}