{"id":5311,"date":"2025-04-15T13:38:07","date_gmt":"2025-04-15T11:38:07","guid":{"rendered":"https:\/\/culturayciencia.org\/litterae\/?page_id=5311"},"modified":"2025-05-08T14:16:28","modified_gmt":"2025-05-08T12:16:28","slug":"talleres-2025","status":"publish","type":"page","link":"https:\/\/culturayciencia.org\/litterae\/talleres-2025\/","title":{"rendered":"Talleres 2025"},"content":{"rendered":"\n<div>\n<h1 class=\"gb-text gb-text-cf9d7f8b\"><strong>TALLERES 2025<\/strong><\/h1>\n<\/div>\n\n\n\n<div>\n<div class=\"gb-element-0ea2ad9f\">\n<p class=\"gb-text gb-text-02faf607\"><strong>S\u00e1bado 17 de Mayo 18:30h<\/strong><\/p>\n<\/div>\n\n\n\n<div class=\"color-bg gb-element-31f69e73\">\n<div>\n<p class=\"gb-text gb-text-6f5098eb\">Talleres 2025 &#8211; S\u00e1bado 17 de Mayo 18:30h<\/p>\n\n\n\n<div class=\"gb-element-380c94e9\">\n<h2 class=\"gb-text gb-text-fe9b3d57\"><strong>C\u00f3mo presentar con \u00e9xito tu manuscrito<\/strong><\/h2>\n\n\n\n<a class=\"gb-text-05c4f5fe\" href=\"https:\/\/docs.google.com\/forms\/d\/e\/1FAIpQLSeToG1xcm8pdCvWQECxGhP27-fK5q5zn2kXTrAXVmbVc_99Sg\/viewform\" target=\"_blank\" rel=\"noopener\"><span class=\"gb-shape\"><svg aria-hidden=\"true\" role=\"img\" height=\"1em\" width=\"1em\" viewBox=\"0 0 256 512\" xmlns=\"http:\/\/www.w3.org\/2000\/svg\"><path fill=\"currentColor\" d=\"M224.3 273l-136 136c-9.4 9.4-24.6 9.4-33.9 0l-22.6-22.6c-9.4-9.4-9.4-24.6 0-33.9l96.4-96.4-96.4-96.4c-9.4-9.4-9.4-24.6 0-33.9L54.3 103c9.4-9.4 24.6-9.4 33.9 0l136 136c9.5 9.4 9.5 24.6.1 34z\"><\/path><\/svg><\/span><span class=\"gb-text\">Inscripci\u00f3n<\/span><\/a>\n<\/div>\n\n\n\n<p class=\"gb-text\">En este taller se abordar\u00e1 de forma pr\u00e1ctica c\u00f3mo dar el paso hacia la publicaci\u00f3n de tus obras. A lo largo de la sesi\u00f3n, se analizar\u00e1n las claves para preparar una propuesta editorial s\u00f3lida y atractiva: desde la redacci\u00f3n de una sinopsis eficaz y una carta de presentaci\u00f3n convincente, hasta la elecci\u00f3n del fragmento adecuado para enviar. Queremos ofrecer recomendaciones sobre c\u00f3mo investigar y seleccionar editoriales, analizar los errores m\u00e1s comunes que pueden dificultar la recepci\u00f3n de un manuscrito. El objetivo es proporcionar a los\/as asistentes herramientas concretas para aumentar las posibilidades de captar la atenci\u00f3n de editoriales y agentes literarios.<\/p>\n<\/div>\n\n\n\n<div class=\"gb-element-bc5a102e\">\n<div class=\"gb-query-6c6978d8\"><div class=\"gb-looper-9126739c\">\n<div class=\"gb-loop-item gb-loop-item-a80d6533 post-5254 ponente type-ponente status-publish hentry ano-12 no-featured-image-padding\">\n\n\n<h2 class=\"gb-text gb-text-c05b4d07\"><a href=\"https:\/\/culturayciencia.org\/litterae\/ponente\/alicia-gonzalez-sterling\/\">Alicia Gonz\u00e1lez Sterling<\/a><\/h2>\n\n\n\n\n\n<a class=\"gb-text gb-text-5a4e517e\" href=\"https:\/\/culturayciencia.org\/litterae\/ponente\/alicia-gonzalez-sterling\/\"><strong>+info<\/strong><\/a>\n<\/div>\n\n<div class=\"gb-loop-item gb-loop-item-a80d6533 post-5246 ponente type-ponente status-publish hentry ano-12 ano-13 no-featured-image-padding\">\n\n\n<h2 class=\"gb-text gb-text-c05b4d07\"><a href=\"https:\/\/culturayciencia.org\/litterae\/ponente\/quique-olmos-lopez\/\">Quique Olmos L\u00f3pez<\/a><\/h2>\n\n\n\n\n\n<a class=\"gb-text gb-text-5a4e517e\" href=\"https:\/\/culturayciencia.org\/litterae\/ponente\/quique-olmos-lopez\/\"><strong>+info<\/strong><\/a>\n<\/div>\n<\/div><\/div>\n<\/div>\n<\/div>\n\n\n\n<div class=\"color-bg gb-element-9096b13d\">\n<div>\n<p class=\"gb-text gb-text-3dc117fb\">Talleres 2025 &#8211; S\u00e1bado 17 de Mayo 18:30h<\/p>\n\n\n\n<div class=\"gb-element-5d611ab7\">\n<h2 class=\"gb-text gb-text-dfbe4937\"><strong><strong>Marketing eficaz en la cadena de libro<\/strong><\/strong><\/h2>\n\n\n\n<a class=\"gb-text-e6ad4851\" target=\"_blank\" rel=\"noopener\" href=\"https:\/\/forms.gle\/m2G9ADT7LT4LeUgY8\"><span class=\"gb-shape\"><svg aria-hidden=\"true\" role=\"img\" height=\"1em\" width=\"1em\" viewBox=\"0 0 256 512\" xmlns=\"http:\/\/www.w3.org\/2000\/svg\"><path fill=\"currentColor\" d=\"M224.3 273l-136 136c-9.4 9.4-24.6 9.4-33.9 0l-22.6-22.6c-9.4-9.4-9.4-24.6 0-33.9l96.4-96.4-96.4-96.4c-9.4-9.4-9.4-24.6 0-33.9L54.3 103c9.4-9.4 24.6-9.4 33.9 0l136 136c9.5 9.4 9.5 24.6.1 34z\"><\/path><\/svg><\/span><span class=\"gb-text\">Inscripci\u00f3n<\/span><\/a>\n<\/div>\n\n\n\n<p class=\"gb-text\">Este taller est\u00e1 pensado para explorar herramientas y estrategias de marketing que funcionen realmente dentro del sector editorial, teniendo en cuenta sus particularidades: tiempos largos, p\u00fablicos diversos, presupuestos ajustados.<\/p>\n\n\n\n<p class=\"gb-text gb-text-c9550bf5\">Veremos:<\/p>\n\n\n\n<ul class=\"wp-block-list\">\n<li>Casos reales y consejos pr\u00e1cticos<\/li>\n\n\n\n<li>C\u00f3mo pensar el marketing desde la identidad editorial<\/li>\n\n\n\n<li>Claves para dise\u00f1ar campa\u00f1as que lleguen a lectores y librer\u00edas<\/li>\n\n\n\n<li>Errores frecuentes y c\u00f3mo evitarlos<\/li>\n<\/ul>\n<\/div>\n\n\n\n<div>\n<div><div class=\"gb-looper-2bbb8e2e\">\n<div class=\"gb-loop-item gb-loop-item-cc1a4c46 post-5251 ponente type-ponente status-publish hentry ano-12 no-featured-image-padding\">\n\n\n<h2 class=\"gb-text gb-text-11065adf\"><a href=\"https:\/\/culturayciencia.org\/litterae\/ponente\/angel-miranda-vicente\/\">\u00c1ngel Miranda Vicente<\/a><\/h2>\n\n\n\n\n\n<a class=\"gb-text gb-text-5e930df7\" href=\"https:\/\/culturayciencia.org\/litterae\/ponente\/angel-miranda-vicente\/\"><strong>+info<\/strong><\/a>\n<\/div>\n<\/div><\/div>\n<\/div>\n<\/div>\n\n\n\n<div class=\"color-bg gb-element-e6af3129\">\n<div>\n<p class=\"gb-text gb-text-6a4b1310\">Talleres 2025 &#8211; S\u00e1bado 17 de Mayo 18:30h<\/p>\n\n\n\n<div class=\"gb-element-c6652e68\">\n<h2 class=\"gb-text gb-text-2dcd7e37\"><strong>C\u00f3mo convertir un texto en libro<\/strong><\/h2>\n\n\n\n<a class=\"gb-text-9ccc1274\" target=\"_blank\" rel=\"noopener\" href=\"https:\/\/docs.google.com\/forms\/d\/e\/1FAIpQLScVxShdw1gOUCMNbfHJeBP1P9PQ7qb_Gi0bGEv0-BQdPtItZA\/closedform\"><span class=\"gb-shape\"><svg aria-hidden=\"true\" role=\"img\" height=\"1em\" width=\"1em\" viewBox=\"0 0 256 512\" xmlns=\"http:\/\/www.w3.org\/2000\/svg\"><path fill=\"currentColor\" d=\"M224.3 273l-136 136c-9.4 9.4-24.6 9.4-33.9 0l-22.6-22.6c-9.4-9.4-9.4-24.6 0-33.9l96.4-96.4-96.4-96.4c-9.4-9.4-9.4-24.6 0-33.9L54.3 103c9.4-9.4 24.6-9.4 33.9 0l136 136c9.5 9.4 9.5 24.6.1 34z\"><\/path><\/svg><\/span><span class=\"gb-text\">Inscripci\u00f3n<\/span><\/a>\n<\/div>\n\n\n\n<p class=\"gb-text\">Este taller est\u00e1 pensado para quienes trabajan con manuscritos y quieren entender el recorrido completo que convierte un texto en un libro listo para llegar a librer\u00edas.<\/p>\n\n\n\n<p class=\"gb-text gb-text-d741f545\">Veremos:<\/p>\n\n\n\n<ul class=\"wp-block-list\">\n<li>Las distintas fases del proceso editorial: correcci\u00f3n, edici\u00f3n, maquetaci\u00f3n, cubierta\u2026<\/li>\n\n\n\n<li>C\u00f3mo trabajar con equipos t\u00e9cnicos y creativos (correctores, dise\u00f1adores, editores)<\/li>\n\n\n\n<li>Qu\u00e9 decisiones hacen que un libro funcione\u2026 o se quede a medias<\/li>\n\n\n\n<li>Consejos pr\u00e1cticos para editoriales, autoras\/es y profesionales de la cadena del libro<\/li>\n<\/ul>\n<\/div>\n\n\n\n<div>\n<div><div class=\"gb-looper-9e4d98ca\">\n<div class=\"gb-loop-item gb-loop-item-b644f8d1 post-5409 ponente type-ponente status-publish hentry ano-12 no-featured-image-padding\">\n\n\n<h2 class=\"gb-text gb-text-8d5d7220\"><a href=\"https:\/\/culturayciencia.org\/litterae\/ponente\/silvia-reig\/\">Silvia Reig<\/a><\/h2>\n\n\n\n\n\n<a class=\"gb-text gb-text-68acd64e\" href=\"https:\/\/culturayciencia.org\/litterae\/ponente\/silvia-reig\/\"><strong>+info<\/strong><\/a>\n<\/div>\n<\/div><\/div>\n<\/div>\n<\/div>\n<\/div>\n","protected":false},"excerpt":{"rendered":"","protected":false},"author":5,"featured_media":0,"parent":0,"menu_order":0,"comment_status":"closed","ping_status":"closed","template":"","meta":{"_acf_changed":false,"om_disable_all_campaigns":false,"_uag_custom_page_level_css":"","_monsterinsights_skip_tracking":false,"_monsterinsights_sitenote_active":false,"_monsterinsights_sitenote_note":"","_monsterinsights_sitenote_category":0,"_uf_show_specific_survey":0,"_uf_disable_surveys":false,"footnotes":""},"class_list":{"0":"post-5311","1":"page","2":"type-page","3":"status-publish","5":"no-featured-image-padding"},"acf":[],"aioseo_notices":[],"uagb_featured_image_src":{"full":false,"thumbnail":false,"medium":false,"medium_large":false,"large":false,"1536x1536":false,"2048x2048":false},"uagb_author_info":{"display_name":false,"author_link":"https:\/\/culturayciencia.org\/litterae\/author\/mmr1703\/"},"uagb_comment_info":0,"uagb_excerpt":null,"_links":{"self":[{"href":"https:\/\/culturayciencia.org\/litterae\/wp-json\/wp\/v2\/pages\/5311","targetHints":{"allow":["GET"]}}],"collection":[{"href":"https:\/\/culturayciencia.org\/litterae\/wp-json\/wp\/v2\/pages"}],"about":[{"href":"https:\/\/culturayciencia.org\/litterae\/wp-json\/wp\/v2\/types\/page"}],"author":[{"embeddable":true,"href":"https:\/\/culturayciencia.org\/litterae\/wp-json\/wp\/v2\/users\/5"}],"replies":[{"embeddable":true,"href":"https:\/\/culturayciencia.org\/litterae\/wp-json\/wp\/v2\/comments?post=5311"}],"version-history":[{"count":0,"href":"https:\/\/culturayciencia.org\/litterae\/wp-json\/wp\/v2\/pages\/5311\/revisions"}],"wp:attachment":[{"href":"https:\/\/culturayciencia.org\/litterae\/wp-json\/wp\/v2\/media?parent=5311"}],"curies":[{"name":"wp","href":"https:\/\/api.w.org\/{rel}","templated":true}]}}