{"id":537,"date":"2019-09-05T12:36:19","date_gmt":"2019-09-05T10:36:19","guid":{"rendered":"https:\/\/culturayciencia.org\/litterae\/?page_id=537"},"modified":"2019-09-13T10:37:37","modified_gmt":"2019-09-13T08:37:37","slug":"santiago-arroyo","status":"publish","type":"page","link":"https:\/\/culturayciencia.org\/litterae\/santiago-arroyo\/","title":{"rendered":"Santiago Arroyo"},"content":{"rendered":"\n<div class=\"wp-block-image\"><figure class=\"alignleft\"><img loading=\"lazy\" decoding=\"async\" width=\"400\" height=\"400\" src=\"https:\/\/culturayciencia.org\/litterae\/wp-content\/uploads\/2019\/09\/Santiago_Arroyo_Litterae_19.jpg\" alt=\"\" class=\"wp-image-676\" srcset=\"https:\/\/culturayciencia.org\/litterae\/wp-content\/uploads\/2019\/09\/Santiago_Arroyo_Litterae_19.jpg 400w, https:\/\/culturayciencia.org\/litterae\/wp-content\/uploads\/2019\/09\/Santiago_Arroyo_Litterae_19-150x150.jpg 150w, https:\/\/culturayciencia.org\/litterae\/wp-content\/uploads\/2019\/09\/Santiago_Arroyo_Litterae_19-300x300.jpg 300w\" sizes=\"auto, (max-width: 400px) 100vw, 400px\" \/><\/figure><\/div>\n\n\n\n<h2 class=\"wp-block-heading\" style=\"text-align:center\"><strong>Santiago Arroyo Serrano<\/strong><\/h2>\n\n\n\n<p style=\"text-align:center\"><em><strong>Fundaci\u00f3n Iberoamericana de las Industrias Culturales y Creativas (FIBICC)<\/strong><\/em><\/p>\n\n\n\n<p style=\"text-align:justify\">Ha trabajado en el sector cultural planificando, gestionando y dirigiendo proyectos y espacios culturales. Combin\u00e1ndolo con la docencia y la investigaci\u00f3n de Filosof\u00eda, Gesti\u00f3n de Empresas y Cultura. Ha trabajado en Europa y Am\u00e9rica con las principales instituciones p\u00fablicas y privadas del sector. <\/p>\n\n\n\n<p style=\"text-align:justify\">Actualmente es el Coordinador del M\u00e1ster Universitario en Direcci\u00f3n y Gesti\u00f3n de Industrias Culturales y Creativas en la Universidad Europea Miguel de Cervantes.<\/p>\n","protected":false},"excerpt":{"rendered":"","protected":false},"author":4,"featured_media":0,"parent":0,"menu_order":0,"comment_status":"closed","ping_status":"closed","template":"","meta":{"_acf_changed":false,"om_disable_all_campaigns":false,"_uag_custom_page_level_css":"","_monsterinsights_skip_tracking":false,"_monsterinsights_sitenote_active":false,"_monsterinsights_sitenote_note":"","_monsterinsights_sitenote_category":0,"_uf_show_specific_survey":0,"_uf_disable_surveys":false,"footnotes":""},"class_list":{"0":"post-537","1":"page","2":"type-page","3":"status-publish","5":"no-featured-image-padding"},"acf":[],"aioseo_notices":[],"uagb_featured_image_src":{"full":false,"thumbnail":false,"medium":false,"medium_large":false,"large":false,"1536x1536":false,"2048x2048":false},"uagb_author_info":{"display_name":false,"author_link":"https:\/\/culturayciencia.org\/litterae\/author\/librerae\/"},"uagb_comment_info":0,"uagb_excerpt":null,"_links":{"self":[{"href":"https:\/\/culturayciencia.org\/litterae\/wp-json\/wp\/v2\/pages\/537","targetHints":{"allow":["GET"]}}],"collection":[{"href":"https:\/\/culturayciencia.org\/litterae\/wp-json\/wp\/v2\/pages"}],"about":[{"href":"https:\/\/culturayciencia.org\/litterae\/wp-json\/wp\/v2\/types\/page"}],"author":[{"embeddable":true,"href":"https:\/\/culturayciencia.org\/litterae\/wp-json\/wp\/v2\/users\/4"}],"replies":[{"embeddable":true,"href":"https:\/\/culturayciencia.org\/litterae\/wp-json\/wp\/v2\/comments?post=537"}],"version-history":[{"count":0,"href":"https:\/\/culturayciencia.org\/litterae\/wp-json\/wp\/v2\/pages\/537\/revisions"}],"wp:attachment":[{"href":"https:\/\/culturayciencia.org\/litterae\/wp-json\/wp\/v2\/media?parent=537"}],"curies":[{"name":"wp","href":"https:\/\/api.w.org\/{rel}","templated":true}]}}