{"id":5458,"date":"2025-04-25T14:33:29","date_gmt":"2025-04-25T12:33:29","guid":{"rendered":"https:\/\/culturayciencia.org\/litterae\/?page_id=5458"},"modified":"2026-02-09T14:32:22","modified_gmt":"2026-02-09T13:32:22","slug":"micro-abierto-litterae-2025","status":"publish","type":"page","link":"https:\/\/culturayciencia.org\/litterae\/micro-abierto-litterae-2025\/","title":{"rendered":"Micro Abierto Litterae 2025"},"content":{"rendered":"\n<div class=\"gb-element-57115299\">\n<span class=\"gb-shape gb-shape-01d11a32\"><svg fill=\"#000000\" viewBox=\"0 0 24 24\" xmlns=\"http:\/\/www.w3.org\/2000\/svg\"><g id=\"SVGRepo_bgCarrier\" stroke-width=\"0\"><\/g><g id=\"SVGRepo_tracerCarrier\" stroke-linecap=\"round\" stroke-linejoin=\"round\"><\/g><g id=\"SVGRepo_iconCarrier\"><path d=\"M12,15a5.006,5.006,0,0,0,5-5V6A5,5,0,0,0,7,6v4A5.006,5.006,0,0,0,12,15ZM9,6a3,3,0,0,1,6,0v4a3,3,0,0,1-6,0ZM3,10V8A1,1,0,0,1,5,8v2a7,7,0,0,0,14,0V8a1,1,0,0,1,2,0v2a9.011,9.011,0,0,1-8,8.941V21h3a1,1,0,0,1,0,2H8a1,1,0,0,1,0-2h3V18.941A9.011,9.011,0,0,1,3,10Z\"><\/path><\/g><\/svg><\/span>\n\n\n\n<div class=\"gb-element-8a33273c\">\n<h1 class=\"gb-text gb-text-116b8775\"><strong>Micro Abierto Litterae<\/strong><\/h1>\n\n\n\n<p class=\"gb-text gb-text-b2725d0c\"><strong>Damos Voz a tu Historia<\/strong><\/p>\n<\/div>\n<\/div>\n\n\n\n<div>\n<div class=\"gb-element-b9011947\">\n<p class=\"gb-text gb-text-d6c95531\">Durante todo el evento, tres <strong>podcasts literarios<\/strong> estar\u00e1n grabando desde el coraz\u00f3n de Litterae. Un espacio din\u00e1mico y en directo donde libreros\/as, editores\/as, autores\/as, traductores\/as, correctores\/as, bibliotecarios\/as&nbsp; y otros protagonistas del mundo del libro tendr\u00e1n la oportunidad de compartir sus proyectos, ideas y experiencias en breves entrevistas que formar\u00e1n parte de un programa especial.<\/p>\n\n\n\n<p class=\"gb-text gb-text-dd5b586d\">Para participar como entrevistado\/a en esta actividad, es <strong>imprescindible estar inscrito\/a previamente en las jornadas Litterae<\/strong> y <strong>rellenar la solicitud espec\u00edfica de participaci\u00f3n en el espacio \u00abMicro Abierto Litterae\u00bb<\/strong>.<br>La direcci\u00f3n de los podcasts seleccionar\u00e1n a las personas participantes en funci\u00f3n de la disponibilidad de tiempo, la variedad de perfiles y la coincidencia de su proyecto con la l\u00ednea editorial.<\/p>\n\n\n\n<div class=\"wp-block-buttons is-content-justification-center is-layout-flex wp-container-core-buttons-is-layout-16018d1d wp-block-buttons-is-layout-flex\">\n<div class=\"wp-block-button\"><a class=\"wp-block-button__link has-base-3-color has-text-color has-background has-link-color wp-element-button\" href=\"https:\/\/forms.gle\/CBh4ufoDCyMeoRrp9\" style=\"border-radius:100px;background-color:#bf0000\" target=\"_blank\" rel=\"noreferrer noopener\">Formulario de Inscripci\u00f3n<\/a><\/div>\n<\/div>\n<\/div>\n<\/div>\n\n\n\n<h2 class=\"gb-text gb-text-28449e48\"><strong><strong>Podcasts literarios<\/strong><\/strong><\/h2>\n\n\n\n<div class=\"gb-element-9032bc3b\">\n<div class=\"color-bg gb-element-31f69e73\">\n<div>\n<div class=\"gb-element-380c94e9\">\n<h2 class=\"gb-text-fe9b3d57\"><span class=\"gb-shape\"><svg width=\"800px\" height=\"800px\" viewBox=\"0 0 24 24\" fill=\"none\" xmlns=\"http:\/\/www.w3.org\/2000\/svg\">\n\n<g id=\"SVGRepo_bgCarrier\" stroke-width=\"0\"><\/g>\n\n<g id=\"SVGRepo_tracerCarrier\" stroke-linecap=\"round\" stroke-linejoin=\"round\"><\/g>\n\n<g id=\"SVGRepo_iconCarrier\"> <path fill-rule=\"evenodd\" clip-rule=\"evenodd\" d=\"M3 12C3 7.02944 7.02944 3 12 3C16.9706 3 21 7.02944 21 12C21 14.4856 19.9937 16.7342 18.364 18.364C17.9734 18.7545 17.9734 19.3876 18.364 19.7782C18.7545 20.1687 19.3876 20.1687 19.7782 19.7782C21.7677 17.7887 23 15.0373 23 12C23 5.92487 18.0751 1 12 1C5.92487 1 1 5.92487 1 12C1 15.0373 2.23231 17.7887 4.22183 19.7782C4.61235 20.1687 5.24551 20.1687 5.63604 19.7782C6.02656 19.3876 6.02656 18.7545 5.63604 18.364C4.00626 16.7342 3 14.4856 3 12ZM7 12C7 9.23858 9.23858 7 12 7C14.7614 7 17 9.23858 17 12C17 13.381 16.4415 14.6296 15.5355 15.5355C15.145 15.9261 15.145 16.5592 15.5355 16.9497C15.9261 17.3403 16.5592 17.3403 16.9497 16.9497C18.2154 15.6841 19 13.9327 19 12C19 8.13401 15.866 5 12 5C8.13401 5 5 8.13401 5 12C5 13.9327 5.7846 15.6841 7.05025 16.9497C7.44078 17.3403 8.07394 17.3403 8.46447 16.9497C8.85499 16.5592 8.85499 15.9261 8.46447 15.5355C7.55855 14.6296 7 13.381 7 12ZM14.5 12C14.5 13.3807 13.3807 14.5 12 14.5C10.6193 14.5 9.5 13.3807 9.5 12C9.5 10.6193 10.6193 9.5 12 9.5C13.3807 9.5 14.5 10.6193 14.5 12ZM9.67319 17.494C9.57955 16.1455 10.6482 15 12 15C13.3518 15 14.4205 16.1455 14.3268 17.494L14.0049 22.1295C13.9317 23.1829 13.0559 24 12 24C10.9441 24 10.0683 23.1829 9.9951 22.1295L9.67319 17.494Z\" fill=\"#cf2e2e\"><\/path> <\/g>\n\n<\/svg><\/span><span class=\"gb-text\"><strong>Libroteca<\/strong><\/span><\/h2>\n<\/div>\n\n\n\n<div class=\"gb-element-cfa814f9\">\n<p class=\"gb-text\">Libroteca es un podcast sobre las historias y curiosidades relacionadas con librer\u00edas y bibliotecas de cualquier lugar del mundo adem\u00e1s de otros lugares que tengan que ver con los libros y resulten interesantes. El objetivo es difundir el valor de estos lugares como espacios que generan valor a las comunidades de las que forman parte aprovechando tambi\u00e9n para hablar de libros.&nbsp;<\/p>\n\n\n\n<a href=\"http:\/\/www.podcastlibroteca.es\/\" target=\"_blank\" rel=\"noopener nofollow\"><img loading=\"lazy\" decoding=\"async\" width=\"397\" height=\"362\" class=\"gb-media-23a0b080\" src=\"https:\/\/culturayciencia.org\/litterae\/wp-content\/uploads\/2025\/04\/LogoPNG.png\" title=\"LogoPNG\" srcset=\"https:\/\/culturayciencia.org\/litterae\/wp-content\/uploads\/2025\/04\/LogoPNG.png 397w, https:\/\/culturayciencia.org\/litterae\/wp-content\/uploads\/2025\/04\/LogoPNG-300x274.png 300w\" sizes=\"auto, (max-width: 397px) 100vw, 397px\" \/><\/a>\n<\/div>\n<\/div>\n\n\n\n<div class=\"gb-element-bc5a102e\">\n<div class=\"gb-element-6d441581\">\n<img loading=\"lazy\" decoding=\"async\" width=\"694\" height=\"872\" class=\"gb-media-a2b09d0b\" src=\"https:\/\/culturayciencia.org\/litterae\/wp-content\/uploads\/2025\/04\/Foto_LuciaLlano_litterae.webp\" title=\"Foto_LuciaLlano_litterae\" srcset=\"https:\/\/culturayciencia.org\/litterae\/wp-content\/uploads\/2025\/04\/Foto_LuciaLlano_litterae.webp 694w, https:\/\/culturayciencia.org\/litterae\/wp-content\/uploads\/2025\/04\/Foto_LuciaLlano_litterae-239x300.webp 239w\" sizes=\"auto, (max-width: 694px) 100vw, 694px\" \/>\n\n\n\n<h2 class=\"gb-text gb-text-c05b4d07\">Luc\u00eda Llano Mart\u00ednez<\/h2>\n\n\n\n<p class=\"gb-text gb-text-bd153069\">Creadora del podcast Libroteca<\/p>\n\n\n\n<a class=\"gb-text gb-text-5a4e517e\" href=\"http:\/\/www.podcastlibroteca.es\/\" target=\"_blank\" rel=\"noopener nofollow\"><strong>+info<\/strong><\/a>\n<\/div>\n<\/div>\n<\/div>\n<\/div>\n\n\n\n<div>\n<div class=\"color-bg gb-element-8575424c\">\n<div>\n<div class=\"gb-element-5d19ed42\">\n<h2 class=\"gb-text-0bbe5895\"><span class=\"gb-shape\"><svg width=\"800px\" height=\"800px\" viewBox=\"0 0 24 24\" fill=\"none\" xmlns=\"http:\/\/www.w3.org\/2000\/svg\">\n\n<g id=\"SVGRepo_bgCarrier\" stroke-width=\"0\"><\/g>\n\n<g id=\"SVGRepo_tracerCarrier\" stroke-linecap=\"round\" stroke-linejoin=\"round\"><\/g>\n\n<g id=\"SVGRepo_iconCarrier\"> <path fill-rule=\"evenodd\" clip-rule=\"evenodd\" d=\"M3 12C3 7.02944 7.02944 3 12 3C16.9706 3 21 7.02944 21 12C21 14.4856 19.9937 16.7342 18.364 18.364C17.9734 18.7545 17.9734 19.3876 18.364 19.7782C18.7545 20.1687 19.3876 20.1687 19.7782 19.7782C21.7677 17.7887 23 15.0373 23 12C23 5.92487 18.0751 1 12 1C5.92487 1 1 5.92487 1 12C1 15.0373 2.23231 17.7887 4.22183 19.7782C4.61235 20.1687 5.24551 20.1687 5.63604 19.7782C6.02656 19.3876 6.02656 18.7545 5.63604 18.364C4.00626 16.7342 3 14.4856 3 12ZM7 12C7 9.23858 9.23858 7 12 7C14.7614 7 17 9.23858 17 12C17 13.381 16.4415 14.6296 15.5355 15.5355C15.145 15.9261 15.145 16.5592 15.5355 16.9497C15.9261 17.3403 16.5592 17.3403 16.9497 16.9497C18.2154 15.6841 19 13.9327 19 12C19 8.13401 15.866 5 12 5C8.13401 5 5 8.13401 5 12C5 13.9327 5.7846 15.6841 7.05025 16.9497C7.44078 17.3403 8.07394 17.3403 8.46447 16.9497C8.85499 16.5592 8.85499 15.9261 8.46447 15.5355C7.55855 14.6296 7 13.381 7 12ZM14.5 12C14.5 13.3807 13.3807 14.5 12 14.5C10.6193 14.5 9.5 13.3807 9.5 12C9.5 10.6193 10.6193 9.5 12 9.5C13.3807 9.5 14.5 10.6193 14.5 12ZM9.67319 17.494C9.57955 16.1455 10.6482 15 12 15C13.3518 15 14.4205 16.1455 14.3268 17.494L14.0049 22.1295C13.9317 23.1829 13.0559 24 12 24C10.9441 24 10.0683 23.1829 9.9951 22.1295L9.67319 17.494Z\" fill=\"#cf2e2e\"><\/path> <\/g>\n\n<\/svg><\/span><span class=\"gb-text\"><strong><strong>El llavero<\/strong><\/strong><\/span><\/h2>\n<\/div>\n\n\n\n<div class=\"gb-element-3169ef26\">\n<p class=\"gb-text\">Programa cultural dramatizado, que ofrece llaves culturales y noticias del \u00e1mbito cultural en clave sat\u00edrico. Literatura, Radio teatro, cine, series, viajes, arquitectura, patrimonio, gastronom\u00eda, artes, historia todo regado con humor y entrevistas. Se emite en Radio Enlace 107.5 los mi\u00e9rcoles a las 15h cada 15 d\u00edas.<br>ES CONDUCIDO, LOCUTADO, GUIONIZADO, PRODUCIDO Y EDITADO POR EMILIO MESEGUER END\u00c9RIZ Y ARANTXA MESEGUER-OLMO.<\/p>\n\n\n\n<a href=\"https:\/\/www.ivoox.com\/podcast-llavero_sq_f11383368_1.html\" target=\"_blank\" rel=\"noopener nofollow\"><img loading=\"lazy\" decoding=\"async\" width=\"891\" height=\"717\" class=\"gb-media-287a3564\" src=\"https:\/\/culturayciencia.org\/litterae\/wp-content\/uploads\/2025\/04\/LOGO-EL-LLAVERO.jpg\" title=\"LOGO EL LLAVERO\" srcset=\"https:\/\/culturayciencia.org\/litterae\/wp-content\/uploads\/2025\/04\/LOGO-EL-LLAVERO.jpg 891w, https:\/\/culturayciencia.org\/litterae\/wp-content\/uploads\/2025\/04\/LOGO-EL-LLAVERO-300x241.jpg 300w, https:\/\/culturayciencia.org\/litterae\/wp-content\/uploads\/2025\/04\/LOGO-EL-LLAVERO-768x618.jpg 768w\" sizes=\"auto, (max-width: 891px) 100vw, 891px\" \/><\/a>\n<\/div>\n<\/div>\n\n\n\n<div class=\"gb-element-fb14ec24\">\n<div class=\"gb-element-836afa46\">\n<img loading=\"lazy\" decoding=\"async\" width=\"939\" height=\"1324\" class=\"gb-media-cffc6e0b\" src=\"https:\/\/culturayciencia.org\/litterae\/wp-content\/uploads\/2025\/04\/FOTO-PROMOCIONAL-EL-LLAVERO-1-LITTERAE.webp\" title=\"FOTO PROMOCIONAL EL LLAVERO 1 LITTERAE\" srcset=\"https:\/\/culturayciencia.org\/litterae\/wp-content\/uploads\/2025\/04\/FOTO-PROMOCIONAL-EL-LLAVERO-1-LITTERAE.webp 939w, https:\/\/culturayciencia.org\/litterae\/wp-content\/uploads\/2025\/04\/FOTO-PROMOCIONAL-EL-LLAVERO-1-LITTERAE-213x300.webp 213w, https:\/\/culturayciencia.org\/litterae\/wp-content\/uploads\/2025\/04\/FOTO-PROMOCIONAL-EL-LLAVERO-1-LITTERAE-726x1024.webp 726w, https:\/\/culturayciencia.org\/litterae\/wp-content\/uploads\/2025\/04\/FOTO-PROMOCIONAL-EL-LLAVERO-1-LITTERAE-768x1083.webp 768w\" sizes=\"auto, (max-width: 939px) 100vw, 939px\" \/>\n\n\n\n<h2 class=\"gb-text gb-text-4827cf97\">Arantxa Meseguer-Olmo<\/h2>\n\n\n\n<p class=\"gb-text gb-text-4858e8a7\">Creadora del podcast El llavero<\/p>\n\n\n\n<a class=\"gb-text gb-text-77dd04b1\" href=\"https:\/\/www.ivoox.com\/podcast-llavero_sq_f11383368_1.html\" target=\"_blank\" rel=\"noopener nofollow\"><strong>+info<\/strong><\/a>\n<\/div>\n\n\n\n<div class=\"gb-element-106507b5\">\n<img loading=\"lazy\" decoding=\"async\" width=\"858\" height=\"1395\" class=\"gb-media-0e437204\" src=\"https:\/\/culturayciencia.org\/litterae\/wp-content\/uploads\/2025\/04\/FOTO-PROMOCIONAL-EL-LLAVERO-2-LITTERAE.webp\" title=\"FOTO PROMOCIONAL EL LLAVERO 2 LITTERAE\" srcset=\"https:\/\/culturayciencia.org\/litterae\/wp-content\/uploads\/2025\/04\/FOTO-PROMOCIONAL-EL-LLAVERO-2-LITTERAE.webp 858w, https:\/\/culturayciencia.org\/litterae\/wp-content\/uploads\/2025\/04\/FOTO-PROMOCIONAL-EL-LLAVERO-2-LITTERAE-185x300.webp 185w, https:\/\/culturayciencia.org\/litterae\/wp-content\/uploads\/2025\/04\/FOTO-PROMOCIONAL-EL-LLAVERO-2-LITTERAE-630x1024.webp 630w, https:\/\/culturayciencia.org\/litterae\/wp-content\/uploads\/2025\/04\/FOTO-PROMOCIONAL-EL-LLAVERO-2-LITTERAE-768x1249.webp 768w\" sizes=\"auto, (max-width: 858px) 100vw, 858px\" \/>\n\n\n\n<h2 class=\"gb-text gb-text-ada1f658\"> Emilio Meseguer End\u00e9riz<\/h2>\n\n\n\n<p class=\"gb-text gb-text-2c46eb10\">Creador del podcast El llavero<\/p>\n\n\n\n<a class=\"gb-text gb-text-ac4a5d4c\" href=\"https:\/\/www.ivoox.com\/podcast-llavero_sq_f11383368_1.html\" target=\"_blank\" rel=\"noopener nofollow\"><strong>+info<\/strong><\/a>\n<\/div>\n<\/div>\n<\/div>\n<\/div>\n\n\n\n<div>\n<div class=\"color-bg gb-element-334386f0\">\n<div>\n<div class=\"gb-element-f79d1806\">\n<h2 class=\"gb-text-176c49e4\"><span class=\"gb-shape\"><svg width=\"800px\" height=\"800px\" viewBox=\"0 0 24 24\" fill=\"none\" xmlns=\"http:\/\/www.w3.org\/2000\/svg\">\n\n<g id=\"SVGRepo_bgCarrier\" stroke-width=\"0\"><\/g>\n\n<g id=\"SVGRepo_tracerCarrier\" stroke-linecap=\"round\" stroke-linejoin=\"round\"><\/g>\n\n<g id=\"SVGRepo_iconCarrier\"> <path fill-rule=\"evenodd\" clip-rule=\"evenodd\" d=\"M3 12C3 7.02944 7.02944 3 12 3C16.9706 3 21 7.02944 21 12C21 14.4856 19.9937 16.7342 18.364 18.364C17.9734 18.7545 17.9734 19.3876 18.364 19.7782C18.7545 20.1687 19.3876 20.1687 19.7782 19.7782C21.7677 17.7887 23 15.0373 23 12C23 5.92487 18.0751 1 12 1C5.92487 1 1 5.92487 1 12C1 15.0373 2.23231 17.7887 4.22183 19.7782C4.61235 20.1687 5.24551 20.1687 5.63604 19.7782C6.02656 19.3876 6.02656 18.7545 5.63604 18.364C4.00626 16.7342 3 14.4856 3 12ZM7 12C7 9.23858 9.23858 7 12 7C14.7614 7 17 9.23858 17 12C17 13.381 16.4415 14.6296 15.5355 15.5355C15.145 15.9261 15.145 16.5592 15.5355 16.9497C15.9261 17.3403 16.5592 17.3403 16.9497 16.9497C18.2154 15.6841 19 13.9327 19 12C19 8.13401 15.866 5 12 5C8.13401 5 5 8.13401 5 12C5 13.9327 5.7846 15.6841 7.05025 16.9497C7.44078 17.3403 8.07394 17.3403 8.46447 16.9497C8.85499 16.5592 8.85499 15.9261 8.46447 15.5355C7.55855 14.6296 7 13.381 7 12ZM14.5 12C14.5 13.3807 13.3807 14.5 12 14.5C10.6193 14.5 9.5 13.3807 9.5 12C9.5 10.6193 10.6193 9.5 12 9.5C13.3807 9.5 14.5 10.6193 14.5 12ZM9.67319 17.494C9.57955 16.1455 10.6482 15 12 15C13.3518 15 14.4205 16.1455 14.3268 17.494L14.0049 22.1295C13.9317 23.1829 13.0559 24 12 24C10.9441 24 10.0683 23.1829 9.9951 22.1295L9.67319 17.494Z\" fill=\"#cf2e2e\"><\/path> <\/g>\n\n<\/svg><\/span><span class=\"gb-text\"><strong><strong>Luna Roja<\/strong><\/strong><\/span><\/h2>\n<\/div>\n\n\n\n<div class=\"gb-element-163cff4e\">\n<p class=\"gb-text gb-text-4cff8720\">Luna Roja es un magac\u00edn de divulgaci\u00f3n que comparte con los oyentes, de forma amena y desvergonzada, su pasi\u00f3n por la cultura, en especial la literatura. Todos los viernes, a partir de las 22 horas, se emite en Radio Tentaci\u00f3n (91.4 FM &#8211; Madrid).<\/p>\n\n\n\n<a href=\"https:\/\/lunarojafm.es\/\" target=\"_blank\" rel=\"noopener nofollow\"><img loading=\"lazy\" decoding=\"async\" width=\"800\" height=\"782\" class=\"gb-media-a8f02a5b\" src=\"https:\/\/culturayciencia.org\/litterae\/wp-content\/uploads\/2025\/04\/Logotipo-Luna_Roja_litterae.webp\" title=\"Logotipo-Luna_Roja_litterae\" srcset=\"https:\/\/culturayciencia.org\/litterae\/wp-content\/uploads\/2025\/04\/Logotipo-Luna_Roja_litterae.webp 800w, https:\/\/culturayciencia.org\/litterae\/wp-content\/uploads\/2025\/04\/Logotipo-Luna_Roja_litterae-300x293.webp 300w, https:\/\/culturayciencia.org\/litterae\/wp-content\/uploads\/2025\/04\/Logotipo-Luna_Roja_litterae-768x751.webp 768w\" sizes=\"auto, (max-width: 800px) 100vw, 800px\" \/><\/a>\n<\/div>\n<\/div>\n\n\n\n<div class=\"gb-element-44d9266e\">\n<div class=\"gb-element-2ac397e0\">\n<img loading=\"lazy\" decoding=\"async\" width=\"800\" height=\"989\" class=\"gb-media-414cdb71\" src=\"https:\/\/culturayciencia.org\/litterae\/wp-content\/uploads\/2025\/04\/Foto-Olivia.webp\" title=\"Foto Olivia\" srcset=\"https:\/\/culturayciencia.org\/litterae\/wp-content\/uploads\/2025\/04\/Foto-Olivia.webp 800w, https:\/\/culturayciencia.org\/litterae\/wp-content\/uploads\/2025\/04\/Foto-Olivia-243x300.webp 243w, https:\/\/culturayciencia.org\/litterae\/wp-content\/uploads\/2025\/04\/Foto-Olivia-768x949.webp 768w\" sizes=\"auto, (max-width: 800px) 100vw, 800px\" \/>\n\n\n\n<h2 class=\"gb-text gb-text-d0fafb9e\">Olivia Vicente<\/h2>\n\n\n\n<p class=\"gb-text gb-text-d63bacdc\">Directora y presentadora de Luna Roja<\/p>\n\n\n\n<a class=\"gb-text gb-text-3f367374\" target=\"_blank\" rel=\"noopener nofollow\" href=\"https:\/\/lunarojafm.es\/\"><strong>+info<\/strong><\/a>\n<\/div>\n\n\n\n<div class=\"gb-element-1c45898c\">\n<img loading=\"lazy\" decoding=\"async\" width=\"690\" height=\"578\" class=\"gb-media-3855b774\" src=\"https:\/\/culturayciencia.org\/litterae\/wp-content\/uploads\/2025\/04\/Foto-Gustavo.webp\" title=\"Foto Gustavo\" srcset=\"https:\/\/culturayciencia.org\/litterae\/wp-content\/uploads\/2025\/04\/Foto-Gustavo.webp 690w, https:\/\/culturayciencia.org\/litterae\/wp-content\/uploads\/2025\/04\/Foto-Gustavo-300x251.webp 300w\" sizes=\"auto, (max-width: 690px) 100vw, 690px\" \/>\n\n\n\n<h2 class=\"gb-text gb-text-48bcfe65\"> Gustavo Di Biase<\/h2>\n\n\n\n<p class=\"gb-text gb-text-566f90f7\">Realizador y presentador de Luna Roja<\/p>\n\n\n\n<a class=\"gb-text gb-text-864b5e91\" target=\"_blank\" rel=\"noopener nofollow\" href=\"https:\/\/lunarojafm.es\/\"><strong>+info<\/strong><\/a>\n<\/div>\n<\/div>\n<\/div>\n<\/div>\n\n\n\n<p><\/p>\n","protected":false},"excerpt":{"rendered":"","protected":false},"author":5,"featured_media":0,"parent":0,"menu_order":0,"comment_status":"closed","ping_status":"closed","template":"","meta":{"_acf_changed":false,"om_disable_all_campaigns":false,"_uag_custom_page_level_css":"","_monsterinsights_skip_tracking":false,"_monsterinsights_sitenote_active":false,"_monsterinsights_sitenote_note":"","_monsterinsights_sitenote_category":0,"_uf_show_specific_survey":0,"_uf_disable_surveys":false,"footnotes":""},"class_list":{"0":"post-5458","1":"page","2":"type-page","3":"status-publish","5":"no-featured-image-padding"},"acf":[],"aioseo_notices":[],"uagb_featured_image_src":{"full":false,"thumbnail":false,"medium":false,"medium_large":false,"large":false,"1536x1536":false,"2048x2048":false},"uagb_author_info":{"display_name":false,"author_link":"https:\/\/culturayciencia.org\/litterae\/author\/mmr1703\/"},"uagb_comment_info":0,"uagb_excerpt":null,"_links":{"self":[{"href":"https:\/\/culturayciencia.org\/litterae\/wp-json\/wp\/v2\/pages\/5458","targetHints":{"allow":["GET"]}}],"collection":[{"href":"https:\/\/culturayciencia.org\/litterae\/wp-json\/wp\/v2\/pages"}],"about":[{"href":"https:\/\/culturayciencia.org\/litterae\/wp-json\/wp\/v2\/types\/page"}],"author":[{"embeddable":true,"href":"https:\/\/culturayciencia.org\/litterae\/wp-json\/wp\/v2\/users\/5"}],"replies":[{"embeddable":true,"href":"https:\/\/culturayciencia.org\/litterae\/wp-json\/wp\/v2\/comments?post=5458"}],"version-history":[{"count":0,"href":"https:\/\/culturayciencia.org\/litterae\/wp-json\/wp\/v2\/pages\/5458\/revisions"}],"wp:attachment":[{"href":"https:\/\/culturayciencia.org\/litterae\/wp-json\/wp\/v2\/media?parent=5458"}],"curies":[{"name":"wp","href":"https:\/\/api.w.org\/{rel}","templated":true}]}}