{"id":5651,"date":"2026-01-22T08:24:25","date_gmt":"2026-01-22T07:24:25","guid":{"rendered":"https:\/\/culturayciencia.org\/litterae\/?page_id=5651"},"modified":"2026-03-04T12:13:01","modified_gmt":"2026-03-04T11:13:01","slug":"programa-2026","status":"publish","type":"page","link":"https:\/\/culturayciencia.org\/litterae\/programa-2026\/","title":{"rendered":"PROGRAMA 2026"},"content":{"rendered":"\n<div>\n<h1 class=\"gb-text gb-text-cf30ec9a\"><strong>PROGRAMA 2026<\/strong><\/h1>\n<\/div>\n\n\n\n<div class=\"gb-element-d79608fb\">\n<a class=\"gb-text gb-text-0c98cb8f\" href=\"https:\/\/docs.google.com\/forms\/d\/e\/1FAIpQLSfWl8Q1rFJc6BFbRZ157iX_ZYkInQFdZ7QVP0vS0RK2lwwWRw\/viewform\" target=\"_blank\" rel=\"noopener\">Inscripci\u00f3n<\/a>\n\n\n\n<a class=\"gb-text gb-text-ad3484ab\" href=\"https:\/\/culturayciencia.org\/litterae\/networking\/\" target=\"_blank\" rel=\"noopener\">Networking<\/a>\n\n\n\n<a class=\"gb-text gb-text-958c9081\">Fechas importantes<\/a>\n<\/div>\n\n\n\n<div class=\"gb-element-08dea0c2\">\n<p class=\"gb-text gb-text-268ad8a1\"><strong>Viernes 6 de Marzo<\/strong><\/p>\n\n\n\n<div class=\"gb-element-d58c273c\">\n<div>\n<p class=\"gb-text gb-text-aa50787c\"><strong>11:00h<\/strong><\/p>\n\n\n\n<p class=\"gb-text gb-text-d9e32d35\"><strong>DESAYUNO BIENVENIDA<\/strong><\/p>\n<\/div>\n\n\n\n<div>\n<p class=\"gb-text gb-text-fcdc7152\"><strong>11:30h<\/strong><\/p>\n\n\n\n<p class=\"gb-text gb-text-f3dc1392\"><strong><strong>INAUGURACI\u00d3N<\/strong><\/strong><\/p>\n\n\n\n<figure class=\"wp-block-image size-large\"><img loading=\"lazy\" decoding=\"async\" width=\"1024\" height=\"656\" src=\"https:\/\/culturayciencia.org\/litterae\/wp-content\/uploads\/2026\/03\/Cartel_web_inauguracion_litterae_26-1024x656.webp\" alt=\"\" class=\"wp-image-5927\" srcset=\"https:\/\/culturayciencia.org\/litterae\/wp-content\/uploads\/2026\/03\/Cartel_web_inauguracion_litterae_26-1024x656.webp 1024w, https:\/\/culturayciencia.org\/litterae\/wp-content\/uploads\/2026\/03\/Cartel_web_inauguracion_litterae_26-300x192.webp 300w, https:\/\/culturayciencia.org\/litterae\/wp-content\/uploads\/2026\/03\/Cartel_web_inauguracion_litterae_26-768x492.webp 768w, https:\/\/culturayciencia.org\/litterae\/wp-content\/uploads\/2026\/03\/Cartel_web_inauguracion_litterae_26.webp 1063w\" sizes=\"auto, (max-width: 1024px) 100vw, 1024px\" \/><\/figure>\n\n\n\n<div class=\"gb-element-53d30a42\">\n<ul class=\"wp-block-list\">\n<li style=\"font-size:15px\"><strong><strong>Jos\u00e9 Mar\u00eda Cabanes<\/strong><br><\/strong>Secretario General<br>C\u00e1mara de Comercio de Ciudad Real<br><br><\/li>\n\n\n\n<li style=\"font-size:15px\"><strong><strong>Jes\u00fas Gonz\u00e1lez Gonz\u00e1lez<\/strong><\/strong><br>Subdirector General de Promoci\u00f3n del Libro, la Lectura y las Letras Espa\u00f1olas.<br>DG del libro del c\u00f3mic y la lectura.<br>Ministerio de Cultura.<br><br><\/li>\n\n\n\n<li style=\"font-size:15px\"><strong>Pedro Lozano Crespo<\/strong><br>Concejal de Cultura<br>Ayuntamiento de Ciudad Real<br><br><\/li>\n\n\n\n<li style=\"font-size:15px\"><strong><strong>Ascensi\u00f3n Almod\u00f3var Naranjo<\/strong><\/strong><br>Directora Litterae<br><br><\/li>\n\n\n\n<li style=\"font-size:15px\"><strong>Ana Lena<\/strong><br>Escritora<br><\/li>\n<\/ul>\n<\/div>\n<\/div>\n\n\n\n<div>\n<p class=\"gb-text gb-text-191a3190\"><strong>12:30h<\/strong><\/p>\n\n\n\n<p class=\"gb-text gb-text-b64dbb0e\"><strong><strong>Pol\u00edticas y ayudas p\u00fablicas para un sector en transformaci\u00f3n<\/strong><\/strong><\/p>\n\n\n\n<figure class=\"wp-block-image size-large\"><img loading=\"lazy\" decoding=\"async\" width=\"1024\" height=\"656\" src=\"https:\/\/culturayciencia.org\/litterae\/wp-content\/uploads\/2026\/02\/Cartel_web_politicas_y_ayudas_publicas_litterae_26-1024x656.webp\" alt=\"\" class=\"wp-image-5825\" srcset=\"https:\/\/culturayciencia.org\/litterae\/wp-content\/uploads\/2026\/02\/Cartel_web_politicas_y_ayudas_publicas_litterae_26-1024x656.webp 1024w, https:\/\/culturayciencia.org\/litterae\/wp-content\/uploads\/2026\/02\/Cartel_web_politicas_y_ayudas_publicas_litterae_26-300x192.webp 300w, https:\/\/culturayciencia.org\/litterae\/wp-content\/uploads\/2026\/02\/Cartel_web_politicas_y_ayudas_publicas_litterae_26-768x492.webp 768w, https:\/\/culturayciencia.org\/litterae\/wp-content\/uploads\/2026\/02\/Cartel_web_politicas_y_ayudas_publicas_litterae_26.webp 1063w\" sizes=\"auto, (max-width: 1024px) 100vw, 1024px\" \/><\/figure>\n\n\n\n<div class=\"gb-element-60c5770f\">\n<ul class=\"wp-block-list\">\n<li style=\"font-size:15px\"><strong><a href=\"https:\/\/culturayciencia.org\/litterae\/ponente\/jesus-gonzalez-gonzalez\/\" target=\"_blank\" rel=\"noopener\" title=\"\">Jes\u00fas Gonz\u00e1lez&nbsp;Gonz\u00e1lez<\/a><br><\/strong>Subdirector General de Promoci\u00f3n del Libro, la Lectura y las Letras Espa\u00f1olas.<br>DG del libro del c\u00f3mic y la lectura. <br>Ministerio de Cultura.<br><br><\/li>\n\n\n\n<li style=\"font-size:15px\"><strong>\u00c1ngel Serrano<br><\/strong>Presidente Asociaci\u00f3n de Editoriales de Castilla-La Mancha.<br><br><\/li>\n<\/ul>\n<\/div>\n<\/div>\n\n\n\n<div>\n<p class=\"gb-text gb-text-1a3c74a6\"><strong>17:00h<\/strong><\/p>\n\n\n\n<p class=\"gb-text gb-text-da9d7980\"><strong><strong>La literatura asi\u00e1tica en el mercado editorial espa\u00f1ol<\/strong><\/strong><\/p>\n\n\n\n<figure class=\"wp-block-image size-large\"><img loading=\"lazy\" decoding=\"async\" width=\"1024\" height=\"633\" src=\"https:\/\/culturayciencia.org\/litterae\/wp-content\/uploads\/2026\/02\/Cartel_web_literatura_asiatica_en_espana_litterae_26-1024x633.webp\" alt=\"\" class=\"wp-image-5835\" srcset=\"https:\/\/culturayciencia.org\/litterae\/wp-content\/uploads\/2026\/02\/Cartel_web_literatura_asiatica_en_espana_litterae_26-1024x633.webp 1024w, https:\/\/culturayciencia.org\/litterae\/wp-content\/uploads\/2026\/02\/Cartel_web_literatura_asiatica_en_espana_litterae_26-300x186.webp 300w, https:\/\/culturayciencia.org\/litterae\/wp-content\/uploads\/2026\/02\/Cartel_web_literatura_asiatica_en_espana_litterae_26-768x475.webp 768w, https:\/\/culturayciencia.org\/litterae\/wp-content\/uploads\/2026\/02\/Cartel_web_literatura_asiatica_en_espana_litterae_26.webp 1101w\" sizes=\"auto, (max-width: 1024px) 100vw, 1024px\" \/><\/figure>\n\n\n\n<div class=\"gb-element-f399dc6b\">\n<ul class=\"wp-block-list\">\n<li style=\"font-size:15px\"><strong><a href=\"https:\/\/culturayciencia.org\/litterae\/ponente\/enrique-redel\/\"><\/a><a href=\"https:\/\/culturayciencia.org\/litterae\/ponente\/enrique-diaz-larrea\/\" target=\"_blank\" rel=\"noopener\" title=\"\">Enrique D\u00edaz Larrea<\/a><br><\/strong>Editor y fundador de Amok Ediciones.<br><br><\/li>\n\n\n\n<li style=\"font-size:15px\"><strong><a href=\"https:\/\/culturayciencia.org\/litterae\/ponente\/alejandro-barahona\/\"><\/a><a href=\"https:\/\/culturayciencia.org\/litterae\/ponente\/ana-aranda-vasserot\/\" target=\"_blank\" rel=\"noopener\" title=\"\">Ana Aranda Vasserot<\/a><br><\/strong>Escritora, periodista, sin\u00f3loga y gestora cultural especializada en la cultura de China.<br><br><\/li>\n\n\n\n<li style=\"font-size:15px\"><strong><a href=\"https:\/\/culturayciencia.org\/litterae\/ponente\/quique-olmos-lopez\/\"><\/a><a href=\"https:\/\/culturayciencia.org\/litterae\/ponente\/sookkyeom-kim\/\" target=\"_blank\" rel=\"noopener\" title=\"\">Sookkyeom Kim<\/a><br><\/strong>Gestora cultural Responsable de la promoci\u00f3n de la literatura coreana en el Centro Cultural Coreano en Espa\u00f1a.<br><br><\/li>\n\n\n\n<li style=\"font-size:15px\"><strong><a href=\"https:\/\/culturayciencia.org\/litterae\/ponente\/quique-olmos-lopez\/\"><\/a><a href=\"https:\/\/culturayciencia.org\/litterae\/ponente\/paulo-cosin\/\"><\/a><a href=\"https:\/\/culturayciencia.org\/litterae\/ponente\/antonio-liu-yang\/\" target=\"_blank\" rel=\"noopener\" title=\"\">Antonio Liu Yang<\/a><br><\/strong>Escritor, abogado y facilitador intercultural.<br><\/li>\n<\/ul>\n<\/div>\n<\/div>\n\n\n\n<div>\n<p class=\"gb-text gb-text-03e9c2f0\"><strong>18:00h<\/strong><\/p>\n\n\n\n<p class=\"gb-text gb-text-f5845a32\"><strong><strong>Estrategias de distribuci\u00f3n para el mercado editorial latinoamericano<\/strong><\/strong><\/p>\n\n\n\n<figure class=\"wp-block-image size-large\"><img loading=\"lazy\" decoding=\"async\" width=\"1024\" height=\"656\" src=\"https:\/\/culturayciencia.org\/litterae\/wp-content\/uploads\/2026\/02\/Cartel_web_estrategia_distribucion_latinoamericano_litterae_26-1024x656.webp\" alt=\"\" class=\"wp-image-5828\" srcset=\"https:\/\/culturayciencia.org\/litterae\/wp-content\/uploads\/2026\/02\/Cartel_web_estrategia_distribucion_latinoamericano_litterae_26-1024x656.webp 1024w, https:\/\/culturayciencia.org\/litterae\/wp-content\/uploads\/2026\/02\/Cartel_web_estrategia_distribucion_latinoamericano_litterae_26-300x192.webp 300w, https:\/\/culturayciencia.org\/litterae\/wp-content\/uploads\/2026\/02\/Cartel_web_estrategia_distribucion_latinoamericano_litterae_26-768x492.webp 768w, https:\/\/culturayciencia.org\/litterae\/wp-content\/uploads\/2026\/02\/Cartel_web_estrategia_distribucion_latinoamericano_litterae_26.webp 1063w\" sizes=\"auto, (max-width: 1024px) 100vw, 1024px\" \/><\/figure>\n\n\n\n<div class=\"gb-element-9855c57c\">\n<ul class=\"wp-block-list\">\n<li style=\"font-size:15px\"><strong><a href=\"https:\/\/culturayciencia.org\/litterae\/ponente\/enrique-redel\/\" target=\"_blank\" rel=\"noopener\" title=\"\">Enrique Redel<\/a><br><\/strong>Editor. Editorial Impedimenta.<br><br><\/li>\n\n\n\n<li style=\"font-size:15px\"><strong><a href=\"https:\/\/culturayciencia.org\/litterae\/ponente\/alejandro-barahona\/\" target=\"_blank\" rel=\"noopener\" title=\"\">Alejandro Barahona<\/a><br><\/strong>Director Panoplia de Libros.<br><br><\/li>\n\n\n\n<li style=\"font-size:15px\"><strong><a href=\"https:\/\/culturayciencia.org\/litterae\/ponente\/quique-olmos-lopez\/\" target=\"_blank\" rel=\"noopener\" title=\"\">Quique Olmos L\u00f3pez<\/a><br><\/strong>Cofundador y Editor Grupo Editorial Sargantana.<br><br><\/li>\n\n\n\n<li style=\"font-size:15px\"><strong><a href=\"https:\/\/culturayciencia.org\/litterae\/ponente\/quique-olmos-lopez\/\"><\/a><a href=\"https:\/\/culturayciencia.org\/litterae\/ponente\/paulo-cosin\/\" target=\"_blank\" rel=\"noopener\" title=\"\">Paulo Cos\u00edn<\/a><br><\/strong>Director Editorial Ediciones Morata.<br><\/li>\n<\/ul>\n<\/div>\n<\/div>\n\n\n\n<div>\n<p class=\"gb-text gb-text-80318218\"><strong>19:30h<\/strong><\/p>\n\n\n\n<p class=\"gb-text gb-text-03629346\"><strong><strong><strong>NETWORKING<\/strong><\/strong><\/strong><\/p>\n<\/div>\n<\/div>\n<\/div>\n\n\n\n<div class=\"gb-element-867775f4\">\n<p class=\"gb-text gb-text-26945478\"><strong>S\u00e1bado 7 de Marzo<\/strong><\/p>\n\n\n\n<div class=\"gb-element-7c626e9d\">\n<div>\n<p class=\"gb-text gb-text-37b33dfa\"><strong>10:30h<\/strong><\/p>\n\n\n\n<p class=\"gb-text gb-text-7a790543\"><strong>El Mediterr\u00e1neo como mercado editorial: retos y oportunidades<\/strong><\/p>\n\n\n\n<figure class=\"wp-block-image size-large\"><img loading=\"lazy\" decoding=\"async\" width=\"1024\" height=\"656\" src=\"https:\/\/culturayciencia.org\/litterae\/wp-content\/uploads\/2026\/02\/Cartel_web_mediterraneo_espacio_editorial_litterae_26-1024x656.webp\" alt=\"\" class=\"wp-image-5837\" srcset=\"https:\/\/culturayciencia.org\/litterae\/wp-content\/uploads\/2026\/02\/Cartel_web_mediterraneo_espacio_editorial_litterae_26-1024x656.webp 1024w, https:\/\/culturayciencia.org\/litterae\/wp-content\/uploads\/2026\/02\/Cartel_web_mediterraneo_espacio_editorial_litterae_26-300x192.webp 300w, https:\/\/culturayciencia.org\/litterae\/wp-content\/uploads\/2026\/02\/Cartel_web_mediterraneo_espacio_editorial_litterae_26-768x492.webp 768w, https:\/\/culturayciencia.org\/litterae\/wp-content\/uploads\/2026\/02\/Cartel_web_mediterraneo_espacio_editorial_litterae_26.webp 1063w\" sizes=\"auto, (max-width: 1024px) 100vw, 1024px\" \/><\/figure>\n\n\n\n<div class=\"gb-element-22862b9b\">\n<ul class=\"wp-block-list\">\n<li style=\"font-size:15px\"><strong><a href=\"https:\/\/culturayciencia.org\/litterae\/ponente\/elisabeth-daldoul\/\" target=\"_blank\" rel=\"noopener\" title=\"\">Elisabeth Daldoul<\/a><br><\/strong>Editora y fundadora de Editorial Elyzad (T\u00fanez).<br><br><\/li>\n\n\n\n<li style=\"font-size:15px\"><strong><a href=\"https:\/\/culturayciencia.org\/litterae\/ponente\/miriam-garcia-blasco\/\"><\/a><a href=\"https:\/\/culturayciencia.org\/litterae\/ponente\/stefano-delprete\/\" target=\"_blank\" rel=\"noopener\" title=\"\">Stefano Delprete<\/a><\/strong><br>Editor y Responsable Comercial \u00abadd editore\u00bb (Tur\u00edn).<br><br><\/li>\n\n\n\n<li style=\"font-size:15px\"><a href=\"https:\/\/culturayciencia.org\/litterae\/ponente\/miguel-iglesias\/\" title=\"\"><\/a><strong><a href=\"https:\/\/culturayciencia.org\/litterae\/ponente\/francis-merino-viejo\/\" target=\"_blank\" rel=\"noopener\" title=\"\">Francis Merino Viejo<\/a><br><\/strong>CEO de&nbsp;Int\u00e9rpretes y Traductores del Sur, S.L.<br><br><\/li>\n\n\n\n<li style=\"font-size:15px\"><strong><a href=\"https:\/\/culturayciencia.org\/litterae\/ponente\/quique-olmos-lopez\/\"><\/a><a href=\"https:\/\/culturayciencia.org\/litterae\/ponente\/paulo-cosin\/\"><\/a><a href=\"https:\/\/culturayciencia.org\/litterae\/ponente\/anton-castro\/\"><\/a><a href=\"https:\/\/culturayciencia.org\/litterae\/ponente\/arianna-squilloni\/\" target=\"_blank\" rel=\"noopener\" title=\"\">Arianna Squilloni<\/a><br><\/strong>Editora y fundadora de A buen paso editorial.<br><br><\/li>\n\n\n\n<li style=\"font-size:15px\"><strong><a href=\"https:\/\/culturayciencia.org\/litterae\/ponente\/quique-olmos-lopez\/\"><\/a><a href=\"https:\/\/culturayciencia.org\/litterae\/ponente\/paulo-cosin\/\"><\/a><a href=\"https:\/\/culturayciencia.org\/litterae\/ponente\/anton-castro\/\"><\/a><a href=\"https:\/\/culturayciencia.org\/litterae\/ponente\/arturo-tendero\/\" target=\"_blank\" rel=\"noopener\" title=\"\">Arturo Tendero<\/a><br><\/strong>Periodista, escritor y cr\u00edtico literario.<br><br><\/li>\n<\/ul>\n<\/div>\n<\/div>\n\n\n\n<div>\n<p class=\"gb-text gb-text-bb1c4d3f\"><strong>12:30h<\/strong><\/p>\n\n\n\n<p class=\"gb-text gb-text-b3e98891\"><strong><strong>La importancia de las ferias y los festivales para el sector<\/strong><\/strong><\/p>\n\n\n\n<figure class=\"wp-block-image size-large\"><img loading=\"lazy\" decoding=\"async\" width=\"1024\" height=\"633\" src=\"https:\/\/culturayciencia.org\/litterae\/wp-content\/uploads\/2026\/02\/Cartel_web_importancias_ferias_festivales_litterae_26-1024x633.webp\" alt=\"\" class=\"wp-image-5879\" srcset=\"https:\/\/culturayciencia.org\/litterae\/wp-content\/uploads\/2026\/02\/Cartel_web_importancias_ferias_festivales_litterae_26-1024x633.webp 1024w, https:\/\/culturayciencia.org\/litterae\/wp-content\/uploads\/2026\/02\/Cartel_web_importancias_ferias_festivales_litterae_26-300x186.webp 300w, https:\/\/culturayciencia.org\/litterae\/wp-content\/uploads\/2026\/02\/Cartel_web_importancias_ferias_festivales_litterae_26-768x475.webp 768w, https:\/\/culturayciencia.org\/litterae\/wp-content\/uploads\/2026\/02\/Cartel_web_importancias_ferias_festivales_litterae_26.webp 1101w\" sizes=\"auto, (max-width: 1024px) 100vw, 1024px\" \/><\/figure>\n\n\n\n<div class=\"gb-element-30d7dee2\">\n<ul class=\"wp-block-list\">\n<li style=\"font-size:15px\"><strong><a href=\"https:\/\/culturayciencia.org\/litterae\/ponente\/elisabeth-daldoul\/\" target=\"_blank\" rel=\"noopener\" title=\"\"><\/a><a href=\"https:\/\/culturayciencia.org\/litterae\/ponente\/julio-santos\/\">Julio Santos<\/a><br><\/strong>Editor y escritorXarpa Books<br><br><\/li>\n\n\n\n<li style=\"font-size:15px\"><strong><a href=\"https:\/\/culturayciencia.org\/litterae\/ponente\/miriam-garcia-blasco\/\"><\/a><a href=\"https:\/\/culturayciencia.org\/litterae\/ponente\/stefano-delprete\/\" target=\"_blank\" rel=\"noopener\" title=\"\"><\/a><a href=\"https:\/\/culturayciencia.org\/litterae\/ponente\/juan-pedro-font-de-mora-busutil\/\">Juan Pedro Font de Mora Busutil<\/a><\/strong><br>Presidente del Gremi de Llibrers de Val\u00e8ncia, socio fundador y gerente de la librer\u00eda Railowsky y gestor cultural<br><br><\/li>\n\n\n\n<li style=\"font-size:15px\"><a href=\"https:\/\/culturayciencia.org\/litterae\/ponente\/miguel-iglesias\/\" title=\"\"><\/a><strong><a href=\"https:\/\/culturayciencia.org\/litterae\/ponente\/angel-de-la-calle\/\" target=\"_blank\" rel=\"noopener\" title=\"\">\u00c1ngel de la Calle<\/a><\/strong><br>Novelista gr\u00e1fico, dise\u00f1ador, ilustrador y activista cultural.<br><br><\/li>\n\n\n\n<li style=\"font-size:15px\"><strong><a href=\"https:\/\/culturayciencia.org\/litterae\/ponente\/quique-olmos-lopez\/\"><\/a><a href=\"https:\/\/culturayciencia.org\/litterae\/ponente\/paulo-cosin\/\"><\/a><a href=\"https:\/\/culturayciencia.org\/litterae\/ponente\/anton-castro\/\"><\/a><\/strong><a href=\"https:\/\/culturayciencia.org\/litterae\/ponente\/raul-herrero\/\" target=\"_blank\" rel=\"noopener\" title=\"\"><strong>Ra\u00fal Herrero<\/strong> <strong>Herrero<\/strong><\/a><br>Escritor y editor de Libros del Innombrable<br><br><\/li>\n<\/ul>\n<\/div>\n<\/div>\n\n\n\n<div>\n<p class=\"gb-text gb-text-54b2fde9\"><strong>17:00h<\/strong><\/p>\n\n\n\n<p class=\"gb-text gb-text-8453b8d9\"><strong><strong>La cadena de confianza: la relaci\u00f3n entre autor\/a, editor\/a y librero\/a<\/strong><\/strong><\/p>\n\n\n\n<figure class=\"wp-block-image size-large\"><img loading=\"lazy\" decoding=\"async\" width=\"1024\" height=\"654\" src=\"https:\/\/culturayciencia.org\/litterae\/wp-content\/uploads\/2026\/02\/cartel_web_la_cadena_confianza_litterae_2026-1024x654.webp\" alt=\"\" class=\"wp-image-5831\" srcset=\"https:\/\/culturayciencia.org\/litterae\/wp-content\/uploads\/2026\/02\/cartel_web_la_cadena_confianza_litterae_2026-1024x654.webp 1024w, https:\/\/culturayciencia.org\/litterae\/wp-content\/uploads\/2026\/02\/cartel_web_la_cadena_confianza_litterae_2026-300x191.webp 300w, https:\/\/culturayciencia.org\/litterae\/wp-content\/uploads\/2026\/02\/cartel_web_la_cadena_confianza_litterae_2026-768x490.webp 768w, https:\/\/culturayciencia.org\/litterae\/wp-content\/uploads\/2026\/02\/cartel_web_la_cadena_confianza_litterae_2026.webp 1067w\" sizes=\"auto, (max-width: 1024px) 100vw, 1024px\" \/><\/figure>\n\n\n\n<div class=\"gb-element-8bf65cbe\">\n<ul class=\"wp-block-list\">\n<li style=\"font-size:15px\"><strong><a href=\"https:\/\/culturayciencia.org\/litterae\/ponente\/enrique-redel\/\"><\/a><a href=\"https:\/\/culturayciencia.org\/litterae\/ponente\/javier-perez-campos\/\" target=\"_blank\" rel=\"noopener\" title=\"\">Javier P\u00e9rez Campos<\/a><br><\/strong>Periodista y escritor.<br><br><\/li>\n\n\n\n<li style=\"font-size:15px\"><strong><a href=\"https:\/\/culturayciencia.org\/litterae\/ponente\/miriam-garcia-blasco\/\" target=\"_blank\" rel=\"noopener\" title=\"\">Miriam Garc\u00eda Blasco<\/a><\/strong><br>Editora y fundadora de Libellum Editorial.<br><br><\/li>\n\n\n\n<li style=\"font-size:15px\"><a href=\"https:\/\/culturayciencia.org\/litterae\/ponente\/miguel-iglesias\/\" target=\"_blank\" rel=\"noopener\" title=\"\"><strong>Miguel Iglesias Ia\u00f1ez<\/strong><\/a><strong><br><\/strong>Presidente CEGAL.<br>Fundador Librer\u00eda Letras a la Taza.<br><br><\/li>\n\n\n\n<li style=\"font-size:15px\"><strong><a href=\"https:\/\/culturayciencia.org\/litterae\/ponente\/quique-olmos-lopez\/\"><\/a><a href=\"https:\/\/culturayciencia.org\/litterae\/ponente\/paulo-cosin\/\"><\/a><a href=\"https:\/\/culturayciencia.org\/litterae\/ponente\/anton-castro\/\" target=\"_blank\" rel=\"noopener\" title=\"\">Ant\u00f3n Castro<\/a><br><\/strong>Periodista y escritor.<br><\/li>\n<\/ul>\n<\/div>\n<\/div>\n\n\n\n<div>\n<p class=\"gb-text gb-text-43214f9a\"><strong>18:30h<\/strong><\/p>\n\n\n\n<p class=\"gb-text gb-text-63c56d76\"><strong><strong>Anatom\u00eda de una editorial independiente<\/strong><\/strong><\/p>\n\n\n\n<figure class=\"wp-block-image size-large\"><img loading=\"lazy\" decoding=\"async\" width=\"1024\" height=\"634\" src=\"https:\/\/culturayciencia.org\/litterae\/wp-content\/uploads\/2026\/03\/Cartel_web_anatomia_editorial_litterae_26-1024x634.webp\" alt=\"\" class=\"wp-image-5888\" srcset=\"https:\/\/culturayciencia.org\/litterae\/wp-content\/uploads\/2026\/03\/Cartel_web_anatomia_editorial_litterae_26-1024x634.webp 1024w, https:\/\/culturayciencia.org\/litterae\/wp-content\/uploads\/2026\/03\/Cartel_web_anatomia_editorial_litterae_26-300x186.webp 300w, https:\/\/culturayciencia.org\/litterae\/wp-content\/uploads\/2026\/03\/Cartel_web_anatomia_editorial_litterae_26-768x475.webp 768w, https:\/\/culturayciencia.org\/litterae\/wp-content\/uploads\/2026\/03\/Cartel_web_anatomia_editorial_litterae_26.webp 1100w\" sizes=\"auto, (max-width: 1024px) 100vw, 1024px\" \/><\/figure>\n\n\n\n<div class=\"gb-element-4cb8d608\">\n<ul class=\"wp-block-list\">\n<li style=\"font-size:15px\"><strong><a href=\"https:\/\/culturayciencia.org\/litterae\/ponente\/enrique-redel\/\"><\/a><a href=\"https:\/\/culturayciencia.org\/litterae\/ponente\/amelia-diaz\/\" target=\"_blank\" rel=\"noopener\" title=\"\">Amelia D\u00edaz<\/a><br><\/strong>Editoria Unaria Ediciones.<br><br><\/li>\n\n\n\n<li style=\"font-size:15px\"><strong><a href=\"https:\/\/culturayciencia.org\/litterae\/ponente\/jose-luis-del-rio-fortich\/\" target=\"_blank\" rel=\"noopener\" title=\"\">Jos\u00e9 Luis Del R\u00edo Fortich<\/a><br><\/strong>Editor en Apache Libros, Coordinador de la Comisi\u00f3n de Peque\u00f1as Editoriales de la Asociaci\u00f3n de Editores de Madrid<br><br><\/li>\n\n\n\n<li style=\"font-size:15px\"><strong><a href=\"https:\/\/culturayciencia.org\/litterae\/ponente\/luciana-reis-goncalves\/\" target=\"_blank\" rel=\"noopener\" title=\"\">Luciana Reis Gon\u00e7alves<\/a><\/strong><br>Editora Batidora Ediciones<br><br><\/li>\n\n\n\n<li style=\"font-size:15px\"><strong><a href=\"https:\/\/culturayciencia.org\/litterae\/ponente\/quique-olmos-lopez\/\"><\/a><a href=\"https:\/\/culturayciencia.org\/litterae\/ponente\/paulo-cosin\/\"><\/a><a href=\"https:\/\/culturayciencia.org\/litterae\/ponente\/olga-lujan\/\">Olga Luj\u00e1n<\/a><br><\/strong>Escritora<\/li>\n<\/ul>\n<\/div>\n<\/div>\n<\/div>\n\n\n\n<div class=\"gb-element-0d95229f\"><\/div>\n<\/div>\n\n\n\n<p><\/p>\n","protected":false},"excerpt":{"rendered":"","protected":false},"author":5,"featured_media":0,"parent":0,"menu_order":0,"comment_status":"closed","ping_status":"closed","template":"","meta":{"_acf_changed":false,"om_disable_all_campaigns":false,"_uag_custom_page_level_css":"","_monsterinsights_skip_tracking":false,"_monsterinsights_sitenote_active":false,"_monsterinsights_sitenote_note":"","_monsterinsights_sitenote_category":0,"_uf_show_specific_survey":0,"_uf_disable_surveys":false,"footnotes":""},"class_list":{"0":"post-5651","1":"page","2":"type-page","3":"status-publish","5":"no-featured-image-padding"},"acf":[],"aioseo_notices":[],"uagb_featured_image_src":{"full":false,"thumbnail":false,"medium":false,"medium_large":false,"large":false,"1536x1536":false,"2048x2048":false},"uagb_author_info":{"display_name":false,"author_link":"https:\/\/culturayciencia.org\/litterae\/author\/mmr1703\/"},"uagb_comment_info":0,"uagb_excerpt":null,"_links":{"self":[{"href":"https:\/\/culturayciencia.org\/litterae\/wp-json\/wp\/v2\/pages\/5651","targetHints":{"allow":["GET"]}}],"collection":[{"href":"https:\/\/culturayciencia.org\/litterae\/wp-json\/wp\/v2\/pages"}],"about":[{"href":"https:\/\/culturayciencia.org\/litterae\/wp-json\/wp\/v2\/types\/page"}],"author":[{"embeddable":true,"href":"https:\/\/culturayciencia.org\/litterae\/wp-json\/wp\/v2\/users\/5"}],"replies":[{"embeddable":true,"href":"https:\/\/culturayciencia.org\/litterae\/wp-json\/wp\/v2\/comments?post=5651"}],"version-history":[{"count":0,"href":"https:\/\/culturayciencia.org\/litterae\/wp-json\/wp\/v2\/pages\/5651\/revisions"}],"wp:attachment":[{"href":"https:\/\/culturayciencia.org\/litterae\/wp-json\/wp\/v2\/media?parent=5651"}],"curies":[{"name":"wp","href":"https:\/\/api.w.org\/{rel}","templated":true}]}}