{"id":5662,"date":"2026-01-24T09:30:55","date_gmt":"2026-01-24T08:30:55","guid":{"rendered":"https:\/\/culturayciencia.org\/litterae\/?page_id=5662"},"modified":"2026-02-26T08:52:02","modified_gmt":"2026-02-26T07:52:02","slug":"ponentes-2026","status":"publish","type":"page","link":"https:\/\/culturayciencia.org\/litterae\/ponentes-2026\/","title":{"rendered":"PONENTES 2026"},"content":{"rendered":"\n<div style=\"height:40px\" aria-hidden=\"true\" class=\"wp-block-spacer\"><\/div>\n\n\n\n<div class=\"wp-block-uagb-advanced-heading uagb-block-ea4ad86a\"><h2 class=\"uagb-heading-text\"><strong>INVITADOS\/AS 2026<\/strong><\/h2><div class=\"uagb-separator\"><\/div><\/div>\n\n\n\n<div class=\"gb-element-27a0feaf\">\n<div class=\"wp-block-columns is-layout-flex wp-container-core-columns-is-layout-9d6595d7 wp-block-columns-is-layout-flex\">\n<div class=\"wp-block-column is-layout-flow wp-block-column-is-layout-flow\">\n<figure class=\"wp-block-image size-full is-style-rounded\"><img loading=\"lazy\" decoding=\"async\" width=\"417\" height=\"417\" src=\"https:\/\/culturayciencia.org\/litterae\/wp-content\/uploads\/2024\/04\/Arturo_Tendero_Litterae_2024.jpg\" alt=\"\" class=\"wp-image-4448\" style=\"aspect-ratio:1;object-fit:cover\" srcset=\"https:\/\/culturayciencia.org\/litterae\/wp-content\/uploads\/2024\/04\/Arturo_Tendero_Litterae_2024.jpg 417w, https:\/\/culturayciencia.org\/litterae\/wp-content\/uploads\/2024\/04\/Arturo_Tendero_Litterae_2024-300x300.jpg 300w, https:\/\/culturayciencia.org\/litterae\/wp-content\/uploads\/2024\/04\/Arturo_Tendero_Litterae_2024-150x150.jpg 150w\" sizes=\"auto, (max-width: 417px) 100vw, 417px\" \/><\/figure>\n\n\n\n<p class=\"has-text-align-center\"><strong>Arturo Tendero<\/strong><\/p>\n\n\n\n<p class=\"has-text-align-center has-vivid-red-color has-text-color has-small-font-size\">Escritor<br>Cr\u00edtico literario<\/p>\n\n\n\n<p class=\"has-text-align-center\" style=\"font-size:15px\"><strong><a href=\"https:\/\/culturayciencia.org\/litterae\/karolina-jaszecka\/\">+<\/a><a href=\"https:\/\/culturayciencia.org\/litterae\/arturo-tendero-2\/\">info<\/a><\/strong><\/p>\n<\/div>\n\n\n\n<div class=\"wp-block-column is-layout-flow wp-block-column-is-layout-flow\">\n<figure class=\"wp-block-image size-full is-style-rounded\"><img loading=\"lazy\" decoding=\"async\" width=\"417\" height=\"417\" src=\"https:\/\/culturayciencia.org\/litterae\/wp-content\/uploads\/2024\/05\/Antonio_Liu_Yang_Litterae_2024.jpg\" alt=\"\" class=\"wp-image-4537\" style=\"aspect-ratio:1;object-fit:cover\" srcset=\"https:\/\/culturayciencia.org\/litterae\/wp-content\/uploads\/2024\/05\/Antonio_Liu_Yang_Litterae_2024.jpg 417w, https:\/\/culturayciencia.org\/litterae\/wp-content\/uploads\/2024\/05\/Antonio_Liu_Yang_Litterae_2024-300x300.jpg 300w, https:\/\/culturayciencia.org\/litterae\/wp-content\/uploads\/2024\/05\/Antonio_Liu_Yang_Litterae_2024-150x150.jpg 150w\" sizes=\"auto, (max-width: 417px) 100vw, 417px\" \/><\/figure>\n\n\n\n<p class=\"has-text-align-center\"><strong><strong><strong>Antonio Liu Yang<\/strong><\/strong><\/strong><\/p>\n\n\n\n<p class=\"has-text-align-center has-vivid-red-color has-text-color has-small-font-size\">Escritor, abogado y facilitador intercultural<\/p>\n\n\n\n<p class=\"has-text-align-center\" style=\"font-size:15px\"><strong><a href=\"https:\/\/culturayciencia.org\/litterae\/karolina-jaszecka\/\">+<\/a><a href=\"https:\/\/culturayciencia.org\/litterae\/antonio-liu-yang-2\/\">info<\/a><\/strong><\/p>\n<\/div>\n\n\n\n<div class=\"wp-block-column is-layout-flow wp-block-column-is-layout-flow\">\n<figure class=\"wp-block-image size-full is-style-rounded\"><img loading=\"lazy\" decoding=\"async\" width=\"417\" height=\"417\" src=\"https:\/\/culturayciencia.org\/litterae\/wp-content\/uploads\/2024\/05\/Raul_Herrero_Litterae_2024.jpg\" alt=\"\" class=\"wp-image-4548\" style=\"aspect-ratio:1;object-fit:cover\" srcset=\"https:\/\/culturayciencia.org\/litterae\/wp-content\/uploads\/2024\/05\/Raul_Herrero_Litterae_2024.jpg 417w, https:\/\/culturayciencia.org\/litterae\/wp-content\/uploads\/2024\/05\/Raul_Herrero_Litterae_2024-300x300.jpg 300w, https:\/\/culturayciencia.org\/litterae\/wp-content\/uploads\/2024\/05\/Raul_Herrero_Litterae_2024-150x150.jpg 150w\" sizes=\"auto, (max-width: 417px) 100vw, 417px\" \/><\/figure>\n\n\n\n<p class=\"has-text-align-center\"><strong><strong><strong><strong><strong>Ra\u00fal Herrero<\/strong><\/strong><\/strong><\/strong><\/strong><\/p>\n\n\n\n<p class=\"has-text-align-center has-vivid-red-color has-text-color has-small-font-size\">Editor<br>Libros del Innombrable<\/p>\n\n\n\n<p class=\"has-text-align-center\" style=\"font-size:15px\"><strong><a href=\"https:\/\/culturayciencia.org\/litterae\/karolina-jaszecka\/\">+<\/a><a href=\"https:\/\/culturayciencia.org\/litterae\/raul-herrero-2\/\">info<\/a><\/strong><\/p>\n<\/div>\n\n\n\n<div class=\"wp-block-column is-layout-flow wp-block-column-is-layout-flow\">\n<figure class=\"wp-block-image size-full is-style-rounded\"><img loading=\"lazy\" decoding=\"async\" width=\"417\" height=\"417\" src=\"https:\/\/culturayciencia.org\/litterae\/wp-content\/uploads\/2024\/05\/Jose_Luis_Delrio_Litterae_2024.jpg\" alt=\"\" class=\"wp-image-4557\" style=\"aspect-ratio:1;object-fit:cover\" srcset=\"https:\/\/culturayciencia.org\/litterae\/wp-content\/uploads\/2024\/05\/Jose_Luis_Delrio_Litterae_2024.jpg 417w, https:\/\/culturayciencia.org\/litterae\/wp-content\/uploads\/2024\/05\/Jose_Luis_Delrio_Litterae_2024-300x300.jpg 300w, https:\/\/culturayciencia.org\/litterae\/wp-content\/uploads\/2024\/05\/Jose_Luis_Delrio_Litterae_2024-150x150.jpg 150w\" sizes=\"auto, (max-width: 417px) 100vw, 417px\" \/><\/figure>\n\n\n\n<p class=\"has-text-align-center\"><strong><strong><strong><strong><strong><strong><strong>Jos\u00e9 Luis Del R\u00edo<\/strong><\/strong><\/strong><\/strong><\/strong><\/strong><\/strong><\/p>\n\n\n\n<p class=\"has-text-align-center has-vivid-red-color has-text-color has-small-font-size\">Fundador<br>Apache Libros<\/p>\n\n\n\n<p class=\"has-text-align-center\" style=\"font-size:15px\"><strong><a href=\"https:\/\/culturayciencia.org\/litterae\/karolina-jaszecka\/\">+<\/a><a href=\"https:\/\/culturayciencia.org\/litterae\/jose-luis-del-rio\/\">info<\/a><\/strong><\/p>\n\n\n\n<p class=\"has-text-align-center has-vivid-red-color has-text-color has-small-font-size\"><\/p>\n<\/div>\n<\/div>\n\n\n\n<div class=\"wp-block-columns is-layout-flex wp-container-core-columns-is-layout-9d6595d7 wp-block-columns-is-layout-flex\">\n<div class=\"wp-block-column is-layout-flow wp-block-column-is-layout-flow\">\n<figure class=\"wp-block-image size-full is-style-rounded\"><img loading=\"lazy\" decoding=\"async\" width=\"575\" height=\"628\" src=\"https:\/\/culturayciencia.org\/litterae\/wp-content\/uploads\/2025\/03\/AMELIA-DIAZ-bn.webp\" alt=\"\" class=\"wp-image-4986\" style=\"aspect-ratio:1;object-fit:cover\" srcset=\"https:\/\/culturayciencia.org\/litterae\/wp-content\/uploads\/2025\/03\/AMELIA-DIAZ-bn.webp 575w, https:\/\/culturayciencia.org\/litterae\/wp-content\/uploads\/2025\/03\/AMELIA-DIAZ-bn-275x300.webp 275w\" sizes=\"auto, (max-width: 575px) 100vw, 575px\" \/><\/figure>\n\n\n\n<p class=\"has-text-align-center\"><strong>Amelia D\u00edaz<\/strong><\/p>\n\n\n\n<p class=\"has-text-align-center has-vivid-red-color has-text-color has-small-font-size\">Escritor<br>Cr\u00edtico literario<\/p>\n\n\n\n<p class=\"has-text-align-center\" style=\"font-size:15px\"><strong><a href=\"https:\/\/culturayciencia.org\/litterae\/amelia-diaz\/\" title=\"Amelia D\u00edaz\">+info<\/a><\/strong><\/p>\n<\/div>\n\n\n\n<div class=\"wp-block-column is-layout-flow wp-block-column-is-layout-flow\">\n<figure class=\"wp-block-image size-full is-style-rounded\"><img loading=\"lazy\" decoding=\"async\" width=\"600\" height=\"675\" src=\"https:\/\/culturayciencia.org\/litterae\/wp-content\/uploads\/2025\/03\/FOTO-MANOLO-GIL-2-bn.webp\" alt=\"\" class=\"wp-image-4987\" style=\"aspect-ratio:1;object-fit:cover\" srcset=\"https:\/\/culturayciencia.org\/litterae\/wp-content\/uploads\/2025\/03\/FOTO-MANOLO-GIL-2-bn.webp 600w, https:\/\/culturayciencia.org\/litterae\/wp-content\/uploads\/2025\/03\/FOTO-MANOLO-GIL-2-bn-267x300.webp 267w\" sizes=\"auto, (max-width: 600px) 100vw, 600px\" \/><\/figure>\n\n\n\n<p class=\"has-text-align-center\"><strong><strong><strong>Manolo Gil<\/strong><\/strong><\/strong><\/p>\n\n\n\n<p class=\"has-text-align-center has-vivid-red-color has-text-color has-small-font-size\">Escritor, abogado y facilitador intercultural<\/p>\n\n\n\n<p class=\"has-text-align-center\" style=\"font-size:15px\"><strong><a href=\"https:\/\/culturayciencia.org\/litterae\/manolo-gil\/\" title=\"Manolo Gil\">+info<\/a><\/strong><\/p>\n<\/div>\n\n\n\n<div class=\"wp-block-column is-layout-flow wp-block-column-is-layout-flow\">\n<figure class=\"wp-block-image size-full is-style-rounded\"><img loading=\"lazy\" decoding=\"async\" width=\"700\" height=\"732\" src=\"https:\/\/culturayciencia.org\/litterae\/wp-content\/uploads\/2025\/03\/FOTO-ARANTXA-CARCELLE-Y-SOCIA-bn.webp\" alt=\"\" class=\"wp-image-4988\" style=\"aspect-ratio:1;object-fit:cover\" srcset=\"https:\/\/culturayciencia.org\/litterae\/wp-content\/uploads\/2025\/03\/FOTO-ARANTXA-CARCELLE-Y-SOCIA-bn.webp 700w, https:\/\/culturayciencia.org\/litterae\/wp-content\/uploads\/2025\/03\/FOTO-ARANTXA-CARCELLE-Y-SOCIA-bn-287x300.webp 287w\" sizes=\"auto, (max-width: 700px) 100vw, 700px\" \/><\/figure>\n\n\n\n<p class=\"has-text-align-center\"><strong>Arantxa Carceller<\/strong><br><strong>Eva V\u00e1zquez<\/strong><\/p>\n\n\n\n<p class=\"has-text-align-center has-vivid-red-color has-text-color has-small-font-size\">Editor<br>Libros del Innombrable<\/p>\n\n\n\n<p class=\"has-text-align-center\" style=\"font-size:15px\"><strong><a href=\"https:\/\/culturayciencia.org\/litterae\/arantxa-carceller-eva-vazquez\/\" title=\"Arantxa Carceller \/ Eva V\u00e1zquez\">+info<\/a><\/strong><\/p>\n<\/div>\n\n\n\n<div class=\"wp-block-column is-layout-flow wp-block-column-is-layout-flow\">\n<figure class=\"wp-block-image size-full is-style-rounded\"><img loading=\"lazy\" decoding=\"async\" width=\"600\" height=\"628\" src=\"https:\/\/culturayciencia.org\/litterae\/wp-content\/uploads\/2025\/03\/FOTO-AFRICA-RAMIREZ-bn.webp\" alt=\"\" class=\"wp-image-4989\" style=\"aspect-ratio:1;object-fit:cover\" srcset=\"https:\/\/culturayciencia.org\/litterae\/wp-content\/uploads\/2025\/03\/FOTO-AFRICA-RAMIREZ-bn.webp 600w, https:\/\/culturayciencia.org\/litterae\/wp-content\/uploads\/2025\/03\/FOTO-AFRICA-RAMIREZ-bn-287x300.webp 287w\" sizes=\"auto, (max-width: 600px) 100vw, 600px\" \/><\/figure>\n\n\n\n<p class=\"has-text-align-center\"><strong><strong><strong><strong><strong><strong><strong>\u00c1frica Ram\u00edrez<\/strong><\/strong><\/strong><\/strong><\/strong><\/strong><\/strong><\/p>\n\n\n\n<p class=\"has-text-align-center has-vivid-red-color has-text-color has-small-font-size\">Fundador<br>Apache Libros<\/p>\n\n\n\n<p class=\"has-text-align-center\" style=\"font-size:15px\"><strong><a href=\"https:\/\/culturayciencia.org\/litterae\/karolina-jaszecka\/\">+<\/a><a href=\"https:\/\/culturayciencia.org\/litterae\/jose-luis-del-rio\/\">info<\/a><\/strong><\/p>\n\n\n\n<p class=\"has-text-align-center has-vivid-red-color has-text-color has-small-font-size\"><\/p>\n<\/div>\n<\/div>\n\n\n\n<div class=\"wp-block-columns is-layout-flex wp-container-core-columns-is-layout-9d6595d7 wp-block-columns-is-layout-flex\">\n<div class=\"wp-block-column is-layout-flow wp-block-column-is-layout-flow\">\n<figure class=\"wp-block-image size-full is-style-rounded\"><img loading=\"lazy\" decoding=\"async\" width=\"700\" height=\"645\" src=\"https:\/\/culturayciencia.org\/litterae\/wp-content\/uploads\/2025\/03\/FOTO-PEDRO-RAMOS-bn.webp\" alt=\"\" class=\"wp-image-4990\" style=\"aspect-ratio:1;object-fit:cover\" srcset=\"https:\/\/culturayciencia.org\/litterae\/wp-content\/uploads\/2025\/03\/FOTO-PEDRO-RAMOS-bn.webp 700w, https:\/\/culturayciencia.org\/litterae\/wp-content\/uploads\/2025\/03\/FOTO-PEDRO-RAMOS-bn-300x276.webp 300w\" sizes=\"auto, (max-width: 700px) 100vw, 700px\" \/><\/figure>\n\n\n\n<p class=\"has-text-align-center\"><strong>Pedro Ramos<\/strong><\/p>\n\n\n\n<p class=\"has-text-align-center has-vivid-red-color has-text-color has-small-font-size\">Escritor<br>Cr\u00edtico literario<\/p>\n\n\n\n<p class=\"has-text-align-center\" style=\"font-size:15px\"><strong><a href=\"https:\/\/culturayciencia.org\/litterae\/pedro-ramos\/\" title=\"Pedro Ramos\">+info<\/a><\/strong><\/p>\n<\/div>\n\n\n\n<div class=\"wp-block-column is-layout-flow wp-block-column-is-layout-flow\">\n<figure class=\"wp-block-image size-full is-style-rounded\"><img loading=\"lazy\" decoding=\"async\" width=\"1257\" height=\"1197\" src=\"https:\/\/culturayciencia.org\/litterae\/wp-content\/uploads\/2025\/03\/fernando-valdes.webp\" alt=\"\" class=\"wp-image-5027\" style=\"aspect-ratio:1;object-fit:cover\" srcset=\"https:\/\/culturayciencia.org\/litterae\/wp-content\/uploads\/2025\/03\/fernando-valdes.webp 1257w, https:\/\/culturayciencia.org\/litterae\/wp-content\/uploads\/2025\/03\/fernando-valdes-300x286.webp 300w, https:\/\/culturayciencia.org\/litterae\/wp-content\/uploads\/2025\/03\/fernando-valdes-1024x975.webp 1024w, https:\/\/culturayciencia.org\/litterae\/wp-content\/uploads\/2025\/03\/fernando-valdes-768x731.webp 768w\" sizes=\"auto, (max-width: 1257px) 100vw, 1257px\" \/><\/figure>\n\n\n\n<p class=\"has-text-align-center\"><strong><strong>Fernando Vald\u00e9s Taboada<\/strong><\/strong><\/p>\n\n\n\n<p class=\"has-text-align-center has-vivid-red-color has-text-color has-small-font-size\">Presidente UniCo (Uni\u00f3n de Correctores)<\/p>\n\n\n\n<p class=\"has-text-align-center\" style=\"font-size:15px\"><strong><a href=\"https:\/\/culturayciencia.org\/litterae\/fernando-valdes-tabuada\/\" title=\"Fernando Vald\u00e9s Taboada\">+info<\/a><\/strong><\/p>\n<\/div>\n\n\n\n<div class=\"wp-block-column is-layout-flow wp-block-column-is-layout-flow\">\n<figure class=\"wp-block-image size-full is-style-rounded\"><img loading=\"lazy\" decoding=\"async\" width=\"1093\" height=\"1064\" src=\"https:\/\/culturayciencia.org\/litterae\/wp-content\/uploads\/2025\/03\/Marta-Sanchez-Nieves-Fernandez.webp\" alt=\"\" class=\"wp-image-5033\" style=\"aspect-ratio:1;object-fit:cover\" srcset=\"https:\/\/culturayciencia.org\/litterae\/wp-content\/uploads\/2025\/03\/Marta-Sanchez-Nieves-Fernandez.webp 1093w, https:\/\/culturayciencia.org\/litterae\/wp-content\/uploads\/2025\/03\/Marta-Sanchez-Nieves-Fernandez-300x292.webp 300w, https:\/\/culturayciencia.org\/litterae\/wp-content\/uploads\/2025\/03\/Marta-Sanchez-Nieves-Fernandez-1024x997.webp 1024w, https:\/\/culturayciencia.org\/litterae\/wp-content\/uploads\/2025\/03\/Marta-Sanchez-Nieves-Fernandez-768x748.webp 768w\" sizes=\"auto, (max-width: 1093px) 100vw, 1093px\" \/><\/figure>\n\n\n\n<p class=\"has-text-align-center\"><strong><strong>Marta S\u00e1nchez-Nieves Fern\u00e1ndez<\/strong><\/strong><\/p>\n\n\n\n<p class=\"has-text-align-center has-vivid-red-color has-text-color has-small-font-size\">Presidenta de ACE Traductores<\/p>\n\n\n\n<p class=\"has-text-align-center\" style=\"font-size:15px\"><strong><a href=\"https:\/\/culturayciencia.org\/litterae\/marta-sanchez-nieves-fernandez\/\" title=\"Marta S\u00e1nchez-Nieves Fern\u00e1ndez\">+info<\/a><\/strong><\/p>\n<\/div>\n\n\n\n<div class=\"wp-block-column is-layout-flow wp-block-column-is-layout-flow\">\n<figure class=\"wp-block-image size-full is-style-rounded\"><img loading=\"lazy\" decoding=\"async\" width=\"2341\" height=\"2560\" src=\"https:\/\/culturayciencia.org\/litterae\/wp-content\/uploads\/2025\/03\/Gisele-Correa-Ferreira-scaled.webp\" alt=\"\" class=\"wp-image-5039\" style=\"aspect-ratio:1;object-fit:cover\" srcset=\"https:\/\/culturayciencia.org\/litterae\/wp-content\/uploads\/2025\/03\/Gisele-Correa-Ferreira-scaled.webp 2341w, https:\/\/culturayciencia.org\/litterae\/wp-content\/uploads\/2025\/03\/Gisele-Correa-Ferreira-274x300.webp 274w, https:\/\/culturayciencia.org\/litterae\/wp-content\/uploads\/2025\/03\/Gisele-Correa-Ferreira-936x1024.webp 936w, https:\/\/culturayciencia.org\/litterae\/wp-content\/uploads\/2025\/03\/Gisele-Correa-Ferreira-768x840.webp 768w, https:\/\/culturayciencia.org\/litterae\/wp-content\/uploads\/2025\/03\/Gisele-Correa-Ferreira-1405x1536.webp 1405w, https:\/\/culturayciencia.org\/litterae\/wp-content\/uploads\/2025\/03\/Gisele-Correa-Ferreira-1873x2048.webp 1873w\" sizes=\"auto, (max-width: 2341px) 100vw, 2341px\" \/><\/figure>\n\n\n\n<p class=\"has-text-align-center\"><strong><strong>Gisele Corr\u00eaa Ferreira<\/strong><\/strong><\/p>\n\n\n\n<p class=\"has-text-align-center has-vivid-red-color has-text-color has-small-font-size\">Promotora del Festival Literario Internacional Po\u00e7os de Caldas \u2013 Flipo\u00e7os.<\/p>\n\n\n\n<p class=\"has-text-align-center\" style=\"font-size:15px\"><strong><a href=\"https:\/\/culturayciencia.org\/litterae\/gisele-correa-ferreira\/\" title=\"Gisele Corr\u00eaa Ferreira\">+info<\/a><\/strong><\/p>\n<\/div>\n<\/div>\n\n\n\n<div class=\"wp-block-columns is-layout-flex wp-container-core-columns-is-layout-9d6595d7 wp-block-columns-is-layout-flex\">\n<div class=\"wp-block-column is-layout-flow wp-block-column-is-layout-flow\">\n<figure class=\"wp-block-image size-full is-style-rounded\"><img loading=\"lazy\" decoding=\"async\" width=\"900\" height=\"1029\" src=\"https:\/\/culturayciencia.org\/litterae\/wp-content\/uploads\/2025\/03\/Pedro-David-Vieira-de-Moura.webp\" alt=\"\" class=\"wp-image-5043\" style=\"aspect-ratio:1;object-fit:cover\" srcset=\"https:\/\/culturayciencia.org\/litterae\/wp-content\/uploads\/2025\/03\/Pedro-David-Vieira-de-Moura.webp 900w, https:\/\/culturayciencia.org\/litterae\/wp-content\/uploads\/2025\/03\/Pedro-David-Vieira-de-Moura-262x300.webp 262w, https:\/\/culturayciencia.org\/litterae\/wp-content\/uploads\/2025\/03\/Pedro-David-Vieira-de-Moura-896x1024.webp 896w, https:\/\/culturayciencia.org\/litterae\/wp-content\/uploads\/2025\/03\/Pedro-David-Vieira-de-Moura-768x878.webp 768w\" sizes=\"auto, (max-width: 900px) 100vw, 900px\" \/><\/figure>\n\n\n\n<p class=\"has-text-align-center\"><strong><strong>Pedro David Vieira de Moura<\/strong><\/strong><\/p>\n\n\n\n<p class=\"has-text-align-center has-vivid-red-color has-text-color has-small-font-size\">Cr\u00edtico e investigador acad\u00e9mico de c\u00f3mics.<\/p>\n\n\n\n<p class=\"has-text-align-center\" style=\"font-size:15px\"><strong><a href=\"https:\/\/culturayciencia.org\/litterae\/pedro-david-vieira-de-moura\/\" title=\"Pedro David Vieira de Moura\">+info<\/a><\/strong><\/p>\n<\/div>\n\n\n\n<div class=\"wp-block-column is-layout-flow wp-block-column-is-layout-flow\">\n<figure class=\"wp-block-image size-full is-style-rounded\"><img loading=\"lazy\" decoding=\"async\" width=\"800\" height=\"814\" src=\"https:\/\/culturayciencia.org\/litterae\/wp-content\/uploads\/2025\/03\/img-foto.webp\" alt=\"\" class=\"wp-image-5056\" style=\"aspect-ratio:1;object-fit:cover\" srcset=\"https:\/\/culturayciencia.org\/litterae\/wp-content\/uploads\/2025\/03\/img-foto.webp 800w, https:\/\/culturayciencia.org\/litterae\/wp-content\/uploads\/2025\/03\/img-foto-295x300.webp 295w, https:\/\/culturayciencia.org\/litterae\/wp-content\/uploads\/2025\/03\/img-foto-768x781.webp 768w\" sizes=\"auto, (max-width: 800px) 100vw, 800px\" \/><\/figure>\n\n\n\n<p class=\"has-text-align-center\"><strong><strong><strong>Gayna Theophilus<\/strong><\/strong><\/strong><\/p>\n\n\n\n<p class=\"has-text-align-center has-vivid-red-color has-text-color has-small-font-size\">Directora de compra y ventas y derechos. Annick Press<\/p>\n\n\n\n<p class=\"has-text-align-center\" style=\"font-size:15px\"><strong><a href=\"https:\/\/culturayciencia.org\/litterae\/karolina-jaszecka\/\">+<\/a><a href=\"https:\/\/culturayciencia.org\/litterae\/arturo-tendero-2\/\">info<\/a><\/strong><\/p>\n<\/div>\n\n\n\n<div class=\"wp-block-column is-layout-flow wp-block-column-is-layout-flow\">\n<figure class=\"wp-block-image size-full is-style-rounded\"><img loading=\"lazy\" decoding=\"async\" width=\"800\" height=\"814\" src=\"https:\/\/culturayciencia.org\/litterae\/wp-content\/uploads\/2025\/03\/Lucia-Asue-Mbomio-Rubio.webp\" alt=\"\" class=\"wp-image-5052\" style=\"aspect-ratio:1;object-fit:cover\" srcset=\"https:\/\/culturayciencia.org\/litterae\/wp-content\/uploads\/2025\/03\/Lucia-Asue-Mbomio-Rubio.webp 800w, https:\/\/culturayciencia.org\/litterae\/wp-content\/uploads\/2025\/03\/Lucia-Asue-Mbomio-Rubio-295x300.webp 295w, https:\/\/culturayciencia.org\/litterae\/wp-content\/uploads\/2025\/03\/Lucia-Asue-Mbomio-Rubio-768x781.webp 768w\" sizes=\"auto, (max-width: 800px) 100vw, 800px\" \/><\/figure>\n\n\n\n<p class=\"has-text-align-center\"><strong><strong><strong>Luc\u00eda-Asu\u00e9 Mbom\u00edo Rubio<\/strong><\/strong><\/strong><\/p>\n\n\n\n<p class=\"has-text-align-center has-vivid-red-color has-text-color has-small-font-size\">Periodista<\/p>\n\n\n\n<p class=\"has-text-align-center\" style=\"font-size:15px\"><strong><a href=\"https:\/\/culturayciencia.org\/litterae\/lucia-asue-mbomio-rubio\/\" title=\"Luc\u00eda-Asu\u00e9 Mbom\u00edo Rubio\">+info<\/a><\/strong><\/p>\n<\/div>\n\n\n\n<div class=\"wp-block-column is-layout-flow wp-block-column-is-layout-flow\">\n<figure class=\"wp-block-image size-full is-style-rounded\"><img loading=\"lazy\" decoding=\"async\" width=\"800\" height=\"814\" src=\"https:\/\/culturayciencia.org\/litterae\/wp-content\/uploads\/2025\/03\/img-foto.webp\" alt=\"\" class=\"wp-image-5056\" style=\"aspect-ratio:1;object-fit:cover\" srcset=\"https:\/\/culturayciencia.org\/litterae\/wp-content\/uploads\/2025\/03\/img-foto.webp 800w, https:\/\/culturayciencia.org\/litterae\/wp-content\/uploads\/2025\/03\/img-foto-295x300.webp 295w, https:\/\/culturayciencia.org\/litterae\/wp-content\/uploads\/2025\/03\/img-foto-768x781.webp 768w\" sizes=\"auto, (max-width: 800px) 100vw, 800px\" \/><\/figure>\n\n\n\n<p class=\"has-text-align-center\"><strong><strong>&#8212;<\/strong><\/strong><\/p>\n\n\n\n<p class=\"has-text-align-center has-vivid-red-color has-text-color has-small-font-size\">&#8212;&#8211;<\/p>\n\n\n\n<p class=\"has-text-align-center\" style=\"font-size:15px\"><strong><a href=\"https:\/\/culturayciencia.org\/litterae\/karolina-jaszecka\/\">+<\/a><a href=\"https:\/\/culturayciencia.org\/litterae\/arturo-tendero-2\/\">info<\/a><\/strong><\/p>\n<\/div>\n<\/div>\n<\/div>\n\n\n\n<div>\n<div class=\"gb-element-9f494bae\">\n<div>\n\n\n<div class=\"gb-element-fe2e0357 gb-query-loop-pagination\">\n\n\n\n<\/div>\n\n\n\n\n<p class=\"gb-text\">No se encontraron resultados.<\/p>\n\n<\/div>\n<\/div>\n<\/div>\n\n\n\n<p><\/p>\n","protected":false},"excerpt":{"rendered":"","protected":false},"author":5,"featured_media":0,"parent":0,"menu_order":0,"comment_status":"closed","ping_status":"closed","template":"","meta":{"_acf_changed":false,"om_disable_all_campaigns":false,"_uag_custom_page_level_css":"","_monsterinsights_skip_tracking":false,"_monsterinsights_sitenote_active":false,"_monsterinsights_sitenote_note":"","_monsterinsights_sitenote_category":0,"_uf_show_specific_survey":0,"_uf_disable_surveys":false,"footnotes":""},"class_list":{"0":"post-5662","1":"page","2":"type-page","3":"status-publish","5":"no-featured-image-padding"},"acf":[],"aioseo_notices":[],"uagb_featured_image_src":{"full":false,"thumbnail":false,"medium":false,"medium_large":false,"large":false,"1536x1536":false,"2048x2048":false},"uagb_author_info":{"display_name":false,"author_link":"https:\/\/culturayciencia.org\/litterae\/author\/mmr1703\/"},"uagb_comment_info":0,"uagb_excerpt":null,"_links":{"self":[{"href":"https:\/\/culturayciencia.org\/litterae\/wp-json\/wp\/v2\/pages\/5662","targetHints":{"allow":["GET"]}}],"collection":[{"href":"https:\/\/culturayciencia.org\/litterae\/wp-json\/wp\/v2\/pages"}],"about":[{"href":"https:\/\/culturayciencia.org\/litterae\/wp-json\/wp\/v2\/types\/page"}],"author":[{"embeddable":true,"href":"https:\/\/culturayciencia.org\/litterae\/wp-json\/wp\/v2\/users\/5"}],"replies":[{"embeddable":true,"href":"https:\/\/culturayciencia.org\/litterae\/wp-json\/wp\/v2\/comments?post=5662"}],"version-history":[{"count":0,"href":"https:\/\/culturayciencia.org\/litterae\/wp-json\/wp\/v2\/pages\/5662\/revisions"}],"wp:attachment":[{"href":"https:\/\/culturayciencia.org\/litterae\/wp-json\/wp\/v2\/media?parent=5662"}],"curies":[{"name":"wp","href":"https:\/\/api.w.org\/{rel}","templated":true}]}}