{"id":5734,"date":"2026-02-09T18:45:33","date_gmt":"2026-02-09T17:45:33","guid":{"rendered":"https:\/\/culturayciencia.org\/litterae\/?page_id=5734"},"modified":"2026-03-02T22:07:49","modified_gmt":"2026-03-02T21:07:49","slug":"micro-abierto-litterae-2026","status":"publish","type":"page","link":"https:\/\/culturayciencia.org\/litterae\/micro-abierto-litterae-2026\/","title":{"rendered":"Micro Abierto Litterae 2026"},"content":{"rendered":"\n<div class=\"gb-element-57115299\">\n<span class=\"gb-shape gb-shape-01d11a32\"><svg fill=\"#000000\" viewBox=\"0 0 24 24\" xmlns=\"http:\/\/www.w3.org\/2000\/svg\"><g id=\"SVGRepo_bgCarrier\" stroke-width=\"0\"><\/g><g id=\"SVGRepo_tracerCarrier\" stroke-linecap=\"round\" stroke-linejoin=\"round\"><\/g><g id=\"SVGRepo_iconCarrier\"><path d=\"M12,15a5.006,5.006,0,0,0,5-5V6A5,5,0,0,0,7,6v4A5.006,5.006,0,0,0,12,15ZM9,6a3,3,0,0,1,6,0v4a3,3,0,0,1-6,0ZM3,10V8A1,1,0,0,1,5,8v2a7,7,0,0,0,14,0V8a1,1,0,0,1,2,0v2a9.011,9.011,0,0,1-8,8.941V21h3a1,1,0,0,1,0,2H8a1,1,0,0,1,0-2h3V18.941A9.011,9.011,0,0,1,3,10Z\"><\/path><\/g><\/svg><\/span>\n\n\n\n<div class=\"gb-element-8a33273c\">\n<h1 class=\"gb-text gb-text-116b8775\"><strong>Micro Abierto Litterae<\/strong><\/h1>\n\n\n\n<p class=\"gb-text gb-text-b2725d0c\"><strong>Damos Voz a tu Historia<\/strong><\/p>\n<\/div>\n<\/div>\n\n\n\n<div>\n<div class=\"gb-element-b9011947\">\n<p class=\"gb-text gb-text-d6c95531\">Durante todo el evento, tres <strong>podcasts literarios<\/strong> estar\u00e1n grabando desde el coraz\u00f3n de Litterae. Un espacio din\u00e1mico y en directo donde libreros\/as, editores\/as, autores\/as, traductores\/as, correctores\/as, bibliotecarios\/as&nbsp; y otros protagonistas del mundo del libro tendr\u00e1n la oportunidad de compartir sus proyectos, ideas y experiencias en breves entrevistas que formar\u00e1n parte de un programa especial.<\/p>\n\n\n\n<p class=\"gb-text gb-text-dd5b586d\">Para participar como entrevistado\/a en esta actividad, es <strong>imprescindible estar inscrito\/a previamente en las jornadas Litterae<\/strong> y <strong>rellenar la solicitud espec\u00edfica de participaci\u00f3n en el espacio \u00abMicro Abierto Litterae\u00bb<\/strong>.<br>La direcci\u00f3n de los podcasts seleccionar\u00e1n a las personas participantes en funci\u00f3n de la disponibilidad de tiempo, la variedad de perfiles y la coincidencia de su proyecto con la l\u00ednea editorial.<\/p>\n\n\n\n<div class=\"wp-block-buttons is-content-justification-center is-layout-flex wp-container-core-buttons-is-layout-16018d1d wp-block-buttons-is-layout-flex\">\n<div class=\"wp-block-button\"><a class=\"wp-block-button__link has-base-3-color has-text-color has-background has-link-color wp-element-button\" href=\"https:\/\/docs.google.com\/forms\/d\/e\/1FAIpQLSc2O2GzvltJ5Uk7H7dNxqI0F8aH5RHmuxIlI7G1djq1Nd0lIg\/viewform\" style=\"border-radius:100px;background-color:#bf0000\" target=\"_blank\" rel=\"noreferrer noopener\">Formulario de Inscripci\u00f3n<\/a><\/div>\n<\/div>\n<\/div>\n<\/div>\n\n\n\n<h2 class=\"gb-text gb-text-28449e48\"><strong><strong>Podcasts literarios<\/strong><\/strong><\/h2>\n\n\n\n<div class=\"gb-element-9032bc3b\">\n<div class=\"color-bg gb-element-31f69e73\">\n<div>\n<div class=\"gb-element-380c94e9\">\n<h2 class=\"gb-text-fe9b3d57\"><span class=\"gb-shape\"><svg width=\"800px\" height=\"800px\" viewBox=\"0 0 24 24\" fill=\"none\" xmlns=\"http:\/\/www.w3.org\/2000\/svg\">\n\n<g id=\"SVGRepo_bgCarrier\" stroke-width=\"0\"><\/g>\n\n<g id=\"SVGRepo_tracerCarrier\" stroke-linecap=\"round\" stroke-linejoin=\"round\"><\/g>\n\n<g id=\"SVGRepo_iconCarrier\"> <path fill-rule=\"evenodd\" clip-rule=\"evenodd\" d=\"M3 12C3 7.02944 7.02944 3 12 3C16.9706 3 21 7.02944 21 12C21 14.4856 19.9937 16.7342 18.364 18.364C17.9734 18.7545 17.9734 19.3876 18.364 19.7782C18.7545 20.1687 19.3876 20.1687 19.7782 19.7782C21.7677 17.7887 23 15.0373 23 12C23 5.92487 18.0751 1 12 1C5.92487 1 1 5.92487 1 12C1 15.0373 2.23231 17.7887 4.22183 19.7782C4.61235 20.1687 5.24551 20.1687 5.63604 19.7782C6.02656 19.3876 6.02656 18.7545 5.63604 18.364C4.00626 16.7342 3 14.4856 3 12ZM7 12C7 9.23858 9.23858 7 12 7C14.7614 7 17 9.23858 17 12C17 13.381 16.4415 14.6296 15.5355 15.5355C15.145 15.9261 15.145 16.5592 15.5355 16.9497C15.9261 17.3403 16.5592 17.3403 16.9497 16.9497C18.2154 15.6841 19 13.9327 19 12C19 8.13401 15.866 5 12 5C8.13401 5 5 8.13401 5 12C5 13.9327 5.7846 15.6841 7.05025 16.9497C7.44078 17.3403 8.07394 17.3403 8.46447 16.9497C8.85499 16.5592 8.85499 15.9261 8.46447 15.5355C7.55855 14.6296 7 13.381 7 12ZM14.5 12C14.5 13.3807 13.3807 14.5 12 14.5C10.6193 14.5 9.5 13.3807 9.5 12C9.5 10.6193 10.6193 9.5 12 9.5C13.3807 9.5 14.5 10.6193 14.5 12ZM9.67319 17.494C9.57955 16.1455 10.6482 15 12 15C13.3518 15 14.4205 16.1455 14.3268 17.494L14.0049 22.1295C13.9317 23.1829 13.0559 24 12 24C10.9441 24 10.0683 23.1829 9.9951 22.1295L9.67319 17.494Z\" fill=\"#cf2e2e\"><\/path> <\/g>\n\n<\/svg><\/span><span class=\"gb-text\"><strong>Estaci\u00f3n Caf\u00e9<\/strong><\/span><\/h2>\n<\/div>\n\n\n\n<div class=\"gb-element-cfa814f9\">\n<p class=\"gb-text\">Estaci\u00f3n Caf\u00e9 es un espacio de conversaci\u00f3n \u00edntima con artistas<br>independientes, concebido como un recorrido de encuentros que exploran los<br>procesos, trayectorias y contextos de creaci\u00f3n contempor\u00e1nea. En su quinta<br>temporada, el proyecto adopta el formato audiovisual bajo el hilo conductor \u201cEl<br>arte es pol\u00edtico\u201d, donde cada episodio se presenta como una estaci\u00f3n dedicada<br>a un artista y su mirada cr\u00edtica sobre el entorno social y cultural.<\/p>\n\n\n\n<a href=\"https:\/\/open.spotify.com\/show\/0QbEiI1WgMpRP5gMXCpGWY\" target=\"_blank\" rel=\"noopener nofollow\"><img loading=\"lazy\" decoding=\"async\" width=\"563\" height=\"483\" class=\"gb-media-23a0b080\" src=\"https:\/\/culturayciencia.org\/litterae\/wp-content\/uploads\/2026\/02\/estacionCafe-logo.webp\" title=\"estacio\u0301nCafe\u0301 logo\" alt=\"\" srcset=\"https:\/\/culturayciencia.org\/litterae\/wp-content\/uploads\/2026\/02\/estacionCafe-logo.webp 563w, https:\/\/culturayciencia.org\/litterae\/wp-content\/uploads\/2026\/02\/estacionCafe-logo-300x257.webp 300w\" sizes=\"auto, (max-width: 563px) 100vw, 563px\" \/><\/a>\n<\/div>\n<\/div>\n\n\n\n<div class=\"gb-element-bc5a102e\">\n<div class=\"gb-element-6d441581\">\n<img loading=\"lazy\" decoding=\"async\" width=\"533\" height=\"544\" class=\"gb-media-a2b09d0b\" src=\"https:\/\/culturayciencia.org\/litterae\/wp-content\/uploads\/2026\/02\/Anyelo-Zena.webp\" title=\"Anyelo Zen\u0303a\" alt=\"\" srcset=\"https:\/\/culturayciencia.org\/litterae\/wp-content\/uploads\/2026\/02\/Anyelo-Zena.webp 533w, https:\/\/culturayciencia.org\/litterae\/wp-content\/uploads\/2026\/02\/Anyelo-Zena-294x300.webp 294w\" sizes=\"auto, (max-width: 533px) 100vw, 533px\" \/>\n\n\n\n<h2 class=\"gb-text gb-text-c05b4d07\">Anyelo Ze\u00f1a<\/h2>\n\n\n\n<p class=\"gb-text gb-text-bd153069\">Creaci\u00f3n, direcci\u00f3n y conducci\u00f3n<\/p>\n\n\n\n<a class=\"gb-text gb-text-5a4e517e\" target=\"_blank\" rel=\"noopener nofollow\" href=\"https:\/\/open.spotify.com\/show\/0QbEiI1WgMpRP5gMXCpGWY\"><strong>+info<\/strong><\/a>\n<\/div>\n\n\n\n<div class=\"gb-element-21eb7108\">\n<img loading=\"lazy\" decoding=\"async\" width=\"600\" height=\"615\" class=\"gb-media-24dcef54\" src=\"https:\/\/culturayciencia.org\/litterae\/wp-content\/uploads\/2026\/02\/Maya-Andersson.webp\" title=\"Maya Andersson\" alt=\"\" srcset=\"https:\/\/culturayciencia.org\/litterae\/wp-content\/uploads\/2026\/02\/Maya-Andersson.webp 600w, https:\/\/culturayciencia.org\/litterae\/wp-content\/uploads\/2026\/02\/Maya-Andersson-293x300.webp 293w\" sizes=\"auto, (max-width: 600px) 100vw, 600px\" \/>\n\n\n\n<h2 class=\"gb-text gb-text-5e841e35\">Maya Andersson<\/h2>\n\n\n\n<p class=\"gb-text gb-text-11d4cb2a\">Direcci\u00f3n creativa y visual<\/p>\n\n\n\n<a class=\"gb-text gb-text-0e48fda3\" target=\"_blank\" rel=\"noopener nofollow\" href=\"https:\/\/open.spotify.com\/show\/0QbEiI1WgMpRP5gMXCpGWY\"><strong>+info<\/strong><\/a>\n<\/div>\n<\/div>\n<\/div>\n<\/div>\n\n\n\n<div class=\"gb-element-0faecbe4\">\n<div class=\"color-bg gb-element-3d17692f\">\n<div>\n<div class=\"gb-element-188aa8f2\">\n<h2 class=\"gb-text-58e11791\"><span class=\"gb-shape\"><svg width=\"800px\" height=\"800px\" viewBox=\"0 0 24 24\" fill=\"none\" xmlns=\"http:\/\/www.w3.org\/2000\/svg\">\n\n<g id=\"SVGRepo_bgCarrier\" stroke-width=\"0\"><\/g>\n\n<g id=\"SVGRepo_tracerCarrier\" stroke-linecap=\"round\" stroke-linejoin=\"round\"><\/g>\n\n<g id=\"SVGRepo_iconCarrier\"> <path fill-rule=\"evenodd\" clip-rule=\"evenodd\" d=\"M3 12C3 7.02944 7.02944 3 12 3C16.9706 3 21 7.02944 21 12C21 14.4856 19.9937 16.7342 18.364 18.364C17.9734 18.7545 17.9734 19.3876 18.364 19.7782C18.7545 20.1687 19.3876 20.1687 19.7782 19.7782C21.7677 17.7887 23 15.0373 23 12C23 5.92487 18.0751 1 12 1C5.92487 1 1 5.92487 1 12C1 15.0373 2.23231 17.7887 4.22183 19.7782C4.61235 20.1687 5.24551 20.1687 5.63604 19.7782C6.02656 19.3876 6.02656 18.7545 5.63604 18.364C4.00626 16.7342 3 14.4856 3 12ZM7 12C7 9.23858 9.23858 7 12 7C14.7614 7 17 9.23858 17 12C17 13.381 16.4415 14.6296 15.5355 15.5355C15.145 15.9261 15.145 16.5592 15.5355 16.9497C15.9261 17.3403 16.5592 17.3403 16.9497 16.9497C18.2154 15.6841 19 13.9327 19 12C19 8.13401 15.866 5 12 5C8.13401 5 5 8.13401 5 12C5 13.9327 5.7846 15.6841 7.05025 16.9497C7.44078 17.3403 8.07394 17.3403 8.46447 16.9497C8.85499 16.5592 8.85499 15.9261 8.46447 15.5355C7.55855 14.6296 7 13.381 7 12ZM14.5 12C14.5 13.3807 13.3807 14.5 12 14.5C10.6193 14.5 9.5 13.3807 9.5 12C9.5 10.6193 10.6193 9.5 12 9.5C13.3807 9.5 14.5 10.6193 14.5 12ZM9.67319 17.494C9.57955 16.1455 10.6482 15 12 15C13.3518 15 14.4205 16.1455 14.3268 17.494L14.0049 22.1295C13.9317 23.1829 13.0559 24 12 24C10.9441 24 10.0683 23.1829 9.9951 22.1295L9.67319 17.494Z\" fill=\"#cf2e2e\"><\/path> <\/g>\n\n<\/svg><\/span><span class=\"gb-text\"><strong><strong>Pasi\u00f3n por los libros<\/strong><\/strong><\/span><\/h2>\n<\/div>\n\n\n\n<div class=\"gb-element-704df18b\">\n<p class=\"gb-text\">Es un espacio de Ciudad Real Televisi\u00f3n donde la literatura se convierte en un viaje por los rincones m\u00e1s secretos de la ciudad, las historias nunca contadas y la mirada personal de los autores de nuestra tierra. Un punto de encuentro en el que los libros son la excusa perfecta para explorar nuestra identidad a trav\u00e9s de la historia, la antropolog\u00eda, la memoria colectiva y los documentos que guardan el polvo del tiempo.<\/p>\n\n\n\n<a href=\"https:\/\/www.youtube.com\/channel\/UCNxFBlUBOaI3iQW37T3hFww\" target=\"_blank\" rel=\"noopener nofollow\"><img loading=\"lazy\" decoding=\"async\" width=\"758\" height=\"700\" class=\"gb-media-a630e273\" src=\"https:\/\/culturayciencia.org\/litterae\/wp-content\/uploads\/2026\/02\/logo-tv-cr.webp\" title=\"logo tv cr\" alt=\"\" srcset=\"https:\/\/culturayciencia.org\/litterae\/wp-content\/uploads\/2026\/02\/logo-tv-cr.webp 758w, https:\/\/culturayciencia.org\/litterae\/wp-content\/uploads\/2026\/02\/logo-tv-cr-300x277.webp 300w\" sizes=\"auto, (max-width: 758px) 100vw, 758px\" \/><\/a>\n<\/div>\n<\/div>\n\n\n\n<div class=\"gb-element-046fd64e\">\n<div class=\"gb-element-fdc7b9ea\">\n<img loading=\"lazy\" decoding=\"async\" width=\"926\" height=\"900\" class=\"gb-media-66590162\" src=\"https:\/\/culturayciencia.org\/litterae\/wp-content\/uploads\/2026\/02\/SOFIA-NEVADO.webp\" title=\"SOFIA NEVADO\" alt=\"\" srcset=\"https:\/\/culturayciencia.org\/litterae\/wp-content\/uploads\/2026\/02\/SOFIA-NEVADO.webp 926w, https:\/\/culturayciencia.org\/litterae\/wp-content\/uploads\/2026\/02\/SOFIA-NEVADO-300x292.webp 300w, https:\/\/culturayciencia.org\/litterae\/wp-content\/uploads\/2026\/02\/SOFIA-NEVADO-768x746.webp 768w\" sizes=\"auto, (max-width: 926px) 100vw, 926px\" \/>\n\n\n\n<h2 class=\"gb-text gb-text-d021bbbe\"><strong>Sof\u00eda Nevado<\/strong><\/h2>\n\n\n\n<p class=\"gb-text gb-text-9d0bb29a\"> Periodista TV Ciudad Real<\/p>\n\n\n\n<a class=\"gb-text gb-text-62d4b030\" target=\"_blank\" rel=\"noopener nofollow\" href=\"https:\/\/www.youtube.com\/channel\/UCNxFBlUBOaI3iQW37T3hFww\"><strong>+info<\/strong><\/a>\n<\/div>\n<\/div>\n<\/div>\n<\/div>\n\n\n\n<div class=\"gb-element-eac91c20\">\n<div class=\"color-bg gb-element-9c11f6af\">\n<div>\n<div class=\"gb-element-099512a2\">\n<h2 class=\"gb-text-9f5adfc4\"><span class=\"gb-shape\"><svg width=\"800px\" height=\"800px\" viewBox=\"0 0 24 24\" fill=\"none\" xmlns=\"http:\/\/www.w3.org\/2000\/svg\">\n\n<g id=\"SVGRepo_bgCarrier\" stroke-width=\"0\"><\/g>\n\n<g id=\"SVGRepo_tracerCarrier\" stroke-linecap=\"round\" stroke-linejoin=\"round\"><\/g>\n\n<g id=\"SVGRepo_iconCarrier\"> <path fill-rule=\"evenodd\" clip-rule=\"evenodd\" d=\"M3 12C3 7.02944 7.02944 3 12 3C16.9706 3 21 7.02944 21 12C21 14.4856 19.9937 16.7342 18.364 18.364C17.9734 18.7545 17.9734 19.3876 18.364 19.7782C18.7545 20.1687 19.3876 20.1687 19.7782 19.7782C21.7677 17.7887 23 15.0373 23 12C23 5.92487 18.0751 1 12 1C5.92487 1 1 5.92487 1 12C1 15.0373 2.23231 17.7887 4.22183 19.7782C4.61235 20.1687 5.24551 20.1687 5.63604 19.7782C6.02656 19.3876 6.02656 18.7545 5.63604 18.364C4.00626 16.7342 3 14.4856 3 12ZM7 12C7 9.23858 9.23858 7 12 7C14.7614 7 17 9.23858 17 12C17 13.381 16.4415 14.6296 15.5355 15.5355C15.145 15.9261 15.145 16.5592 15.5355 16.9497C15.9261 17.3403 16.5592 17.3403 16.9497 16.9497C18.2154 15.6841 19 13.9327 19 12C19 8.13401 15.866 5 12 5C8.13401 5 5 8.13401 5 12C5 13.9327 5.7846 15.6841 7.05025 16.9497C7.44078 17.3403 8.07394 17.3403 8.46447 16.9497C8.85499 16.5592 8.85499 15.9261 8.46447 15.5355C7.55855 14.6296 7 13.381 7 12ZM14.5 12C14.5 13.3807 13.3807 14.5 12 14.5C10.6193 14.5 9.5 13.3807 9.5 12C9.5 10.6193 10.6193 9.5 12 9.5C13.3807 9.5 14.5 10.6193 14.5 12ZM9.67319 17.494C9.57955 16.1455 10.6482 15 12 15C13.3518 15 14.4205 16.1455 14.3268 17.494L14.0049 22.1295C13.9317 23.1829 13.0559 24 12 24C10.9441 24 10.0683 23.1829 9.9951 22.1295L9.67319 17.494Z\" fill=\"#cf2e2e\"><\/path> <\/g>\n\n<\/svg><\/span><span class=\"gb-text\"><strong>La Silla Podcast<\/strong><\/span><\/h2>\n<\/div>\n\n\n\n<div class=\"gb-element-fadc5e63\">\n<p class=\"gb-text\">Programa de entretenimiento donde Bel\u00e9n y Manu charlan distendidamente con variopintos invitados.<br>Indagando siempre en la versi\u00f3n m\u00e1s personal y humana de los mismos, sin renunciar nunca a las risas y el buen ambiente.&nbsp;<br>Dando prioridad a la cultura y a nuestra tierra.&nbsp;<\/p>\n\n\n\n<a href=\"https:\/\/open.spotify.com\/show\/7ykZZQuwrqJ7VbexYKPyyS\" target=\"_blank\" rel=\"noopener nofollow\"><img loading=\"lazy\" decoding=\"async\" width=\"300\" height=\"300\" class=\"gb-media-3ab0c30f\" src=\"https:\/\/culturayciencia.org\/litterae\/wp-content\/uploads\/2026\/02\/logo-la-silla.jpg\" title=\"logo la silla\" alt=\"\" srcset=\"https:\/\/culturayciencia.org\/litterae\/wp-content\/uploads\/2026\/02\/logo-la-silla.jpg 300w, https:\/\/culturayciencia.org\/litterae\/wp-content\/uploads\/2026\/02\/logo-la-silla-150x150.jpg 150w\" sizes=\"auto, (max-width: 300px) 100vw, 300px\" \/><\/a>\n<\/div>\n<\/div>\n\n\n\n<div class=\"gb-element-c12d0d66\">\n<div class=\"gb-element-7afded58\">\n<img loading=\"lazy\" decoding=\"async\" width=\"900\" height=\"935\" class=\"gb-media-963dee0d\" src=\"https:\/\/culturayciencia.org\/litterae\/wp-content\/uploads\/2026\/02\/manu-calatrava.webp\" title=\"manu calatrava\" alt=\"\" srcset=\"https:\/\/culturayciencia.org\/litterae\/wp-content\/uploads\/2026\/02\/manu-calatrava.webp 900w, https:\/\/culturayciencia.org\/litterae\/wp-content\/uploads\/2026\/02\/manu-calatrava-289x300.webp 289w, https:\/\/culturayciencia.org\/litterae\/wp-content\/uploads\/2026\/02\/manu-calatrava-768x798.webp 768w\" sizes=\"auto, (max-width: 900px) 100vw, 900px\" \/>\n\n\n\n<h2 class=\"gb-text gb-text-eebd6158\">Manu Calatrava<\/h2>\n\n\n\n<p class=\"gb-text gb-text-0aef958e\">\u00d3ptico-optometrista y tambi\u00e9n Audioprotesista<\/p>\n\n\n\n<a class=\"gb-text gb-text-e0becd66\" target=\"_blank\" rel=\"noopener nofollow\" href=\"https:\/\/open.spotify.com\/show\/7ykZZQuwrqJ7VbexYKPyyS\"><strong>+info<\/strong><\/a>\n<\/div>\n\n\n\n<div class=\"gb-element-8bd475c2\">\n<img loading=\"lazy\" decoding=\"async\" width=\"800\" height=\"857\" class=\"gb-media-9e583d11\" src=\"https:\/\/culturayciencia.org\/litterae\/wp-content\/uploads\/2026\/02\/belen-romero.webp\" title=\"belen romero\" alt=\"\" srcset=\"https:\/\/culturayciencia.org\/litterae\/wp-content\/uploads\/2026\/02\/belen-romero.webp 800w, https:\/\/culturayciencia.org\/litterae\/wp-content\/uploads\/2026\/02\/belen-romero-280x300.webp 280w, https:\/\/culturayciencia.org\/litterae\/wp-content\/uploads\/2026\/02\/belen-romero-768x823.webp 768w\" sizes=\"auto, (max-width: 800px) 100vw, 800px\" \/>\n\n\n\n<h2 class=\"gb-text gb-text-5f2fe06b\">Bel\u00e9n Romero<\/h2>\n\n\n\n<p class=\"gb-text gb-text-1ed5b011\">Poeta y creadora<\/p>\n\n\n\n<a class=\"gb-text gb-text-e682e793\" target=\"_blank\" rel=\"noopener nofollow\" href=\"https:\/\/open.spotify.com\/show\/7ykZZQuwrqJ7VbexYKPyyS\"><strong>+info<\/strong><\/a>\n<\/div>\n<\/div>\n<\/div>\n<\/div>\n\n\n\n<p><\/p>\n","protected":false},"excerpt":{"rendered":"","protected":false},"author":5,"featured_media":0,"parent":0,"menu_order":0,"comment_status":"closed","ping_status":"closed","template":"","meta":{"_acf_changed":false,"om_disable_all_campaigns":false,"_uag_custom_page_level_css":"","_monsterinsights_skip_tracking":false,"_monsterinsights_sitenote_active":false,"_monsterinsights_sitenote_note":"","_monsterinsights_sitenote_category":0,"_uf_show_specific_survey":0,"_uf_disable_surveys":false,"footnotes":""},"class_list":{"0":"post-5734","1":"page","2":"type-page","3":"status-publish","5":"no-featured-image-padding"},"acf":[],"aioseo_notices":[],"uagb_featured_image_src":{"full":false,"thumbnail":false,"medium":false,"medium_large":false,"large":false,"1536x1536":false,"2048x2048":false},"uagb_author_info":{"display_name":false,"author_link":"https:\/\/culturayciencia.org\/litterae\/author\/mmr1703\/"},"uagb_comment_info":0,"uagb_excerpt":null,"_links":{"self":[{"href":"https:\/\/culturayciencia.org\/litterae\/wp-json\/wp\/v2\/pages\/5734","targetHints":{"allow":["GET"]}}],"collection":[{"href":"https:\/\/culturayciencia.org\/litterae\/wp-json\/wp\/v2\/pages"}],"about":[{"href":"https:\/\/culturayciencia.org\/litterae\/wp-json\/wp\/v2\/types\/page"}],"author":[{"embeddable":true,"href":"https:\/\/culturayciencia.org\/litterae\/wp-json\/wp\/v2\/users\/5"}],"replies":[{"embeddable":true,"href":"https:\/\/culturayciencia.org\/litterae\/wp-json\/wp\/v2\/comments?post=5734"}],"version-history":[{"count":0,"href":"https:\/\/culturayciencia.org\/litterae\/wp-json\/wp\/v2\/pages\/5734\/revisions"}],"wp:attachment":[{"href":"https:\/\/culturayciencia.org\/litterae\/wp-json\/wp\/v2\/media?parent=5734"}],"curies":[{"name":"wp","href":"https:\/\/api.w.org\/{rel}","templated":true}]}}