{"id":5754,"date":"2026-02-11T08:23:28","date_gmt":"2026-02-11T07:23:28","guid":{"rendered":"https:\/\/culturayciencia.org\/litterae\/?page_id=5754"},"modified":"2026-02-11T08:42:15","modified_gmt":"2026-02-11T07:42:15","slug":"fechas-importantes-litterae-2026","status":"publish","type":"page","link":"https:\/\/culturayciencia.org\/litterae\/fechas-importantes-litterae-2026\/","title":{"rendered":"Fechas importantes Litterae 2026"},"content":{"rendered":"\n<div class=\"gb-element-0421cd95\">\n<h1 class=\"gb-text gb-text-95083be2\"><strong>Fechas importantes Litterae 2026<\/strong><\/h1>\n<\/div>\n\n\n\n<div>\n<p class=\"gb-text\">Anunciamos las fechas clave para la inscripci\u00f3n en <strong>Litterae 2026,<\/strong> que se llevar\u00e1 a cabo los d\u00edas <strong>6 y 7 de marzo<\/strong>.<\/p>\n\n\n\n<p class=\"gb-text\">Este evento, de car\u00e1cter acad\u00e9mico y cultural, es una oportunidad \u00fanica para profundizar en el mundo de las letras. Le invitamos a realizar su inscripci\u00f3n dentro de los plazos establecidos para garantizar su participaci\u00f3n.<\/p>\n\n\n\n<div class=\"gb-element-8c551863\">\n<div>\n<p class=\"gb-text-3d6e867d\"><span class=\"gb-shape\"><svg aria-hidden=\"true\" role=\"img\" height=\"1em\" width=\"1em\" viewBox=\"0 0 448 512\" xmlns=\"http:\/\/www.w3.org\/2000\/svg\"><path fill=\"currentColor\" d=\"M148 288h-40c-6.6 0-12-5.4-12-12v-40c0-6.6 5.4-12 12-12h40c6.6 0 12 5.4 12 12v40c0 6.6-5.4 12-12 12zm108-12v-40c0-6.6-5.4-12-12-12h-40c-6.6 0-12 5.4-12 12v40c0 6.6 5.4 12 12 12h40c6.6 0 12-5.4 12-12zm96 0v-40c0-6.6-5.4-12-12-12h-40c-6.6 0-12 5.4-12 12v40c0 6.6 5.4 12 12 12h40c6.6 0 12-5.4 12-12zm-96 96v-40c0-6.6-5.4-12-12-12h-40c-6.6 0-12 5.4-12 12v40c0 6.6 5.4 12 12 12h40c6.6 0 12-5.4 12-12zm-96 0v-40c0-6.6-5.4-12-12-12h-40c-6.6 0-12 5.4-12 12v40c0 6.6 5.4 12 12 12h40c6.6 0 12-5.4 12-12zm192 0v-40c0-6.6-5.4-12-12-12h-40c-6.6 0-12 5.4-12 12v40c0 6.6 5.4 12 12 12h40c6.6 0 12-5.4 12-12zm96-260v352c0 26.5-21.5 48-48 48H48c-26.5 0-48-21.5-48-48V112c0-26.5 21.5-48 48-48h48V12c0-6.6 5.4-12 12-12h40c6.6 0 12 5.4 12 12v52h128V12c0-6.6 5.4-12 12-12h40c6.6 0 12 5.4 12 12v52h48c26.5 0 48 21.5 48 48zm-48 346V160H48v298c0 3.3 2.7 6 6 6h340c3.3 0 6-2.7 6-6z\"><\/path><\/svg><\/span><span class=\"gb-text\"><strong>16 de febrero<\/strong><\/span><\/p>\n\n\n\n<p class=\"gb-text\">\u00daltimo d\u00eda para inscribirse en la actividad de&nbsp;Nertworking:&nbsp;<a href=\"https:\/\/forms.gle\/YsAhFwek5L3MzK6g7\" target=\"_blank\" rel=\"noopener\" title=\"\">https:\/\/forms.gle\/YsAhFwek5L3MzK6g7<\/a><\/p>\n<\/div>\n\n\n\n<div>\n<p class=\"gb-text-09bf0e00\"><span class=\"gb-shape\"><svg aria-hidden=\"true\" role=\"img\" height=\"1em\" width=\"1em\" viewBox=\"0 0 448 512\" xmlns=\"http:\/\/www.w3.org\/2000\/svg\"><path fill=\"currentColor\" d=\"M148 288h-40c-6.6 0-12-5.4-12-12v-40c0-6.6 5.4-12 12-12h40c6.6 0 12 5.4 12 12v40c0 6.6-5.4 12-12 12zm108-12v-40c0-6.6-5.4-12-12-12h-40c-6.6 0-12 5.4-12 12v40c0 6.6 5.4 12 12 12h40c6.6 0 12-5.4 12-12zm96 0v-40c0-6.6-5.4-12-12-12h-40c-6.6 0-12 5.4-12 12v40c0 6.6 5.4 12 12 12h40c6.6 0 12-5.4 12-12zm-96 96v-40c0-6.6-5.4-12-12-12h-40c-6.6 0-12 5.4-12 12v40c0 6.6 5.4 12 12 12h40c6.6 0 12-5.4 12-12zm-96 0v-40c0-6.6-5.4-12-12-12h-40c-6.6 0-12 5.4-12 12v40c0 6.6 5.4 12 12 12h40c6.6 0 12-5.4 12-12zm192 0v-40c0-6.6-5.4-12-12-12h-40c-6.6 0-12 5.4-12 12v40c0 6.6 5.4 12 12 12h40c6.6 0 12-5.4 12-12zm96-260v352c0 26.5-21.5 48-48 48H48c-26.5 0-48-21.5-48-48V112c0-26.5 21.5-48 48-48h48V12c0-6.6 5.4-12 12-12h40c6.6 0 12 5.4 12 12v52h128V12c0-6.6 5.4-12 12-12h40c6.6 0 12 5.4 12 12v52h48c26.5 0 48 21.5 48 48zm-48 346V160H48v298c0 3.3 2.7 6 6 6h340c3.3 0 6-2.7 6-6z\"><\/path><\/svg><\/span><span class=\"gb-text\"><strong>20 de febrero<\/strong><\/span><\/p>\n\n\n\n<p class=\"gb-text\">\u00daltimo d\u00eda para: <br>\u2022&nbsp;Solicitar participar en la&nbsp;<strong>zona expositiva<\/strong>. (solo editoriales):&nbsp;<a href=\"https:\/\/forms.gle\/YQKegHYRxnGx7gSe9\" target=\"_blank\" rel=\"noopener\" title=\"\">https:\/\/forms.gle\/YQKegHYRxnGx7gSe9<\/a><br>\u2022&nbsp;Solicitar que la organizaci\u00f3n organice tus&nbsp;<strong>comidas.:&nbsp;<\/strong><br>Correo electr\u00f3nico:&nbsp;<a href=\"mailto:litterae@culturayciencia.org\" target=\"_blank\" rel=\"noopener\" title=\"\">litterae@culturayciencia.org<\/a>&nbsp;|&nbsp;litterae.aicc@gmail.com<br>Tel\u00e9fonos: 679 37 21 00 &#8211; 620 39 31 17 &#8211; 926 05 01 64<br>(Si no podemos atenderte en el momento, te devolveremos la llamada)<br><\/p>\n<\/div>\n\n\n\n<div>\n<p class=\"gb-text-5a2cefa8\"><span class=\"gb-shape\"><svg aria-hidden=\"true\" role=\"img\" height=\"1em\" width=\"1em\" viewBox=\"0 0 448 512\" xmlns=\"http:\/\/www.w3.org\/2000\/svg\"><path fill=\"currentColor\" d=\"M148 288h-40c-6.6 0-12-5.4-12-12v-40c0-6.6 5.4-12 12-12h40c6.6 0 12 5.4 12 12v40c0 6.6-5.4 12-12 12zm108-12v-40c0-6.6-5.4-12-12-12h-40c-6.6 0-12 5.4-12 12v40c0 6.6 5.4 12 12 12h40c6.6 0 12-5.4 12-12zm96 0v-40c0-6.6-5.4-12-12-12h-40c-6.6 0-12 5.4-12 12v40c0 6.6 5.4 12 12 12h40c6.6 0 12-5.4 12-12zm-96 96v-40c0-6.6-5.4-12-12-12h-40c-6.6 0-12 5.4-12 12v40c0 6.6 5.4 12 12 12h40c6.6 0 12-5.4 12-12zm-96 0v-40c0-6.6-5.4-12-12-12h-40c-6.6 0-12 5.4-12 12v40c0 6.6 5.4 12 12 12h40c6.6 0 12-5.4 12-12zm192 0v-40c0-6.6-5.4-12-12-12h-40c-6.6 0-12 5.4-12 12v40c0 6.6 5.4 12 12 12h40c6.6 0 12-5.4 12-12zm96-260v352c0 26.5-21.5 48-48 48H48c-26.5 0-48-21.5-48-48V112c0-26.5 21.5-48 48-48h48V12c0-6.6 5.4-12 12-12h40c6.6 0 12 5.4 12 12v52h128V12c0-6.6 5.4-12 12-12h40c6.6 0 12 5.4 12 12v52h48c26.5 0 48 21.5 48 48zm-48 346V160H48v298c0 3.3 2.7 6 6 6h340c3.3 0 6-2.7 6-6z\"><\/path><\/svg><\/span><span class=\"gb-text\"><strong>27 de febrero<\/strong><\/span><\/p>\n\n\n\n<p class=\"gb-text gb-text-0256a9f7\">\u00daltimo d\u00eda para: <br><\/p>\n\n\n\n<p>Inscribirse en los<strong>&nbsp;talleres.<\/strong>&nbsp;<\/p>\n\n\n\n<ul class=\"wp-block-list\">\n<li>La letra peque\u00f1a del libro: gu\u00eda de supervivencia legal editorial.:&nbsp;<a href=\"https:\/\/forms.gle\/iqgzTv9UQsupT4Ae8\" target=\"_blank\" rel=\"noopener\" title=\"\">https:\/\/forms.gle\/iqgzTv9UQsupT4Ae8<\/a><\/li>\n\n\n\n<li>Vender libros: el arte de la persuasi\u00f3n editorial.:&nbsp;<a href=\"https:\/\/forms.gle\/kaf5S6e9gVxhyMPv6\" target=\"_blank\" rel=\"noopener\" title=\"\">https:\/\/forms.gle\/kaf5S6e9gVxhyMPv6<\/a><\/li>\n\n\n\n<li>La fuerza de la colaboraci\u00f3n en el sector literario:&nbsp;<a href=\"https:\/\/forms.gle\/FZngWUHhs92xFSj78\" target=\"_blank\" rel=\"noopener\" title=\"\">https:\/\/forms.gle\/FZngWUHhs92xFSj78<\/a><\/li>\n<\/ul>\n\n\n\n<p>Solicitar participar en la actividad&nbsp;<strong>Micro abierto.:&nbsp;<\/strong><a href=\"https:\/\/forms.gle\/gQUvTKTn8JnuZrzx8\" target=\"_blank\" rel=\"noopener\" title=\"\">https:\/\/forms.gle\/gQUvTKTn8JnuZrzx8<\/a><\/p>\n<\/div>\n\n\n\n<div>\n<p class=\"gb-text-324f4c4a\"><span class=\"gb-shape\"><svg aria-hidden=\"true\" role=\"img\" height=\"1em\" width=\"1em\" viewBox=\"0 0 448 512\" xmlns=\"http:\/\/www.w3.org\/2000\/svg\"><path fill=\"currentColor\" d=\"M148 288h-40c-6.6 0-12-5.4-12-12v-40c0-6.6 5.4-12 12-12h40c6.6 0 12 5.4 12 12v40c0 6.6-5.4 12-12 12zm108-12v-40c0-6.6-5.4-12-12-12h-40c-6.6 0-12 5.4-12 12v40c0 6.6 5.4 12 12 12h40c6.6 0 12-5.4 12-12zm96 0v-40c0-6.6-5.4-12-12-12h-40c-6.6 0-12 5.4-12 12v40c0 6.6 5.4 12 12 12h40c6.6 0 12-5.4 12-12zm-96 96v-40c0-6.6-5.4-12-12-12h-40c-6.6 0-12 5.4-12 12v40c0 6.6 5.4 12 12 12h40c6.6 0 12-5.4 12-12zm-96 0v-40c0-6.6-5.4-12-12-12h-40c-6.6 0-12 5.4-12 12v40c0 6.6 5.4 12 12 12h40c6.6 0 12-5.4 12-12zm192 0v-40c0-6.6-5.4-12-12-12h-40c-6.6 0-12 5.4-12 12v40c0 6.6 5.4 12 12 12h40c6.6 0 12-5.4 12-12zm96-260v352c0 26.5-21.5 48-48 48H48c-26.5 0-48-21.5-48-48V112c0-26.5 21.5-48 48-48h48V12c0-6.6 5.4-12 12-12h40c6.6 0 12 5.4 12 12v52h128V12c0-6.6 5.4-12 12-12h40c6.6 0 12 5.4 12 12v52h48c26.5 0 48 21.5 48 48zm-48 346V160H48v298c0 3.3 2.7 6 6 6h340c3.3 0 6-2.7 6-6z\"><\/path><\/svg><\/span><span class=\"gb-text\"><strong>1 de marzo<\/strong><\/span><\/p>\n\n\n\n<p class=\"gb-text\">\u00daltimo d\u00eda para realizar la&nbsp;<strong>inscripci\u00f3n general<\/strong>&nbsp;a las jornadas, que incluye&nbsp;\u00fanicamente&nbsp;asistencia a las mesas:&nbsp;<a href=\"https:\/\/forms.gle\/YeLSGohuF2qiJWc69\" target=\"_blank\" rel=\"noopener\" title=\"\">https:\/\/forms.gle\/YeLSGohuF2qiJWc69<\/a> <br><\/p>\n<\/div>\n\n\n\n<div><\/div>\n<\/div>\n<\/div>\n\n\n\n<p><\/p>\n","protected":false},"excerpt":{"rendered":"","protected":false},"author":5,"featured_media":0,"parent":0,"menu_order":0,"comment_status":"closed","ping_status":"closed","template":"","meta":{"_acf_changed":false,"om_disable_all_campaigns":false,"_uag_custom_page_level_css":"","_monsterinsights_skip_tracking":false,"_monsterinsights_sitenote_active":false,"_monsterinsights_sitenote_note":"","_monsterinsights_sitenote_category":0,"_uf_show_specific_survey":0,"_uf_disable_surveys":false,"footnotes":""},"class_list":{"0":"post-5754","1":"page","2":"type-page","3":"status-publish","5":"no-featured-image-padding"},"acf":[],"aioseo_notices":[],"uagb_featured_image_src":{"full":false,"thumbnail":false,"medium":false,"medium_large":false,"large":false,"1536x1536":false,"2048x2048":false},"uagb_author_info":{"display_name":false,"author_link":"https:\/\/culturayciencia.org\/litterae\/author\/mmr1703\/"},"uagb_comment_info":0,"uagb_excerpt":null,"_links":{"self":[{"href":"https:\/\/culturayciencia.org\/litterae\/wp-json\/wp\/v2\/pages\/5754","targetHints":{"allow":["GET"]}}],"collection":[{"href":"https:\/\/culturayciencia.org\/litterae\/wp-json\/wp\/v2\/pages"}],"about":[{"href":"https:\/\/culturayciencia.org\/litterae\/wp-json\/wp\/v2\/types\/page"}],"author":[{"embeddable":true,"href":"https:\/\/culturayciencia.org\/litterae\/wp-json\/wp\/v2\/users\/5"}],"replies":[{"embeddable":true,"href":"https:\/\/culturayciencia.org\/litterae\/wp-json\/wp\/v2\/comments?post=5754"}],"version-history":[{"count":0,"href":"https:\/\/culturayciencia.org\/litterae\/wp-json\/wp\/v2\/pages\/5754\/revisions"}],"wp:attachment":[{"href":"https:\/\/culturayciencia.org\/litterae\/wp-json\/wp\/v2\/media?parent=5754"}],"curies":[{"name":"wp","href":"https:\/\/api.w.org\/{rel}","templated":true}]}}