{"id":620,"date":"2019-09-06T13:40:38","date_gmt":"2019-09-06T11:40:38","guid":{"rendered":"https:\/\/culturayciencia.org\/litterae\/?page_id=620"},"modified":"2023-05-03T11:29:48","modified_gmt":"2023-05-03T09:29:48","slug":"eva-boj","status":"publish","type":"page","link":"https:\/\/culturayciencia.org\/litterae\/eva-boj\/","title":{"rendered":"Eva Boj"},"content":{"rendered":"\n<section class=\"wp-block-uagb-columns uagb-columns__wrap uagb-columns__stack-mobile uagb-columns__valign-top uagb-columns__gap-10 align uagb-block-aac1c8fe uagb-columns__columns-2 uagb-columns__max_width-theme\"><div class=\"uagb-columns__overlay\"><\/div><div class=\"uagb-columns__inner-wrap uagb-columns__columns-2\">\n<div class=\"wp-block-uagb-column uagb-column__wrap uagb-column__background-color uagb-block-1d1520b8\"><div class=\"uagb-column__overlay\"><\/div><div class=\"wp-block-image is-style-default\">\n<figure class=\"aligncenter size-large\"><img loading=\"lazy\" decoding=\"async\" width=\"417\" height=\"449\" src=\"https:\/\/culturayciencia.org\/litterae\/wp-content\/uploads\/2020\/12\/EVA-BOJ.jpg\" alt=\"\" class=\"wp-image-1479\" srcset=\"https:\/\/culturayciencia.org\/litterae\/wp-content\/uploads\/2020\/12\/EVA-BOJ.jpg 417w, https:\/\/culturayciencia.org\/litterae\/wp-content\/uploads\/2020\/12\/EVA-BOJ-279x300.jpg 279w\" sizes=\"auto, (max-width: 417px) 100vw, 417px\" \/><\/figure>\n<\/div>\n\n\n<h2 class=\"wp-block-heading has-text-align-center has-medium-font-size\"><strong>Eva Boj Bragado<\/strong><\/h2>\n\n\n\n<p class=\"has-text-align-center has-vivid-red-color has-text-color\">Promotora <\/p>\n<\/div>\n\n\n\n<div class=\"wp-block-uagb-column uagb-column__wrap uagb-column__background-undefined uagb-block-50fd708a\"><div class=\"uagb-column__overlay\"><\/div>\n<p>Ha trabajado en librer\u00edas de grandes grupos, independientes, y en la suya propia. En editoriales independientes infantiles\/juveniles.<\/p>\n\n\n\n<p>Es prescriptora y rese\u00f1ista de libros para distintos medios.<\/p>\n\n\n\n<p>Ha impartido un m\u00f3dulo sobre comunicaci\u00f3n cultural en el curso \u00abCreaci\u00f3n y gesti\u00f3n de librer\u00edas\u00bb de la UNED\/Comunidad de Madrid\/ Gremio de librer\u00edas de Madrid. Y ha trabajado como responsable de comunicaci\u00f3n de la Feria del Libro de Madrid (dentro del equipo de Prensa y Comunicaci\u00f3n).<\/p>\n\n\n\n<p>Desempe\u00f1a labores de relaciones p\u00fablicas y comunicaci\u00f3n para diferentes editoriales. Y colabora co<em>mo asesora en la Muestra del libro infantil y juvenil de la Comunidad de Madrid.<\/em><\/p>\n\n\n\n<p>Es agente, activista y community manager cultural.<\/p>\n<\/div>\n<\/div><\/section>\n\n\n","protected":false},"excerpt":{"rendered":"","protected":false},"author":4,"featured_media":0,"parent":0,"menu_order":0,"comment_status":"closed","ping_status":"closed","template":"","meta":{"_acf_changed":false,"om_disable_all_campaigns":false,"_uag_custom_page_level_css":"","_monsterinsights_skip_tracking":false,"_monsterinsights_sitenote_active":false,"_monsterinsights_sitenote_note":"","_monsterinsights_sitenote_category":0,"_uf_show_specific_survey":0,"_uf_disable_surveys":false,"footnotes":""},"class_list":{"0":"post-620","1":"page","2":"type-page","3":"status-publish","5":"no-featured-image-padding"},"acf":[],"aioseo_notices":[],"uagb_featured_image_src":{"full":false,"thumbnail":false,"medium":false,"medium_large":false,"large":false,"1536x1536":false,"2048x2048":false},"uagb_author_info":{"display_name":false,"author_link":"https:\/\/culturayciencia.org\/litterae\/author\/librerae\/"},"uagb_comment_info":0,"uagb_excerpt":null,"_links":{"self":[{"href":"https:\/\/culturayciencia.org\/litterae\/wp-json\/wp\/v2\/pages\/620","targetHints":{"allow":["GET"]}}],"collection":[{"href":"https:\/\/culturayciencia.org\/litterae\/wp-json\/wp\/v2\/pages"}],"about":[{"href":"https:\/\/culturayciencia.org\/litterae\/wp-json\/wp\/v2\/types\/page"}],"author":[{"embeddable":true,"href":"https:\/\/culturayciencia.org\/litterae\/wp-json\/wp\/v2\/users\/4"}],"replies":[{"embeddable":true,"href":"https:\/\/culturayciencia.org\/litterae\/wp-json\/wp\/v2\/comments?post=620"}],"version-history":[{"count":0,"href":"https:\/\/culturayciencia.org\/litterae\/wp-json\/wp\/v2\/pages\/620\/revisions"}],"wp:attachment":[{"href":"https:\/\/culturayciencia.org\/litterae\/wp-json\/wp\/v2\/media?parent=620"}],"curies":[{"name":"wp","href":"https:\/\/api.w.org\/{rel}","templated":true}]}}