{"id":870,"date":"2019-10-09T12:58:20","date_gmt":"2019-10-09T10:58:20","guid":{"rendered":"https:\/\/culturayciencia.org\/litterae\/?page_id=870"},"modified":"2019-10-09T13:01:18","modified_gmt":"2019-10-09T11:01:18","slug":"ana-belen-chacon","status":"publish","type":"page","link":"https:\/\/culturayciencia.org\/litterae\/ana-belen-chacon\/","title":{"rendered":"Ana Bel\u00e9n Chac\u00f3n"},"content":{"rendered":"\n<div class=\"wp-block-image\"><figure class=\"alignleft\"><img decoding=\"async\" src=\"https:\/\/culturayciencia.org\/litterae\/wp-content\/uploads\/2019\/10\/Ana_Belen_Chac\u00f3n_Litterae.jpg\" alt=\"\" class=\"wp-image-875\"\/><\/figure><\/div>\n\n\n\n<h2 class=\"wp-block-heading\" style=\"text-align:center\"><strong>Ana Bel\u00e9n Chac\u00f3n Madrid<\/strong><\/h2>\n\n\n\n<p style=\"text-align:center\"><strong><em>Concejala en el Ayuntamiento de Ciudad Real<\/em><\/strong><\/p>\n\n\n\n<p style=\"text-align:left\"> Natural de Valdepe\u00f1as (Ciudad Real).  <\/p>\n\n\n\n<p style=\"text-align:justify\">Concejala de Atenci\u00f3n al Ciudadano, de Consumo y de Igualdad en el Ayuntamiento de Ciudad Real. Empresaria y emprendedora, inici\u00f3 su carrera profesional en el \u00e1mbito del comercio a los 16 a\u00f1os. Cursando el M\u00e1ster en Igualdad de G\u00e9nero: formaci\u00f3n de agentes para la Igualdad.  Luchadora y optimista. Madre, hija, esposa, hermana, amiga y feminista, porque para ser feminista hace falta no s\u00f3lo poder, tambi\u00e9n hace falta querer. O.. \u00bfquiz\u00e1s es al rev\u00e9s? <\/p>\n","protected":false},"excerpt":{"rendered":"","protected":false},"author":4,"featured_media":0,"parent":0,"menu_order":0,"comment_status":"closed","ping_status":"closed","template":"","meta":{"_acf_changed":false,"om_disable_all_campaigns":false,"_uag_custom_page_level_css":"","_monsterinsights_skip_tracking":false,"_monsterinsights_sitenote_active":false,"_monsterinsights_sitenote_note":"","_monsterinsights_sitenote_category":0,"_uf_show_specific_survey":0,"_uf_disable_surveys":false,"footnotes":""},"class_list":{"0":"post-870","1":"page","2":"type-page","3":"status-publish","5":"no-featured-image-padding"},"acf":[],"aioseo_notices":[],"uagb_featured_image_src":{"full":false,"thumbnail":false,"medium":false,"medium_large":false,"large":false,"1536x1536":false,"2048x2048":false},"uagb_author_info":{"display_name":false,"author_link":"https:\/\/culturayciencia.org\/litterae\/author\/librerae\/"},"uagb_comment_info":0,"uagb_excerpt":null,"_links":{"self":[{"href":"https:\/\/culturayciencia.org\/litterae\/wp-json\/wp\/v2\/pages\/870","targetHints":{"allow":["GET"]}}],"collection":[{"href":"https:\/\/culturayciencia.org\/litterae\/wp-json\/wp\/v2\/pages"}],"about":[{"href":"https:\/\/culturayciencia.org\/litterae\/wp-json\/wp\/v2\/types\/page"}],"author":[{"embeddable":true,"href":"https:\/\/culturayciencia.org\/litterae\/wp-json\/wp\/v2\/users\/4"}],"replies":[{"embeddable":true,"href":"https:\/\/culturayciencia.org\/litterae\/wp-json\/wp\/v2\/comments?post=870"}],"version-history":[{"count":0,"href":"https:\/\/culturayciencia.org\/litterae\/wp-json\/wp\/v2\/pages\/870\/revisions"}],"wp:attachment":[{"href":"https:\/\/culturayciencia.org\/litterae\/wp-json\/wp\/v2\/media?parent=870"}],"curies":[{"name":"wp","href":"https:\/\/api.w.org\/{rel}","templated":true}]}}