{"id":913,"date":"2019-10-15T11:19:13","date_gmt":"2019-10-15T09:19:13","guid":{"rendered":"https:\/\/culturayciencia.org\/litterae\/?page_id=913"},"modified":"2019-10-15T13:10:33","modified_gmt":"2019-10-15T11:10:33","slug":"jesus-gonzalez","status":"publish","type":"page","link":"https:\/\/culturayciencia.org\/litterae\/jesus-gonzalez\/","title":{"rendered":"Jes\u00fas Gonz\u00e1lez"},"content":{"rendered":"\n<div class=\"wp-block-image\"><figure class=\"alignleft\"><img loading=\"lazy\" decoding=\"async\" width=\"293\" height=\"285\" src=\"https:\/\/culturayciencia.org\/litterae\/wp-content\/uploads\/2019\/10\/foto-jesus_2.jpg\" alt=\"\" class=\"wp-image-930\"\/><\/figure><\/div>\n\n\n\n<h2 class=\"wp-block-heading\" style=\"text-align:center\"><strong>Jes\u00fas Gonz\u00e1lez<\/strong><\/h2>\n\n\n\n<p style=\"text-align:center\"><strong><em> Subdirecci\u00f3n General de Promoci\u00f3n del Libro, la Lectura y  las Letras Espa\u00f1olas <\/em><\/strong><\/p>\n\n\n\n<p style=\"text-align:justify\">Subdirector Adjunto de la Subdirecci\u00f3n General de Promoci\u00f3n del Libro, la Lectura y  las Letras Espa\u00f1olas. Direcci\u00f3n General del Libro y Fomento de la  Lectura. Funcionario de carrera desde el a\u00f1o 2006. Ilustrador. Amante de  los c\u00f3mics y de la literatura infantil y juvenil.  <\/p>\n","protected":false},"excerpt":{"rendered":"","protected":false},"author":4,"featured_media":0,"parent":0,"menu_order":0,"comment_status":"closed","ping_status":"closed","template":"","meta":{"_acf_changed":false,"om_disable_all_campaigns":false,"_uag_custom_page_level_css":"","_monsterinsights_skip_tracking":false,"_monsterinsights_sitenote_active":false,"_monsterinsights_sitenote_note":"","_monsterinsights_sitenote_category":0,"_uf_show_specific_survey":0,"_uf_disable_surveys":false,"footnotes":""},"class_list":{"0":"post-913","1":"page","2":"type-page","3":"status-publish","5":"no-featured-image-padding"},"acf":[],"aioseo_notices":[],"uagb_featured_image_src":{"full":false,"thumbnail":false,"medium":false,"medium_large":false,"large":false,"1536x1536":false,"2048x2048":false},"uagb_author_info":{"display_name":false,"author_link":"https:\/\/culturayciencia.org\/litterae\/author\/librerae\/"},"uagb_comment_info":0,"uagb_excerpt":null,"_links":{"self":[{"href":"https:\/\/culturayciencia.org\/litterae\/wp-json\/wp\/v2\/pages\/913","targetHints":{"allow":["GET"]}}],"collection":[{"href":"https:\/\/culturayciencia.org\/litterae\/wp-json\/wp\/v2\/pages"}],"about":[{"href":"https:\/\/culturayciencia.org\/litterae\/wp-json\/wp\/v2\/types\/page"}],"author":[{"embeddable":true,"href":"https:\/\/culturayciencia.org\/litterae\/wp-json\/wp\/v2\/users\/4"}],"replies":[{"embeddable":true,"href":"https:\/\/culturayciencia.org\/litterae\/wp-json\/wp\/v2\/comments?post=913"}],"version-history":[{"count":0,"href":"https:\/\/culturayciencia.org\/litterae\/wp-json\/wp\/v2\/pages\/913\/revisions"}],"wp:attachment":[{"href":"https:\/\/culturayciencia.org\/litterae\/wp-json\/wp\/v2\/media?parent=913"}],"curies":[{"name":"wp","href":"https:\/\/api.w.org\/{rel}","templated":true}]}}