{"id":107,"date":"2023-01-26T18:52:17","date_gmt":"2023-01-26T18:52:17","guid":{"rendered":"https:\/\/culturayciencia.org\/stop-violencia-sexual\/?page_id=107"},"modified":"2023-01-26T18:53:04","modified_gmt":"2023-01-26T18:53:04","slug":"conferencia","status":"publish","type":"page","link":"https:\/\/culturayciencia.org\/stop-violencia-sexual\/recursos-digitales\/conferencia\/","title":{"rendered":"Conferencia"},"content":{"rendered":"\n<div style=\"height:20px\" aria-hidden=\"true\" class=\"wp-block-spacer\"><\/div>\n\n\n\n<p class=\"has-text-align-center has-medium-font-size\"><strong>ROSA COBO<\/strong><br><strong>LA INDUSTRIA DEL SEXO Y EL CAPITALISMO NEOLIBERAL<\/strong><\/p>\n\n\n\n<p>Conferencia impartida por la profesora de Sociolog\u00eda del G\u00e9nero en la Universidad de A Coru\u00f1a Rosa Cobo Bed\u00eda, donde se analiz\u00f3 c\u00f3mo la industria del sexo creci\u00f3 al abrigo de las pol\u00edticas econ\u00f3micas neoliberales y de la globalizaci\u00f3n econ\u00f3mica hasta el extremo de convertirse en una estrategia de desarrollo para algunos pa\u00edses perif\u00e9ricos, en un fuerte v\u00ednculo entre prostituci\u00f3n, pornograf\u00eda y econom\u00eda criminal.<\/p>\n\n\n\n<div class=\"wp-block-columns is-layout-flex wp-container-core-columns-is-layout-9d6595d7 wp-block-columns-is-layout-flex\">\n<div class=\"wp-block-column is-layout-flow wp-block-column-is-layout-flow\">\n<figure class=\"wp-block-embed is-type-video is-provider-youtube wp-block-embed-youtube wp-embed-aspect-16-9 wp-has-aspect-ratio\"><div class=\"wp-block-embed__wrapper\">\n<iframe loading=\"lazy\" title=\"Rosa Cobo - La industria del sexo y el capitalismo neoliberal (25-1-2019)\" width=\"1200\" height=\"675\" src=\"https:\/\/www.youtube.com\/embed\/SKEfZbLVAXk?start=2&#038;feature=oembed\" frameborder=\"0\" allow=\"accelerometer; autoplay; clipboard-write; encrypted-media; gyroscope; picture-in-picture; web-share\" referrerpolicy=\"strict-origin-when-cross-origin\" allowfullscreen><\/iframe>\n<\/div><\/figure>\n\n\n\n<p><\/p>\n<\/div>\n<\/div>\n","protected":false},"excerpt":{"rendered":"<p>ROSA COBOLA INDUSTRIA DEL SEXO Y EL CAPITALISMO NEOLIBERAL Conferencia impartida por la profesora de Sociolog\u00eda del G\u00e9nero en la Universidad de A Coru\u00f1a Rosa Cobo Bed\u00eda, donde se analiz\u00f3 c\u00f3mo la industria del sexo creci\u00f3 al abrigo de las pol\u00edticas econ\u00f3micas neoliberales y de la globalizaci\u00f3n econ\u00f3mica hasta el extremo de convertirse en una &#8230; <a title=\"Conferencia\" class=\"read-more\" href=\"https:\/\/culturayciencia.org\/stop-violencia-sexual\/recursos-digitales\/conferencia\/\" aria-label=\"Leer m\u00e1s sobre Conferencia\">Leer m\u00e1s<\/a><\/p>\n","protected":false},"author":1,"featured_media":0,"parent":37,"menu_order":0,"comment_status":"closed","ping_status":"closed","template":"","meta":{"om_disable_all_campaigns":false,"_uag_custom_page_level_css":"","_monsterinsights_skip_tracking":false,"_monsterinsights_sitenote_active":false,"_monsterinsights_sitenote_note":"","_monsterinsights_sitenote_category":0,"footnotes":""},"class_list":["post-107","page","type-page","status-publish"],"yoast_head":"<!-- This site is optimized with the Yoast SEO plugin v27.4 - https:\/\/yoast.com\/product\/yoast-seo-wordpress\/ -->\n<title>Conferencia - Stop. Violencia Sexual<\/title>\n<meta name=\"robots\" content=\"index, follow, max-snippet:-1, max-image-preview:large, max-video-preview:-1\" \/>\n<link rel=\"canonical\" href=\"https:\/\/culturayciencia.org\/stop-violencia-sexual\/recursos-digitales\/conferencia\/\" \/>\n<meta property=\"og:locale\" content=\"es_ES\" \/>\n<meta property=\"og:type\" content=\"article\" \/>\n<meta property=\"og:title\" content=\"Conferencia - Stop. Violencia Sexual\" \/>\n<meta property=\"og:description\" content=\"ROSA COBOLA INDUSTRIA DEL SEXO Y EL CAPITALISMO NEOLIBERAL Conferencia impartida por la profesora de Sociolog\u00eda del G\u00e9nero en la Universidad de A Coru\u00f1a Rosa Cobo Bed\u00eda, donde se analiz\u00f3 c\u00f3mo la industria del sexo creci\u00f3 al abrigo de las pol\u00edticas econ\u00f3micas neoliberales y de la globalizaci\u00f3n econ\u00f3mica hasta el extremo de convertirse en una ... Leer m\u00e1s\" \/>\n<meta property=\"og:url\" content=\"https:\/\/culturayciencia.org\/stop-violencia-sexual\/recursos-digitales\/conferencia\/\" \/>\n<meta property=\"og:site_name\" content=\"Stop. Violencia Sexual\" \/>\n<meta property=\"article:modified_time\" content=\"2023-01-26T18:53:04+00:00\" \/>\n<meta name=\"twitter:card\" content=\"summary_large_image\" \/>\n<meta name=\"twitter:label1\" content=\"Tiempo de lectura\" \/>\n\t<meta name=\"twitter:data1\" content=\"1 minuto\" \/>\n<script type=\"application\/ld+json\" class=\"yoast-schema-graph\">{\"@context\":\"https:\\\/\\\/schema.org\",\"@graph\":[{\"@type\":\"WebPage\",\"@id\":\"https:\\\/\\\/culturayciencia.org\\\/stop-violencia-sexual\\\/recursos-digitales\\\/conferencia\\\/\",\"url\":\"https:\\\/\\\/culturayciencia.org\\\/stop-violencia-sexual\\\/recursos-digitales\\\/conferencia\\\/\",\"name\":\"Conferencia - Stop. Violencia Sexual\",\"isPartOf\":{\"@id\":\"https:\\\/\\\/culturayciencia.org\\\/stop-violencia-sexual\\\/#website\"},\"datePublished\":\"2023-01-26T18:52:17+00:00\",\"dateModified\":\"2023-01-26T18:53:04+00:00\",\"breadcrumb\":{\"@id\":\"https:\\\/\\\/culturayciencia.org\\\/stop-violencia-sexual\\\/recursos-digitales\\\/conferencia\\\/#breadcrumb\"},\"inLanguage\":\"es\",\"potentialAction\":[{\"@type\":\"ReadAction\",\"target\":[\"https:\\\/\\\/culturayciencia.org\\\/stop-violencia-sexual\\\/recursos-digitales\\\/conferencia\\\/\"]}]},{\"@type\":\"BreadcrumbList\",\"@id\":\"https:\\\/\\\/culturayciencia.org\\\/stop-violencia-sexual\\\/recursos-digitales\\\/conferencia\\\/#breadcrumb\",\"itemListElement\":[{\"@type\":\"ListItem\",\"position\":1,\"name\":\"Portada\",\"item\":\"https:\\\/\\\/culturayciencia.org\\\/stop-violencia-sexual\\\/\"},{\"@type\":\"ListItem\",\"position\":2,\"name\":\"Recursos digitales\",\"item\":\"https:\\\/\\\/culturayciencia.org\\\/stop-violencia-sexual\\\/recursos-digitales\\\/\"},{\"@type\":\"ListItem\",\"position\":3,\"name\":\"Conferencia\"}]},{\"@type\":\"WebSite\",\"@id\":\"https:\\\/\\\/culturayciencia.org\\\/stop-violencia-sexual\\\/#website\",\"url\":\"https:\\\/\\\/culturayciencia.org\\\/stop-violencia-sexual\\\/\",\"name\":\"Stop. Violencia Sexual\",\"description\":\"\",\"publisher\":{\"@id\":\"https:\\\/\\\/culturayciencia.org\\\/stop-violencia-sexual\\\/#organization\"},\"potentialAction\":[{\"@type\":\"SearchAction\",\"target\":{\"@type\":\"EntryPoint\",\"urlTemplate\":\"https:\\\/\\\/culturayciencia.org\\\/stop-violencia-sexual\\\/?s={search_term_string}\"},\"query-input\":{\"@type\":\"PropertyValueSpecification\",\"valueRequired\":true,\"valueName\":\"search_term_string\"}}],\"inLanguage\":\"es\"},{\"@type\":\"Organization\",\"@id\":\"https:\\\/\\\/culturayciencia.org\\\/stop-violencia-sexual\\\/#organization\",\"name\":\"Stop. Violencia Sexual\",\"url\":\"https:\\\/\\\/culturayciencia.org\\\/stop-violencia-sexual\\\/\",\"logo\":{\"@type\":\"ImageObject\",\"inLanguage\":\"es\",\"@id\":\"https:\\\/\\\/culturayciencia.org\\\/stop-violencia-sexual\\\/#\\\/schema\\\/logo\\\/image\\\/\",\"url\":\"https:\\\/\\\/culturayciencia.org\\\/stop-violencia-sexual\\\/wp-content\\\/uploads\\\/2023\\\/01\\\/Stop-violencia-sexual-logo-banner-01.png\",\"contentUrl\":\"https:\\\/\\\/culturayciencia.org\\\/stop-violencia-sexual\\\/wp-content\\\/uploads\\\/2023\\\/01\\\/Stop-violencia-sexual-logo-banner-01.png\",\"width\":786,\"height\":346,\"caption\":\"Stop. Violencia Sexual\"},\"image\":{\"@id\":\"https:\\\/\\\/culturayciencia.org\\\/stop-violencia-sexual\\\/#\\\/schema\\\/logo\\\/image\\\/\"}}]}<\/script>\n<!-- \/ Yoast SEO plugin. -->","yoast_head_json":{"title":"Conferencia - Stop. Violencia Sexual","robots":{"index":"index","follow":"follow","max-snippet":"max-snippet:-1","max-image-preview":"max-image-preview:large","max-video-preview":"max-video-preview:-1"},"canonical":"https:\/\/culturayciencia.org\/stop-violencia-sexual\/recursos-digitales\/conferencia\/","og_locale":"es_ES","og_type":"article","og_title":"Conferencia - Stop. Violencia Sexual","og_description":"ROSA COBOLA INDUSTRIA DEL SEXO Y EL CAPITALISMO NEOLIBERAL Conferencia impartida por la profesora de Sociolog\u00eda del G\u00e9nero en la Universidad de A Coru\u00f1a Rosa Cobo Bed\u00eda, donde se analiz\u00f3 c\u00f3mo la industria del sexo creci\u00f3 al abrigo de las pol\u00edticas econ\u00f3micas neoliberales y de la globalizaci\u00f3n econ\u00f3mica hasta el extremo de convertirse en una ... Leer m\u00e1s","og_url":"https:\/\/culturayciencia.org\/stop-violencia-sexual\/recursos-digitales\/conferencia\/","og_site_name":"Stop. Violencia Sexual","article_modified_time":"2023-01-26T18:53:04+00:00","twitter_card":"summary_large_image","twitter_misc":{"Tiempo de lectura":"1 minuto"},"schema":{"@context":"https:\/\/schema.org","@graph":[{"@type":"WebPage","@id":"https:\/\/culturayciencia.org\/stop-violencia-sexual\/recursos-digitales\/conferencia\/","url":"https:\/\/culturayciencia.org\/stop-violencia-sexual\/recursos-digitales\/conferencia\/","name":"Conferencia - Stop. Violencia Sexual","isPartOf":{"@id":"https:\/\/culturayciencia.org\/stop-violencia-sexual\/#website"},"datePublished":"2023-01-26T18:52:17+00:00","dateModified":"2023-01-26T18:53:04+00:00","breadcrumb":{"@id":"https:\/\/culturayciencia.org\/stop-violencia-sexual\/recursos-digitales\/conferencia\/#breadcrumb"},"inLanguage":"es","potentialAction":[{"@type":"ReadAction","target":["https:\/\/culturayciencia.org\/stop-violencia-sexual\/recursos-digitales\/conferencia\/"]}]},{"@type":"BreadcrumbList","@id":"https:\/\/culturayciencia.org\/stop-violencia-sexual\/recursos-digitales\/conferencia\/#breadcrumb","itemListElement":[{"@type":"ListItem","position":1,"name":"Portada","item":"https:\/\/culturayciencia.org\/stop-violencia-sexual\/"},{"@type":"ListItem","position":2,"name":"Recursos digitales","item":"https:\/\/culturayciencia.org\/stop-violencia-sexual\/recursos-digitales\/"},{"@type":"ListItem","position":3,"name":"Conferencia"}]},{"@type":"WebSite","@id":"https:\/\/culturayciencia.org\/stop-violencia-sexual\/#website","url":"https:\/\/culturayciencia.org\/stop-violencia-sexual\/","name":"Stop. Violencia Sexual","description":"","publisher":{"@id":"https:\/\/culturayciencia.org\/stop-violencia-sexual\/#organization"},"potentialAction":[{"@type":"SearchAction","target":{"@type":"EntryPoint","urlTemplate":"https:\/\/culturayciencia.org\/stop-violencia-sexual\/?s={search_term_string}"},"query-input":{"@type":"PropertyValueSpecification","valueRequired":true,"valueName":"search_term_string"}}],"inLanguage":"es"},{"@type":"Organization","@id":"https:\/\/culturayciencia.org\/stop-violencia-sexual\/#organization","name":"Stop. Violencia Sexual","url":"https:\/\/culturayciencia.org\/stop-violencia-sexual\/","logo":{"@type":"ImageObject","inLanguage":"es","@id":"https:\/\/culturayciencia.org\/stop-violencia-sexual\/#\/schema\/logo\/image\/","url":"https:\/\/culturayciencia.org\/stop-violencia-sexual\/wp-content\/uploads\/2023\/01\/Stop-violencia-sexual-logo-banner-01.png","contentUrl":"https:\/\/culturayciencia.org\/stop-violencia-sexual\/wp-content\/uploads\/2023\/01\/Stop-violencia-sexual-logo-banner-01.png","width":786,"height":346,"caption":"Stop. Violencia Sexual"},"image":{"@id":"https:\/\/culturayciencia.org\/stop-violencia-sexual\/#\/schema\/logo\/image\/"}}]}},"uagb_featured_image_src":{"full":false,"thumbnail":false,"medium":false,"medium_large":false,"large":false,"1536x1536":false,"2048x2048":false},"uagb_author_info":{"display_name":false,"author_link":"https:\/\/culturayciencia.org\/stop-violencia-sexual\/author\/amelia\/"},"uagb_comment_info":0,"uagb_excerpt":"ROSA COBOLA INDUSTRIA DEL SEXO Y EL CAPITALISMO NEOLIBERAL Conferencia impartida por la profesora de Sociolog\u00eda del G\u00e9nero en la Universidad de A Coru\u00f1a Rosa Cobo Bed\u00eda, donde se analiz\u00f3 c\u00f3mo la industria del sexo creci\u00f3 al abrigo de las pol\u00edticas econ\u00f3micas neoliberales y de la globalizaci\u00f3n econ\u00f3mica hasta el extremo de convertirse en una&hellip;","_links":{"self":[{"href":"https:\/\/culturayciencia.org\/stop-violencia-sexual\/wp-json\/wp\/v2\/pages\/107","targetHints":{"allow":["GET"]}}],"collection":[{"href":"https:\/\/culturayciencia.org\/stop-violencia-sexual\/wp-json\/wp\/v2\/pages"}],"about":[{"href":"https:\/\/culturayciencia.org\/stop-violencia-sexual\/wp-json\/wp\/v2\/types\/page"}],"author":[{"embeddable":true,"href":"https:\/\/culturayciencia.org\/stop-violencia-sexual\/wp-json\/wp\/v2\/users\/1"}],"replies":[{"embeddable":true,"href":"https:\/\/culturayciencia.org\/stop-violencia-sexual\/wp-json\/wp\/v2\/comments?post=107"}],"version-history":[{"count":0,"href":"https:\/\/culturayciencia.org\/stop-violencia-sexual\/wp-json\/wp\/v2\/pages\/107\/revisions"}],"up":[{"embeddable":true,"href":"https:\/\/culturayciencia.org\/stop-violencia-sexual\/wp-json\/wp\/v2\/pages\/37"}],"wp:attachment":[{"href":"https:\/\/culturayciencia.org\/stop-violencia-sexual\/wp-json\/wp\/v2\/media?parent=107"}],"curies":[{"name":"wp","href":"https:\/\/api.w.org\/{rel}","templated":true}]}}