{"id":111,"date":"2023-01-26T19:15:53","date_gmt":"2023-01-26T19:15:53","guid":{"rendered":"https:\/\/culturayciencia.org\/stop-violencia-sexual\/?page_id=111"},"modified":"2023-01-26T19:27:20","modified_gmt":"2023-01-26T19:27:20","slug":"articulos-de-prensa","status":"publish","type":"page","link":"https:\/\/culturayciencia.org\/stop-violencia-sexual\/recursos-digitales\/articulos-de-prensa\/","title":{"rendered":"Art\u00edculos de prensa"},"content":{"rendered":"\n<p><\/p>\n\n\n\n<p class=\"has-text-align-center has-large-font-size\"><strong>PERI\u00d3DICO P\u00daBLICO<\/strong><\/p>\n\n\n\n<div class=\"wp-block-columns is-layout-flex wp-container-core-columns-is-layout-9d6595d7 wp-block-columns-is-layout-flex\">\n<div class=\"wp-block-column is-layout-flow wp-block-column-is-layout-flow\">\n<p class=\"has-text-align-center has-medium-font-size\"><strong>Cuando la Rep\u00fablica dijo <\/strong><br><strong>s\u00ed a la abolici\u00f3n de la prostituci\u00f3n<\/strong><\/p>\n\n\n\n<figure class=\"wp-block-image size-large\"><img loading=\"lazy\" decoding=\"async\" width=\"1024\" height=\"616\" src=\"https:\/\/culturayciencia.org\/stop-violencia-sexual\/wp-content\/uploads\/2023\/01\/articulo_prensa_stop_violencia-1024x616.jpg\" alt=\"\" class=\"wp-image-112\" srcset=\"https:\/\/culturayciencia.org\/stop-violencia-sexual\/wp-content\/uploads\/2023\/01\/articulo_prensa_stop_violencia-1024x616.jpg 1024w, https:\/\/culturayciencia.org\/stop-violencia-sexual\/wp-content\/uploads\/2023\/01\/articulo_prensa_stop_violencia-300x180.jpg 300w, https:\/\/culturayciencia.org\/stop-violencia-sexual\/wp-content\/uploads\/2023\/01\/articulo_prensa_stop_violencia-768x462.jpg 768w, https:\/\/culturayciencia.org\/stop-violencia-sexual\/wp-content\/uploads\/2023\/01\/articulo_prensa_stop_violencia.jpg 1500w\" sizes=\"auto, (max-width: 1024px) 100vw, 1024px\" \/><\/figure>\n<\/div>\n\n\n\n<div class=\"wp-block-column is-layout-flow wp-block-column-is-layout-flow\">\n<p>1932 fue el a\u00f1o en el que el debate sobre la prostituci\u00f3n lleg\u00f3 al Congreso, con un discurso ejemplar de Clara Campoamor. Hasta 1935 no se aprobar\u00eda por decreto el abolicionismo, como una forma de garantizar la igualdad entre hombres y mujeres. Sin embargo, para muchos sectores, fue una resoluci\u00f3n poco ambiciosa.<\/p>\n\n\n\n<p>\u201cQueda suprimida la reglamentaci\u00f3n de la prostituci\u00f3n, el ejercicio de la cual no se reconoce en Espa\u00f1a a partir de este Decreto como medio l\u00edcito de vida\u201d. Este fue el&nbsp;<a href=\"https:\/\/www.boe.es\/datos\/pdfs\/BOE\/\/1935\/181\/A02556-02558.pdf\" target=\"_blank\" rel=\"noreferrer noopener\">art\u00edculo 1<\/a>&nbsp;del decreto del 23 de junio de 1935&#8230;<\/p>\n\n\n\n<div class=\"wp-block-uagb-buttons uagb-buttons__outer-wrap uagb-btn__default-btn uagb-btn-tablet__default-btn uagb-btn-mobile__default-btn uagb-block-7bdeb505\"><div class=\"uagb-buttons__wrap uagb-buttons-layout-wrap\">\n<div class=\"wp-block-uagb-buttons-child uagb-buttons__outer-wrap uagb-block-988252c1 wp-block-button is-style-outline\"><div class=\"uagb-button__wrapper\"><a class=\"uagb-buttons-repeater wp-block-button__link has-background has-text-color\" href=\"https:\/\/www.publico.es\/sociedad\/abolicionismo-republica-dijo-abolicion-prostitucion.html\" onclick=\"return true;\" rel=\"follow noopener\" target=\"_blank\"><div class=\"uagb-button__link\">Leer art\u00edculo completo<\/div><\/a><\/div><\/div>\n<\/div><\/div>\n<\/div>\n<\/div>\n","protected":false},"excerpt":{"rendered":"<p>PERI\u00d3DICO P\u00daBLICO Cuando la Rep\u00fablica dijo s\u00ed a la abolici\u00f3n de la prostituci\u00f3n 1932 fue el a\u00f1o en el que el debate sobre la prostituci\u00f3n lleg\u00f3 al Congreso, con un discurso ejemplar de Clara Campoamor. Hasta 1935 no se aprobar\u00eda por decreto el abolicionismo, como una forma de garantizar la igualdad entre hombres y mujeres. &#8230; <a title=\"Art\u00edculos de prensa\" class=\"read-more\" href=\"https:\/\/culturayciencia.org\/stop-violencia-sexual\/recursos-digitales\/articulos-de-prensa\/\" aria-label=\"Leer m\u00e1s sobre Art\u00edculos de prensa\">Leer m\u00e1s<\/a><\/p>\n","protected":false},"author":1,"featured_media":0,"parent":37,"menu_order":0,"comment_status":"closed","ping_status":"closed","template":"","meta":{"om_disable_all_campaigns":false,"_uag_custom_page_level_css":"","_monsterinsights_skip_tracking":false,"_monsterinsights_sitenote_active":false,"_monsterinsights_sitenote_note":"","_monsterinsights_sitenote_category":0,"footnotes":""},"class_list":["post-111","page","type-page","status-publish"],"yoast_head":"<!-- This site is optimized with the Yoast SEO plugin v27.4 - https:\/\/yoast.com\/product\/yoast-seo-wordpress\/ -->\n<title>Art\u00edculos de prensa - Stop. Violencia Sexual<\/title>\n<meta name=\"robots\" content=\"index, follow, max-snippet:-1, max-image-preview:large, max-video-preview:-1\" \/>\n<link rel=\"canonical\" href=\"https:\/\/culturayciencia.org\/stop-violencia-sexual\/recursos-digitales\/articulos-de-prensa\/\" \/>\n<meta property=\"og:locale\" content=\"es_ES\" \/>\n<meta property=\"og:type\" content=\"article\" \/>\n<meta property=\"og:title\" content=\"Art\u00edculos de prensa - Stop. Violencia Sexual\" \/>\n<meta property=\"og:description\" content=\"PERI\u00d3DICO P\u00daBLICO Cuando la Rep\u00fablica dijo s\u00ed a la abolici\u00f3n de la prostituci\u00f3n 1932 fue el a\u00f1o en el que el debate sobre la prostituci\u00f3n lleg\u00f3 al Congreso, con un discurso ejemplar de Clara Campoamor. Hasta 1935 no se aprobar\u00eda por decreto el abolicionismo, como una forma de garantizar la igualdad entre hombres y mujeres. ... Leer m\u00e1s\" \/>\n<meta property=\"og:url\" content=\"https:\/\/culturayciencia.org\/stop-violencia-sexual\/recursos-digitales\/articulos-de-prensa\/\" \/>\n<meta property=\"og:site_name\" content=\"Stop. Violencia Sexual\" \/>\n<meta property=\"article:modified_time\" content=\"2023-01-26T19:27:20+00:00\" \/>\n<meta property=\"og:image\" content=\"https:\/\/culturayciencia.org\/stop-violencia-sexual\/wp-content\/uploads\/2023\/01\/articulo_prensa_stop_violencia-1024x616.jpg\" \/>\n<meta name=\"twitter:card\" content=\"summary_large_image\" \/>\n<meta name=\"twitter:label1\" content=\"Tiempo de lectura\" \/>\n\t<meta name=\"twitter:data1\" content=\"1 minuto\" \/>\n<script type=\"application\/ld+json\" class=\"yoast-schema-graph\">{\"@context\":\"https:\\\/\\\/schema.org\",\"@graph\":[{\"@type\":\"WebPage\",\"@id\":\"https:\\\/\\\/culturayciencia.org\\\/stop-violencia-sexual\\\/recursos-digitales\\\/articulos-de-prensa\\\/\",\"url\":\"https:\\\/\\\/culturayciencia.org\\\/stop-violencia-sexual\\\/recursos-digitales\\\/articulos-de-prensa\\\/\",\"name\":\"Art\u00edculos de prensa - Stop. Violencia Sexual\",\"isPartOf\":{\"@id\":\"https:\\\/\\\/culturayciencia.org\\\/stop-violencia-sexual\\\/#website\"},\"primaryImageOfPage\":{\"@id\":\"https:\\\/\\\/culturayciencia.org\\\/stop-violencia-sexual\\\/recursos-digitales\\\/articulos-de-prensa\\\/#primaryimage\"},\"image\":{\"@id\":\"https:\\\/\\\/culturayciencia.org\\\/stop-violencia-sexual\\\/recursos-digitales\\\/articulos-de-prensa\\\/#primaryimage\"},\"thumbnailUrl\":\"https:\\\/\\\/culturayciencia.org\\\/stop-violencia-sexual\\\/wp-content\\\/uploads\\\/2023\\\/01\\\/articulo_prensa_stop_violencia-1024x616.jpg\",\"datePublished\":\"2023-01-26T19:15:53+00:00\",\"dateModified\":\"2023-01-26T19:27:20+00:00\",\"breadcrumb\":{\"@id\":\"https:\\\/\\\/culturayciencia.org\\\/stop-violencia-sexual\\\/recursos-digitales\\\/articulos-de-prensa\\\/#breadcrumb\"},\"inLanguage\":\"es\",\"potentialAction\":[{\"@type\":\"ReadAction\",\"target\":[\"https:\\\/\\\/culturayciencia.org\\\/stop-violencia-sexual\\\/recursos-digitales\\\/articulos-de-prensa\\\/\"]}]},{\"@type\":\"ImageObject\",\"inLanguage\":\"es\",\"@id\":\"https:\\\/\\\/culturayciencia.org\\\/stop-violencia-sexual\\\/recursos-digitales\\\/articulos-de-prensa\\\/#primaryimage\",\"url\":\"https:\\\/\\\/culturayciencia.org\\\/stop-violencia-sexual\\\/wp-content\\\/uploads\\\/2023\\\/01\\\/articulo_prensa_stop_violencia.jpg\",\"contentUrl\":\"https:\\\/\\\/culturayciencia.org\\\/stop-violencia-sexual\\\/wp-content\\\/uploads\\\/2023\\\/01\\\/articulo_prensa_stop_violencia.jpg\",\"width\":1500,\"height\":902},{\"@type\":\"BreadcrumbList\",\"@id\":\"https:\\\/\\\/culturayciencia.org\\\/stop-violencia-sexual\\\/recursos-digitales\\\/articulos-de-prensa\\\/#breadcrumb\",\"itemListElement\":[{\"@type\":\"ListItem\",\"position\":1,\"name\":\"Portada\",\"item\":\"https:\\\/\\\/culturayciencia.org\\\/stop-violencia-sexual\\\/\"},{\"@type\":\"ListItem\",\"position\":2,\"name\":\"Recursos digitales\",\"item\":\"https:\\\/\\\/culturayciencia.org\\\/stop-violencia-sexual\\\/recursos-digitales\\\/\"},{\"@type\":\"ListItem\",\"position\":3,\"name\":\"Art\u00edculos de prensa\"}]},{\"@type\":\"WebSite\",\"@id\":\"https:\\\/\\\/culturayciencia.org\\\/stop-violencia-sexual\\\/#website\",\"url\":\"https:\\\/\\\/culturayciencia.org\\\/stop-violencia-sexual\\\/\",\"name\":\"Stop. Violencia Sexual\",\"description\":\"\",\"publisher\":{\"@id\":\"https:\\\/\\\/culturayciencia.org\\\/stop-violencia-sexual\\\/#organization\"},\"potentialAction\":[{\"@type\":\"SearchAction\",\"target\":{\"@type\":\"EntryPoint\",\"urlTemplate\":\"https:\\\/\\\/culturayciencia.org\\\/stop-violencia-sexual\\\/?s={search_term_string}\"},\"query-input\":{\"@type\":\"PropertyValueSpecification\",\"valueRequired\":true,\"valueName\":\"search_term_string\"}}],\"inLanguage\":\"es\"},{\"@type\":\"Organization\",\"@id\":\"https:\\\/\\\/culturayciencia.org\\\/stop-violencia-sexual\\\/#organization\",\"name\":\"Stop. Violencia Sexual\",\"url\":\"https:\\\/\\\/culturayciencia.org\\\/stop-violencia-sexual\\\/\",\"logo\":{\"@type\":\"ImageObject\",\"inLanguage\":\"es\",\"@id\":\"https:\\\/\\\/culturayciencia.org\\\/stop-violencia-sexual\\\/#\\\/schema\\\/logo\\\/image\\\/\",\"url\":\"https:\\\/\\\/culturayciencia.org\\\/stop-violencia-sexual\\\/wp-content\\\/uploads\\\/2023\\\/01\\\/Stop-violencia-sexual-logo-banner-01.png\",\"contentUrl\":\"https:\\\/\\\/culturayciencia.org\\\/stop-violencia-sexual\\\/wp-content\\\/uploads\\\/2023\\\/01\\\/Stop-violencia-sexual-logo-banner-01.png\",\"width\":786,\"height\":346,\"caption\":\"Stop. Violencia Sexual\"},\"image\":{\"@id\":\"https:\\\/\\\/culturayciencia.org\\\/stop-violencia-sexual\\\/#\\\/schema\\\/logo\\\/image\\\/\"}}]}<\/script>\n<!-- \/ Yoast SEO plugin. -->","yoast_head_json":{"title":"Art\u00edculos de prensa - Stop. Violencia Sexual","robots":{"index":"index","follow":"follow","max-snippet":"max-snippet:-1","max-image-preview":"max-image-preview:large","max-video-preview":"max-video-preview:-1"},"canonical":"https:\/\/culturayciencia.org\/stop-violencia-sexual\/recursos-digitales\/articulos-de-prensa\/","og_locale":"es_ES","og_type":"article","og_title":"Art\u00edculos de prensa - Stop. Violencia Sexual","og_description":"PERI\u00d3DICO P\u00daBLICO Cuando la Rep\u00fablica dijo s\u00ed a la abolici\u00f3n de la prostituci\u00f3n 1932 fue el a\u00f1o en el que el debate sobre la prostituci\u00f3n lleg\u00f3 al Congreso, con un discurso ejemplar de Clara Campoamor. Hasta 1935 no se aprobar\u00eda por decreto el abolicionismo, como una forma de garantizar la igualdad entre hombres y mujeres. ... Leer m\u00e1s","og_url":"https:\/\/culturayciencia.org\/stop-violencia-sexual\/recursos-digitales\/articulos-de-prensa\/","og_site_name":"Stop. Violencia Sexual","article_modified_time":"2023-01-26T19:27:20+00:00","og_image":[{"url":"https:\/\/culturayciencia.org\/stop-violencia-sexual\/wp-content\/uploads\/2023\/01\/articulo_prensa_stop_violencia-1024x616.jpg","type":"","width":"","height":""}],"twitter_card":"summary_large_image","twitter_misc":{"Tiempo de lectura":"1 minuto"},"schema":{"@context":"https:\/\/schema.org","@graph":[{"@type":"WebPage","@id":"https:\/\/culturayciencia.org\/stop-violencia-sexual\/recursos-digitales\/articulos-de-prensa\/","url":"https:\/\/culturayciencia.org\/stop-violencia-sexual\/recursos-digitales\/articulos-de-prensa\/","name":"Art\u00edculos de prensa - Stop. Violencia Sexual","isPartOf":{"@id":"https:\/\/culturayciencia.org\/stop-violencia-sexual\/#website"},"primaryImageOfPage":{"@id":"https:\/\/culturayciencia.org\/stop-violencia-sexual\/recursos-digitales\/articulos-de-prensa\/#primaryimage"},"image":{"@id":"https:\/\/culturayciencia.org\/stop-violencia-sexual\/recursos-digitales\/articulos-de-prensa\/#primaryimage"},"thumbnailUrl":"https:\/\/culturayciencia.org\/stop-violencia-sexual\/wp-content\/uploads\/2023\/01\/articulo_prensa_stop_violencia-1024x616.jpg","datePublished":"2023-01-26T19:15:53+00:00","dateModified":"2023-01-26T19:27:20+00:00","breadcrumb":{"@id":"https:\/\/culturayciencia.org\/stop-violencia-sexual\/recursos-digitales\/articulos-de-prensa\/#breadcrumb"},"inLanguage":"es","potentialAction":[{"@type":"ReadAction","target":["https:\/\/culturayciencia.org\/stop-violencia-sexual\/recursos-digitales\/articulos-de-prensa\/"]}]},{"@type":"ImageObject","inLanguage":"es","@id":"https:\/\/culturayciencia.org\/stop-violencia-sexual\/recursos-digitales\/articulos-de-prensa\/#primaryimage","url":"https:\/\/culturayciencia.org\/stop-violencia-sexual\/wp-content\/uploads\/2023\/01\/articulo_prensa_stop_violencia.jpg","contentUrl":"https:\/\/culturayciencia.org\/stop-violencia-sexual\/wp-content\/uploads\/2023\/01\/articulo_prensa_stop_violencia.jpg","width":1500,"height":902},{"@type":"BreadcrumbList","@id":"https:\/\/culturayciencia.org\/stop-violencia-sexual\/recursos-digitales\/articulos-de-prensa\/#breadcrumb","itemListElement":[{"@type":"ListItem","position":1,"name":"Portada","item":"https:\/\/culturayciencia.org\/stop-violencia-sexual\/"},{"@type":"ListItem","position":2,"name":"Recursos digitales","item":"https:\/\/culturayciencia.org\/stop-violencia-sexual\/recursos-digitales\/"},{"@type":"ListItem","position":3,"name":"Art\u00edculos de prensa"}]},{"@type":"WebSite","@id":"https:\/\/culturayciencia.org\/stop-violencia-sexual\/#website","url":"https:\/\/culturayciencia.org\/stop-violencia-sexual\/","name":"Stop. Violencia Sexual","description":"","publisher":{"@id":"https:\/\/culturayciencia.org\/stop-violencia-sexual\/#organization"},"potentialAction":[{"@type":"SearchAction","target":{"@type":"EntryPoint","urlTemplate":"https:\/\/culturayciencia.org\/stop-violencia-sexual\/?s={search_term_string}"},"query-input":{"@type":"PropertyValueSpecification","valueRequired":true,"valueName":"search_term_string"}}],"inLanguage":"es"},{"@type":"Organization","@id":"https:\/\/culturayciencia.org\/stop-violencia-sexual\/#organization","name":"Stop. Violencia Sexual","url":"https:\/\/culturayciencia.org\/stop-violencia-sexual\/","logo":{"@type":"ImageObject","inLanguage":"es","@id":"https:\/\/culturayciencia.org\/stop-violencia-sexual\/#\/schema\/logo\/image\/","url":"https:\/\/culturayciencia.org\/stop-violencia-sexual\/wp-content\/uploads\/2023\/01\/Stop-violencia-sexual-logo-banner-01.png","contentUrl":"https:\/\/culturayciencia.org\/stop-violencia-sexual\/wp-content\/uploads\/2023\/01\/Stop-violencia-sexual-logo-banner-01.png","width":786,"height":346,"caption":"Stop. Violencia Sexual"},"image":{"@id":"https:\/\/culturayciencia.org\/stop-violencia-sexual\/#\/schema\/logo\/image\/"}}]}},"uagb_featured_image_src":{"full":false,"thumbnail":false,"medium":false,"medium_large":false,"large":false,"1536x1536":false,"2048x2048":false},"uagb_author_info":{"display_name":false,"author_link":"https:\/\/culturayciencia.org\/stop-violencia-sexual\/author\/amelia\/"},"uagb_comment_info":0,"uagb_excerpt":"PERI\u00d3DICO P\u00daBLICO Cuando la Rep\u00fablica dijo s\u00ed a la abolici\u00f3n de la prostituci\u00f3n 1932 fue el a\u00f1o en el que el debate sobre la prostituci\u00f3n lleg\u00f3 al Congreso, con un discurso ejemplar de Clara Campoamor. Hasta 1935 no se aprobar\u00eda por decreto el abolicionismo, como una forma de garantizar la igualdad entre hombres y mujeres.&hellip;","_links":{"self":[{"href":"https:\/\/culturayciencia.org\/stop-violencia-sexual\/wp-json\/wp\/v2\/pages\/111","targetHints":{"allow":["GET"]}}],"collection":[{"href":"https:\/\/culturayciencia.org\/stop-violencia-sexual\/wp-json\/wp\/v2\/pages"}],"about":[{"href":"https:\/\/culturayciencia.org\/stop-violencia-sexual\/wp-json\/wp\/v2\/types\/page"}],"author":[{"embeddable":true,"href":"https:\/\/culturayciencia.org\/stop-violencia-sexual\/wp-json\/wp\/v2\/users\/1"}],"replies":[{"embeddable":true,"href":"https:\/\/culturayciencia.org\/stop-violencia-sexual\/wp-json\/wp\/v2\/comments?post=111"}],"version-history":[{"count":0,"href":"https:\/\/culturayciencia.org\/stop-violencia-sexual\/wp-json\/wp\/v2\/pages\/111\/revisions"}],"up":[{"embeddable":true,"href":"https:\/\/culturayciencia.org\/stop-violencia-sexual\/wp-json\/wp\/v2\/pages\/37"}],"wp:attachment":[{"href":"https:\/\/culturayciencia.org\/stop-violencia-sexual\/wp-json\/wp\/v2\/media?parent=111"}],"curies":[{"name":"wp","href":"https:\/\/api.w.org\/{rel}","templated":true}]}}