{"id":146,"date":"2023-01-27T15:59:27","date_gmt":"2023-01-27T15:59:27","guid":{"rendered":"https:\/\/culturayciencia.org\/stop-violencia-sexual\/?page_id=146"},"modified":"2023-02-08T09:19:45","modified_gmt":"2023-02-08T09:19:45","slug":"peliculas","status":"publish","type":"page","link":"https:\/\/culturayciencia.org\/stop-violencia-sexual\/recursos-digitales\/peliculas\/","title":{"rendered":"Pel\u00edculas"},"content":{"rendered":"\n<p><\/p>\n\n\n\n<div class=\"wp-block-columns is-layout-flex wp-container-core-columns-is-layout-9d6595d7 wp-block-columns-is-layout-flex\">\n<div class=\"wp-block-column is-layout-flow wp-block-column-is-layout-flow\">\n<figure class=\"wp-block-image size-large\"><img loading=\"lazy\" decoding=\"async\" width=\"691\" height=\"1024\" src=\"https:\/\/culturayciencia.org\/stop-violencia-sexual\/wp-content\/uploads\/2023\/01\/Promesas_dirigidas_stop_violencia_sexual-691x1024.jpg\" alt=\"\" class=\"wp-image-147\" srcset=\"https:\/\/culturayciencia.org\/stop-violencia-sexual\/wp-content\/uploads\/2023\/01\/Promesas_dirigidas_stop_violencia_sexual-691x1024.jpg 691w, https:\/\/culturayciencia.org\/stop-violencia-sexual\/wp-content\/uploads\/2023\/01\/Promesas_dirigidas_stop_violencia_sexual-203x300.jpg 203w, https:\/\/culturayciencia.org\/stop-violencia-sexual\/wp-content\/uploads\/2023\/01\/Promesas_dirigidas_stop_violencia_sexual-768x1138.jpg 768w, https:\/\/culturayciencia.org\/stop-violencia-sexual\/wp-content\/uploads\/2023\/01\/Promesas_dirigidas_stop_violencia_sexual.jpg 810w\" sizes=\"auto, (max-width: 691px) 100vw, 691px\" \/><\/figure>\n\n\n\n<p class=\"has-text-align-center has-medium-font-size\"><strong>Promesas del este <\/strong><\/p>\n\n\n\n<p class=\"has-text-align-center\">Dirigida<strong> <\/strong>por David Cronenberg y protagonizada por Viggo Mortensen y Naomi Watts<\/p>\n<\/div>\n\n\n\n<div class=\"wp-block-column is-layout-flow wp-block-column-is-layout-flow\">\n<figure class=\"wp-block-image size-full\"><img loading=\"lazy\" decoding=\"async\" width=\"300\" height=\"420\" src=\"https:\/\/culturayciencia.org\/stop-violencia-sexual\/wp-content\/uploads\/2023\/01\/Miente_stop_violencia_sexual.jpg\" alt=\"\" class=\"wp-image-148\" srcset=\"https:\/\/culturayciencia.org\/stop-violencia-sexual\/wp-content\/uploads\/2023\/01\/Miente_stop_violencia_sexual.jpg 300w, https:\/\/culturayciencia.org\/stop-violencia-sexual\/wp-content\/uploads\/2023\/01\/Miente_stop_violencia_sexual-214x300.jpg 214w\" sizes=\"auto, (max-width: 300px) 100vw, 300px\" \/><\/figure>\n\n\n\n<p class=\"has-text-align-center has-medium-font-size\"><strong>Miente&nbsp;<\/strong><\/p>\n\n\n\n<p class=\"has-text-align-center\">&nbsp;De Isabel de Ocampo ganadora del premio a mejor cortometraje de ficci\u00f3n en la edici\u00f3n de los Goya de 2008<\/p>\n<\/div>\n\n\n\n<div class=\"wp-block-column is-layout-flow wp-block-column-is-layout-flow\">\n<figure class=\"wp-block-image size-large\"><img loading=\"lazy\" decoding=\"async\" width=\"724\" height=\"1024\" src=\"https:\/\/culturayciencia.org\/stop-violencia-sexual\/wp-content\/uploads\/2023\/01\/Evelyn_stop_violencia_sexual-724x1024.jpg\" alt=\"\" class=\"wp-image-149\" srcset=\"https:\/\/culturayciencia.org\/stop-violencia-sexual\/wp-content\/uploads\/2023\/01\/Evelyn_stop_violencia_sexual-724x1024.jpg 724w, https:\/\/culturayciencia.org\/stop-violencia-sexual\/wp-content\/uploads\/2023\/01\/Evelyn_stop_violencia_sexual-212x300.jpg 212w, https:\/\/culturayciencia.org\/stop-violencia-sexual\/wp-content\/uploads\/2023\/01\/Evelyn_stop_violencia_sexual-768x1087.jpg 768w, https:\/\/culturayciencia.org\/stop-violencia-sexual\/wp-content\/uploads\/2023\/01\/Evelyn_stop_violencia_sexual.jpg 848w\" sizes=\"auto, (max-width: 724px) 100vw, 724px\" \/><\/figure>\n\n\n\n<p class=\"has-text-align-center has-medium-font-size\"><strong>Evelyn<\/strong><\/p>\n\n\n\n<p class=\"has-text-align-center\">De Isabel de Ocampo (Nominada a los Goya 2013); con Cindy D\u00edaz y Adolfo Fern\u00e1ndez<\/p>\n<\/div>\n\n\n\n<div class=\"wp-block-column is-layout-flow wp-block-column-is-layout-flow\">\n<figure class=\"wp-block-image size-large\"><img loading=\"lazy\" decoding=\"async\" width=\"773\" height=\"1024\" src=\"https:\/\/culturayciencia.org\/stop-violencia-sexual\/wp-content\/uploads\/2023\/01\/Lilya_4_ever_stop_violencia_sexual-773x1024.jpg\" alt=\"\" class=\"wp-image-150\" srcset=\"https:\/\/culturayciencia.org\/stop-violencia-sexual\/wp-content\/uploads\/2023\/01\/Lilya_4_ever_stop_violencia_sexual-773x1024.jpg 773w, https:\/\/culturayciencia.org\/stop-violencia-sexual\/wp-content\/uploads\/2023\/01\/Lilya_4_ever_stop_violencia_sexual-227x300.jpg 227w, https:\/\/culturayciencia.org\/stop-violencia-sexual\/wp-content\/uploads\/2023\/01\/Lilya_4_ever_stop_violencia_sexual-768x1017.jpg 768w, https:\/\/culturayciencia.org\/stop-violencia-sexual\/wp-content\/uploads\/2023\/01\/Lilya_4_ever_stop_violencia_sexual.jpg 906w\" sizes=\"auto, (max-width: 773px) 100vw, 773px\" \/><\/figure>\n\n\n\n<p class=\"has-text-align-center has-medium-font-size\"><strong>Lilya forever<\/strong><\/p>\n\n\n\n<p class=\"has-text-align-center\">Dirigida por Lukas Moodysson y protagonizada por Oksana Akinshina.<\/p>\n<\/div>\n<\/div>\n\n\n\n<div class=\"wp-block-columns is-layout-flex wp-container-core-columns-is-layout-9d6595d7 wp-block-columns-is-layout-flex\">\n<div class=\"wp-block-column is-layout-flow wp-block-column-is-layout-flow\">\n<figure class=\"wp-block-image size-full\"><img loading=\"lazy\" decoding=\"async\" width=\"424\" height=\"600\" src=\"https:\/\/culturayciencia.org\/stop-violencia-sexual\/wp-content\/uploads\/2023\/01\/Venganza_stop_violencia_sexual.jpg\" alt=\"\" class=\"wp-image-151\" srcset=\"https:\/\/culturayciencia.org\/stop-violencia-sexual\/wp-content\/uploads\/2023\/01\/Venganza_stop_violencia_sexual.jpg 424w, https:\/\/culturayciencia.org\/stop-violencia-sexual\/wp-content\/uploads\/2023\/01\/Venganza_stop_violencia_sexual-212x300.jpg 212w\" sizes=\"auto, (max-width: 424px) 100vw, 424px\" \/><\/figure>\n\n\n\n<p class=\"has-text-align-center has-medium-font-size\"><strong>Venganza&nbsp;<\/strong><\/p>\n\n\n\n<p class=\"has-text-align-center\">Dirigida por Luc Besson con Liam Neeson<\/p>\n<\/div>\n\n\n\n<div class=\"wp-block-column is-layout-flow wp-block-column-is-layout-flow\">\n<figure class=\"wp-block-image size-large\"><img loading=\"lazy\" decoding=\"async\" width=\"717\" height=\"1024\" src=\"https:\/\/culturayciencia.org\/stop-violencia-sexual\/wp-content\/uploads\/2023\/01\/voces_Contra_la_trata_de_mujeres_stop_violencia_sexual-717x1024.jpg\" alt=\"\" class=\"wp-image-152\" srcset=\"https:\/\/culturayciencia.org\/stop-violencia-sexual\/wp-content\/uploads\/2023\/01\/voces_Contra_la_trata_de_mujeres_stop_violencia_sexual-717x1024.jpg 717w, https:\/\/culturayciencia.org\/stop-violencia-sexual\/wp-content\/uploads\/2023\/01\/voces_Contra_la_trata_de_mujeres_stop_violencia_sexual-210x300.jpg 210w, https:\/\/culturayciencia.org\/stop-violencia-sexual\/wp-content\/uploads\/2023\/01\/voces_Contra_la_trata_de_mujeres_stop_violencia_sexual-768x1097.jpg 768w, https:\/\/culturayciencia.org\/stop-violencia-sexual\/wp-content\/uploads\/2023\/01\/voces_Contra_la_trata_de_mujeres_stop_violencia_sexual.jpg 1000w\" sizes=\"auto, (max-width: 717px) 100vw, 717px\" \/><\/figure>\n\n\n\n<p class=\"has-text-align-center has-medium-font-size\"><strong>Voces contra la trata de mujeres&nbsp;<\/strong><\/p>\n\n\n\n<p class=\"has-text-align-center\">largometraje documental dirigido por Mabel Lozano (2007)<\/p>\n<\/div>\n\n\n\n<div class=\"wp-block-column is-layout-flow wp-block-column-is-layout-flow\">\n<figure class=\"wp-block-image size-full\"><img loading=\"lazy\" decoding=\"async\" width=\"300\" height=\"424\" src=\"https:\/\/culturayciencia.org\/stop-violencia-sexual\/wp-content\/uploads\/2023\/01\/Chicas_nuevas_24_stopviolencia_sexual.jpg\" alt=\"\" class=\"wp-image-153\" srcset=\"https:\/\/culturayciencia.org\/stop-violencia-sexual\/wp-content\/uploads\/2023\/01\/Chicas_nuevas_24_stopviolencia_sexual.jpg 300w, https:\/\/culturayciencia.org\/stop-violencia-sexual\/wp-content\/uploads\/2023\/01\/Chicas_nuevas_24_stopviolencia_sexual-212x300.jpg 212w\" sizes=\"auto, (max-width: 300px) 100vw, 300px\" \/><\/figure>\n\n\n\n<p class=\"has-text-align-center has-medium-font-size\"><strong>Chicas nuevas 24 horas<\/strong><\/p>\n\n\n\n<p class=\"has-text-align-center\">Largometraje documental dirigido por Mabel Lozano (2015)<\/p>\n<\/div>\n\n\n\n<div class=\"wp-block-column is-layout-flow wp-block-column-is-layout-flow\">\n<figure class=\"wp-block-image size-large\"><img loading=\"lazy\" decoding=\"async\" width=\"717\" height=\"1024\" src=\"https:\/\/culturayciencia.org\/stop-violencia-sexual\/wp-content\/uploads\/2023\/01\/El_proxeneta_stop_violencia_sexual_pelicula-717x1024.jpg\" alt=\"\" class=\"wp-image-154\" srcset=\"https:\/\/culturayciencia.org\/stop-violencia-sexual\/wp-content\/uploads\/2023\/01\/El_proxeneta_stop_violencia_sexual_pelicula-717x1024.jpg 717w, https:\/\/culturayciencia.org\/stop-violencia-sexual\/wp-content\/uploads\/2023\/01\/El_proxeneta_stop_violencia_sexual_pelicula-210x300.jpg 210w, https:\/\/culturayciencia.org\/stop-violencia-sexual\/wp-content\/uploads\/2023\/01\/El_proxeneta_stop_violencia_sexual_pelicula-768x1097.jpg 768w, https:\/\/culturayciencia.org\/stop-violencia-sexual\/wp-content\/uploads\/2023\/01\/El_proxeneta_stop_violencia_sexual_pelicula.jpg 840w\" sizes=\"auto, (max-width: 717px) 100vw, 717px\" \/><\/figure>\n\n\n\n<p class=\"has-text-align-center has-medium-font-size\"><strong>El Proxeneta&nbsp;<\/strong><\/p>\n\n\n\n<p class=\"has-text-align-center\">Largometraje documental dirigido por Mabel Lozano (2019)<\/p>\n<\/div>\n<\/div>\n\n\n\n<div class=\"wp-block-columns is-layout-flex wp-container-core-columns-is-layout-9d6595d7 wp-block-columns-is-layout-flex\">\n<div class=\"wp-block-column is-layout-flow wp-block-column-is-layout-flow\">\n<figure class=\"wp-block-image size-large\"><img loading=\"lazy\" decoding=\"async\" width=\"724\" height=\"1024\" src=\"https:\/\/culturayciencia.org\/stop-violencia-sexual\/wp-content\/uploads\/2023\/01\/La_mosca_en_la_ceniza_stop_violencia_sexual-724x1024.jpg\" alt=\"\" class=\"wp-image-155\" srcset=\"https:\/\/culturayciencia.org\/stop-violencia-sexual\/wp-content\/uploads\/2023\/01\/La_mosca_en_la_ceniza_stop_violencia_sexual-724x1024.jpg 724w, https:\/\/culturayciencia.org\/stop-violencia-sexual\/wp-content\/uploads\/2023\/01\/La_mosca_en_la_ceniza_stop_violencia_sexual-212x300.jpg 212w, https:\/\/culturayciencia.org\/stop-violencia-sexual\/wp-content\/uploads\/2023\/01\/La_mosca_en_la_ceniza_stop_violencia_sexual-768x1087.jpg 768w, https:\/\/culturayciencia.org\/stop-violencia-sexual\/wp-content\/uploads\/2023\/01\/La_mosca_en_la_ceniza_stop_violencia_sexual.jpg 848w\" sizes=\"auto, (max-width: 724px) 100vw, 724px\" \/><\/figure>\n\n\n\n<p class=\"has-text-align-center has-medium-font-size\"><strong>La Mosca en la ceniza&nbsp;&nbsp;<\/strong><\/p>\n\n\n\n<p class=\"has-text-align-center\">De Gabriela David (2010)<\/p>\n<\/div>\n\n\n\n<div class=\"wp-block-column is-layout-flow wp-block-column-is-layout-flow\">\n<figure class=\"wp-block-image size-full\"><img loading=\"lazy\" decoding=\"async\" width=\"300\" height=\"437\" src=\"https:\/\/culturayciencia.org\/stop-violencia-sexual\/wp-content\/uploads\/2023\/01\/Nina_stop_violencia_sexual.jpg\" alt=\"\" class=\"wp-image-156\" srcset=\"https:\/\/culturayciencia.org\/stop-violencia-sexual\/wp-content\/uploads\/2023\/01\/Nina_stop_violencia_sexual.jpg 300w, https:\/\/culturayciencia.org\/stop-violencia-sexual\/wp-content\/uploads\/2023\/01\/Nina_stop_violencia_sexual-206x300.jpg 206w\" sizes=\"auto, (max-width: 300px) 100vw, 300px\" \/><\/figure>\n\n\n\n<p class=\"has-text-align-center has-medium-font-size\"><strong>Nina&nbsp;<\/strong><\/p>\n\n\n\n<p class=\"has-text-align-center\">De Sof\u00eda Vaccaro<\/p>\n<\/div>\n\n\n\n<div class=\"wp-block-column is-layout-flow wp-block-column-is-layout-flow\">\n<figure class=\"wp-block-image size-full\"><img loading=\"lazy\" decoding=\"async\" width=\"700\" height=\"1000\" src=\"https:\/\/culturayciencia.org\/stop-violencia-sexual\/wp-content\/uploads\/2023\/01\/Oloture_stop_violencia_sexual.jpg\" alt=\"\" class=\"wp-image-157\" srcset=\"https:\/\/culturayciencia.org\/stop-violencia-sexual\/wp-content\/uploads\/2023\/01\/Oloture_stop_violencia_sexual.jpg 700w, https:\/\/culturayciencia.org\/stop-violencia-sexual\/wp-content\/uploads\/2023\/01\/Oloture_stop_violencia_sexual-210x300.jpg 210w\" sizes=\"auto, (max-width: 700px) 100vw, 700px\" \/><\/figure>\n\n\n\n<p class=\"has-text-align-center has-medium-font-size\"><strong>Oloture<\/strong><\/p>\n<\/div>\n\n\n\n<div class=\"wp-block-column is-layout-flow wp-block-column-is-layout-flow\">\n<figure class=\"wp-block-image size-large\"><img loading=\"lazy\" decoding=\"async\" width=\"691\" height=\"1024\" src=\"https:\/\/culturayciencia.org\/stop-violencia-sexual\/wp-content\/uploads\/2023\/02\/Sky_rojo_stop_violencia_Sexual-691x1024.jpg\" alt=\"\" class=\"wp-image-235\" srcset=\"https:\/\/culturayciencia.org\/stop-violencia-sexual\/wp-content\/uploads\/2023\/02\/Sky_rojo_stop_violencia_Sexual-691x1024.jpg 691w, https:\/\/culturayciencia.org\/stop-violencia-sexual\/wp-content\/uploads\/2023\/02\/Sky_rojo_stop_violencia_Sexual-203x300.jpg 203w, https:\/\/culturayciencia.org\/stop-violencia-sexual\/wp-content\/uploads\/2023\/02\/Sky_rojo_stop_violencia_Sexual-768x1138.jpg 768w, https:\/\/culturayciencia.org\/stop-violencia-sexual\/wp-content\/uploads\/2023\/02\/Sky_rojo_stop_violencia_Sexual.jpg 810w\" sizes=\"auto, (max-width: 691px) 100vw, 691px\" \/><\/figure>\n\n\n\n<p class=\"has-text-align-center has-medium-font-size\"><strong>Sky Rojo<\/strong><\/p>\n<\/div>\n<\/div>\n","protected":false},"excerpt":{"rendered":"<p>Promesas del este Dirigida por David Cronenberg y protagonizada por Viggo Mortensen y Naomi Watts Miente&nbsp; &nbsp;De Isabel de Ocampo ganadora del premio a mejor cortometraje de ficci\u00f3n en la edici\u00f3n de los Goya de 2008 Evelyn De Isabel de Ocampo (Nominada a los Goya 2013); con Cindy D\u00edaz y Adolfo Fern\u00e1ndez Lilya forever Dirigida &#8230; <a title=\"Pel\u00edculas\" class=\"read-more\" href=\"https:\/\/culturayciencia.org\/stop-violencia-sexual\/recursos-digitales\/peliculas\/\" aria-label=\"Leer m\u00e1s sobre Pel\u00edculas\">Leer m\u00e1s<\/a><\/p>\n","protected":false},"author":1,"featured_media":0,"parent":37,"menu_order":0,"comment_status":"closed","ping_status":"closed","template":"","meta":{"om_disable_all_campaigns":false,"_uag_custom_page_level_css":"","_monsterinsights_skip_tracking":false,"_monsterinsights_sitenote_active":false,"_monsterinsights_sitenote_note":"","_monsterinsights_sitenote_category":0,"footnotes":""},"class_list":["post-146","page","type-page","status-publish"],"yoast_head":"<!-- This site is optimized with the Yoast SEO plugin v27.3 - https:\/\/yoast.com\/product\/yoast-seo-wordpress\/ -->\n<title>Pel\u00edculas - Stop. Violencia Sexual<\/title>\n<meta name=\"robots\" content=\"index, follow, max-snippet:-1, max-image-preview:large, max-video-preview:-1\" \/>\n<link rel=\"canonical\" href=\"https:\/\/culturayciencia.org\/stop-violencia-sexual\/recursos-digitales\/peliculas\/\" \/>\n<meta property=\"og:locale\" content=\"es_ES\" \/>\n<meta property=\"og:type\" content=\"article\" \/>\n<meta property=\"og:title\" content=\"Pel\u00edculas - Stop. Violencia Sexual\" \/>\n<meta property=\"og:description\" content=\"Promesas del este Dirigida por David Cronenberg y protagonizada por Viggo Mortensen y Naomi Watts Miente&nbsp; &nbsp;De Isabel de Ocampo ganadora del premio a mejor cortometraje de ficci\u00f3n en la edici\u00f3n de los Goya de 2008 Evelyn De Isabel de Ocampo (Nominada a los Goya 2013); con Cindy D\u00edaz y Adolfo Fern\u00e1ndez Lilya forever Dirigida ... Leer m\u00e1s\" \/>\n<meta property=\"og:url\" content=\"https:\/\/culturayciencia.org\/stop-violencia-sexual\/recursos-digitales\/peliculas\/\" \/>\n<meta property=\"og:site_name\" content=\"Stop. Violencia Sexual\" \/>\n<meta property=\"article:modified_time\" content=\"2023-02-08T09:19:45+00:00\" \/>\n<meta property=\"og:image\" content=\"https:\/\/culturayciencia.org\/stop-violencia-sexual\/wp-content\/uploads\/2023\/01\/Promesas_dirigidas_stop_violencia_sexual-691x1024.jpg\" \/>\n<meta name=\"twitter:card\" content=\"summary_large_image\" \/>\n<meta name=\"twitter:label1\" content=\"Tiempo de lectura\" \/>\n\t<meta name=\"twitter:data1\" content=\"3 minutos\" \/>\n<script type=\"application\/ld+json\" class=\"yoast-schema-graph\">{\"@context\":\"https:\\\/\\\/schema.org\",\"@graph\":[{\"@type\":\"WebPage\",\"@id\":\"https:\\\/\\\/culturayciencia.org\\\/stop-violencia-sexual\\\/recursos-digitales\\\/peliculas\\\/\",\"url\":\"https:\\\/\\\/culturayciencia.org\\\/stop-violencia-sexual\\\/recursos-digitales\\\/peliculas\\\/\",\"name\":\"Pel\u00edculas - Stop. Violencia Sexual\",\"isPartOf\":{\"@id\":\"https:\\\/\\\/culturayciencia.org\\\/stop-violencia-sexual\\\/#website\"},\"primaryImageOfPage\":{\"@id\":\"https:\\\/\\\/culturayciencia.org\\\/stop-violencia-sexual\\\/recursos-digitales\\\/peliculas\\\/#primaryimage\"},\"image\":{\"@id\":\"https:\\\/\\\/culturayciencia.org\\\/stop-violencia-sexual\\\/recursos-digitales\\\/peliculas\\\/#primaryimage\"},\"thumbnailUrl\":\"https:\\\/\\\/culturayciencia.org\\\/stop-violencia-sexual\\\/wp-content\\\/uploads\\\/2023\\\/01\\\/Promesas_dirigidas_stop_violencia_sexual-691x1024.jpg\",\"datePublished\":\"2023-01-27T15:59:27+00:00\",\"dateModified\":\"2023-02-08T09:19:45+00:00\",\"breadcrumb\":{\"@id\":\"https:\\\/\\\/culturayciencia.org\\\/stop-violencia-sexual\\\/recursos-digitales\\\/peliculas\\\/#breadcrumb\"},\"inLanguage\":\"es\",\"potentialAction\":[{\"@type\":\"ReadAction\",\"target\":[\"https:\\\/\\\/culturayciencia.org\\\/stop-violencia-sexual\\\/recursos-digitales\\\/peliculas\\\/\"]}]},{\"@type\":\"ImageObject\",\"inLanguage\":\"es\",\"@id\":\"https:\\\/\\\/culturayciencia.org\\\/stop-violencia-sexual\\\/recursos-digitales\\\/peliculas\\\/#primaryimage\",\"url\":\"https:\\\/\\\/culturayciencia.org\\\/stop-violencia-sexual\\\/wp-content\\\/uploads\\\/2023\\\/01\\\/Promesas_dirigidas_stop_violencia_sexual.jpg\",\"contentUrl\":\"https:\\\/\\\/culturayciencia.org\\\/stop-violencia-sexual\\\/wp-content\\\/uploads\\\/2023\\\/01\\\/Promesas_dirigidas_stop_violencia_sexual.jpg\",\"width\":810,\"height\":1200},{\"@type\":\"BreadcrumbList\",\"@id\":\"https:\\\/\\\/culturayciencia.org\\\/stop-violencia-sexual\\\/recursos-digitales\\\/peliculas\\\/#breadcrumb\",\"itemListElement\":[{\"@type\":\"ListItem\",\"position\":1,\"name\":\"Portada\",\"item\":\"https:\\\/\\\/culturayciencia.org\\\/stop-violencia-sexual\\\/\"},{\"@type\":\"ListItem\",\"position\":2,\"name\":\"Recursos digitales\",\"item\":\"https:\\\/\\\/culturayciencia.org\\\/stop-violencia-sexual\\\/recursos-digitales\\\/\"},{\"@type\":\"ListItem\",\"position\":3,\"name\":\"Pel\u00edculas\"}]},{\"@type\":\"WebSite\",\"@id\":\"https:\\\/\\\/culturayciencia.org\\\/stop-violencia-sexual\\\/#website\",\"url\":\"https:\\\/\\\/culturayciencia.org\\\/stop-violencia-sexual\\\/\",\"name\":\"Stop. Violencia Sexual\",\"description\":\"\",\"publisher\":{\"@id\":\"https:\\\/\\\/culturayciencia.org\\\/stop-violencia-sexual\\\/#organization\"},\"potentialAction\":[{\"@type\":\"SearchAction\",\"target\":{\"@type\":\"EntryPoint\",\"urlTemplate\":\"https:\\\/\\\/culturayciencia.org\\\/stop-violencia-sexual\\\/?s={search_term_string}\"},\"query-input\":{\"@type\":\"PropertyValueSpecification\",\"valueRequired\":true,\"valueName\":\"search_term_string\"}}],\"inLanguage\":\"es\"},{\"@type\":\"Organization\",\"@id\":\"https:\\\/\\\/culturayciencia.org\\\/stop-violencia-sexual\\\/#organization\",\"name\":\"Stop. Violencia Sexual\",\"url\":\"https:\\\/\\\/culturayciencia.org\\\/stop-violencia-sexual\\\/\",\"logo\":{\"@type\":\"ImageObject\",\"inLanguage\":\"es\",\"@id\":\"https:\\\/\\\/culturayciencia.org\\\/stop-violencia-sexual\\\/#\\\/schema\\\/logo\\\/image\\\/\",\"url\":\"https:\\\/\\\/culturayciencia.org\\\/stop-violencia-sexual\\\/wp-content\\\/uploads\\\/2023\\\/01\\\/Stop-violencia-sexual-logo-banner-01.png\",\"contentUrl\":\"https:\\\/\\\/culturayciencia.org\\\/stop-violencia-sexual\\\/wp-content\\\/uploads\\\/2023\\\/01\\\/Stop-violencia-sexual-logo-banner-01.png\",\"width\":786,\"height\":346,\"caption\":\"Stop. Violencia Sexual\"},\"image\":{\"@id\":\"https:\\\/\\\/culturayciencia.org\\\/stop-violencia-sexual\\\/#\\\/schema\\\/logo\\\/image\\\/\"}}]}<\/script>\n<!-- \/ Yoast SEO plugin. -->","yoast_head_json":{"title":"Pel\u00edculas - Stop. Violencia Sexual","robots":{"index":"index","follow":"follow","max-snippet":"max-snippet:-1","max-image-preview":"max-image-preview:large","max-video-preview":"max-video-preview:-1"},"canonical":"https:\/\/culturayciencia.org\/stop-violencia-sexual\/recursos-digitales\/peliculas\/","og_locale":"es_ES","og_type":"article","og_title":"Pel\u00edculas - Stop. Violencia Sexual","og_description":"Promesas del este Dirigida por David Cronenberg y protagonizada por Viggo Mortensen y Naomi Watts Miente&nbsp; &nbsp;De Isabel de Ocampo ganadora del premio a mejor cortometraje de ficci\u00f3n en la edici\u00f3n de los Goya de 2008 Evelyn De Isabel de Ocampo (Nominada a los Goya 2013); con Cindy D\u00edaz y Adolfo Fern\u00e1ndez Lilya forever Dirigida ... Leer m\u00e1s","og_url":"https:\/\/culturayciencia.org\/stop-violencia-sexual\/recursos-digitales\/peliculas\/","og_site_name":"Stop. Violencia Sexual","article_modified_time":"2023-02-08T09:19:45+00:00","og_image":[{"url":"https:\/\/culturayciencia.org\/stop-violencia-sexual\/wp-content\/uploads\/2023\/01\/Promesas_dirigidas_stop_violencia_sexual-691x1024.jpg","type":"","width":"","height":""}],"twitter_card":"summary_large_image","twitter_misc":{"Tiempo de lectura":"3 minutos"},"schema":{"@context":"https:\/\/schema.org","@graph":[{"@type":"WebPage","@id":"https:\/\/culturayciencia.org\/stop-violencia-sexual\/recursos-digitales\/peliculas\/","url":"https:\/\/culturayciencia.org\/stop-violencia-sexual\/recursos-digitales\/peliculas\/","name":"Pel\u00edculas - Stop. Violencia Sexual","isPartOf":{"@id":"https:\/\/culturayciencia.org\/stop-violencia-sexual\/#website"},"primaryImageOfPage":{"@id":"https:\/\/culturayciencia.org\/stop-violencia-sexual\/recursos-digitales\/peliculas\/#primaryimage"},"image":{"@id":"https:\/\/culturayciencia.org\/stop-violencia-sexual\/recursos-digitales\/peliculas\/#primaryimage"},"thumbnailUrl":"https:\/\/culturayciencia.org\/stop-violencia-sexual\/wp-content\/uploads\/2023\/01\/Promesas_dirigidas_stop_violencia_sexual-691x1024.jpg","datePublished":"2023-01-27T15:59:27+00:00","dateModified":"2023-02-08T09:19:45+00:00","breadcrumb":{"@id":"https:\/\/culturayciencia.org\/stop-violencia-sexual\/recursos-digitales\/peliculas\/#breadcrumb"},"inLanguage":"es","potentialAction":[{"@type":"ReadAction","target":["https:\/\/culturayciencia.org\/stop-violencia-sexual\/recursos-digitales\/peliculas\/"]}]},{"@type":"ImageObject","inLanguage":"es","@id":"https:\/\/culturayciencia.org\/stop-violencia-sexual\/recursos-digitales\/peliculas\/#primaryimage","url":"https:\/\/culturayciencia.org\/stop-violencia-sexual\/wp-content\/uploads\/2023\/01\/Promesas_dirigidas_stop_violencia_sexual.jpg","contentUrl":"https:\/\/culturayciencia.org\/stop-violencia-sexual\/wp-content\/uploads\/2023\/01\/Promesas_dirigidas_stop_violencia_sexual.jpg","width":810,"height":1200},{"@type":"BreadcrumbList","@id":"https:\/\/culturayciencia.org\/stop-violencia-sexual\/recursos-digitales\/peliculas\/#breadcrumb","itemListElement":[{"@type":"ListItem","position":1,"name":"Portada","item":"https:\/\/culturayciencia.org\/stop-violencia-sexual\/"},{"@type":"ListItem","position":2,"name":"Recursos digitales","item":"https:\/\/culturayciencia.org\/stop-violencia-sexual\/recursos-digitales\/"},{"@type":"ListItem","position":3,"name":"Pel\u00edculas"}]},{"@type":"WebSite","@id":"https:\/\/culturayciencia.org\/stop-violencia-sexual\/#website","url":"https:\/\/culturayciencia.org\/stop-violencia-sexual\/","name":"Stop. Violencia Sexual","description":"","publisher":{"@id":"https:\/\/culturayciencia.org\/stop-violencia-sexual\/#organization"},"potentialAction":[{"@type":"SearchAction","target":{"@type":"EntryPoint","urlTemplate":"https:\/\/culturayciencia.org\/stop-violencia-sexual\/?s={search_term_string}"},"query-input":{"@type":"PropertyValueSpecification","valueRequired":true,"valueName":"search_term_string"}}],"inLanguage":"es"},{"@type":"Organization","@id":"https:\/\/culturayciencia.org\/stop-violencia-sexual\/#organization","name":"Stop. Violencia Sexual","url":"https:\/\/culturayciencia.org\/stop-violencia-sexual\/","logo":{"@type":"ImageObject","inLanguage":"es","@id":"https:\/\/culturayciencia.org\/stop-violencia-sexual\/#\/schema\/logo\/image\/","url":"https:\/\/culturayciencia.org\/stop-violencia-sexual\/wp-content\/uploads\/2023\/01\/Stop-violencia-sexual-logo-banner-01.png","contentUrl":"https:\/\/culturayciencia.org\/stop-violencia-sexual\/wp-content\/uploads\/2023\/01\/Stop-violencia-sexual-logo-banner-01.png","width":786,"height":346,"caption":"Stop. Violencia Sexual"},"image":{"@id":"https:\/\/culturayciencia.org\/stop-violencia-sexual\/#\/schema\/logo\/image\/"}}]}},"uagb_featured_image_src":{"full":false,"thumbnail":false,"medium":false,"medium_large":false,"large":false,"1536x1536":false,"2048x2048":false},"uagb_author_info":{"display_name":false,"author_link":"https:\/\/culturayciencia.org\/stop-violencia-sexual\/author\/amelia\/"},"uagb_comment_info":0,"uagb_excerpt":"Promesas del este Dirigida por David Cronenberg y protagonizada por Viggo Mortensen y Naomi Watts Miente&nbsp; &nbsp;De Isabel de Ocampo ganadora del premio a mejor cortometraje de ficci\u00f3n en la edici\u00f3n de los Goya de 2008 Evelyn De Isabel de Ocampo (Nominada a los Goya 2013); con Cindy D\u00edaz y Adolfo Fern\u00e1ndez Lilya forever Dirigida&hellip;","_links":{"self":[{"href":"https:\/\/culturayciencia.org\/stop-violencia-sexual\/wp-json\/wp\/v2\/pages\/146","targetHints":{"allow":["GET"]}}],"collection":[{"href":"https:\/\/culturayciencia.org\/stop-violencia-sexual\/wp-json\/wp\/v2\/pages"}],"about":[{"href":"https:\/\/culturayciencia.org\/stop-violencia-sexual\/wp-json\/wp\/v2\/types\/page"}],"author":[{"embeddable":true,"href":"https:\/\/culturayciencia.org\/stop-violencia-sexual\/wp-json\/wp\/v2\/users\/1"}],"replies":[{"embeddable":true,"href":"https:\/\/culturayciencia.org\/stop-violencia-sexual\/wp-json\/wp\/v2\/comments?post=146"}],"version-history":[{"count":0,"href":"https:\/\/culturayciencia.org\/stop-violencia-sexual\/wp-json\/wp\/v2\/pages\/146\/revisions"}],"up":[{"embeddable":true,"href":"https:\/\/culturayciencia.org\/stop-violencia-sexual\/wp-json\/wp\/v2\/pages\/37"}],"wp:attachment":[{"href":"https:\/\/culturayciencia.org\/stop-violencia-sexual\/wp-json\/wp\/v2\/media?parent=146"}],"curies":[{"name":"wp","href":"https:\/\/api.w.org\/{rel}","templated":true}]}}