{"id":2,"date":"2023-01-18T13:10:46","date_gmt":"2023-01-18T13:10:46","guid":{"rendered":"https:\/\/culturayciencia.org\/stop-violencia-sexual\/?page_id=2"},"modified":"2023-01-23T18:07:20","modified_gmt":"2023-01-23T18:07:20","slug":"stop-violencia-sexual","status":"publish","type":"page","link":"https:\/\/culturayciencia.org\/stop-violencia-sexual\/","title":{"rendered":"STOP. Violencia Sexual"},"content":{"rendered":"<div class=\"wp-block-image\">\n<figure class=\"aligncenter size-full is-resized\"><img loading=\"lazy\" decoding=\"async\" src=\"https:\/\/culturayciencia.org\/stop-violencia-sexual\/wp-content\/uploads\/2023\/01\/Stop-violencia-sexual-logo.png\" alt=\"\" class=\"wp-image-17\" width=\"506\" height=\"223\" srcset=\"https:\/\/culturayciencia.org\/stop-violencia-sexual\/wp-content\/uploads\/2023\/01\/Stop-violencia-sexual-logo.png 786w, https:\/\/culturayciencia.org\/stop-violencia-sexual\/wp-content\/uploads\/2023\/01\/Stop-violencia-sexual-logo-300x132.png 300w, https:\/\/culturayciencia.org\/stop-violencia-sexual\/wp-content\/uploads\/2023\/01\/Stop-violencia-sexual-logo-768x338.png 768w\" sizes=\"auto, (max-width: 506px) 100vw, 506px\" \/><\/figure>\n<\/div>\n\n\n<p><br><\/p>\n\n\n\n<p>La Asociaci\u00f3n de Industrias Culturales y Cient\u00edficas presenta STOP. Violencia Sexual. El proyecto se organiza en tres hitos fundamentales: charlas para la concienciaci\u00f3n de la ciudadan\u00eda, creaci\u00f3n de una gu\u00eda did\u00e1ctica y generaci\u00f3n de recursos multimedia en relaci\u00f3n a lo anterior.<\/p>\n\n\n\n<p class=\"has-text-align-center has-text-color\" style=\"color:#e31e24;font-size:22px\"><strong>Objetivos<\/strong><\/p>\n\n\n\n<div class=\"wp-block-uagb-icon-list uagb-block-bb6af68e\"><div class=\"uagb-icon-list__wrap\">\n<div class=\"wp-block-uagb-icon-list-child uagb-block-9ecd4837\"><span class=\"uagb-icon-list__source-wrap\"><svg xmlns=\"https:\/\/www.w3.org\/2000\/svg\" viewBox=\"0 0 512 512\"><path d=\"M256 0C114.6 0 0 114.6 0 256c0 141.4 114.6 256 256 256s256-114.6 256-256C512 114.6 397.4 0 256 0zM352 328c0 13.2-10.8 24-24 24h-144C170.8 352 160 341.2 160 328v-144C160 170.8 170.8 160 184 160h144C341.2 160 352 170.8 352 184V328z\"><\/path><\/svg><\/span><span class=\"uagb-icon-list__label\">Contribuir a la prevenci\u00f3n de la trata, explotaci\u00f3n y violencia sexual.<\/span><\/div>\n\n\n\n<div class=\"wp-block-uagb-icon-list-child uagb-block-53a71277\"><span class=\"uagb-icon-list__source-wrap\"><svg xmlns=\"https:\/\/www.w3.org\/2000\/svg\" viewBox=\"0 0 512 512\"><path d=\"M256 0C114.6 0 0 114.6 0 256c0 141.4 114.6 256 256 256s256-114.6 256-256C512 114.6 397.4 0 256 0zM352 328c0 13.2-10.8 24-24 24h-144C170.8 352 160 341.2 160 328v-144C160 170.8 170.8 160 184 160h144C341.2 160 352 170.8 352 184V328z\"><\/path><\/svg><\/span><span class=\"uagb-icon-list__label\">Visibilizar el problema de la trata y hacer consciente de \u00e9l a la poblaci\u00f3n en general y a los\/as j\u00f3venes en particular.<\/span><\/div>\n\n\n\n<div class=\"wp-block-uagb-icon-list-child uagb-block-039371dd\"><span class=\"uagb-icon-list__source-wrap\"><svg xmlns=\"https:\/\/www.w3.org\/2000\/svg\" viewBox=\"0 0 512 512\"><path d=\"M256 0C114.6 0 0 114.6 0 256c0 141.4 114.6 256 256 256s256-114.6 256-256C512 114.6 397.4 0 256 0zM352 328c0 13.2-10.8 24-24 24h-144C170.8 352 160 341.2 160 328v-144C160 170.8 170.8 160 184 160h144C341.2 160 352 170.8 352 184V328z\"><\/path><\/svg><\/span><span class=\"uagb-icon-list__label\">Visibilizar la existencia de abusos sexuales a menores.<\/span><\/div>\n\n\n\n<div class=\"wp-block-uagb-icon-list-child uagb-block-00f7489e\"><span class=\"uagb-icon-list__source-wrap\"><svg xmlns=\"https:\/\/www.w3.org\/2000\/svg\" viewBox=\"0 0 512 512\"><path d=\"M256 0C114.6 0 0 114.6 0 256c0 141.4 114.6 256 256 256s256-114.6 256-256C512 114.6 397.4 0 256 0zM352 328c0 13.2-10.8 24-24 24h-144C170.8 352 160 341.2 160 328v-144C160 170.8 170.8 160 184 160h144C341.2 160 352 170.8 352 184V328z\"><\/path><\/svg><\/span><span class=\"uagb-icon-list__label\">Mostrar a la poblaci\u00f3n que las estad\u00edsticas siguen arrojando cifras asombrosas de violencia sobre mujeres y ni\u00f1as.<\/span><\/div>\n\n\n\n<div class=\"wp-block-uagb-icon-list-child uagb-block-8c0caafb\"><span class=\"uagb-icon-list__source-wrap\"><svg xmlns=\"https:\/\/www.w3.org\/2000\/svg\" viewBox=\"0 0 512 512\"><path d=\"M256 0C114.6 0 0 114.6 0 256c0 141.4 114.6 256 256 256s256-114.6 256-256C512 114.6 397.4 0 256 0zM352 328c0 13.2-10.8 24-24 24h-144C170.8 352 160 341.2 160 328v-144C160 170.8 170.8 160 184 160h144C341.2 160 352 170.8 352 184V328z\"><\/path><\/svg><\/span><span class=\"uagb-icon-list__label\">Poner de manifiesto los factores de vulnerabilidad de las v\u00edctimas, las causas y las consecuencias de esta grave violaci\u00f3n de los derechos de las mujeres, que conlleva enormes secuelas, f\u00edsicas, psicol\u00f3gicas y tambi\u00e9n sociales.<\/span><\/div>\n\n\n\n<div class=\"wp-block-uagb-icon-list-child uagb-block-de75748d\"><span class=\"uagb-icon-list__source-wrap\"><svg xmlns=\"https:\/\/www.w3.org\/2000\/svg\" viewBox=\"0 0 512 512\"><path d=\"M256 0C114.6 0 0 114.6 0 256c0 141.4 114.6 256 256 256s256-114.6 256-256C512 114.6 397.4 0 256 0zM352 328c0 13.2-10.8 24-24 24h-144C170.8 352 160 341.2 160 328v-144C160 170.8 170.8 160 184 160h144C341.2 160 352 170.8 352 184V328z\"><\/path><\/svg><\/span><span class=\"uagb-icon-list__label\">Conseguir que esta forma de violencia cuente con el rechazo de la poblaci\u00f3n general.<\/span><\/div>\n\n\n\n<div class=\"wp-block-uagb-icon-list-child uagb-block-a74e3380\"><span class=\"uagb-icon-list__source-wrap\"><svg xmlns=\"https:\/\/www.w3.org\/2000\/svg\" viewBox=\"0 0 512 512\"><path d=\"M256 0C114.6 0 0 114.6 0 256c0 141.4 114.6 256 256 256s256-114.6 256-256C512 114.6 397.4 0 256 0zM352 328c0 13.2-10.8 24-24 24h-144C170.8 352 160 341.2 160 328v-144C160 170.8 170.8 160 184 160h144C341.2 160 352 170.8 352 184V328z\"><\/path><\/svg><\/span><span class=\"uagb-icon-list__label\">Sensibilizar a la poblaci\u00f3n joven sobre las causas y consecuencias de la trata de mujeres con fines de explotaci\u00f3n sexual.<\/span><\/div>\n\n\n\n<div class=\"wp-block-uagb-icon-list-child uagb-block-9cfaba03\"><span class=\"uagb-icon-list__source-wrap\"><svg xmlns=\"https:\/\/www.w3.org\/2000\/svg\" viewBox=\"0 0 512 512\"><path d=\"M256 0C114.6 0 0 114.6 0 256c0 141.4 114.6 256 256 256s256-114.6 256-256C512 114.6 397.4 0 256 0zM352 328c0 13.2-10.8 24-24 24h-144C170.8 352 160 341.2 160 328v-144C160 170.8 170.8 160 184 160h144C341.2 160 352 170.8 352 184V328z\"><\/path><\/svg><\/span><span class=\"uagb-icon-list__label\">Entender la violencia contra las mujeres, sea cual sea su forma, es un problema estructural, socio-cultural, y debe ser abordado desde multitud de frentes.<\/span><\/div>\n\n\n\n<div class=\"wp-block-uagb-icon-list-child uagb-block-9574457e\"><span class=\"uagb-icon-list__source-wrap\"><svg xmlns=\"https:\/\/www.w3.org\/2000\/svg\" viewBox=\"0 0 512 512\"><path d=\"M256 0C114.6 0 0 114.6 0 256c0 141.4 114.6 256 256 256s256-114.6 256-256C512 114.6 397.4 0 256 0zM352 328c0 13.2-10.8 24-24 24h-144C170.8 352 160 341.2 160 328v-144C160 170.8 170.8 160 184 160h144C341.2 160 352 170.8 352 184V328z\"><\/path><\/svg><\/span><span class=\"uagb-icon-list__label\">Identificar la demanda de prostituci\u00f3n como parte del ciclo de la trata.<\/span><\/div>\n\n\n\n<div class=\"wp-block-uagb-icon-list-child uagb-block-15f5f110\"><span class=\"uagb-icon-list__source-wrap\"><svg xmlns=\"https:\/\/www.w3.org\/2000\/svg\" viewBox=\"0 0 512 512\"><path d=\"M256 0C114.6 0 0 114.6 0 256c0 141.4 114.6 256 256 256s256-114.6 256-256C512 114.6 397.4 0 256 0zM352 328c0 13.2-10.8 24-24 24h-144C170.8 352 160 341.2 160 328v-144C160 170.8 170.8 160 184 160h144C341.2 160 352 170.8 352 184V328z\"><\/path><\/svg><\/span><span class=\"uagb-icon-list__label\">Evidenciar que la escasa denuncia no significa ausencia de abusos en la infancia.<\/span><\/div>\n\n\n\n<div class=\"wp-block-uagb-icon-list-child uagb-block-4cc7f126\"><span class=\"uagb-icon-list__source-wrap\"><svg xmlns=\"https:\/\/www.w3.org\/2000\/svg\" viewBox=\"0 0 512 512\"><path d=\"M256 0C114.6 0 0 114.6 0 256c0 141.4 114.6 256 256 256s256-114.6 256-256C512 114.6 397.4 0 256 0zM352 328c0 13.2-10.8 24-24 24h-144C170.8 352 160 341.2 160 328v-144C160 170.8 170.8 160 184 160h144C341.2 160 352 170.8 352 184V328z\"><\/path><\/svg><\/span><span class=\"uagb-icon-list__label\">Incidir en la idea que sin demanda no hay trata.<\/span><\/div>\n\n\n\n<div class=\"wp-block-uagb-icon-list-child uagb-block-21b9ec18\"><span class=\"uagb-icon-list__source-wrap\"><svg xmlns=\"https:\/\/www.w3.org\/2000\/svg\" viewBox=\"0 0 512 512\"><path d=\"M256 0C114.6 0 0 114.6 0 256c0 141.4 114.6 256 256 256s256-114.6 256-256C512 114.6 397.4 0 256 0zM352 328c0 13.2-10.8 24-24 24h-144C170.8 352 160 341.2 160 328v-144C160 170.8 170.8 160 184 160h144C341.2 160 352 170.8 352 184V328z\"><\/path><\/svg><\/span><span class=\"uagb-icon-list__label\">Concienciar de la importancia de no ser c\u00f3mplice de ello.<\/span><\/div>\n\n\n\n<div class=\"wp-block-uagb-icon-list-child uagb-block-4dcb9acc\"><span class=\"uagb-icon-list__source-wrap\"><svg xmlns=\"https:\/\/www.w3.org\/2000\/svg\" viewBox=\"0 0 512 512\"><path d=\"M256 0C114.6 0 0 114.6 0 256c0 141.4 114.6 256 256 256s256-114.6 256-256C512 114.6 397.4 0 256 0zM352 328c0 13.2-10.8 24-24 24h-144C170.8 352 160 341.2 160 328v-144C160 170.8 170.8 160 184 160h144C341.2 160 352 170.8 352 184V328z\"><\/path><\/svg><\/span><span class=\"uagb-icon-list__label\">Generar espacios seguros de asistencia a las v\u00edctimas de violencia en cualquiera de sus formas.<\/span><\/div>\n<\/div><\/div>\n\n\n\n<p class=\"has-text-align-center has-text-color\" style=\"color:#e31e24;font-size:22px\"><strong>Organiza:<\/strong><\/p>\n\n\n\n<div class=\"wp-block-columns is-layout-flex wp-container-core-columns-is-layout-9d6595d7 wp-block-columns-is-layout-flex\">\n<div class=\"wp-block-column is-layout-flow wp-block-column-is-layout-flow\"><\/div>\n\n\n\n<div class=\"wp-block-column is-layout-flow wp-block-column-is-layout-flow\">\n<figure class=\"wp-block-image size-full\"><img loading=\"lazy\" decoding=\"async\" width=\"330\" height=\"165\" src=\"https:\/\/culturayciencia.org\/stop-violencia-sexual\/wp-content\/uploads\/2023\/01\/Aso_Culturales_Cientificas_Stop_violencia_sexual.jpg\" alt=\"\" class=\"wp-image-21\" srcset=\"https:\/\/culturayciencia.org\/stop-violencia-sexual\/wp-content\/uploads\/2023\/01\/Aso_Culturales_Cientificas_Stop_violencia_sexual.jpg 330w, https:\/\/culturayciencia.org\/stop-violencia-sexual\/wp-content\/uploads\/2023\/01\/Aso_Culturales_Cientificas_Stop_violencia_sexual-300x150.jpg 300w\" sizes=\"auto, (max-width: 330px) 100vw, 330px\" \/><\/figure>\n<\/div>\n\n\n\n<div class=\"wp-block-column is-layout-flow wp-block-column-is-layout-flow\"><\/div>\n<\/div>\n\n\n\n<p class=\"has-text-align-center has-text-color\" style=\"color:#e31e24;font-size:22px\"><strong>Colabora:<\/strong><\/p>\n\n\n\n<div class=\"wp-block-columns is-layout-flex wp-container-core-columns-is-layout-9d6595d7 wp-block-columns-is-layout-flex\">\n<div class=\"wp-block-column is-layout-flow wp-block-column-is-layout-flow\"><\/div>\n\n\n\n<div class=\"wp-block-column is-layout-flow wp-block-column-is-layout-flow\">\n<figure class=\"wp-block-image size-full\"><img loading=\"lazy\" decoding=\"async\" width=\"602\" height=\"378\" src=\"https:\/\/culturayciencia.org\/stop-violencia-sexual\/wp-content\/uploads\/2023\/01\/M-Igualdad_-DG-Violencia-de-Genero-stop-violencia-sexual.jpg\" alt=\"\" class=\"wp-image-22\" srcset=\"https:\/\/culturayciencia.org\/stop-violencia-sexual\/wp-content\/uploads\/2023\/01\/M-Igualdad_-DG-Violencia-de-Genero-stop-violencia-sexual.jpg 602w, https:\/\/culturayciencia.org\/stop-violencia-sexual\/wp-content\/uploads\/2023\/01\/M-Igualdad_-DG-Violencia-de-Genero-stop-violencia-sexual-300x188.jpg 300w\" sizes=\"auto, (max-width: 602px) 100vw, 602px\" \/><\/figure>\n<\/div>\n\n\n\n<div class=\"wp-block-column is-layout-flow wp-block-column-is-layout-flow\"><div class=\"wp-block-image\">\n<figure class=\"aligncenter size-full\"><img loading=\"lazy\" decoding=\"async\" width=\"602\" height=\"378\" src=\"https:\/\/culturayciencia.org\/stop-violencia-sexual\/wp-content\/uploads\/2023\/01\/Editorial_serendipia_stop_violencia_sexual_01.jpg\" alt=\"\" class=\"wp-image-24\" srcset=\"https:\/\/culturayciencia.org\/stop-violencia-sexual\/wp-content\/uploads\/2023\/01\/Editorial_serendipia_stop_violencia_sexual_01.jpg 602w, https:\/\/culturayciencia.org\/stop-violencia-sexual\/wp-content\/uploads\/2023\/01\/Editorial_serendipia_stop_violencia_sexual_01-300x188.jpg 300w\" sizes=\"auto, (max-width: 602px) 100vw, 602px\" \/><\/figure>\n<\/div><\/div>\n\n\n\n<div class=\"wp-block-column is-layout-flow wp-block-column-is-layout-flow\"><\/div>\n<\/div>\n","protected":false},"excerpt":{"rendered":"<p>La Asociaci\u00f3n de Industrias Culturales y Cient\u00edficas presenta STOP. Violencia Sexual. El proyecto se organiza en tres hitos fundamentales: charlas para la concienciaci\u00f3n de la ciudadan\u00eda, creaci\u00f3n de una gu\u00eda did\u00e1ctica y generaci\u00f3n de recursos multimedia en relaci\u00f3n a lo anterior. Objetivos Organiza: Colabora:<\/p>\n","protected":false},"author":1,"featured_media":25,"parent":0,"menu_order":0,"comment_status":"closed","ping_status":"open","template":"","meta":{"om_disable_all_campaigns":false,"_uag_custom_page_level_css":"","_monsterinsights_skip_tracking":false,"_monsterinsights_sitenote_active":false,"_monsterinsights_sitenote_note":"","_monsterinsights_sitenote_category":0,"footnotes":""},"class_list":["post-2","page","type-page","status-publish","has-post-thumbnail"],"yoast_head":"<!-- This site is optimized with the Yoast SEO plugin v27.3 - https:\/\/yoast.com\/product\/yoast-seo-wordpress\/ -->\n<title>STOP. Violencia Sexual - Stop. Violencia Sexual<\/title>\n<meta name=\"description\" content=\"El proyecto se organiza en charlas para la concienciaci\u00f3n de la ciudadan\u00eda, creaci\u00f3n de una gu\u00eda y generaci\u00f3n de recursos multimedia.\" \/>\n<meta name=\"robots\" content=\"index, follow, max-snippet:-1, max-image-preview:large, max-video-preview:-1\" \/>\n<link rel=\"canonical\" href=\"https:\/\/culturayciencia.org\/stop-violencia-sexual\/\" \/>\n<meta property=\"og:locale\" content=\"es_ES\" \/>\n<meta property=\"og:type\" content=\"article\" \/>\n<meta property=\"og:title\" content=\"STOP. Violencia Sexual - Stop. Violencia Sexual\" \/>\n<meta property=\"og:description\" content=\"El proyecto se organiza en charlas para la concienciaci\u00f3n de la ciudadan\u00eda, creaci\u00f3n de una gu\u00eda y generaci\u00f3n de recursos multimedia.\" \/>\n<meta property=\"og:url\" content=\"https:\/\/culturayciencia.org\/stop-violencia-sexual\/\" \/>\n<meta property=\"og:site_name\" content=\"Stop. Violencia Sexual\" \/>\n<meta property=\"article:modified_time\" content=\"2023-01-23T18:07:20+00:00\" \/>\n<meta property=\"og:image\" content=\"https:\/\/culturayciencia.org\/stop-violencia-sexual\/wp-content\/uploads\/2023\/01\/Stop-violencia-sexual-logo-banner-fb-scaled.jpg\" \/>\n\t<meta property=\"og:image:width\" content=\"2560\" \/>\n\t<meta property=\"og:image:height\" content=\"1440\" \/>\n\t<meta property=\"og:image:type\" content=\"image\/jpeg\" \/>\n<meta name=\"twitter:card\" content=\"summary_large_image\" \/>\n<meta name=\"twitter:image\" content=\"https:\/\/culturayciencia.org\/stop-violencia-sexual\/wp-content\/uploads\/2023\/01\/Stop-violencia-sexual-logo-banner-fb-scaled.jpg\" \/>\n<meta name=\"twitter:label1\" content=\"Tiempo de lectura\" \/>\n\t<meta name=\"twitter:data1\" content=\"2 minutos\" \/>\n<script type=\"application\/ld+json\" class=\"yoast-schema-graph\">{\"@context\":\"https:\\\/\\\/schema.org\",\"@graph\":[{\"@type\":\"WebPage\",\"@id\":\"https:\\\/\\\/culturayciencia.org\\\/stop-violencia-sexual\\\/\",\"url\":\"https:\\\/\\\/culturayciencia.org\\\/stop-violencia-sexual\\\/\",\"name\":\"STOP. Violencia Sexual - Stop. Violencia Sexual\",\"isPartOf\":{\"@id\":\"https:\\\/\\\/culturayciencia.org\\\/stop-violencia-sexual\\\/#website\"},\"primaryImageOfPage\":{\"@id\":\"https:\\\/\\\/culturayciencia.org\\\/stop-violencia-sexual\\\/#primaryimage\"},\"image\":{\"@id\":\"https:\\\/\\\/culturayciencia.org\\\/stop-violencia-sexual\\\/#primaryimage\"},\"thumbnailUrl\":\"https:\\\/\\\/culturayciencia.org\\\/stop-violencia-sexual\\\/wp-content\\\/uploads\\\/2023\\\/01\\\/Stop-violencia-sexual-logo-banner-fb-scaled.jpg\",\"datePublished\":\"2023-01-18T13:10:46+00:00\",\"dateModified\":\"2023-01-23T18:07:20+00:00\",\"description\":\"El proyecto se organiza en charlas para la concienciaci\u00f3n de la ciudadan\u00eda, creaci\u00f3n de una gu\u00eda y generaci\u00f3n de recursos multimedia.\",\"breadcrumb\":{\"@id\":\"https:\\\/\\\/culturayciencia.org\\\/stop-violencia-sexual\\\/#breadcrumb\"},\"inLanguage\":\"es\",\"potentialAction\":[{\"@type\":\"ReadAction\",\"target\":[\"https:\\\/\\\/culturayciencia.org\\\/stop-violencia-sexual\\\/\"]}]},{\"@type\":\"ImageObject\",\"inLanguage\":\"es\",\"@id\":\"https:\\\/\\\/culturayciencia.org\\\/stop-violencia-sexual\\\/#primaryimage\",\"url\":\"https:\\\/\\\/culturayciencia.org\\\/stop-violencia-sexual\\\/wp-content\\\/uploads\\\/2023\\\/01\\\/Stop-violencia-sexual-logo-banner-fb-scaled.jpg\",\"contentUrl\":\"https:\\\/\\\/culturayciencia.org\\\/stop-violencia-sexual\\\/wp-content\\\/uploads\\\/2023\\\/01\\\/Stop-violencia-sexual-logo-banner-fb-scaled.jpg\",\"width\":2560,\"height\":1440},{\"@type\":\"BreadcrumbList\",\"@id\":\"https:\\\/\\\/culturayciencia.org\\\/stop-violencia-sexual\\\/#breadcrumb\",\"itemListElement\":[{\"@type\":\"ListItem\",\"position\":1,\"name\":\"Portada\",\"item\":\"https:\\\/\\\/culturayciencia.org\\\/stop-violencia-sexual\\\/\"},{\"@type\":\"ListItem\",\"position\":2,\"name\":\"STOP. Violencia Sexual\"}]},{\"@type\":\"WebSite\",\"@id\":\"https:\\\/\\\/culturayciencia.org\\\/stop-violencia-sexual\\\/#website\",\"url\":\"https:\\\/\\\/culturayciencia.org\\\/stop-violencia-sexual\\\/\",\"name\":\"Stop. Violencia Sexual\",\"description\":\"\",\"publisher\":{\"@id\":\"https:\\\/\\\/culturayciencia.org\\\/stop-violencia-sexual\\\/#organization\"},\"potentialAction\":[{\"@type\":\"SearchAction\",\"target\":{\"@type\":\"EntryPoint\",\"urlTemplate\":\"https:\\\/\\\/culturayciencia.org\\\/stop-violencia-sexual\\\/?s={search_term_string}\"},\"query-input\":{\"@type\":\"PropertyValueSpecification\",\"valueRequired\":true,\"valueName\":\"search_term_string\"}}],\"inLanguage\":\"es\"},{\"@type\":\"Organization\",\"@id\":\"https:\\\/\\\/culturayciencia.org\\\/stop-violencia-sexual\\\/#organization\",\"name\":\"Stop. Violencia Sexual\",\"url\":\"https:\\\/\\\/culturayciencia.org\\\/stop-violencia-sexual\\\/\",\"logo\":{\"@type\":\"ImageObject\",\"inLanguage\":\"es\",\"@id\":\"https:\\\/\\\/culturayciencia.org\\\/stop-violencia-sexual\\\/#\\\/schema\\\/logo\\\/image\\\/\",\"url\":\"https:\\\/\\\/culturayciencia.org\\\/stop-violencia-sexual\\\/wp-content\\\/uploads\\\/2023\\\/01\\\/Stop-violencia-sexual-logo-banner-01.png\",\"contentUrl\":\"https:\\\/\\\/culturayciencia.org\\\/stop-violencia-sexual\\\/wp-content\\\/uploads\\\/2023\\\/01\\\/Stop-violencia-sexual-logo-banner-01.png\",\"width\":786,\"height\":346,\"caption\":\"Stop. Violencia Sexual\"},\"image\":{\"@id\":\"https:\\\/\\\/culturayciencia.org\\\/stop-violencia-sexual\\\/#\\\/schema\\\/logo\\\/image\\\/\"}}]}<\/script>\n<!-- \/ Yoast SEO plugin. -->","yoast_head_json":{"title":"STOP. Violencia Sexual - Stop. Violencia Sexual","description":"El proyecto se organiza en charlas para la concienciaci\u00f3n de la ciudadan\u00eda, creaci\u00f3n de una gu\u00eda y generaci\u00f3n de recursos multimedia.","robots":{"index":"index","follow":"follow","max-snippet":"max-snippet:-1","max-image-preview":"max-image-preview:large","max-video-preview":"max-video-preview:-1"},"canonical":"https:\/\/culturayciencia.org\/stop-violencia-sexual\/","og_locale":"es_ES","og_type":"article","og_title":"STOP. Violencia Sexual - Stop. Violencia Sexual","og_description":"El proyecto se organiza en charlas para la concienciaci\u00f3n de la ciudadan\u00eda, creaci\u00f3n de una gu\u00eda y generaci\u00f3n de recursos multimedia.","og_url":"https:\/\/culturayciencia.org\/stop-violencia-sexual\/","og_site_name":"Stop. Violencia Sexual","article_modified_time":"2023-01-23T18:07:20+00:00","og_image":[{"width":2560,"height":1440,"url":"https:\/\/culturayciencia.org\/stop-violencia-sexual\/wp-content\/uploads\/2023\/01\/Stop-violencia-sexual-logo-banner-fb-scaled.jpg","type":"image\/jpeg"}],"twitter_card":"summary_large_image","twitter_image":"https:\/\/culturayciencia.org\/stop-violencia-sexual\/wp-content\/uploads\/2023\/01\/Stop-violencia-sexual-logo-banner-fb-scaled.jpg","twitter_misc":{"Tiempo de lectura":"2 minutos"},"schema":{"@context":"https:\/\/schema.org","@graph":[{"@type":"WebPage","@id":"https:\/\/culturayciencia.org\/stop-violencia-sexual\/","url":"https:\/\/culturayciencia.org\/stop-violencia-sexual\/","name":"STOP. Violencia Sexual - Stop. Violencia Sexual","isPartOf":{"@id":"https:\/\/culturayciencia.org\/stop-violencia-sexual\/#website"},"primaryImageOfPage":{"@id":"https:\/\/culturayciencia.org\/stop-violencia-sexual\/#primaryimage"},"image":{"@id":"https:\/\/culturayciencia.org\/stop-violencia-sexual\/#primaryimage"},"thumbnailUrl":"https:\/\/culturayciencia.org\/stop-violencia-sexual\/wp-content\/uploads\/2023\/01\/Stop-violencia-sexual-logo-banner-fb-scaled.jpg","datePublished":"2023-01-18T13:10:46+00:00","dateModified":"2023-01-23T18:07:20+00:00","description":"El proyecto se organiza en charlas para la concienciaci\u00f3n de la ciudadan\u00eda, creaci\u00f3n de una gu\u00eda y generaci\u00f3n de recursos multimedia.","breadcrumb":{"@id":"https:\/\/culturayciencia.org\/stop-violencia-sexual\/#breadcrumb"},"inLanguage":"es","potentialAction":[{"@type":"ReadAction","target":["https:\/\/culturayciencia.org\/stop-violencia-sexual\/"]}]},{"@type":"ImageObject","inLanguage":"es","@id":"https:\/\/culturayciencia.org\/stop-violencia-sexual\/#primaryimage","url":"https:\/\/culturayciencia.org\/stop-violencia-sexual\/wp-content\/uploads\/2023\/01\/Stop-violencia-sexual-logo-banner-fb-scaled.jpg","contentUrl":"https:\/\/culturayciencia.org\/stop-violencia-sexual\/wp-content\/uploads\/2023\/01\/Stop-violencia-sexual-logo-banner-fb-scaled.jpg","width":2560,"height":1440},{"@type":"BreadcrumbList","@id":"https:\/\/culturayciencia.org\/stop-violencia-sexual\/#breadcrumb","itemListElement":[{"@type":"ListItem","position":1,"name":"Portada","item":"https:\/\/culturayciencia.org\/stop-violencia-sexual\/"},{"@type":"ListItem","position":2,"name":"STOP. Violencia Sexual"}]},{"@type":"WebSite","@id":"https:\/\/culturayciencia.org\/stop-violencia-sexual\/#website","url":"https:\/\/culturayciencia.org\/stop-violencia-sexual\/","name":"Stop. Violencia Sexual","description":"","publisher":{"@id":"https:\/\/culturayciencia.org\/stop-violencia-sexual\/#organization"},"potentialAction":[{"@type":"SearchAction","target":{"@type":"EntryPoint","urlTemplate":"https:\/\/culturayciencia.org\/stop-violencia-sexual\/?s={search_term_string}"},"query-input":{"@type":"PropertyValueSpecification","valueRequired":true,"valueName":"search_term_string"}}],"inLanguage":"es"},{"@type":"Organization","@id":"https:\/\/culturayciencia.org\/stop-violencia-sexual\/#organization","name":"Stop. Violencia Sexual","url":"https:\/\/culturayciencia.org\/stop-violencia-sexual\/","logo":{"@type":"ImageObject","inLanguage":"es","@id":"https:\/\/culturayciencia.org\/stop-violencia-sexual\/#\/schema\/logo\/image\/","url":"https:\/\/culturayciencia.org\/stop-violencia-sexual\/wp-content\/uploads\/2023\/01\/Stop-violencia-sexual-logo-banner-01.png","contentUrl":"https:\/\/culturayciencia.org\/stop-violencia-sexual\/wp-content\/uploads\/2023\/01\/Stop-violencia-sexual-logo-banner-01.png","width":786,"height":346,"caption":"Stop. Violencia Sexual"},"image":{"@id":"https:\/\/culturayciencia.org\/stop-violencia-sexual\/#\/schema\/logo\/image\/"}}]}},"uagb_featured_image_src":{"full":["https:\/\/culturayciencia.org\/stop-violencia-sexual\/wp-content\/uploads\/2023\/01\/Stop-violencia-sexual-logo-banner-fb-scaled.jpg",2560,1440,false],"thumbnail":["https:\/\/culturayciencia.org\/stop-violencia-sexual\/wp-content\/uploads\/2023\/01\/Stop-violencia-sexual-logo-banner-fb-150x150.jpg",150,150,true],"medium":["https:\/\/culturayciencia.org\/stop-violencia-sexual\/wp-content\/uploads\/2023\/01\/Stop-violencia-sexual-logo-banner-fb-300x169.jpg",300,169,true],"medium_large":["https:\/\/culturayciencia.org\/stop-violencia-sexual\/wp-content\/uploads\/2023\/01\/Stop-violencia-sexual-logo-banner-fb-768x432.jpg",768,432,true],"large":["https:\/\/culturayciencia.org\/stop-violencia-sexual\/wp-content\/uploads\/2023\/01\/Stop-violencia-sexual-logo-banner-fb-1024x576.jpg",1024,576,true],"1536x1536":["https:\/\/culturayciencia.org\/stop-violencia-sexual\/wp-content\/uploads\/2023\/01\/Stop-violencia-sexual-logo-banner-fb-1536x864.jpg",1536,864,true],"2048x2048":["https:\/\/culturayciencia.org\/stop-violencia-sexual\/wp-content\/uploads\/2023\/01\/Stop-violencia-sexual-logo-banner-fb-2048x1152.jpg",2048,1152,true]},"uagb_author_info":{"display_name":false,"author_link":"https:\/\/culturayciencia.org\/stop-violencia-sexual\/author\/amelia\/"},"uagb_comment_info":0,"uagb_excerpt":"La Asociaci\u00f3n de Industrias Culturales y Cient\u00edficas presenta STOP. Violencia Sexual. El proyecto se organiza en tres hitos fundamentales: charlas para la concienciaci\u00f3n de la ciudadan\u00eda, creaci\u00f3n de una gu\u00eda did\u00e1ctica y generaci\u00f3n de recursos multimedia en relaci\u00f3n a lo anterior. Objetivos Organiza: Colabora:","_links":{"self":[{"href":"https:\/\/culturayciencia.org\/stop-violencia-sexual\/wp-json\/wp\/v2\/pages\/2","targetHints":{"allow":["GET"]}}],"collection":[{"href":"https:\/\/culturayciencia.org\/stop-violencia-sexual\/wp-json\/wp\/v2\/pages"}],"about":[{"href":"https:\/\/culturayciencia.org\/stop-violencia-sexual\/wp-json\/wp\/v2\/types\/page"}],"author":[{"embeddable":true,"href":"https:\/\/culturayciencia.org\/stop-violencia-sexual\/wp-json\/wp\/v2\/users\/1"}],"replies":[{"embeddable":true,"href":"https:\/\/culturayciencia.org\/stop-violencia-sexual\/wp-json\/wp\/v2\/comments?post=2"}],"version-history":[{"count":0,"href":"https:\/\/culturayciencia.org\/stop-violencia-sexual\/wp-json\/wp\/v2\/pages\/2\/revisions"}],"wp:featuredmedia":[{"embeddable":true,"href":"https:\/\/culturayciencia.org\/stop-violencia-sexual\/wp-json\/wp\/v2\/media\/25"}],"wp:attachment":[{"href":"https:\/\/culturayciencia.org\/stop-violencia-sexual\/wp-json\/wp\/v2\/media?parent=2"}],"curies":[{"name":"wp","href":"https:\/\/api.w.org\/{rel}","templated":true}]}}