{"id":30,"date":"2023-01-23T18:06:00","date_gmt":"2023-01-23T18:06:00","guid":{"rendered":"https:\/\/culturayciencia.org\/stop-violencia-sexual\/?page_id=30"},"modified":"2023-12-15T08:59:50","modified_gmt":"2023-12-15T08:59:50","slug":"exposicion","status":"publish","type":"page","link":"https:\/\/culturayciencia.org\/stop-violencia-sexual\/exposicion\/","title":{"rendered":"Exposici\u00f3n NO. Las mujeres no estamos en venta"},"content":{"rendered":"\n<div style=\"height:20px\" aria-hidden=\"true\" class=\"wp-block-spacer\"><\/div>\n\n\n\n<figure class=\"wp-block-image size-large\"><img loading=\"lazy\" decoding=\"async\" width=\"1024\" height=\"358\" src=\"https:\/\/culturayciencia.org\/stop-violencia-sexual\/wp-content\/uploads\/2023\/01\/Exposicion_stop_violencia_sexual-scaled-e1674497906992-1024x358.jpg\" alt=\"\" class=\"wp-image-35\" srcset=\"https:\/\/culturayciencia.org\/stop-violencia-sexual\/wp-content\/uploads\/2023\/01\/Exposicion_stop_violencia_sexual-scaled-e1674497906992-1024x358.jpg 1024w, https:\/\/culturayciencia.org\/stop-violencia-sexual\/wp-content\/uploads\/2023\/01\/Exposicion_stop_violencia_sexual-scaled-e1674497906992-300x105.jpg 300w, https:\/\/culturayciencia.org\/stop-violencia-sexual\/wp-content\/uploads\/2023\/01\/Exposicion_stop_violencia_sexual-scaled-e1674497906992-768x269.jpg 768w, https:\/\/culturayciencia.org\/stop-violencia-sexual\/wp-content\/uploads\/2023\/01\/Exposicion_stop_violencia_sexual-scaled-e1674497906992-1536x538.jpg 1536w, https:\/\/culturayciencia.org\/stop-violencia-sexual\/wp-content\/uploads\/2023\/01\/Exposicion_stop_violencia_sexual-scaled-e1674497906992-2048x717.jpg 2048w\" sizes=\"auto, (max-width: 1024px) 100vw, 1024px\" \/><\/figure>\n\n\n\n<p><br>Exposici\u00f3n itinerante con una reproducci\u00f3n de p\u00e1ginas significativas del c\u00f3mic, acompa\u00f1ada de cartelas explicativas. Cuatro de ellas contendr\u00e1n una introducci\u00f3n, los objetivos, los\/as autores\/as y la contextualizaci\u00f3n, las dem\u00e1s acompa\u00f1ar\u00e1n a cada panel con las explicaciones pertinentes sobre las vi\u00f1etas recogidas.<\/p>\n\n\n\n<ul class=\"wp-block-list\">\n<li>30 l\u00e1minas impresas en vinilo (70 cm x 100 cm) mate a todo color con tintas ecosolventes y laminadas en mate. Soportes r\u00edgidos de PVC de 5mm de espesor.<\/li>\n<\/ul>\n\n\n\n<p>La exposici\u00f3n estar\u00e1 disponible para entidades p\u00fablicas y privadas (asociaciones, centros de ense\u00f1anza, de la mujer,\u2026) de forma gratuita.<\/p>\n\n\n\n<p>Acompa\u00f1ando a la exposici\u00f3n, la entidad tambi\u00e9n cede ejemplares del c\u00f3mic.<\/p>\n\n\n\n<div class=\"wp-block-columns is-layout-flex wp-container-core-columns-is-layout-9d6595d7 wp-block-columns-is-layout-flex\">\n<div class=\"wp-block-column is-layout-flow wp-block-column-is-layout-flow\"><\/div>\n\n\n\n<div class=\"wp-block-column is-layout-flow wp-block-column-is-layout-flow\">\n<div class=\"wp-block-uagb-buttons uagb-buttons__outer-wrap uagb-btn__default-btn uagb-btn-tablet__default-btn uagb-btn-mobile__default-btn uagb-block-ca72e9c3\"><div class=\"uagb-buttons__wrap uagb-buttons-layout-wrap\">\n<div class=\"wp-block-uagb-buttons-child uagb-buttons__outer-wrap uagb-block-e3c0c525 wp-block-button\"><div class=\"uagb-button__wrapper\"><a class=\"uagb-buttons-repeater wp-block-button__link\" href=\"https:\/\/culturayciencia.org\/stop-violencia-sexual\/exposicion\/solicitud-exposicion\/\" onclick=\"return true;\" rel=\"follow noopener\" target=\"_self\"><div class=\"uagb-button__link\">Formulario solicitud exposici\u00f3n<\/div><\/a><\/div><\/div>\n<\/div><\/div>\n<\/div>\n\n\n\n<div class=\"wp-block-column is-layout-flow wp-block-column-is-layout-flow\"><\/div>\n<\/div>\n","protected":false},"excerpt":{"rendered":"<p>Exposici\u00f3n itinerante con una reproducci\u00f3n de p\u00e1ginas significativas del c\u00f3mic, acompa\u00f1ada de cartelas explicativas. Cuatro de ellas contendr\u00e1n una introducci\u00f3n, los objetivos, los\/as autores\/as y la contextualizaci\u00f3n, las dem\u00e1s acompa\u00f1ar\u00e1n a cada panel con las explicaciones pertinentes sobre las vi\u00f1etas recogidas. La exposici\u00f3n estar\u00e1 disponible para entidades p\u00fablicas y privadas (asociaciones, centros de ense\u00f1anza, de &#8230; <a title=\"Exposici\u00f3n NO. Las mujeres no estamos en venta\" class=\"read-more\" href=\"https:\/\/culturayciencia.org\/stop-violencia-sexual\/exposicion\/\" aria-label=\"Leer m\u00e1s sobre Exposici\u00f3n NO. Las mujeres no estamos en venta\">Leer m\u00e1s<\/a><\/p>\n","protected":false},"author":1,"featured_media":25,"parent":0,"menu_order":0,"comment_status":"closed","ping_status":"closed","template":"","meta":{"om_disable_all_campaigns":false,"_uag_custom_page_level_css":"","_monsterinsights_skip_tracking":false,"_monsterinsights_sitenote_active":false,"_monsterinsights_sitenote_note":"","_monsterinsights_sitenote_category":0,"footnotes":""},"class_list":["post-30","page","type-page","status-publish","has-post-thumbnail"],"yoast_head":"<!-- This site is optimized with the Yoast SEO plugin v27.3 - https:\/\/yoast.com\/product\/yoast-seo-wordpress\/ -->\n<title>Exposici\u00f3n NO. Las mujeres no estamos en venta - Stop. Violencia Sexual<\/title>\n<meta name=\"description\" content=\"Exposici\u00f3n itinerante con una reproducci\u00f3n de p\u00e1ginas significativas del c\u00f3mic, acompa\u00f1ada de cartelas explicativas.\" \/>\n<meta name=\"robots\" content=\"index, follow, max-snippet:-1, max-image-preview:large, max-video-preview:-1\" \/>\n<link rel=\"canonical\" href=\"https:\/\/culturayciencia.org\/stop-violencia-sexual\/exposicion\/\" \/>\n<meta property=\"og:locale\" content=\"es_ES\" \/>\n<meta property=\"og:type\" content=\"article\" \/>\n<meta property=\"og:title\" content=\"Exposici\u00f3n NO. Las mujeres no estamos en venta - Stop. Violencia Sexual\" \/>\n<meta property=\"og:description\" content=\"Exposici\u00f3n itinerante con una reproducci\u00f3n de p\u00e1ginas significativas del c\u00f3mic, acompa\u00f1ada de cartelas explicativas.\" \/>\n<meta property=\"og:url\" content=\"https:\/\/culturayciencia.org\/stop-violencia-sexual\/exposicion\/\" \/>\n<meta property=\"og:site_name\" content=\"Stop. Violencia Sexual\" \/>\n<meta property=\"article:modified_time\" content=\"2023-12-15T08:59:50+00:00\" \/>\n<meta property=\"og:image\" content=\"https:\/\/culturayciencia.org\/stop-violencia-sexual\/wp-content\/uploads\/2023\/01\/Stop-violencia-sexual-logo-banner-fb-scaled.jpg\" \/>\n\t<meta property=\"og:image:width\" content=\"2560\" \/>\n\t<meta property=\"og:image:height\" content=\"1440\" \/>\n\t<meta property=\"og:image:type\" content=\"image\/jpeg\" \/>\n<meta name=\"twitter:card\" content=\"summary_large_image\" \/>\n<meta name=\"twitter:image\" content=\"https:\/\/culturayciencia.org\/stop-violencia-sexual\/wp-content\/uploads\/2023\/01\/Stop-violencia-sexual-logo-banner-fb-scaled.jpg\" \/>\n<meta name=\"twitter:label1\" content=\"Tiempo de lectura\" \/>\n\t<meta name=\"twitter:data1\" content=\"1 minuto\" \/>\n<script type=\"application\/ld+json\" class=\"yoast-schema-graph\">{\"@context\":\"https:\\\/\\\/schema.org\",\"@graph\":[{\"@type\":\"WebPage\",\"@id\":\"https:\\\/\\\/culturayciencia.org\\\/stop-violencia-sexual\\\/exposicion\\\/\",\"url\":\"https:\\\/\\\/culturayciencia.org\\\/stop-violencia-sexual\\\/exposicion\\\/\",\"name\":\"Exposici\u00f3n NO. Las mujeres no estamos en venta - Stop. Violencia Sexual\",\"isPartOf\":{\"@id\":\"https:\\\/\\\/culturayciencia.org\\\/stop-violencia-sexual\\\/#website\"},\"primaryImageOfPage\":{\"@id\":\"https:\\\/\\\/culturayciencia.org\\\/stop-violencia-sexual\\\/exposicion\\\/#primaryimage\"},\"image\":{\"@id\":\"https:\\\/\\\/culturayciencia.org\\\/stop-violencia-sexual\\\/exposicion\\\/#primaryimage\"},\"thumbnailUrl\":\"https:\\\/\\\/culturayciencia.org\\\/stop-violencia-sexual\\\/wp-content\\\/uploads\\\/2023\\\/01\\\/Stop-violencia-sexual-logo-banner-fb-scaled.jpg\",\"datePublished\":\"2023-01-23T18:06:00+00:00\",\"dateModified\":\"2023-12-15T08:59:50+00:00\",\"description\":\"Exposici\u00f3n itinerante con una reproducci\u00f3n de p\u00e1ginas significativas del c\u00f3mic, acompa\u00f1ada de cartelas explicativas.\",\"breadcrumb\":{\"@id\":\"https:\\\/\\\/culturayciencia.org\\\/stop-violencia-sexual\\\/exposicion\\\/#breadcrumb\"},\"inLanguage\":\"es\",\"potentialAction\":[{\"@type\":\"ReadAction\",\"target\":[\"https:\\\/\\\/culturayciencia.org\\\/stop-violencia-sexual\\\/exposicion\\\/\"]}]},{\"@type\":\"ImageObject\",\"inLanguage\":\"es\",\"@id\":\"https:\\\/\\\/culturayciencia.org\\\/stop-violencia-sexual\\\/exposicion\\\/#primaryimage\",\"url\":\"https:\\\/\\\/culturayciencia.org\\\/stop-violencia-sexual\\\/wp-content\\\/uploads\\\/2023\\\/01\\\/Stop-violencia-sexual-logo-banner-fb-scaled.jpg\",\"contentUrl\":\"https:\\\/\\\/culturayciencia.org\\\/stop-violencia-sexual\\\/wp-content\\\/uploads\\\/2023\\\/01\\\/Stop-violencia-sexual-logo-banner-fb-scaled.jpg\",\"width\":2560,\"height\":1440},{\"@type\":\"BreadcrumbList\",\"@id\":\"https:\\\/\\\/culturayciencia.org\\\/stop-violencia-sexual\\\/exposicion\\\/#breadcrumb\",\"itemListElement\":[{\"@type\":\"ListItem\",\"position\":1,\"name\":\"Portada\",\"item\":\"https:\\\/\\\/culturayciencia.org\\\/stop-violencia-sexual\\\/\"},{\"@type\":\"ListItem\",\"position\":2,\"name\":\"Exposici\u00f3n NO. Las mujeres no estamos en venta\"}]},{\"@type\":\"WebSite\",\"@id\":\"https:\\\/\\\/culturayciencia.org\\\/stop-violencia-sexual\\\/#website\",\"url\":\"https:\\\/\\\/culturayciencia.org\\\/stop-violencia-sexual\\\/\",\"name\":\"Stop. Violencia Sexual\",\"description\":\"\",\"publisher\":{\"@id\":\"https:\\\/\\\/culturayciencia.org\\\/stop-violencia-sexual\\\/#organization\"},\"potentialAction\":[{\"@type\":\"SearchAction\",\"target\":{\"@type\":\"EntryPoint\",\"urlTemplate\":\"https:\\\/\\\/culturayciencia.org\\\/stop-violencia-sexual\\\/?s={search_term_string}\"},\"query-input\":{\"@type\":\"PropertyValueSpecification\",\"valueRequired\":true,\"valueName\":\"search_term_string\"}}],\"inLanguage\":\"es\"},{\"@type\":\"Organization\",\"@id\":\"https:\\\/\\\/culturayciencia.org\\\/stop-violencia-sexual\\\/#organization\",\"name\":\"Stop. Violencia Sexual\",\"url\":\"https:\\\/\\\/culturayciencia.org\\\/stop-violencia-sexual\\\/\",\"logo\":{\"@type\":\"ImageObject\",\"inLanguage\":\"es\",\"@id\":\"https:\\\/\\\/culturayciencia.org\\\/stop-violencia-sexual\\\/#\\\/schema\\\/logo\\\/image\\\/\",\"url\":\"https:\\\/\\\/culturayciencia.org\\\/stop-violencia-sexual\\\/wp-content\\\/uploads\\\/2023\\\/01\\\/Stop-violencia-sexual-logo-banner-01.png\",\"contentUrl\":\"https:\\\/\\\/culturayciencia.org\\\/stop-violencia-sexual\\\/wp-content\\\/uploads\\\/2023\\\/01\\\/Stop-violencia-sexual-logo-banner-01.png\",\"width\":786,\"height\":346,\"caption\":\"Stop. Violencia Sexual\"},\"image\":{\"@id\":\"https:\\\/\\\/culturayciencia.org\\\/stop-violencia-sexual\\\/#\\\/schema\\\/logo\\\/image\\\/\"}}]}<\/script>\n<!-- \/ Yoast SEO plugin. -->","yoast_head_json":{"title":"Exposici\u00f3n NO. Las mujeres no estamos en venta - Stop. Violencia Sexual","description":"Exposici\u00f3n itinerante con una reproducci\u00f3n de p\u00e1ginas significativas del c\u00f3mic, acompa\u00f1ada de cartelas explicativas.","robots":{"index":"index","follow":"follow","max-snippet":"max-snippet:-1","max-image-preview":"max-image-preview:large","max-video-preview":"max-video-preview:-1"},"canonical":"https:\/\/culturayciencia.org\/stop-violencia-sexual\/exposicion\/","og_locale":"es_ES","og_type":"article","og_title":"Exposici\u00f3n NO. Las mujeres no estamos en venta - Stop. Violencia Sexual","og_description":"Exposici\u00f3n itinerante con una reproducci\u00f3n de p\u00e1ginas significativas del c\u00f3mic, acompa\u00f1ada de cartelas explicativas.","og_url":"https:\/\/culturayciencia.org\/stop-violencia-sexual\/exposicion\/","og_site_name":"Stop. Violencia Sexual","article_modified_time":"2023-12-15T08:59:50+00:00","og_image":[{"width":2560,"height":1440,"url":"https:\/\/culturayciencia.org\/stop-violencia-sexual\/wp-content\/uploads\/2023\/01\/Stop-violencia-sexual-logo-banner-fb-scaled.jpg","type":"image\/jpeg"}],"twitter_card":"summary_large_image","twitter_image":"https:\/\/culturayciencia.org\/stop-violencia-sexual\/wp-content\/uploads\/2023\/01\/Stop-violencia-sexual-logo-banner-fb-scaled.jpg","twitter_misc":{"Tiempo de lectura":"1 minuto"},"schema":{"@context":"https:\/\/schema.org","@graph":[{"@type":"WebPage","@id":"https:\/\/culturayciencia.org\/stop-violencia-sexual\/exposicion\/","url":"https:\/\/culturayciencia.org\/stop-violencia-sexual\/exposicion\/","name":"Exposici\u00f3n NO. Las mujeres no estamos en venta - Stop. Violencia Sexual","isPartOf":{"@id":"https:\/\/culturayciencia.org\/stop-violencia-sexual\/#website"},"primaryImageOfPage":{"@id":"https:\/\/culturayciencia.org\/stop-violencia-sexual\/exposicion\/#primaryimage"},"image":{"@id":"https:\/\/culturayciencia.org\/stop-violencia-sexual\/exposicion\/#primaryimage"},"thumbnailUrl":"https:\/\/culturayciencia.org\/stop-violencia-sexual\/wp-content\/uploads\/2023\/01\/Stop-violencia-sexual-logo-banner-fb-scaled.jpg","datePublished":"2023-01-23T18:06:00+00:00","dateModified":"2023-12-15T08:59:50+00:00","description":"Exposici\u00f3n itinerante con una reproducci\u00f3n de p\u00e1ginas significativas del c\u00f3mic, acompa\u00f1ada de cartelas explicativas.","breadcrumb":{"@id":"https:\/\/culturayciencia.org\/stop-violencia-sexual\/exposicion\/#breadcrumb"},"inLanguage":"es","potentialAction":[{"@type":"ReadAction","target":["https:\/\/culturayciencia.org\/stop-violencia-sexual\/exposicion\/"]}]},{"@type":"ImageObject","inLanguage":"es","@id":"https:\/\/culturayciencia.org\/stop-violencia-sexual\/exposicion\/#primaryimage","url":"https:\/\/culturayciencia.org\/stop-violencia-sexual\/wp-content\/uploads\/2023\/01\/Stop-violencia-sexual-logo-banner-fb-scaled.jpg","contentUrl":"https:\/\/culturayciencia.org\/stop-violencia-sexual\/wp-content\/uploads\/2023\/01\/Stop-violencia-sexual-logo-banner-fb-scaled.jpg","width":2560,"height":1440},{"@type":"BreadcrumbList","@id":"https:\/\/culturayciencia.org\/stop-violencia-sexual\/exposicion\/#breadcrumb","itemListElement":[{"@type":"ListItem","position":1,"name":"Portada","item":"https:\/\/culturayciencia.org\/stop-violencia-sexual\/"},{"@type":"ListItem","position":2,"name":"Exposici\u00f3n NO. Las mujeres no estamos en venta"}]},{"@type":"WebSite","@id":"https:\/\/culturayciencia.org\/stop-violencia-sexual\/#website","url":"https:\/\/culturayciencia.org\/stop-violencia-sexual\/","name":"Stop. Violencia Sexual","description":"","publisher":{"@id":"https:\/\/culturayciencia.org\/stop-violencia-sexual\/#organization"},"potentialAction":[{"@type":"SearchAction","target":{"@type":"EntryPoint","urlTemplate":"https:\/\/culturayciencia.org\/stop-violencia-sexual\/?s={search_term_string}"},"query-input":{"@type":"PropertyValueSpecification","valueRequired":true,"valueName":"search_term_string"}}],"inLanguage":"es"},{"@type":"Organization","@id":"https:\/\/culturayciencia.org\/stop-violencia-sexual\/#organization","name":"Stop. Violencia Sexual","url":"https:\/\/culturayciencia.org\/stop-violencia-sexual\/","logo":{"@type":"ImageObject","inLanguage":"es","@id":"https:\/\/culturayciencia.org\/stop-violencia-sexual\/#\/schema\/logo\/image\/","url":"https:\/\/culturayciencia.org\/stop-violencia-sexual\/wp-content\/uploads\/2023\/01\/Stop-violencia-sexual-logo-banner-01.png","contentUrl":"https:\/\/culturayciencia.org\/stop-violencia-sexual\/wp-content\/uploads\/2023\/01\/Stop-violencia-sexual-logo-banner-01.png","width":786,"height":346,"caption":"Stop. Violencia Sexual"},"image":{"@id":"https:\/\/culturayciencia.org\/stop-violencia-sexual\/#\/schema\/logo\/image\/"}}]}},"uagb_featured_image_src":{"full":["https:\/\/culturayciencia.org\/stop-violencia-sexual\/wp-content\/uploads\/2023\/01\/Stop-violencia-sexual-logo-banner-fb-scaled.jpg",2560,1440,false],"thumbnail":["https:\/\/culturayciencia.org\/stop-violencia-sexual\/wp-content\/uploads\/2023\/01\/Stop-violencia-sexual-logo-banner-fb-150x150.jpg",150,150,true],"medium":["https:\/\/culturayciencia.org\/stop-violencia-sexual\/wp-content\/uploads\/2023\/01\/Stop-violencia-sexual-logo-banner-fb-300x169.jpg",300,169,true],"medium_large":["https:\/\/culturayciencia.org\/stop-violencia-sexual\/wp-content\/uploads\/2023\/01\/Stop-violencia-sexual-logo-banner-fb-768x432.jpg",768,432,true],"large":["https:\/\/culturayciencia.org\/stop-violencia-sexual\/wp-content\/uploads\/2023\/01\/Stop-violencia-sexual-logo-banner-fb-1024x576.jpg",1024,576,true],"1536x1536":["https:\/\/culturayciencia.org\/stop-violencia-sexual\/wp-content\/uploads\/2023\/01\/Stop-violencia-sexual-logo-banner-fb-1536x864.jpg",1536,864,true],"2048x2048":["https:\/\/culturayciencia.org\/stop-violencia-sexual\/wp-content\/uploads\/2023\/01\/Stop-violencia-sexual-logo-banner-fb-2048x1152.jpg",2048,1152,true]},"uagb_author_info":{"display_name":false,"author_link":"https:\/\/culturayciencia.org\/stop-violencia-sexual\/author\/amelia\/"},"uagb_comment_info":0,"uagb_excerpt":"Exposici\u00f3n itinerante con una reproducci\u00f3n de p\u00e1ginas significativas del c\u00f3mic, acompa\u00f1ada de cartelas explicativas. Cuatro de ellas contendr\u00e1n una introducci\u00f3n, los objetivos, los\/as autores\/as y la contextualizaci\u00f3n, las dem\u00e1s acompa\u00f1ar\u00e1n a cada panel con las explicaciones pertinentes sobre las vi\u00f1etas recogidas. La exposici\u00f3n estar\u00e1 disponible para entidades p\u00fablicas y privadas (asociaciones, centros de ense\u00f1anza, de&hellip;","_links":{"self":[{"href":"https:\/\/culturayciencia.org\/stop-violencia-sexual\/wp-json\/wp\/v2\/pages\/30","targetHints":{"allow":["GET"]}}],"collection":[{"href":"https:\/\/culturayciencia.org\/stop-violencia-sexual\/wp-json\/wp\/v2\/pages"}],"about":[{"href":"https:\/\/culturayciencia.org\/stop-violencia-sexual\/wp-json\/wp\/v2\/types\/page"}],"author":[{"embeddable":true,"href":"https:\/\/culturayciencia.org\/stop-violencia-sexual\/wp-json\/wp\/v2\/users\/1"}],"replies":[{"embeddable":true,"href":"https:\/\/culturayciencia.org\/stop-violencia-sexual\/wp-json\/wp\/v2\/comments?post=30"}],"version-history":[{"count":0,"href":"https:\/\/culturayciencia.org\/stop-violencia-sexual\/wp-json\/wp\/v2\/pages\/30\/revisions"}],"wp:featuredmedia":[{"embeddable":true,"href":"https:\/\/culturayciencia.org\/stop-violencia-sexual\/wp-json\/wp\/v2\/media\/25"}],"wp:attachment":[{"href":"https:\/\/culturayciencia.org\/stop-violencia-sexual\/wp-json\/wp\/v2\/media?parent=30"}],"curies":[{"name":"wp","href":"https:\/\/api.w.org\/{rel}","templated":true}]}}