{"id":40,"date":"2023-01-23T18:35:47","date_gmt":"2023-01-23T18:35:47","guid":{"rendered":"https:\/\/culturayciencia.org\/stop-violencia-sexual\/?page_id=40"},"modified":"2023-01-26T17:50:46","modified_gmt":"2023-01-26T17:50:46","slug":"referentes","status":"publish","type":"page","link":"https:\/\/culturayciencia.org\/stop-violencia-sexual\/recursos-digitales\/referentes\/","title":{"rendered":"Referentes"},"content":{"rendered":"\n<div style=\"height:20px\" aria-hidden=\"true\" class=\"wp-block-spacer\"><\/div>\n\n\n\n<div class=\"wp-block-columns is-layout-flex wp-container-core-columns-is-layout-9d6595d7 wp-block-columns-is-layout-flex\">\n<div class=\"wp-block-column is-layout-flow wp-block-column-is-layout-flow\">\n<div class=\"wp-block-uagb-buttons uagb-buttons__outer-wrap uagb-btn__default-btn uagb-btn-tablet__default-btn uagb-btn-mobile__default-btn uagb-block-75859d62\"><div class=\"uagb-buttons__wrap uagb-buttons-layout-wrap\">\n<div class=\"wp-block-uagb-buttons-child uagb-buttons__outer-wrap uagb-block-287a5871 wp-block-button is-style-outline\"><div class=\"uagb-button__wrapper\"><a class=\"uagb-buttons-repeater wp-block-button__link has-background has-text-color\" href=\"https:\/\/culturayciencia.org\/stop-violencia-sexual\/referentes\/amelia-tiganus\/\" onclick=\"return true;\" rel=\"follow noopener\" target=\"_self\"><div class=\"uagb-button__link\">Amelia Tiganus<\/div><\/a><\/div><\/div>\n<\/div><\/div>\n\n\n\n<p><\/p>\n\n\n\n<p>Amelia Tiganus es una activista feminista, nacida el 11 de marzo de 1984 en Galati, Ruman\u00eda. Vive en el Pa\u00eds Vasco, su ventana al mundo desde la que pudo reconstruir su vida y renacer despu\u00e9s de haber sido explotada sexualmente durante cinco a\u00f1os en el Estado espa\u00f1ol.<\/p>\n\n\n\n<p>Ha publicado varios art\u00edculos y es formadora en cursos y talleres de sensibilizaci\u00f3n y prevenci\u00f3n la prostituci\u00f3n y la violencia sexual.<\/p>\n<\/div>\n\n\n\n<div class=\"wp-block-column is-layout-flow wp-block-column-is-layout-flow\">\n<div class=\"wp-block-uagb-buttons uagb-buttons__outer-wrap uagb-btn__default-btn uagb-btn-tablet__default-btn uagb-btn-mobile__default-btn uagb-block-60c0aba4\"><div class=\"uagb-buttons__wrap uagb-buttons-layout-wrap\">\n<div class=\"wp-block-uagb-buttons-child uagb-buttons__outer-wrap uagb-block-ca7869a3 wp-block-button is-style-outline\"><div class=\"uagb-button__wrapper\"><a class=\"uagb-buttons-repeater wp-block-button__link has-background has-text-color\" href=\"https:\/\/culturayciencia.org\/stop-violencia-sexual\/referentes\/clara-campoamor\/\" onclick=\"return true;\" rel=\"follow noopener\" target=\"_self\"><div class=\"uagb-button__link\">Clara Campoamor<\/div><\/a><\/div><\/div>\n<\/div><\/div>\n\n\n\n<p><\/p>\n\n\n\n<p>\u201cLucho porque la mujer est\u00e9 en todas partes y no solo donde el hombre vaya a buscarla\u201d.<\/p>\n\n\n\n<p>Abogada, escritora, pol\u00edtica y defensora de los derechos de la mujer espa\u00f1ola. Cre\u00f3 la Uni\u00f3n Republicana Femenina y fue una de las principales impulsoras del sufragio femenino en Espa\u00f1a, que se logr\u00f3 en 1931 y fue ejercido por primera vez por las mujeres en las elecciones de 1933.<\/p>\n<\/div>\n\n\n\n<div class=\"wp-block-column is-layout-flow wp-block-column-is-layout-flow\">\n<div class=\"wp-block-uagb-buttons uagb-buttons__outer-wrap uagb-btn__default-btn uagb-btn-tablet__default-btn uagb-btn-mobile__default-btn uagb-block-995b8121\"><div class=\"uagb-buttons__wrap uagb-buttons-layout-wrap\">\n<div class=\"wp-block-uagb-buttons-child uagb-buttons__outer-wrap uagb-block-c8408b86 wp-block-button is-style-outline\"><div class=\"uagb-button__wrapper\"><a class=\"uagb-buttons-repeater wp-block-button__link has-background has-text-color\" href=\"https:\/\/culturayciencia.org\/stop-violencia-sexual\/recursos-digitales\/referentes\/josephine-butler\/\" onclick=\"return true;\" rel=\"follow noopener\" target=\"_self\"><div class=\"uagb-button__link\">Josephine Butler<\/div><\/a><\/div><\/div>\n<\/div><\/div>\n\n\n\n<p><\/p>\n\n\n\n<p>\u00abDios y una mujer hacen una mayor\u00eda\u00bb.<\/p>\n\n\n\n<p>Feminista y reformista social brit\u00e1nica de la Era Victoriana especialmente preocupada con el bienestar de las prostitutas. Era intensamente religiosa y aborrec\u00eda el pecado, pero consideraba que las mujeres estaban siendo explotadas por la opresi\u00f3n masculina, y atacaba la doble moral institucional.<\/p>\n<\/div>\n<\/div>\n\n\n\n<div class=\"wp-block-columns is-layout-flex wp-container-core-columns-is-layout-9d6595d7 wp-block-columns-is-layout-flex\">\n<div class=\"wp-block-column is-layout-flow wp-block-column-is-layout-flow\">\n<div class=\"wp-block-uagb-buttons uagb-buttons__outer-wrap uagb-btn__default-btn uagb-btn-tablet__default-btn uagb-btn-mobile__default-btn uagb-block-ae10ee88\"><div class=\"uagb-buttons__wrap uagb-buttons-layout-wrap\">\n<div class=\"wp-block-uagb-buttons-child uagb-buttons__outer-wrap uagb-block-524de369 wp-block-button is-style-outline\"><div class=\"uagb-button__wrapper\"><a class=\"uagb-buttons-repeater wp-block-button__link has-background has-text-color\" href=\"https:\/\/culturayciencia.org\/stop-violencia-sexual\/recursos-digitales\/referentes\/margarita-nelken\/\" onclick=\"return true;\" rel=\"follow noopener\" target=\"_self\"><div class=\"uagb-button__link\">Margarita Nelken<\/div><\/a><\/div><\/div>\n<\/div><\/div>\n\n\n\n<p><\/p>\n\n\n\n<p>Escritora, cr\u00edtica de arte y pol\u00edtica espa\u00f1ola. Fue la \u00fanica mujer que result\u00f3 elegida diputada en las tres elecciones generales de la Segunda Rep\u00fablica. Durante la Guerra Civil estuvo en los frentes de Extremadura y Toledo, particip\u00f3 en la defensa de Madrid y colabor\u00f3 en la organizaci\u00f3n de la Uni\u00f3n de Mujeres Antifascistas. Se incorpor\u00f3 al PCE en noviembre de 1936.<br>Tras la contienda se exili\u00f3 en M\u00e9xico, donde falleci\u00f3.<\/p>\n<\/div>\n\n\n\n<div class=\"wp-block-column is-layout-flow wp-block-column-is-layout-flow\">\n<div class=\"wp-block-uagb-buttons uagb-buttons__outer-wrap uagb-btn__default-btn uagb-btn-tablet__default-btn uagb-btn-mobile__default-btn uagb-block-629de812\"><div class=\"uagb-buttons__wrap uagb-buttons-layout-wrap\">\n<div class=\"wp-block-uagb-buttons-child uagb-buttons__outer-wrap uagb-block-a2fccbf9 wp-block-button is-style-outline\"><div class=\"uagb-button__wrapper\"><a class=\"uagb-buttons-repeater wp-block-button__link has-background has-text-color\" href=\"https:\/\/culturayciencia.org\/stop-violencia-sexual\/recursos-digitales\/referentes\/concepcion-arenal\/\" onclick=\"return true;\" rel=\"follow noopener\" target=\"_self\"><div class=\"uagb-button__link\">Concepci\u00f3n Arenal<\/div><\/a><\/div><\/div>\n<\/div><\/div>\n\n\n\n<p><\/p>\n\n\n\n<p>Pionera en el feminismo espa\u00f1ol, desde joven se propuso ser abogada. A los veinti\u00fan a\u00f1os, para poder ingresar como oyente en la Facultad de Derecho de la Universidad Central de Madrid se disfraz\u00f3 de hombre, se cort\u00f3 el pelo, visti\u00f3 levita, capa y sombrero de copa. Al descubrirse su verdadera identidad y tras superar un examen fue autorizada a asistir a las clases, desde 1842 a 1845, sentada en un lugar alejada de sus compa\u00f1eros.<\/p>\n<\/div>\n\n\n\n<div class=\"wp-block-column is-layout-flow wp-block-column-is-layout-flow\">\n<p><\/p>\n\n\n\n<p><\/p>\n<\/div>\n<\/div>\n","protected":false},"excerpt":{"rendered":"<p>Amelia Tiganus es una activista feminista, nacida el 11 de marzo de 1984 en Galati, Ruman\u00eda. Vive en el Pa\u00eds Vasco, su ventana al mundo desde la que pudo reconstruir su vida y renacer despu\u00e9s de haber sido explotada sexualmente durante cinco a\u00f1os en el Estado espa\u00f1ol. Ha publicado varios art\u00edculos y es formadora en &#8230; <a title=\"Referentes\" class=\"read-more\" href=\"https:\/\/culturayciencia.org\/stop-violencia-sexual\/recursos-digitales\/referentes\/\" aria-label=\"Leer m\u00e1s sobre Referentes\">Leer m\u00e1s<\/a><\/p>\n","protected":false},"author":1,"featured_media":0,"parent":37,"menu_order":0,"comment_status":"closed","ping_status":"closed","template":"","meta":{"om_disable_all_campaigns":false,"_uag_custom_page_level_css":"","_monsterinsights_skip_tracking":false,"_monsterinsights_sitenote_active":false,"_monsterinsights_sitenote_note":"","_monsterinsights_sitenote_category":0,"footnotes":""},"class_list":["post-40","page","type-page","status-publish"],"yoast_head":"<!-- This site is optimized with the Yoast SEO plugin v27.4 - https:\/\/yoast.com\/product\/yoast-seo-wordpress\/ -->\n<title>Referentes - Stop. Violencia Sexual<\/title>\n<meta name=\"robots\" content=\"index, follow, max-snippet:-1, max-image-preview:large, max-video-preview:-1\" \/>\n<link rel=\"canonical\" href=\"https:\/\/culturayciencia.org\/stop-violencia-sexual\/recursos-digitales\/referentes\/\" \/>\n<meta property=\"og:locale\" content=\"es_ES\" \/>\n<meta property=\"og:type\" content=\"article\" \/>\n<meta property=\"og:title\" content=\"Referentes - Stop. Violencia Sexual\" \/>\n<meta property=\"og:description\" content=\"Amelia Tiganus es una activista feminista, nacida el 11 de marzo de 1984 en Galati, Ruman\u00eda. Vive en el Pa\u00eds Vasco, su ventana al mundo desde la que pudo reconstruir su vida y renacer despu\u00e9s de haber sido explotada sexualmente durante cinco a\u00f1os en el Estado espa\u00f1ol. Ha publicado varios art\u00edculos y es formadora en ... Leer m\u00e1s\" \/>\n<meta property=\"og:url\" content=\"https:\/\/culturayciencia.org\/stop-violencia-sexual\/recursos-digitales\/referentes\/\" \/>\n<meta property=\"og:site_name\" content=\"Stop. Violencia Sexual\" \/>\n<meta property=\"article:modified_time\" content=\"2023-01-26T17:50:46+00:00\" \/>\n<meta name=\"twitter:card\" content=\"summary_large_image\" \/>\n<meta name=\"twitter:label1\" content=\"Tiempo de lectura\" \/>\n\t<meta name=\"twitter:data1\" content=\"2 minutos\" \/>\n<script type=\"application\/ld+json\" class=\"yoast-schema-graph\">{\"@context\":\"https:\\\/\\\/schema.org\",\"@graph\":[{\"@type\":\"WebPage\",\"@id\":\"https:\\\/\\\/culturayciencia.org\\\/stop-violencia-sexual\\\/recursos-digitales\\\/referentes\\\/\",\"url\":\"https:\\\/\\\/culturayciencia.org\\\/stop-violencia-sexual\\\/recursos-digitales\\\/referentes\\\/\",\"name\":\"Referentes - Stop. Violencia Sexual\",\"isPartOf\":{\"@id\":\"https:\\\/\\\/culturayciencia.org\\\/stop-violencia-sexual\\\/#website\"},\"datePublished\":\"2023-01-23T18:35:47+00:00\",\"dateModified\":\"2023-01-26T17:50:46+00:00\",\"breadcrumb\":{\"@id\":\"https:\\\/\\\/culturayciencia.org\\\/stop-violencia-sexual\\\/recursos-digitales\\\/referentes\\\/#breadcrumb\"},\"inLanguage\":\"es\",\"potentialAction\":[{\"@type\":\"ReadAction\",\"target\":[\"https:\\\/\\\/culturayciencia.org\\\/stop-violencia-sexual\\\/recursos-digitales\\\/referentes\\\/\"]}]},{\"@type\":\"BreadcrumbList\",\"@id\":\"https:\\\/\\\/culturayciencia.org\\\/stop-violencia-sexual\\\/recursos-digitales\\\/referentes\\\/#breadcrumb\",\"itemListElement\":[{\"@type\":\"ListItem\",\"position\":1,\"name\":\"Portada\",\"item\":\"https:\\\/\\\/culturayciencia.org\\\/stop-violencia-sexual\\\/\"},{\"@type\":\"ListItem\",\"position\":2,\"name\":\"Recursos digitales\",\"item\":\"https:\\\/\\\/culturayciencia.org\\\/stop-violencia-sexual\\\/recursos-digitales\\\/\"},{\"@type\":\"ListItem\",\"position\":3,\"name\":\"Referentes\"}]},{\"@type\":\"WebSite\",\"@id\":\"https:\\\/\\\/culturayciencia.org\\\/stop-violencia-sexual\\\/#website\",\"url\":\"https:\\\/\\\/culturayciencia.org\\\/stop-violencia-sexual\\\/\",\"name\":\"Stop. Violencia Sexual\",\"description\":\"\",\"publisher\":{\"@id\":\"https:\\\/\\\/culturayciencia.org\\\/stop-violencia-sexual\\\/#organization\"},\"potentialAction\":[{\"@type\":\"SearchAction\",\"target\":{\"@type\":\"EntryPoint\",\"urlTemplate\":\"https:\\\/\\\/culturayciencia.org\\\/stop-violencia-sexual\\\/?s={search_term_string}\"},\"query-input\":{\"@type\":\"PropertyValueSpecification\",\"valueRequired\":true,\"valueName\":\"search_term_string\"}}],\"inLanguage\":\"es\"},{\"@type\":\"Organization\",\"@id\":\"https:\\\/\\\/culturayciencia.org\\\/stop-violencia-sexual\\\/#organization\",\"name\":\"Stop. Violencia Sexual\",\"url\":\"https:\\\/\\\/culturayciencia.org\\\/stop-violencia-sexual\\\/\",\"logo\":{\"@type\":\"ImageObject\",\"inLanguage\":\"es\",\"@id\":\"https:\\\/\\\/culturayciencia.org\\\/stop-violencia-sexual\\\/#\\\/schema\\\/logo\\\/image\\\/\",\"url\":\"https:\\\/\\\/culturayciencia.org\\\/stop-violencia-sexual\\\/wp-content\\\/uploads\\\/2023\\\/01\\\/Stop-violencia-sexual-logo-banner-01.png\",\"contentUrl\":\"https:\\\/\\\/culturayciencia.org\\\/stop-violencia-sexual\\\/wp-content\\\/uploads\\\/2023\\\/01\\\/Stop-violencia-sexual-logo-banner-01.png\",\"width\":786,\"height\":346,\"caption\":\"Stop. Violencia Sexual\"},\"image\":{\"@id\":\"https:\\\/\\\/culturayciencia.org\\\/stop-violencia-sexual\\\/#\\\/schema\\\/logo\\\/image\\\/\"}}]}<\/script>\n<!-- \/ Yoast SEO plugin. -->","yoast_head_json":{"title":"Referentes - Stop. Violencia Sexual","robots":{"index":"index","follow":"follow","max-snippet":"max-snippet:-1","max-image-preview":"max-image-preview:large","max-video-preview":"max-video-preview:-1"},"canonical":"https:\/\/culturayciencia.org\/stop-violencia-sexual\/recursos-digitales\/referentes\/","og_locale":"es_ES","og_type":"article","og_title":"Referentes - Stop. Violencia Sexual","og_description":"Amelia Tiganus es una activista feminista, nacida el 11 de marzo de 1984 en Galati, Ruman\u00eda. Vive en el Pa\u00eds Vasco, su ventana al mundo desde la que pudo reconstruir su vida y renacer despu\u00e9s de haber sido explotada sexualmente durante cinco a\u00f1os en el Estado espa\u00f1ol. Ha publicado varios art\u00edculos y es formadora en ... Leer m\u00e1s","og_url":"https:\/\/culturayciencia.org\/stop-violencia-sexual\/recursos-digitales\/referentes\/","og_site_name":"Stop. Violencia Sexual","article_modified_time":"2023-01-26T17:50:46+00:00","twitter_card":"summary_large_image","twitter_misc":{"Tiempo de lectura":"2 minutos"},"schema":{"@context":"https:\/\/schema.org","@graph":[{"@type":"WebPage","@id":"https:\/\/culturayciencia.org\/stop-violencia-sexual\/recursos-digitales\/referentes\/","url":"https:\/\/culturayciencia.org\/stop-violencia-sexual\/recursos-digitales\/referentes\/","name":"Referentes - Stop. Violencia Sexual","isPartOf":{"@id":"https:\/\/culturayciencia.org\/stop-violencia-sexual\/#website"},"datePublished":"2023-01-23T18:35:47+00:00","dateModified":"2023-01-26T17:50:46+00:00","breadcrumb":{"@id":"https:\/\/culturayciencia.org\/stop-violencia-sexual\/recursos-digitales\/referentes\/#breadcrumb"},"inLanguage":"es","potentialAction":[{"@type":"ReadAction","target":["https:\/\/culturayciencia.org\/stop-violencia-sexual\/recursos-digitales\/referentes\/"]}]},{"@type":"BreadcrumbList","@id":"https:\/\/culturayciencia.org\/stop-violencia-sexual\/recursos-digitales\/referentes\/#breadcrumb","itemListElement":[{"@type":"ListItem","position":1,"name":"Portada","item":"https:\/\/culturayciencia.org\/stop-violencia-sexual\/"},{"@type":"ListItem","position":2,"name":"Recursos digitales","item":"https:\/\/culturayciencia.org\/stop-violencia-sexual\/recursos-digitales\/"},{"@type":"ListItem","position":3,"name":"Referentes"}]},{"@type":"WebSite","@id":"https:\/\/culturayciencia.org\/stop-violencia-sexual\/#website","url":"https:\/\/culturayciencia.org\/stop-violencia-sexual\/","name":"Stop. Violencia Sexual","description":"","publisher":{"@id":"https:\/\/culturayciencia.org\/stop-violencia-sexual\/#organization"},"potentialAction":[{"@type":"SearchAction","target":{"@type":"EntryPoint","urlTemplate":"https:\/\/culturayciencia.org\/stop-violencia-sexual\/?s={search_term_string}"},"query-input":{"@type":"PropertyValueSpecification","valueRequired":true,"valueName":"search_term_string"}}],"inLanguage":"es"},{"@type":"Organization","@id":"https:\/\/culturayciencia.org\/stop-violencia-sexual\/#organization","name":"Stop. Violencia Sexual","url":"https:\/\/culturayciencia.org\/stop-violencia-sexual\/","logo":{"@type":"ImageObject","inLanguage":"es","@id":"https:\/\/culturayciencia.org\/stop-violencia-sexual\/#\/schema\/logo\/image\/","url":"https:\/\/culturayciencia.org\/stop-violencia-sexual\/wp-content\/uploads\/2023\/01\/Stop-violencia-sexual-logo-banner-01.png","contentUrl":"https:\/\/culturayciencia.org\/stop-violencia-sexual\/wp-content\/uploads\/2023\/01\/Stop-violencia-sexual-logo-banner-01.png","width":786,"height":346,"caption":"Stop. Violencia Sexual"},"image":{"@id":"https:\/\/culturayciencia.org\/stop-violencia-sexual\/#\/schema\/logo\/image\/"}}]}},"uagb_featured_image_src":{"full":false,"thumbnail":false,"medium":false,"medium_large":false,"large":false,"1536x1536":false,"2048x2048":false},"uagb_author_info":{"display_name":false,"author_link":"https:\/\/culturayciencia.org\/stop-violencia-sexual\/author\/amelia\/"},"uagb_comment_info":0,"uagb_excerpt":"Amelia Tiganus es una activista feminista, nacida el 11 de marzo de 1984 en Galati, Ruman\u00eda. Vive en el Pa\u00eds Vasco, su ventana al mundo desde la que pudo reconstruir su vida y renacer despu\u00e9s de haber sido explotada sexualmente durante cinco a\u00f1os en el Estado espa\u00f1ol. Ha publicado varios art\u00edculos y es formadora en&hellip;","_links":{"self":[{"href":"https:\/\/culturayciencia.org\/stop-violencia-sexual\/wp-json\/wp\/v2\/pages\/40","targetHints":{"allow":["GET"]}}],"collection":[{"href":"https:\/\/culturayciencia.org\/stop-violencia-sexual\/wp-json\/wp\/v2\/pages"}],"about":[{"href":"https:\/\/culturayciencia.org\/stop-violencia-sexual\/wp-json\/wp\/v2\/types\/page"}],"author":[{"embeddable":true,"href":"https:\/\/culturayciencia.org\/stop-violencia-sexual\/wp-json\/wp\/v2\/users\/1"}],"replies":[{"embeddable":true,"href":"https:\/\/culturayciencia.org\/stop-violencia-sexual\/wp-json\/wp\/v2\/comments?post=40"}],"version-history":[{"count":0,"href":"https:\/\/culturayciencia.org\/stop-violencia-sexual\/wp-json\/wp\/v2\/pages\/40\/revisions"}],"up":[{"embeddable":true,"href":"https:\/\/culturayciencia.org\/stop-violencia-sexual\/wp-json\/wp\/v2\/pages\/37"}],"wp:attachment":[{"href":"https:\/\/culturayciencia.org\/stop-violencia-sexual\/wp-json\/wp\/v2\/media?parent=40"}],"curies":[{"name":"wp","href":"https:\/\/api.w.org\/{rel}","templated":true}]}}