{"id":59,"date":"2023-01-26T17:07:57","date_gmt":"2023-01-26T17:07:57","guid":{"rendered":"https:\/\/culturayciencia.org\/stop-violencia-sexual\/?page_id=59"},"modified":"2023-01-26T17:10:39","modified_gmt":"2023-01-26T17:10:39","slug":"amelia-tiganus","status":"publish","type":"page","link":"https:\/\/culturayciencia.org\/stop-violencia-sexual\/recursos-digitales\/referentes\/amelia-tiganus\/","title":{"rendered":"Amelia Tiganus"},"content":{"rendered":"<div class=\"wp-block-image\">\n<figure class=\"aligncenter size-full\"><img loading=\"lazy\" decoding=\"async\" width=\"768\" height=\"410\" src=\"https:\/\/culturayciencia.org\/stop-violencia-sexual\/wp-content\/uploads\/2023\/01\/Amelia_Tiganus_stop-violencia-sexual.jpg\" alt=\"\" class=\"wp-image-60\" srcset=\"https:\/\/culturayciencia.org\/stop-violencia-sexual\/wp-content\/uploads\/2023\/01\/Amelia_Tiganus_stop-violencia-sexual.jpg 768w, https:\/\/culturayciencia.org\/stop-violencia-sexual\/wp-content\/uploads\/2023\/01\/Amelia_Tiganus_stop-violencia-sexual-300x160.jpg 300w\" sizes=\"auto, (max-width: 768px) 100vw, 768px\" \/><\/figure>\n<\/div>\n\n\n<p>Amelia Tiganus es una activista feminista, nacida el 11 de marzo de 1984 en Galati, Ruman\u00eda. Vive en el Pa\u00eds Vasco, su ventana al mundo desde la que pudo reconstruir su vida y renacer despu\u00e9s de haber sido explotada sexualmente durante cinco a\u00f1os en el Estado espa\u00f1ol. Ha publicado varios art\u00edculos y es formadora en cursos y talleres de sensibilizaci\u00f3n y prevenci\u00f3n la prostituci\u00f3n y la violencia sexual.<\/p>\n\n\n\n<p>En los \u00faltimos cuatro a\u00f1os (2016-2020) ha impartido m\u00e1s de 350 conferencias, charlas y talleres por todo el territorio espa\u00f1ol y tambi\u00e9n en Am\u00e9rica Latina y Europa.<\/p>\n\n\n\n<p>Ha recibido varios premios y reconocimientos a su labor en pro de los derechos humanos de las mujeres y las ni\u00f1as, entre los cuales, en el a\u00f1o 2019, le ha sido entregado el \u2018Reconocimiento al compromiso mostrado por lograr una<br>sociedad libre de violencia contra las mujeres\u2019 entregado por el Ministerio de Igualdad y el Gobierno de Espa\u00f1a.<\/p>\n\n\n\n<p>Es militante del Movimiento Abolicionista del Pa\u00eds Vasco (EHMA \u2013 Euskal Herriko Mugimendu Abolizionista) y fundadora de Emargi, una asociaci\u00f3n dedicada a luchar de manera integral por un futuro libre de explotaci\u00f3n sexual y reproductiva de mujeres y ni\u00f1as desde su dimensi\u00f3n local, nacional e internacional.<\/p>\n\n\n\n<p>Tiganus deja claro que: \u00abNo podemos hablar de igualdad entre hombres y mujeres, ni de justicia social, ni de la sociedad del buen trato mientras exista una sola mujer en el mundo explotada sexualmente\u00bb.<\/p>\n\n\n\n<p class=\"has-text-align-center has-text-color\" style=\"color:#e31e24;font-size:25px\"><strong>WEBs de inter\u00e9s (muy recomendadas)<\/strong>:<\/p>\n\n\n\n<ul class=\"wp-block-list\">\n<li><a href=\"https:\/\/geoviolenciasexual.com\/\" target=\"_blank\" rel=\"noreferrer noopener\">https:\/\/geoviolenciasexual.com\/<\/a><\/li>\n\n\n\n<li><a href=\"https:\/\/traductorasparaaboliciondelaprostitucion.weebly.com\/\" target=\"_blank\" rel=\"noreferrer noopener\">https:\/\/traductorasparaaboliciondelaprostitucion.weebly.com\/<\/a><\/li>\n<\/ul>\n\n\n\n<p class=\"has-text-align-center has-text-color\" style=\"color:#e31e24;font-size:25px\"><strong>Art\u00edculos, programas y entrevistas de Amelia Tiganus<\/strong><\/p>\n\n\n\n<div class=\"wp-block-columns is-layout-flex wp-container-core-columns-is-layout-9d6595d7 wp-block-columns-is-layout-flex\">\n<div class=\"wp-block-column is-layout-flow wp-block-column-is-layout-flow\">\n<ul class=\"wp-block-list\">\n<li><a href=\"https:\/\/www.bing.com\/videos\/search?q=amelia+tiganus+salvados&amp;&amp;view=detail&amp;mid=4EE20C39F0E1D77590B04EE20C39F0E1D77590B0&amp;&amp;FORM=VRDGAR&amp;ru=%2Fvideos%2Fsearch%3Fq%3Damelia%2Btiganus%2Bsalvados%26FORM%3DHDRSC4\" target=\"_blank\" rel=\"noreferrer noopener\">Programa Salvados<\/a><\/li>\n\n\n\n<li><a href=\"https:\/\/www.youtube.com\/watch?v=ZXUF1oJvmOU&amp;t=3s\" target=\"_blank\" rel=\"noreferrer noopener\">Charla de queridas<\/a><\/li>\n\n\n\n<li><a href=\"https:\/\/www.youtube.com\/watch?v=gPM9IpxDFT4&amp;t=1018s\" target=\"_blank\" rel=\"noreferrer noopener\">Soluci\u00f3n abolici\u00f3n<\/a><\/li>\n\n\n\n<li><a href=\"https:\/\/www.youtube.com\/watch?v=sBl8GCFbmBM\" target=\"_blank\" rel=\"noreferrer noopener\">La voz de las supervivientes<\/a><\/li>\n\n\n\n<li><a href=\"https:\/\/geoviolenciasexual.com\/la-revuelta-de-las-putas\/\" target=\"_blank\" rel=\"noreferrer noopener\">La revuelta de las putas<\/a><\/li>\n\n\n\n<li><a href=\"https:\/\/revistalacomuna.com\/formacion-politica-y-opinion\/el-trabajo-os-hara-libres-arbeit-macht-frei\/\" target=\"_blank\" rel=\"noreferrer noopener\">El trabajo os har\u00e1 libres<\/a><\/li>\n\n\n\n<li><a href=\"https:\/\/geoviolenciasexual.com\/las-manadas-de-los-sanfermines\/\" target=\"_blank\" rel=\"noreferrer noopener\">Las manadas en los Sanfermines<\/a><\/li>\n\n\n\n<li><a href=\"https:\/\/www.eldiario.es\/euskadi\/amelia-tiganus-fabricando-agresores-industrial_128_1462579.html\" target=\"_blank\" rel=\"noreferrer noopener\">\u00abEstamos fabricando agresores sexuales a escala industrial\u00bb<\/a><\/li>\n<\/ul>\n<\/div>\n\n\n\n<div class=\"wp-block-column is-layout-flow wp-block-column-is-layout-flow\">\n<ul class=\"wp-block-list\">\n<li><a href=\"https:\/\/www.bing.com\/videos\/search?q=amelia+tiganus+salvados&amp;&amp;view=detail&amp;mid=4EE20C39F0E1D77590B04EE20C39F0E1D77590B0&amp;&amp;FORM=VRDGAR&amp;ru=%2Fvideos%2Fsearch%3Fq%3Damelia%2Btiganus%2Bsalvados%26FORM%3DHDRSC4\" target=\"_blank\" rel=\"noreferrer noopener\"><\/a><a href=\"https:\/\/geoviolenciasexual.com\/recuerdos-de-como-se-fabrica-una-puta\/\" target=\"_blank\" rel=\"noreferrer noopener\">Recuerdos de c\u00f3mo se fabrica una puta<\/a><\/li>\n\n\n\n<li><a href=\"https:\/\/geoviolenciasexual.com\/amelia-tiganus-el-lobby-proxeneta-reaccionara-con-fuerza-si-se-ataca-al-negocio-global-virtual-de-la-prostitucion\/\" target=\"_blank\" rel=\"noreferrer noopener\">Entrevista Amelia Tiganus<\/a><\/li>\n\n\n\n<li><a href=\"https:\/\/www.youtube.com\/watch?v=7UkCVFJvlhg&amp;t=2188s\" target=\"_blank\" rel=\"noreferrer noopener\">Seminario con supervivientes de prostituci\u00f3n y sus propuestas<\/a><\/li>\n\n\n\n<li><a href=\"https:\/\/www.youtube.com\/watch?v=0vcwoaAfJkM&amp;t=1s\" target=\"_blank\" rel=\"noreferrer noopener\">We have a dream \u2013 Las poderosas<\/a><\/li>\n\n\n\n<li><a href=\"https:\/\/www.eldiario.es\/barbijaputa\/radiojaputa-especial-prostitucion_132_1497468.html\" target=\"_blank\" rel=\"noreferrer noopener\">Programa de radio sobre prostituci\u00f3n<\/a><\/li>\n\n\n\n<li><a href=\"http:\/\/andra.eus\/el-abolicionismo-de-la-prostitucion-es-antipatriarcal-anticapitalista-antirracista-y-anticolonialista\/\" target=\"_blank\" rel=\"noreferrer noopener\">\u00abEl abolicionismo de la prostituci\u00f3n es antipatriarcal, anticapitalista, antirracista y anticolonialista\u00bb<\/a><\/li>\n\n\n\n<li><a href=\"https:\/\/www.rtve.es\/m\/alacarta\/videos\/comando-actualidad\/esclavas-invisibles\/5730318\/?media=tve&amp;fbclid=IwAR3xGuWOl6NBMpLeaSSZGA6qci2hr31E3sRKUVm3btZlTbhXClLwDODAacg\" target=\"_blank\" rel=\"noreferrer noopener\">Comando Actualidad \u2013 Esclavas invisibles<\/a><\/li>\n<\/ul>\n<\/div>\n<\/div>\n\n\n\n<p>Atl\u00e1nticas: revista internacional de estudios feministas. A\u00f1o 2018, Vol. 3, N\u00famero 1.<br>Dedicado a: Monogr\u00e1fico \u00abLa prostituci\u00f3n: entre viejos privilegios masculinos y nuevos imaginarios neoliberales\u00bb Dirigida por Rosa Cobo y con la coordinaci\u00f3n de Beatriz Ranea (contiene multitud de art\u00edculos y entrevistas important\u00edsimas)<br><a href=\"https:\/\/dialnet.unirioja.es\/revista\/24653\/A\/2018\" target=\"_blank\" rel=\"noreferrer noopener\">https:\/\/dialnet.unirioja.es\/revista\/24653\/A\/2018<\/a><\/p>\n\n\n\n<p class=\"has-text-align-center has-text-color\" style=\"color:#e31e24;font-size:25px\"><strong>Libros<\/strong><\/p>\n\n\n\n<div class=\"wp-block-columns is-layout-flex wp-container-core-columns-is-layout-9d6595d7 wp-block-columns-is-layout-flex\">\n<div class=\"wp-block-column is-layout-flow wp-block-column-is-layout-flow\">\n<ul class=\"wp-block-list\">\n<li>Mabel Lozano \u2013 El proxeneta<\/li>\n\n\n\n<li>Mabel Lozano y Pablo J. Conellie \u2013 PornoXplotaci\u00f3n<\/li>\n\n\n\n<li>Llu\u00eds Ballester Brage \u2013 Pornograf\u00eda y Educaci\u00f3n Afectivosexual<\/li>\n\n\n\n<li>Beatriz Gimeno \u2013 La prostituci\u00f3n<\/li>\n\n\n\n<li>Kajsa Ekis Ekman \u2013 El ser y la mercanc\u00eda<\/li>\n\n\n\n<li>Ana de Miguel \u2013 Neoliberalismo sexual: El mito de la libre elecci\u00f3n<\/li>\n\n\n\n<li>Rosa Cobo \u2013 La prostituci\u00f3n en el coraz\u00f3n del capitalismo<\/li>\n\n\n\n<li>Sonia S\u00e1nchez \u2013 Ninguna mujer nace para puta<\/li>\n<\/ul>\n<\/div>\n\n\n\n<div class=\"wp-block-column is-layout-flow wp-block-column-is-layout-flow\">\n<ul class=\"wp-block-list\">\n<li>Towanda Rebels \u2013 Hola Guerrera<\/li>\n\n\n\n<li>Pilar Aguilar Carrasco \u2013 Debate prostituci\u00f3n<\/li>\n\n\n\n<li>Lydia Cacho \u2013 Esclavas del poder<\/li>\n\n\n\n<li>A. G\u00f3mez Su\u00e1rez, S. P\u00e9rez Freire y R. M. Verdugo Mat\u00e9s \u2013 El putero espa\u00f1ol<\/li>\n\n\n\n<li>Silvia Chejter \u2013 Lugar com\u00fan: la prostituci\u00f3n<\/li>\n\n\n\n<li>Laura Nu\u00f1o G\u00f3mez y Ana de Miguel \u00c1lvarez \u2013 Elementos para una teor\u00eda cr\u00edtica del sistema prostitucional<\/li>\n\n\n\n<li>Michela Marzano \u2013 La pornograf\u00eda o el agotamiento del deseo<\/li>\n<\/ul>\n<\/div>\n<\/div>\n\n\n\n<p class=\"has-text-align-center has-text-color\" style=\"color:#e31e24;font-size:25px\"><strong>C\u00f3mics<\/strong><\/p>\n\n\n\n<ul class=\"wp-block-list\">\n<li>Alicia Palmer y Bosco Rey-Stolle \u2013 Esclavas<\/li>\n\n\n\n<li>Amelia Tiganus, Alicia Palmer y Roberto Garc\u00eda \u2013 Amelia (pr\u00f3ximamente. Marzo 2021)<\/li>\n<\/ul>\n\n\n\n<p class=\"has-text-align-center has-text-color\" style=\"color:#e31e24;font-size:25px\"><strong>Documentales, cortometrajes y pel\u00edculas<\/strong><\/p>\n\n\n\n<ul class=\"wp-block-list\">\n<li>Isabel de Ocampo \u2013 Evelyn<\/li>\n\n\n\n<li>Isabel de Ocampo \u2013 Miente<\/li>\n\n\n\n<li>Video en Vimeo <a href=\"https:\/\/acortar.link\/N5p1kl\" target=\"_blank\" rel=\"noreferrer noopener\">https:\/\/acortar.link\/N5p1kl<\/a><\/li>\n\n\n\n<li>Isabel de Ocampo \u2013 Ser\u00e1s hombre<\/li>\n\n\n\n<li>Mabel Lozano \u2013 El proxeneta<\/li>\n\n\n\n<li>Mabel Lozano \u2013 Chicas nuevas 24 horas<\/li>\n<\/ul>\n","protected":false},"excerpt":{"rendered":"<p>Amelia Tiganus es una activista feminista, nacida el 11 de marzo de 1984 en Galati, Ruman\u00eda. Vive en el Pa\u00eds Vasco, su ventana al mundo desde la que pudo reconstruir su vida y renacer despu\u00e9s de haber sido explotada sexualmente durante cinco a\u00f1os en el Estado espa\u00f1ol. Ha publicado varios art\u00edculos y es formadora en &#8230; <a title=\"Amelia Tiganus\" class=\"read-more\" href=\"https:\/\/culturayciencia.org\/stop-violencia-sexual\/recursos-digitales\/referentes\/amelia-tiganus\/\" aria-label=\"Leer m\u00e1s sobre Amelia Tiganus\">Leer m\u00e1s<\/a><\/p>\n","protected":false},"author":1,"featured_media":0,"parent":40,"menu_order":0,"comment_status":"closed","ping_status":"closed","template":"","meta":{"om_disable_all_campaigns":false,"_uag_custom_page_level_css":"","_monsterinsights_skip_tracking":false,"_monsterinsights_sitenote_active":false,"_monsterinsights_sitenote_note":"","_monsterinsights_sitenote_category":0,"footnotes":""},"class_list":["post-59","page","type-page","status-publish"],"yoast_head":"<!-- This site is optimized with the Yoast SEO plugin v27.3 - https:\/\/yoast.com\/product\/yoast-seo-wordpress\/ -->\n<title>Amelia Tiganus - Stop. Violencia Sexual<\/title>\n<meta name=\"robots\" content=\"index, follow, max-snippet:-1, max-image-preview:large, max-video-preview:-1\" \/>\n<link rel=\"canonical\" href=\"https:\/\/culturayciencia.org\/stop-violencia-sexual\/recursos-digitales\/referentes\/amelia-tiganus\/\" \/>\n<meta property=\"og:locale\" content=\"es_ES\" \/>\n<meta property=\"og:type\" content=\"article\" \/>\n<meta property=\"og:title\" content=\"Amelia Tiganus - Stop. Violencia Sexual\" \/>\n<meta property=\"og:description\" content=\"Amelia Tiganus es una activista feminista, nacida el 11 de marzo de 1984 en Galati, Ruman\u00eda. Vive en el Pa\u00eds Vasco, su ventana al mundo desde la que pudo reconstruir su vida y renacer despu\u00e9s de haber sido explotada sexualmente durante cinco a\u00f1os en el Estado espa\u00f1ol. Ha publicado varios art\u00edculos y es formadora en ... Leer m\u00e1s\" \/>\n<meta property=\"og:url\" content=\"https:\/\/culturayciencia.org\/stop-violencia-sexual\/recursos-digitales\/referentes\/amelia-tiganus\/\" \/>\n<meta property=\"og:site_name\" content=\"Stop. Violencia Sexual\" \/>\n<meta property=\"article:modified_time\" content=\"2023-01-26T17:10:39+00:00\" \/>\n<meta property=\"og:image\" content=\"https:\/\/culturayciencia.org\/stop-violencia-sexual\/wp-content\/uploads\/2023\/01\/Amelia_Tiganus_stop-violencia-sexual.jpg\" \/>\n<meta name=\"twitter:card\" content=\"summary_large_image\" \/>\n<meta name=\"twitter:label1\" content=\"Tiempo de lectura\" \/>\n\t<meta name=\"twitter:data1\" content=\"3 minutos\" \/>\n<script type=\"application\/ld+json\" class=\"yoast-schema-graph\">{\"@context\":\"https:\\\/\\\/schema.org\",\"@graph\":[{\"@type\":\"WebPage\",\"@id\":\"https:\\\/\\\/culturayciencia.org\\\/stop-violencia-sexual\\\/recursos-digitales\\\/referentes\\\/amelia-tiganus\\\/\",\"url\":\"https:\\\/\\\/culturayciencia.org\\\/stop-violencia-sexual\\\/recursos-digitales\\\/referentes\\\/amelia-tiganus\\\/\",\"name\":\"Amelia Tiganus - Stop. Violencia Sexual\",\"isPartOf\":{\"@id\":\"https:\\\/\\\/culturayciencia.org\\\/stop-violencia-sexual\\\/#website\"},\"primaryImageOfPage\":{\"@id\":\"https:\\\/\\\/culturayciencia.org\\\/stop-violencia-sexual\\\/recursos-digitales\\\/referentes\\\/amelia-tiganus\\\/#primaryimage\"},\"image\":{\"@id\":\"https:\\\/\\\/culturayciencia.org\\\/stop-violencia-sexual\\\/recursos-digitales\\\/referentes\\\/amelia-tiganus\\\/#primaryimage\"},\"thumbnailUrl\":\"https:\\\/\\\/culturayciencia.org\\\/stop-violencia-sexual\\\/wp-content\\\/uploads\\\/2023\\\/01\\\/Amelia_Tiganus_stop-violencia-sexual.jpg\",\"datePublished\":\"2023-01-26T17:07:57+00:00\",\"dateModified\":\"2023-01-26T17:10:39+00:00\",\"breadcrumb\":{\"@id\":\"https:\\\/\\\/culturayciencia.org\\\/stop-violencia-sexual\\\/recursos-digitales\\\/referentes\\\/amelia-tiganus\\\/#breadcrumb\"},\"inLanguage\":\"es\",\"potentialAction\":[{\"@type\":\"ReadAction\",\"target\":[\"https:\\\/\\\/culturayciencia.org\\\/stop-violencia-sexual\\\/recursos-digitales\\\/referentes\\\/amelia-tiganus\\\/\"]}]},{\"@type\":\"ImageObject\",\"inLanguage\":\"es\",\"@id\":\"https:\\\/\\\/culturayciencia.org\\\/stop-violencia-sexual\\\/recursos-digitales\\\/referentes\\\/amelia-tiganus\\\/#primaryimage\",\"url\":\"https:\\\/\\\/culturayciencia.org\\\/stop-violencia-sexual\\\/wp-content\\\/uploads\\\/2023\\\/01\\\/Amelia_Tiganus_stop-violencia-sexual.jpg\",\"contentUrl\":\"https:\\\/\\\/culturayciencia.org\\\/stop-violencia-sexual\\\/wp-content\\\/uploads\\\/2023\\\/01\\\/Amelia_Tiganus_stop-violencia-sexual.jpg\",\"width\":768,\"height\":410},{\"@type\":\"BreadcrumbList\",\"@id\":\"https:\\\/\\\/culturayciencia.org\\\/stop-violencia-sexual\\\/recursos-digitales\\\/referentes\\\/amelia-tiganus\\\/#breadcrumb\",\"itemListElement\":[{\"@type\":\"ListItem\",\"position\":1,\"name\":\"Portada\",\"item\":\"https:\\\/\\\/culturayciencia.org\\\/stop-violencia-sexual\\\/\"},{\"@type\":\"ListItem\",\"position\":2,\"name\":\"Recursos digitales\",\"item\":\"https:\\\/\\\/culturayciencia.org\\\/stop-violencia-sexual\\\/recursos-digitales\\\/\"},{\"@type\":\"ListItem\",\"position\":3,\"name\":\"Referentes\",\"item\":\"https:\\\/\\\/culturayciencia.org\\\/stop-violencia-sexual\\\/recursos-digitales\\\/referentes\\\/\"},{\"@type\":\"ListItem\",\"position\":4,\"name\":\"Amelia Tiganus\"}]},{\"@type\":\"WebSite\",\"@id\":\"https:\\\/\\\/culturayciencia.org\\\/stop-violencia-sexual\\\/#website\",\"url\":\"https:\\\/\\\/culturayciencia.org\\\/stop-violencia-sexual\\\/\",\"name\":\"Stop. Violencia Sexual\",\"description\":\"\",\"publisher\":{\"@id\":\"https:\\\/\\\/culturayciencia.org\\\/stop-violencia-sexual\\\/#organization\"},\"potentialAction\":[{\"@type\":\"SearchAction\",\"target\":{\"@type\":\"EntryPoint\",\"urlTemplate\":\"https:\\\/\\\/culturayciencia.org\\\/stop-violencia-sexual\\\/?s={search_term_string}\"},\"query-input\":{\"@type\":\"PropertyValueSpecification\",\"valueRequired\":true,\"valueName\":\"search_term_string\"}}],\"inLanguage\":\"es\"},{\"@type\":\"Organization\",\"@id\":\"https:\\\/\\\/culturayciencia.org\\\/stop-violencia-sexual\\\/#organization\",\"name\":\"Stop. Violencia Sexual\",\"url\":\"https:\\\/\\\/culturayciencia.org\\\/stop-violencia-sexual\\\/\",\"logo\":{\"@type\":\"ImageObject\",\"inLanguage\":\"es\",\"@id\":\"https:\\\/\\\/culturayciencia.org\\\/stop-violencia-sexual\\\/#\\\/schema\\\/logo\\\/image\\\/\",\"url\":\"https:\\\/\\\/culturayciencia.org\\\/stop-violencia-sexual\\\/wp-content\\\/uploads\\\/2023\\\/01\\\/Stop-violencia-sexual-logo-banner-01.png\",\"contentUrl\":\"https:\\\/\\\/culturayciencia.org\\\/stop-violencia-sexual\\\/wp-content\\\/uploads\\\/2023\\\/01\\\/Stop-violencia-sexual-logo-banner-01.png\",\"width\":786,\"height\":346,\"caption\":\"Stop. Violencia Sexual\"},\"image\":{\"@id\":\"https:\\\/\\\/culturayciencia.org\\\/stop-violencia-sexual\\\/#\\\/schema\\\/logo\\\/image\\\/\"}}]}<\/script>\n<!-- \/ Yoast SEO plugin. -->","yoast_head_json":{"title":"Amelia Tiganus - Stop. Violencia Sexual","robots":{"index":"index","follow":"follow","max-snippet":"max-snippet:-1","max-image-preview":"max-image-preview:large","max-video-preview":"max-video-preview:-1"},"canonical":"https:\/\/culturayciencia.org\/stop-violencia-sexual\/recursos-digitales\/referentes\/amelia-tiganus\/","og_locale":"es_ES","og_type":"article","og_title":"Amelia Tiganus - Stop. Violencia Sexual","og_description":"Amelia Tiganus es una activista feminista, nacida el 11 de marzo de 1984 en Galati, Ruman\u00eda. Vive en el Pa\u00eds Vasco, su ventana al mundo desde la que pudo reconstruir su vida y renacer despu\u00e9s de haber sido explotada sexualmente durante cinco a\u00f1os en el Estado espa\u00f1ol. Ha publicado varios art\u00edculos y es formadora en ... Leer m\u00e1s","og_url":"https:\/\/culturayciencia.org\/stop-violencia-sexual\/recursos-digitales\/referentes\/amelia-tiganus\/","og_site_name":"Stop. Violencia Sexual","article_modified_time":"2023-01-26T17:10:39+00:00","og_image":[{"url":"https:\/\/culturayciencia.org\/stop-violencia-sexual\/wp-content\/uploads\/2023\/01\/Amelia_Tiganus_stop-violencia-sexual.jpg","type":"","width":"","height":""}],"twitter_card":"summary_large_image","twitter_misc":{"Tiempo de lectura":"3 minutos"},"schema":{"@context":"https:\/\/schema.org","@graph":[{"@type":"WebPage","@id":"https:\/\/culturayciencia.org\/stop-violencia-sexual\/recursos-digitales\/referentes\/amelia-tiganus\/","url":"https:\/\/culturayciencia.org\/stop-violencia-sexual\/recursos-digitales\/referentes\/amelia-tiganus\/","name":"Amelia Tiganus - Stop. Violencia Sexual","isPartOf":{"@id":"https:\/\/culturayciencia.org\/stop-violencia-sexual\/#website"},"primaryImageOfPage":{"@id":"https:\/\/culturayciencia.org\/stop-violencia-sexual\/recursos-digitales\/referentes\/amelia-tiganus\/#primaryimage"},"image":{"@id":"https:\/\/culturayciencia.org\/stop-violencia-sexual\/recursos-digitales\/referentes\/amelia-tiganus\/#primaryimage"},"thumbnailUrl":"https:\/\/culturayciencia.org\/stop-violencia-sexual\/wp-content\/uploads\/2023\/01\/Amelia_Tiganus_stop-violencia-sexual.jpg","datePublished":"2023-01-26T17:07:57+00:00","dateModified":"2023-01-26T17:10:39+00:00","breadcrumb":{"@id":"https:\/\/culturayciencia.org\/stop-violencia-sexual\/recursos-digitales\/referentes\/amelia-tiganus\/#breadcrumb"},"inLanguage":"es","potentialAction":[{"@type":"ReadAction","target":["https:\/\/culturayciencia.org\/stop-violencia-sexual\/recursos-digitales\/referentes\/amelia-tiganus\/"]}]},{"@type":"ImageObject","inLanguage":"es","@id":"https:\/\/culturayciencia.org\/stop-violencia-sexual\/recursos-digitales\/referentes\/amelia-tiganus\/#primaryimage","url":"https:\/\/culturayciencia.org\/stop-violencia-sexual\/wp-content\/uploads\/2023\/01\/Amelia_Tiganus_stop-violencia-sexual.jpg","contentUrl":"https:\/\/culturayciencia.org\/stop-violencia-sexual\/wp-content\/uploads\/2023\/01\/Amelia_Tiganus_stop-violencia-sexual.jpg","width":768,"height":410},{"@type":"BreadcrumbList","@id":"https:\/\/culturayciencia.org\/stop-violencia-sexual\/recursos-digitales\/referentes\/amelia-tiganus\/#breadcrumb","itemListElement":[{"@type":"ListItem","position":1,"name":"Portada","item":"https:\/\/culturayciencia.org\/stop-violencia-sexual\/"},{"@type":"ListItem","position":2,"name":"Recursos digitales","item":"https:\/\/culturayciencia.org\/stop-violencia-sexual\/recursos-digitales\/"},{"@type":"ListItem","position":3,"name":"Referentes","item":"https:\/\/culturayciencia.org\/stop-violencia-sexual\/recursos-digitales\/referentes\/"},{"@type":"ListItem","position":4,"name":"Amelia Tiganus"}]},{"@type":"WebSite","@id":"https:\/\/culturayciencia.org\/stop-violencia-sexual\/#website","url":"https:\/\/culturayciencia.org\/stop-violencia-sexual\/","name":"Stop. Violencia Sexual","description":"","publisher":{"@id":"https:\/\/culturayciencia.org\/stop-violencia-sexual\/#organization"},"potentialAction":[{"@type":"SearchAction","target":{"@type":"EntryPoint","urlTemplate":"https:\/\/culturayciencia.org\/stop-violencia-sexual\/?s={search_term_string}"},"query-input":{"@type":"PropertyValueSpecification","valueRequired":true,"valueName":"search_term_string"}}],"inLanguage":"es"},{"@type":"Organization","@id":"https:\/\/culturayciencia.org\/stop-violencia-sexual\/#organization","name":"Stop. Violencia Sexual","url":"https:\/\/culturayciencia.org\/stop-violencia-sexual\/","logo":{"@type":"ImageObject","inLanguage":"es","@id":"https:\/\/culturayciencia.org\/stop-violencia-sexual\/#\/schema\/logo\/image\/","url":"https:\/\/culturayciencia.org\/stop-violencia-sexual\/wp-content\/uploads\/2023\/01\/Stop-violencia-sexual-logo-banner-01.png","contentUrl":"https:\/\/culturayciencia.org\/stop-violencia-sexual\/wp-content\/uploads\/2023\/01\/Stop-violencia-sexual-logo-banner-01.png","width":786,"height":346,"caption":"Stop. Violencia Sexual"},"image":{"@id":"https:\/\/culturayciencia.org\/stop-violencia-sexual\/#\/schema\/logo\/image\/"}}]}},"uagb_featured_image_src":{"full":false,"thumbnail":false,"medium":false,"medium_large":false,"large":false,"1536x1536":false,"2048x2048":false},"uagb_author_info":{"display_name":false,"author_link":"https:\/\/culturayciencia.org\/stop-violencia-sexual\/author\/amelia\/"},"uagb_comment_info":0,"uagb_excerpt":"Amelia Tiganus es una activista feminista, nacida el 11 de marzo de 1984 en Galati, Ruman\u00eda. Vive en el Pa\u00eds Vasco, su ventana al mundo desde la que pudo reconstruir su vida y renacer despu\u00e9s de haber sido explotada sexualmente durante cinco a\u00f1os en el Estado espa\u00f1ol. Ha publicado varios art\u00edculos y es formadora en&hellip;","_links":{"self":[{"href":"https:\/\/culturayciencia.org\/stop-violencia-sexual\/wp-json\/wp\/v2\/pages\/59","targetHints":{"allow":["GET"]}}],"collection":[{"href":"https:\/\/culturayciencia.org\/stop-violencia-sexual\/wp-json\/wp\/v2\/pages"}],"about":[{"href":"https:\/\/culturayciencia.org\/stop-violencia-sexual\/wp-json\/wp\/v2\/types\/page"}],"author":[{"embeddable":true,"href":"https:\/\/culturayciencia.org\/stop-violencia-sexual\/wp-json\/wp\/v2\/users\/1"}],"replies":[{"embeddable":true,"href":"https:\/\/culturayciencia.org\/stop-violencia-sexual\/wp-json\/wp\/v2\/comments?post=59"}],"version-history":[{"count":0,"href":"https:\/\/culturayciencia.org\/stop-violencia-sexual\/wp-json\/wp\/v2\/pages\/59\/revisions"}],"up":[{"embeddable":true,"href":"https:\/\/culturayciencia.org\/stop-violencia-sexual\/wp-json\/wp\/v2\/pages\/40"}],"wp:attachment":[{"href":"https:\/\/culturayciencia.org\/stop-violencia-sexual\/wp-json\/wp\/v2\/media?parent=59"}],"curies":[{"name":"wp","href":"https:\/\/api.w.org\/{rel}","templated":true}]}}