{"id":66,"date":"2023-01-26T17:16:07","date_gmt":"2023-01-26T17:16:07","guid":{"rendered":"https:\/\/culturayciencia.org\/stop-violencia-sexual\/?page_id=66"},"modified":"2023-01-26T17:21:58","modified_gmt":"2023-01-26T17:21:58","slug":"clara-campoamor","status":"publish","type":"page","link":"https:\/\/culturayciencia.org\/stop-violencia-sexual\/recursos-digitales\/referentes\/clara-campoamor\/","title":{"rendered":"Clara Campoamor"},"content":{"rendered":"<div class=\"wp-block-image\">\n<figure class=\"aligncenter size-full is-resized\"><img loading=\"lazy\" decoding=\"async\" src=\"https:\/\/culturayciencia.org\/stop-violencia-sexual\/wp-content\/uploads\/2023\/01\/Clara_Campoamor_stop_violencia_sexual.jpg\" alt=\"\" class=\"wp-image-67\" width=\"576\" height=\"403\" srcset=\"https:\/\/culturayciencia.org\/stop-violencia-sexual\/wp-content\/uploads\/2023\/01\/Clara_Campoamor_stop_violencia_sexual.jpg 768w, https:\/\/culturayciencia.org\/stop-violencia-sexual\/wp-content\/uploads\/2023\/01\/Clara_Campoamor_stop_violencia_sexual-300x210.jpg 300w\" sizes=\"auto, (max-width: 576px) 100vw, 576px\" \/><\/figure>\n<\/div>\n\n\n<p><\/p>\n\n\n\n<p><strong>Clara Campoamor<\/strong>&nbsp;(1888- 1972)<\/p>\n\n\n\n<p>\u201cLucho porque la mujer est\u00e9 en todas partes y no solo donde el hombre vaya a buscarla\u201d.<\/p>\n\n\n\n<p>Abogada, escritora, pol\u00edtica y defensora de los derechos de la mujer espa\u00f1ola. Cre\u00f3 la Uni\u00f3n Republicana Femenina y fue una de las principales impulsoras del sufragio femenino en Espa\u00f1a, que se logr\u00f3 en 1931 y fue ejercido por primera vez por las mujeres en las elecciones de 1933.<\/p>\n\n\n\n<p>Tras proclamarse la Segunda Rep\u00fablica, se promulg\u00f3 un decreto por el cual las mujeres pod\u00edan ser elegidas, pero no pod\u00edan votar. Clara Campoamor se present\u00f3 por la circunscripci\u00f3n de la ciudad de Madrid en las elecciones de 1931 por el Partido Radical y result\u00f3 elegida diputada.<\/p>\n\n\n\n<p>Durante el periodo de las Cortes Constituyentes de 1931 form\u00f3 parte del equipo que elabor\u00f3 el proyecto de la Constituci\u00f3n de la II Rep\u00fablica integrada por veinti\u00fan diputados. Desde esa posici\u00f3n luch\u00f3 por establecer la no discriminaci\u00f3n por raz\u00f3n de sexo, la igualdad jur\u00eddica de los hijos e hijas habidos dentro y fuera del matrimonio, el divorcio, la abolici\u00f3n de la prostituci\u00f3n y el sufragio universal (voto femenino). Muri\u00f3 exiliada en Suiza tras varios intentos de volver a Espa\u00f1a.<\/p>\n\n\n\n<p>Los diarios de sesiones del Congreso del d\u00eda&nbsp;<strong>12 de enero de 1932<\/strong>, reflejan el&nbsp;<strong>debate sobre la abolici\u00f3n de la prostituci\u00f3n<\/strong>.<\/p>\n\n\n\n<p><strong>Clara Campoamor<\/strong>, diputada del Partido Radical, explic\u00f3 de forma tajante que \u201c<strong>la ley no puede reglamentar un vicio<\/strong>\u201d. Habl\u00f3 sobre la verg\u00fcenza de que el Estado perpet\u00fae esta situaci\u00f3n, a la que defin\u00eda de una \u201c<strong>quiebra para la \u00e9tica<\/strong>\u201d, expuso el contexto de que Espa\u00f1a estaba representada en la Sociedad de Naciones de Ginebra y que exist\u00eda una comisi\u00f3n de protecci\u00f3n a la mujer y contra la trata para la desaparici\u00f3n de lo que, por entonces, denominaban \u201ctrata de blancas\u201d. Campoamor dejaba claro que \u201c<strong>las casas de prostituci\u00f3n reglamentadas, autorizadas por el Estado, percibiendo directa o indirectamente de ellas tributos el Estado-tributos, de una corrupci\u00f3n, de un vicio, son los centros de contrataci\u00f3n de la trata de blancas, en donde se pueden albergar f\u00e1cilmente todas las mujeres, que un vividor, delincuente de oficio, traspasa de ciudad en ciudad y lleva de mercado en mercado<\/strong>\u201d.<\/p>\n\n\n\n<p>De permitirse la prostituci\u00f3n, el Estado permitir\u00eda un vicio y apuntaba las que, para ella, son&nbsp;<strong>las dos consecuencias m\u00e1s graves: \u201cla posibilidad de la degradaci\u00f3n de un enorme n\u00famero de mujeres y la posibilidad de la degradaci\u00f3n de un enorme n\u00famero de hombres, a quienes las leyes les dicen que puedan acercarse a una mujer sin amor, sin simpat\u00eda, sin siquiera un gesto cordial de estimaci\u00f3n<\/strong>\u201d.<\/p>\n\n\n\n<p>Meses despu\u00e9s, se organiz\u00f3 la&nbsp;<strong>\u2018<\/strong><a href=\"http:\/\/hemerotecadigital.bne.es\/issue.vm?id=0000474951&amp;search=&amp;lang=es\" target=\"_blank\" rel=\"noreferrer noopener\"><strong>Semana abolicionista<\/strong><\/a><strong>\u2018<\/strong>&nbsp;en un intento de acercar esta postura a la sociedad, donde se contar\u00eda con la presencia de Campoamor.<\/p>\n\n\n\n<p>Finalmente&nbsp;<strong>el Estado se declar\u00f3 abolicionista en un decreto del 28 de junio de 1935 &nbsp;del Ministerio de Trabajo, Sanidad y Previsi\u00f3n, con la justificaci\u00f3n de que el Gobierno quiere sumarse al abolicionismo \u201cque impera desde hace a\u00f1os en los pa\u00edses m\u00e1s avanzados desde el punto de vista sanitario\u201d<\/strong>. El decreto se basaba en el reconocimiento del principio de igualdad entre el hombre y la mujer. Tambi\u00e9n &nbsp;prohib\u00eda \u201ctoda clase de publicidad que de manera m\u00e1s o menos encubierta tendiera a favorecer el comercio sexual\u201d.<\/p>\n","protected":false},"excerpt":{"rendered":"<p>Clara Campoamor&nbsp;(1888- 1972) \u201cLucho porque la mujer est\u00e9 en todas partes y no solo donde el hombre vaya a buscarla\u201d. Abogada, escritora, pol\u00edtica y defensora de los derechos de la mujer espa\u00f1ola. Cre\u00f3 la Uni\u00f3n Republicana Femenina y fue una de las principales impulsoras del sufragio femenino en Espa\u00f1a, que se logr\u00f3 en 1931 y &#8230; <a title=\"Clara Campoamor\" class=\"read-more\" href=\"https:\/\/culturayciencia.org\/stop-violencia-sexual\/recursos-digitales\/referentes\/clara-campoamor\/\" aria-label=\"Leer m\u00e1s sobre Clara Campoamor\">Leer m\u00e1s<\/a><\/p>\n","protected":false},"author":1,"featured_media":0,"parent":40,"menu_order":0,"comment_status":"closed","ping_status":"closed","template":"","meta":{"om_disable_all_campaigns":false,"_uag_custom_page_level_css":"","_monsterinsights_skip_tracking":false,"_monsterinsights_sitenote_active":false,"_monsterinsights_sitenote_note":"","_monsterinsights_sitenote_category":0,"footnotes":""},"class_list":["post-66","page","type-page","status-publish"],"yoast_head":"<!-- This site is optimized with the Yoast SEO plugin v27.3 - https:\/\/yoast.com\/product\/yoast-seo-wordpress\/ -->\n<title>Clara Campoamor - Stop. Violencia Sexual<\/title>\n<meta name=\"robots\" content=\"index, follow, max-snippet:-1, max-image-preview:large, max-video-preview:-1\" \/>\n<link rel=\"canonical\" href=\"https:\/\/culturayciencia.org\/stop-violencia-sexual\/recursos-digitales\/referentes\/clara-campoamor\/\" \/>\n<meta property=\"og:locale\" content=\"es_ES\" \/>\n<meta property=\"og:type\" content=\"article\" \/>\n<meta property=\"og:title\" content=\"Clara Campoamor - Stop. Violencia Sexual\" \/>\n<meta property=\"og:description\" content=\"Clara Campoamor&nbsp;(1888- 1972) \u201cLucho porque la mujer est\u00e9 en todas partes y no solo donde el hombre vaya a buscarla\u201d. Abogada, escritora, pol\u00edtica y defensora de los derechos de la mujer espa\u00f1ola. Cre\u00f3 la Uni\u00f3n Republicana Femenina y fue una de las principales impulsoras del sufragio femenino en Espa\u00f1a, que se logr\u00f3 en 1931 y ... Leer m\u00e1s\" \/>\n<meta property=\"og:url\" content=\"https:\/\/culturayciencia.org\/stop-violencia-sexual\/recursos-digitales\/referentes\/clara-campoamor\/\" \/>\n<meta property=\"og:site_name\" content=\"Stop. Violencia Sexual\" \/>\n<meta property=\"article:modified_time\" content=\"2023-01-26T17:21:58+00:00\" \/>\n<meta property=\"og:image\" content=\"https:\/\/culturayciencia.org\/stop-violencia-sexual\/wp-content\/uploads\/2023\/01\/Clara_Campoamor_stop_violencia_sexual.jpg\" \/>\n<meta name=\"twitter:card\" content=\"summary_large_image\" \/>\n<meta name=\"twitter:label1\" content=\"Tiempo de lectura\" \/>\n\t<meta name=\"twitter:data1\" content=\"3 minutos\" \/>\n<script type=\"application\/ld+json\" class=\"yoast-schema-graph\">{\"@context\":\"https:\\\/\\\/schema.org\",\"@graph\":[{\"@type\":\"WebPage\",\"@id\":\"https:\\\/\\\/culturayciencia.org\\\/stop-violencia-sexual\\\/recursos-digitales\\\/referentes\\\/clara-campoamor\\\/\",\"url\":\"https:\\\/\\\/culturayciencia.org\\\/stop-violencia-sexual\\\/recursos-digitales\\\/referentes\\\/clara-campoamor\\\/\",\"name\":\"Clara Campoamor - Stop. Violencia Sexual\",\"isPartOf\":{\"@id\":\"https:\\\/\\\/culturayciencia.org\\\/stop-violencia-sexual\\\/#website\"},\"primaryImageOfPage\":{\"@id\":\"https:\\\/\\\/culturayciencia.org\\\/stop-violencia-sexual\\\/recursos-digitales\\\/referentes\\\/clara-campoamor\\\/#primaryimage\"},\"image\":{\"@id\":\"https:\\\/\\\/culturayciencia.org\\\/stop-violencia-sexual\\\/recursos-digitales\\\/referentes\\\/clara-campoamor\\\/#primaryimage\"},\"thumbnailUrl\":\"https:\\\/\\\/culturayciencia.org\\\/stop-violencia-sexual\\\/wp-content\\\/uploads\\\/2023\\\/01\\\/Clara_Campoamor_stop_violencia_sexual.jpg\",\"datePublished\":\"2023-01-26T17:16:07+00:00\",\"dateModified\":\"2023-01-26T17:21:58+00:00\",\"breadcrumb\":{\"@id\":\"https:\\\/\\\/culturayciencia.org\\\/stop-violencia-sexual\\\/recursos-digitales\\\/referentes\\\/clara-campoamor\\\/#breadcrumb\"},\"inLanguage\":\"es\",\"potentialAction\":[{\"@type\":\"ReadAction\",\"target\":[\"https:\\\/\\\/culturayciencia.org\\\/stop-violencia-sexual\\\/recursos-digitales\\\/referentes\\\/clara-campoamor\\\/\"]}]},{\"@type\":\"ImageObject\",\"inLanguage\":\"es\",\"@id\":\"https:\\\/\\\/culturayciencia.org\\\/stop-violencia-sexual\\\/recursos-digitales\\\/referentes\\\/clara-campoamor\\\/#primaryimage\",\"url\":\"https:\\\/\\\/culturayciencia.org\\\/stop-violencia-sexual\\\/wp-content\\\/uploads\\\/2023\\\/01\\\/Clara_Campoamor_stop_violencia_sexual.jpg\",\"contentUrl\":\"https:\\\/\\\/culturayciencia.org\\\/stop-violencia-sexual\\\/wp-content\\\/uploads\\\/2023\\\/01\\\/Clara_Campoamor_stop_violencia_sexual.jpg\",\"width\":768,\"height\":537},{\"@type\":\"BreadcrumbList\",\"@id\":\"https:\\\/\\\/culturayciencia.org\\\/stop-violencia-sexual\\\/recursos-digitales\\\/referentes\\\/clara-campoamor\\\/#breadcrumb\",\"itemListElement\":[{\"@type\":\"ListItem\",\"position\":1,\"name\":\"Portada\",\"item\":\"https:\\\/\\\/culturayciencia.org\\\/stop-violencia-sexual\\\/\"},{\"@type\":\"ListItem\",\"position\":2,\"name\":\"Recursos digitales\",\"item\":\"https:\\\/\\\/culturayciencia.org\\\/stop-violencia-sexual\\\/recursos-digitales\\\/\"},{\"@type\":\"ListItem\",\"position\":3,\"name\":\"Referentes\",\"item\":\"https:\\\/\\\/culturayciencia.org\\\/stop-violencia-sexual\\\/recursos-digitales\\\/referentes\\\/\"},{\"@type\":\"ListItem\",\"position\":4,\"name\":\"Clara Campoamor\"}]},{\"@type\":\"WebSite\",\"@id\":\"https:\\\/\\\/culturayciencia.org\\\/stop-violencia-sexual\\\/#website\",\"url\":\"https:\\\/\\\/culturayciencia.org\\\/stop-violencia-sexual\\\/\",\"name\":\"Stop. Violencia Sexual\",\"description\":\"\",\"publisher\":{\"@id\":\"https:\\\/\\\/culturayciencia.org\\\/stop-violencia-sexual\\\/#organization\"},\"potentialAction\":[{\"@type\":\"SearchAction\",\"target\":{\"@type\":\"EntryPoint\",\"urlTemplate\":\"https:\\\/\\\/culturayciencia.org\\\/stop-violencia-sexual\\\/?s={search_term_string}\"},\"query-input\":{\"@type\":\"PropertyValueSpecification\",\"valueRequired\":true,\"valueName\":\"search_term_string\"}}],\"inLanguage\":\"es\"},{\"@type\":\"Organization\",\"@id\":\"https:\\\/\\\/culturayciencia.org\\\/stop-violencia-sexual\\\/#organization\",\"name\":\"Stop. Violencia Sexual\",\"url\":\"https:\\\/\\\/culturayciencia.org\\\/stop-violencia-sexual\\\/\",\"logo\":{\"@type\":\"ImageObject\",\"inLanguage\":\"es\",\"@id\":\"https:\\\/\\\/culturayciencia.org\\\/stop-violencia-sexual\\\/#\\\/schema\\\/logo\\\/image\\\/\",\"url\":\"https:\\\/\\\/culturayciencia.org\\\/stop-violencia-sexual\\\/wp-content\\\/uploads\\\/2023\\\/01\\\/Stop-violencia-sexual-logo-banner-01.png\",\"contentUrl\":\"https:\\\/\\\/culturayciencia.org\\\/stop-violencia-sexual\\\/wp-content\\\/uploads\\\/2023\\\/01\\\/Stop-violencia-sexual-logo-banner-01.png\",\"width\":786,\"height\":346,\"caption\":\"Stop. Violencia Sexual\"},\"image\":{\"@id\":\"https:\\\/\\\/culturayciencia.org\\\/stop-violencia-sexual\\\/#\\\/schema\\\/logo\\\/image\\\/\"}}]}<\/script>\n<!-- \/ Yoast SEO plugin. -->","yoast_head_json":{"title":"Clara Campoamor - Stop. Violencia Sexual","robots":{"index":"index","follow":"follow","max-snippet":"max-snippet:-1","max-image-preview":"max-image-preview:large","max-video-preview":"max-video-preview:-1"},"canonical":"https:\/\/culturayciencia.org\/stop-violencia-sexual\/recursos-digitales\/referentes\/clara-campoamor\/","og_locale":"es_ES","og_type":"article","og_title":"Clara Campoamor - Stop. Violencia Sexual","og_description":"Clara Campoamor&nbsp;(1888- 1972) \u201cLucho porque la mujer est\u00e9 en todas partes y no solo donde el hombre vaya a buscarla\u201d. Abogada, escritora, pol\u00edtica y defensora de los derechos de la mujer espa\u00f1ola. Cre\u00f3 la Uni\u00f3n Republicana Femenina y fue una de las principales impulsoras del sufragio femenino en Espa\u00f1a, que se logr\u00f3 en 1931 y ... Leer m\u00e1s","og_url":"https:\/\/culturayciencia.org\/stop-violencia-sexual\/recursos-digitales\/referentes\/clara-campoamor\/","og_site_name":"Stop. Violencia Sexual","article_modified_time":"2023-01-26T17:21:58+00:00","og_image":[{"url":"https:\/\/culturayciencia.org\/stop-violencia-sexual\/wp-content\/uploads\/2023\/01\/Clara_Campoamor_stop_violencia_sexual.jpg","type":"","width":"","height":""}],"twitter_card":"summary_large_image","twitter_misc":{"Tiempo de lectura":"3 minutos"},"schema":{"@context":"https:\/\/schema.org","@graph":[{"@type":"WebPage","@id":"https:\/\/culturayciencia.org\/stop-violencia-sexual\/recursos-digitales\/referentes\/clara-campoamor\/","url":"https:\/\/culturayciencia.org\/stop-violencia-sexual\/recursos-digitales\/referentes\/clara-campoamor\/","name":"Clara Campoamor - Stop. Violencia Sexual","isPartOf":{"@id":"https:\/\/culturayciencia.org\/stop-violencia-sexual\/#website"},"primaryImageOfPage":{"@id":"https:\/\/culturayciencia.org\/stop-violencia-sexual\/recursos-digitales\/referentes\/clara-campoamor\/#primaryimage"},"image":{"@id":"https:\/\/culturayciencia.org\/stop-violencia-sexual\/recursos-digitales\/referentes\/clara-campoamor\/#primaryimage"},"thumbnailUrl":"https:\/\/culturayciencia.org\/stop-violencia-sexual\/wp-content\/uploads\/2023\/01\/Clara_Campoamor_stop_violencia_sexual.jpg","datePublished":"2023-01-26T17:16:07+00:00","dateModified":"2023-01-26T17:21:58+00:00","breadcrumb":{"@id":"https:\/\/culturayciencia.org\/stop-violencia-sexual\/recursos-digitales\/referentes\/clara-campoamor\/#breadcrumb"},"inLanguage":"es","potentialAction":[{"@type":"ReadAction","target":["https:\/\/culturayciencia.org\/stop-violencia-sexual\/recursos-digitales\/referentes\/clara-campoamor\/"]}]},{"@type":"ImageObject","inLanguage":"es","@id":"https:\/\/culturayciencia.org\/stop-violencia-sexual\/recursos-digitales\/referentes\/clara-campoamor\/#primaryimage","url":"https:\/\/culturayciencia.org\/stop-violencia-sexual\/wp-content\/uploads\/2023\/01\/Clara_Campoamor_stop_violencia_sexual.jpg","contentUrl":"https:\/\/culturayciencia.org\/stop-violencia-sexual\/wp-content\/uploads\/2023\/01\/Clara_Campoamor_stop_violencia_sexual.jpg","width":768,"height":537},{"@type":"BreadcrumbList","@id":"https:\/\/culturayciencia.org\/stop-violencia-sexual\/recursos-digitales\/referentes\/clara-campoamor\/#breadcrumb","itemListElement":[{"@type":"ListItem","position":1,"name":"Portada","item":"https:\/\/culturayciencia.org\/stop-violencia-sexual\/"},{"@type":"ListItem","position":2,"name":"Recursos digitales","item":"https:\/\/culturayciencia.org\/stop-violencia-sexual\/recursos-digitales\/"},{"@type":"ListItem","position":3,"name":"Referentes","item":"https:\/\/culturayciencia.org\/stop-violencia-sexual\/recursos-digitales\/referentes\/"},{"@type":"ListItem","position":4,"name":"Clara Campoamor"}]},{"@type":"WebSite","@id":"https:\/\/culturayciencia.org\/stop-violencia-sexual\/#website","url":"https:\/\/culturayciencia.org\/stop-violencia-sexual\/","name":"Stop. Violencia Sexual","description":"","publisher":{"@id":"https:\/\/culturayciencia.org\/stop-violencia-sexual\/#organization"},"potentialAction":[{"@type":"SearchAction","target":{"@type":"EntryPoint","urlTemplate":"https:\/\/culturayciencia.org\/stop-violencia-sexual\/?s={search_term_string}"},"query-input":{"@type":"PropertyValueSpecification","valueRequired":true,"valueName":"search_term_string"}}],"inLanguage":"es"},{"@type":"Organization","@id":"https:\/\/culturayciencia.org\/stop-violencia-sexual\/#organization","name":"Stop. Violencia Sexual","url":"https:\/\/culturayciencia.org\/stop-violencia-sexual\/","logo":{"@type":"ImageObject","inLanguage":"es","@id":"https:\/\/culturayciencia.org\/stop-violencia-sexual\/#\/schema\/logo\/image\/","url":"https:\/\/culturayciencia.org\/stop-violencia-sexual\/wp-content\/uploads\/2023\/01\/Stop-violencia-sexual-logo-banner-01.png","contentUrl":"https:\/\/culturayciencia.org\/stop-violencia-sexual\/wp-content\/uploads\/2023\/01\/Stop-violencia-sexual-logo-banner-01.png","width":786,"height":346,"caption":"Stop. Violencia Sexual"},"image":{"@id":"https:\/\/culturayciencia.org\/stop-violencia-sexual\/#\/schema\/logo\/image\/"}}]}},"uagb_featured_image_src":{"full":false,"thumbnail":false,"medium":false,"medium_large":false,"large":false,"1536x1536":false,"2048x2048":false},"uagb_author_info":{"display_name":false,"author_link":"https:\/\/culturayciencia.org\/stop-violencia-sexual\/author\/amelia\/"},"uagb_comment_info":0,"uagb_excerpt":"Clara Campoamor&nbsp;(1888- 1972) \u201cLucho porque la mujer est\u00e9 en todas partes y no solo donde el hombre vaya a buscarla\u201d. Abogada, escritora, pol\u00edtica y defensora de los derechos de la mujer espa\u00f1ola. Cre\u00f3 la Uni\u00f3n Republicana Femenina y fue una de las principales impulsoras del sufragio femenino en Espa\u00f1a, que se logr\u00f3 en 1931 y&hellip;","_links":{"self":[{"href":"https:\/\/culturayciencia.org\/stop-violencia-sexual\/wp-json\/wp\/v2\/pages\/66","targetHints":{"allow":["GET"]}}],"collection":[{"href":"https:\/\/culturayciencia.org\/stop-violencia-sexual\/wp-json\/wp\/v2\/pages"}],"about":[{"href":"https:\/\/culturayciencia.org\/stop-violencia-sexual\/wp-json\/wp\/v2\/types\/page"}],"author":[{"embeddable":true,"href":"https:\/\/culturayciencia.org\/stop-violencia-sexual\/wp-json\/wp\/v2\/users\/1"}],"replies":[{"embeddable":true,"href":"https:\/\/culturayciencia.org\/stop-violencia-sexual\/wp-json\/wp\/v2\/comments?post=66"}],"version-history":[{"count":0,"href":"https:\/\/culturayciencia.org\/stop-violencia-sexual\/wp-json\/wp\/v2\/pages\/66\/revisions"}],"up":[{"embeddable":true,"href":"https:\/\/culturayciencia.org\/stop-violencia-sexual\/wp-json\/wp\/v2\/pages\/40"}],"wp:attachment":[{"href":"https:\/\/culturayciencia.org\/stop-violencia-sexual\/wp-json\/wp\/v2\/media?parent=66"}],"curies":[{"name":"wp","href":"https:\/\/api.w.org\/{rel}","templated":true}]}}