{"id":84,"date":"2023-01-26T17:46:21","date_gmt":"2023-01-26T17:46:21","guid":{"rendered":"https:\/\/culturayciencia.org\/stop-violencia-sexual\/?page_id=84"},"modified":"2023-01-26T17:46:22","modified_gmt":"2023-01-26T17:46:22","slug":"margarita-nelken","status":"publish","type":"page","link":"https:\/\/culturayciencia.org\/stop-violencia-sexual\/recursos-digitales\/referentes\/margarita-nelken\/","title":{"rendered":"Margarita Nelken"},"content":{"rendered":"<div class=\"wp-block-image\">\n<figure class=\"aligncenter size-full\"><img loading=\"lazy\" decoding=\"async\" width=\"768\" height=\"537\" src=\"https:\/\/culturayciencia.org\/stop-violencia-sexual\/wp-content\/uploads\/2023\/01\/Margarita_nelken_stop_violencia_sexual.jpg\" alt=\"\" class=\"wp-image-85\" srcset=\"https:\/\/culturayciencia.org\/stop-violencia-sexual\/wp-content\/uploads\/2023\/01\/Margarita_nelken_stop_violencia_sexual.jpg 768w, https:\/\/culturayciencia.org\/stop-violencia-sexual\/wp-content\/uploads\/2023\/01\/Margarita_nelken_stop_violencia_sexual-300x210.jpg 300w\" sizes=\"auto, (max-width: 768px) 100vw, 768px\" \/><\/figure>\n<\/div>\n\n\n<p><\/p>\n\n\n\n<p><strong>Margarita Nelken&nbsp;<\/strong>(1894- 1968)<\/p>\n\n\n\n<p>Escritora, cr\u00edtica de arte y pol\u00edtica espa\u00f1ola. Fue la \u00fanica mujer que result\u00f3 elegida diputada en las tres elecciones generales de la Segunda Rep\u00fablica. Durante la Guerra Civil estuvo en los frentes de Extremadura y Toledo, particip\u00f3 en la defensa de Madrid y colabor\u00f3 en la organizaci\u00f3n de la Uni\u00f3n de Mujeres Antifascistas. Se incorpor\u00f3 al PCE en noviembre de 1936. Tras la contienda se exili\u00f3 en M\u00e9xico, donde falleci\u00f3.<\/p>\n\n\n\n<p>Inquieta por la realidad espa\u00f1ola, en 1919, public\u00f3 su primera obra larga:&nbsp;<em>La condici\u00f3n social de la mujer en Espa\u00f1a<\/em>.&nbsp;<em>Su estado actual: su posible desarrollo<\/em>. Continu\u00f3 esta l\u00ednea de ensayos feministas con&nbsp;<em>Maternolog\u00eda y puericultura<\/em>&nbsp;(1926),&nbsp;<em>En torno a nosotras (di\u00e1logo socr\u00e1tico)<\/em>&nbsp;(1927),&nbsp;<em>Las escritoras espa\u00f1olas<\/em>&nbsp;(1930) y&nbsp;<em>La mujer ante las Cortes Constituyentes<\/em>&nbsp;(1931).<\/p>\n\n\n\n<p>\u201cEspa\u00f1a es quiz\u00e1s, hoy d\u00eda, el \u00fanico pa\u00eds en donde no se hace nada por impedir que las prostitutas lleguen a su triste condici\u00f3n y en donde al mismo tiempo se quiera corregir la prostituci\u00f3n con castigos, que no otra cosa es la reclusi\u00f3n forzada en un convento\u201d. \u201cDios sabe todav\u00eda hasta cuando la prostituci\u00f3n espa\u00f1ola seguir\u00e1 siendo una verg\u00fcenza, no para las prostitutas, sino para todo el pa\u00eds socialmente culpable y responsable\u201d.&nbsp;<em>La condici\u00f3n social de la mujer en Espa\u00f1a<\/em>&nbsp;(1918)<\/p>\n","protected":false},"excerpt":{"rendered":"<p>Margarita Nelken&nbsp;(1894- 1968) Escritora, cr\u00edtica de arte y pol\u00edtica espa\u00f1ola. Fue la \u00fanica mujer que result\u00f3 elegida diputada en las tres elecciones generales de la Segunda Rep\u00fablica. Durante la Guerra Civil estuvo en los frentes de Extremadura y Toledo, particip\u00f3 en la defensa de Madrid y colabor\u00f3 en la organizaci\u00f3n de la Uni\u00f3n de Mujeres &#8230; <a title=\"Margarita Nelken\" class=\"read-more\" href=\"https:\/\/culturayciencia.org\/stop-violencia-sexual\/recursos-digitales\/referentes\/margarita-nelken\/\" aria-label=\"Leer m\u00e1s sobre Margarita Nelken\">Leer m\u00e1s<\/a><\/p>\n","protected":false},"author":1,"featured_media":0,"parent":40,"menu_order":0,"comment_status":"closed","ping_status":"closed","template":"","meta":{"om_disable_all_campaigns":false,"_uag_custom_page_level_css":"","_monsterinsights_skip_tracking":false,"_monsterinsights_sitenote_active":false,"_monsterinsights_sitenote_note":"","_monsterinsights_sitenote_category":0,"footnotes":""},"class_list":["post-84","page","type-page","status-publish"],"yoast_head":"<!-- This site is optimized with the Yoast SEO plugin v27.4 - https:\/\/yoast.com\/product\/yoast-seo-wordpress\/ -->\n<title>Margarita Nelken - Stop. Violencia Sexual<\/title>\n<meta name=\"robots\" content=\"index, follow, max-snippet:-1, max-image-preview:large, max-video-preview:-1\" \/>\n<link rel=\"canonical\" href=\"https:\/\/culturayciencia.org\/stop-violencia-sexual\/recursos-digitales\/referentes\/margarita-nelken\/\" \/>\n<meta property=\"og:locale\" content=\"es_ES\" \/>\n<meta property=\"og:type\" content=\"article\" \/>\n<meta property=\"og:title\" content=\"Margarita Nelken - Stop. Violencia Sexual\" \/>\n<meta property=\"og:description\" content=\"Margarita Nelken&nbsp;(1894- 1968) Escritora, cr\u00edtica de arte y pol\u00edtica espa\u00f1ola. Fue la \u00fanica mujer que result\u00f3 elegida diputada en las tres elecciones generales de la Segunda Rep\u00fablica. Durante la Guerra Civil estuvo en los frentes de Extremadura y Toledo, particip\u00f3 en la defensa de Madrid y colabor\u00f3 en la organizaci\u00f3n de la Uni\u00f3n de Mujeres ... Leer m\u00e1s\" \/>\n<meta property=\"og:url\" content=\"https:\/\/culturayciencia.org\/stop-violencia-sexual\/recursos-digitales\/referentes\/margarita-nelken\/\" \/>\n<meta property=\"og:site_name\" content=\"Stop. Violencia Sexual\" \/>\n<meta property=\"article:modified_time\" content=\"2023-01-26T17:46:22+00:00\" \/>\n<meta property=\"og:image\" content=\"https:\/\/culturayciencia.org\/stop-violencia-sexual\/wp-content\/uploads\/2023\/01\/Margarita_nelken_stop_violencia_sexual.jpg\" \/>\n<meta name=\"twitter:card\" content=\"summary_large_image\" \/>\n<meta name=\"twitter:label1\" content=\"Tiempo de lectura\" \/>\n\t<meta name=\"twitter:data1\" content=\"2 minutos\" \/>\n<script type=\"application\/ld+json\" class=\"yoast-schema-graph\">{\"@context\":\"https:\\\/\\\/schema.org\",\"@graph\":[{\"@type\":\"WebPage\",\"@id\":\"https:\\\/\\\/culturayciencia.org\\\/stop-violencia-sexual\\\/recursos-digitales\\\/referentes\\\/margarita-nelken\\\/\",\"url\":\"https:\\\/\\\/culturayciencia.org\\\/stop-violencia-sexual\\\/recursos-digitales\\\/referentes\\\/margarita-nelken\\\/\",\"name\":\"Margarita Nelken - Stop. Violencia Sexual\",\"isPartOf\":{\"@id\":\"https:\\\/\\\/culturayciencia.org\\\/stop-violencia-sexual\\\/#website\"},\"primaryImageOfPage\":{\"@id\":\"https:\\\/\\\/culturayciencia.org\\\/stop-violencia-sexual\\\/recursos-digitales\\\/referentes\\\/margarita-nelken\\\/#primaryimage\"},\"image\":{\"@id\":\"https:\\\/\\\/culturayciencia.org\\\/stop-violencia-sexual\\\/recursos-digitales\\\/referentes\\\/margarita-nelken\\\/#primaryimage\"},\"thumbnailUrl\":\"https:\\\/\\\/culturayciencia.org\\\/stop-violencia-sexual\\\/wp-content\\\/uploads\\\/2023\\\/01\\\/Margarita_nelken_stop_violencia_sexual.jpg\",\"datePublished\":\"2023-01-26T17:46:21+00:00\",\"dateModified\":\"2023-01-26T17:46:22+00:00\",\"breadcrumb\":{\"@id\":\"https:\\\/\\\/culturayciencia.org\\\/stop-violencia-sexual\\\/recursos-digitales\\\/referentes\\\/margarita-nelken\\\/#breadcrumb\"},\"inLanguage\":\"es\",\"potentialAction\":[{\"@type\":\"ReadAction\",\"target\":[\"https:\\\/\\\/culturayciencia.org\\\/stop-violencia-sexual\\\/recursos-digitales\\\/referentes\\\/margarita-nelken\\\/\"]}]},{\"@type\":\"ImageObject\",\"inLanguage\":\"es\",\"@id\":\"https:\\\/\\\/culturayciencia.org\\\/stop-violencia-sexual\\\/recursos-digitales\\\/referentes\\\/margarita-nelken\\\/#primaryimage\",\"url\":\"https:\\\/\\\/culturayciencia.org\\\/stop-violencia-sexual\\\/wp-content\\\/uploads\\\/2023\\\/01\\\/Margarita_nelken_stop_violencia_sexual.jpg\",\"contentUrl\":\"https:\\\/\\\/culturayciencia.org\\\/stop-violencia-sexual\\\/wp-content\\\/uploads\\\/2023\\\/01\\\/Margarita_nelken_stop_violencia_sexual.jpg\",\"width\":768,\"height\":537},{\"@type\":\"BreadcrumbList\",\"@id\":\"https:\\\/\\\/culturayciencia.org\\\/stop-violencia-sexual\\\/recursos-digitales\\\/referentes\\\/margarita-nelken\\\/#breadcrumb\",\"itemListElement\":[{\"@type\":\"ListItem\",\"position\":1,\"name\":\"Portada\",\"item\":\"https:\\\/\\\/culturayciencia.org\\\/stop-violencia-sexual\\\/\"},{\"@type\":\"ListItem\",\"position\":2,\"name\":\"Recursos digitales\",\"item\":\"https:\\\/\\\/culturayciencia.org\\\/stop-violencia-sexual\\\/recursos-digitales\\\/\"},{\"@type\":\"ListItem\",\"position\":3,\"name\":\"Referentes\",\"item\":\"https:\\\/\\\/culturayciencia.org\\\/stop-violencia-sexual\\\/recursos-digitales\\\/referentes\\\/\"},{\"@type\":\"ListItem\",\"position\":4,\"name\":\"Margarita Nelken\"}]},{\"@type\":\"WebSite\",\"@id\":\"https:\\\/\\\/culturayciencia.org\\\/stop-violencia-sexual\\\/#website\",\"url\":\"https:\\\/\\\/culturayciencia.org\\\/stop-violencia-sexual\\\/\",\"name\":\"Stop. Violencia Sexual\",\"description\":\"\",\"publisher\":{\"@id\":\"https:\\\/\\\/culturayciencia.org\\\/stop-violencia-sexual\\\/#organization\"},\"potentialAction\":[{\"@type\":\"SearchAction\",\"target\":{\"@type\":\"EntryPoint\",\"urlTemplate\":\"https:\\\/\\\/culturayciencia.org\\\/stop-violencia-sexual\\\/?s={search_term_string}\"},\"query-input\":{\"@type\":\"PropertyValueSpecification\",\"valueRequired\":true,\"valueName\":\"search_term_string\"}}],\"inLanguage\":\"es\"},{\"@type\":\"Organization\",\"@id\":\"https:\\\/\\\/culturayciencia.org\\\/stop-violencia-sexual\\\/#organization\",\"name\":\"Stop. Violencia Sexual\",\"url\":\"https:\\\/\\\/culturayciencia.org\\\/stop-violencia-sexual\\\/\",\"logo\":{\"@type\":\"ImageObject\",\"inLanguage\":\"es\",\"@id\":\"https:\\\/\\\/culturayciencia.org\\\/stop-violencia-sexual\\\/#\\\/schema\\\/logo\\\/image\\\/\",\"url\":\"https:\\\/\\\/culturayciencia.org\\\/stop-violencia-sexual\\\/wp-content\\\/uploads\\\/2023\\\/01\\\/Stop-violencia-sexual-logo-banner-01.png\",\"contentUrl\":\"https:\\\/\\\/culturayciencia.org\\\/stop-violencia-sexual\\\/wp-content\\\/uploads\\\/2023\\\/01\\\/Stop-violencia-sexual-logo-banner-01.png\",\"width\":786,\"height\":346,\"caption\":\"Stop. Violencia Sexual\"},\"image\":{\"@id\":\"https:\\\/\\\/culturayciencia.org\\\/stop-violencia-sexual\\\/#\\\/schema\\\/logo\\\/image\\\/\"}}]}<\/script>\n<!-- \/ Yoast SEO plugin. -->","yoast_head_json":{"title":"Margarita Nelken - Stop. Violencia Sexual","robots":{"index":"index","follow":"follow","max-snippet":"max-snippet:-1","max-image-preview":"max-image-preview:large","max-video-preview":"max-video-preview:-1"},"canonical":"https:\/\/culturayciencia.org\/stop-violencia-sexual\/recursos-digitales\/referentes\/margarita-nelken\/","og_locale":"es_ES","og_type":"article","og_title":"Margarita Nelken - Stop. Violencia Sexual","og_description":"Margarita Nelken&nbsp;(1894- 1968) Escritora, cr\u00edtica de arte y pol\u00edtica espa\u00f1ola. Fue la \u00fanica mujer que result\u00f3 elegida diputada en las tres elecciones generales de la Segunda Rep\u00fablica. Durante la Guerra Civil estuvo en los frentes de Extremadura y Toledo, particip\u00f3 en la defensa de Madrid y colabor\u00f3 en la organizaci\u00f3n de la Uni\u00f3n de Mujeres ... Leer m\u00e1s","og_url":"https:\/\/culturayciencia.org\/stop-violencia-sexual\/recursos-digitales\/referentes\/margarita-nelken\/","og_site_name":"Stop. Violencia Sexual","article_modified_time":"2023-01-26T17:46:22+00:00","og_image":[{"url":"https:\/\/culturayciencia.org\/stop-violencia-sexual\/wp-content\/uploads\/2023\/01\/Margarita_nelken_stop_violencia_sexual.jpg","type":"","width":"","height":""}],"twitter_card":"summary_large_image","twitter_misc":{"Tiempo de lectura":"2 minutos"},"schema":{"@context":"https:\/\/schema.org","@graph":[{"@type":"WebPage","@id":"https:\/\/culturayciencia.org\/stop-violencia-sexual\/recursos-digitales\/referentes\/margarita-nelken\/","url":"https:\/\/culturayciencia.org\/stop-violencia-sexual\/recursos-digitales\/referentes\/margarita-nelken\/","name":"Margarita Nelken - Stop. Violencia Sexual","isPartOf":{"@id":"https:\/\/culturayciencia.org\/stop-violencia-sexual\/#website"},"primaryImageOfPage":{"@id":"https:\/\/culturayciencia.org\/stop-violencia-sexual\/recursos-digitales\/referentes\/margarita-nelken\/#primaryimage"},"image":{"@id":"https:\/\/culturayciencia.org\/stop-violencia-sexual\/recursos-digitales\/referentes\/margarita-nelken\/#primaryimage"},"thumbnailUrl":"https:\/\/culturayciencia.org\/stop-violencia-sexual\/wp-content\/uploads\/2023\/01\/Margarita_nelken_stop_violencia_sexual.jpg","datePublished":"2023-01-26T17:46:21+00:00","dateModified":"2023-01-26T17:46:22+00:00","breadcrumb":{"@id":"https:\/\/culturayciencia.org\/stop-violencia-sexual\/recursos-digitales\/referentes\/margarita-nelken\/#breadcrumb"},"inLanguage":"es","potentialAction":[{"@type":"ReadAction","target":["https:\/\/culturayciencia.org\/stop-violencia-sexual\/recursos-digitales\/referentes\/margarita-nelken\/"]}]},{"@type":"ImageObject","inLanguage":"es","@id":"https:\/\/culturayciencia.org\/stop-violencia-sexual\/recursos-digitales\/referentes\/margarita-nelken\/#primaryimage","url":"https:\/\/culturayciencia.org\/stop-violencia-sexual\/wp-content\/uploads\/2023\/01\/Margarita_nelken_stop_violencia_sexual.jpg","contentUrl":"https:\/\/culturayciencia.org\/stop-violencia-sexual\/wp-content\/uploads\/2023\/01\/Margarita_nelken_stop_violencia_sexual.jpg","width":768,"height":537},{"@type":"BreadcrumbList","@id":"https:\/\/culturayciencia.org\/stop-violencia-sexual\/recursos-digitales\/referentes\/margarita-nelken\/#breadcrumb","itemListElement":[{"@type":"ListItem","position":1,"name":"Portada","item":"https:\/\/culturayciencia.org\/stop-violencia-sexual\/"},{"@type":"ListItem","position":2,"name":"Recursos digitales","item":"https:\/\/culturayciencia.org\/stop-violencia-sexual\/recursos-digitales\/"},{"@type":"ListItem","position":3,"name":"Referentes","item":"https:\/\/culturayciencia.org\/stop-violencia-sexual\/recursos-digitales\/referentes\/"},{"@type":"ListItem","position":4,"name":"Margarita Nelken"}]},{"@type":"WebSite","@id":"https:\/\/culturayciencia.org\/stop-violencia-sexual\/#website","url":"https:\/\/culturayciencia.org\/stop-violencia-sexual\/","name":"Stop. Violencia Sexual","description":"","publisher":{"@id":"https:\/\/culturayciencia.org\/stop-violencia-sexual\/#organization"},"potentialAction":[{"@type":"SearchAction","target":{"@type":"EntryPoint","urlTemplate":"https:\/\/culturayciencia.org\/stop-violencia-sexual\/?s={search_term_string}"},"query-input":{"@type":"PropertyValueSpecification","valueRequired":true,"valueName":"search_term_string"}}],"inLanguage":"es"},{"@type":"Organization","@id":"https:\/\/culturayciencia.org\/stop-violencia-sexual\/#organization","name":"Stop. Violencia Sexual","url":"https:\/\/culturayciencia.org\/stop-violencia-sexual\/","logo":{"@type":"ImageObject","inLanguage":"es","@id":"https:\/\/culturayciencia.org\/stop-violencia-sexual\/#\/schema\/logo\/image\/","url":"https:\/\/culturayciencia.org\/stop-violencia-sexual\/wp-content\/uploads\/2023\/01\/Stop-violencia-sexual-logo-banner-01.png","contentUrl":"https:\/\/culturayciencia.org\/stop-violencia-sexual\/wp-content\/uploads\/2023\/01\/Stop-violencia-sexual-logo-banner-01.png","width":786,"height":346,"caption":"Stop. Violencia Sexual"},"image":{"@id":"https:\/\/culturayciencia.org\/stop-violencia-sexual\/#\/schema\/logo\/image\/"}}]}},"uagb_featured_image_src":{"full":false,"thumbnail":false,"medium":false,"medium_large":false,"large":false,"1536x1536":false,"2048x2048":false},"uagb_author_info":{"display_name":false,"author_link":"https:\/\/culturayciencia.org\/stop-violencia-sexual\/author\/amelia\/"},"uagb_comment_info":0,"uagb_excerpt":"Margarita Nelken&nbsp;(1894- 1968) Escritora, cr\u00edtica de arte y pol\u00edtica espa\u00f1ola. Fue la \u00fanica mujer que result\u00f3 elegida diputada en las tres elecciones generales de la Segunda Rep\u00fablica. Durante la Guerra Civil estuvo en los frentes de Extremadura y Toledo, particip\u00f3 en la defensa de Madrid y colabor\u00f3 en la organizaci\u00f3n de la Uni\u00f3n de Mujeres&hellip;","_links":{"self":[{"href":"https:\/\/culturayciencia.org\/stop-violencia-sexual\/wp-json\/wp\/v2\/pages\/84","targetHints":{"allow":["GET"]}}],"collection":[{"href":"https:\/\/culturayciencia.org\/stop-violencia-sexual\/wp-json\/wp\/v2\/pages"}],"about":[{"href":"https:\/\/culturayciencia.org\/stop-violencia-sexual\/wp-json\/wp\/v2\/types\/page"}],"author":[{"embeddable":true,"href":"https:\/\/culturayciencia.org\/stop-violencia-sexual\/wp-json\/wp\/v2\/users\/1"}],"replies":[{"embeddable":true,"href":"https:\/\/culturayciencia.org\/stop-violencia-sexual\/wp-json\/wp\/v2\/comments?post=84"}],"version-history":[{"count":0,"href":"https:\/\/culturayciencia.org\/stop-violencia-sexual\/wp-json\/wp\/v2\/pages\/84\/revisions"}],"up":[{"embeddable":true,"href":"https:\/\/culturayciencia.org\/stop-violencia-sexual\/wp-json\/wp\/v2\/pages\/40"}],"wp:attachment":[{"href":"https:\/\/culturayciencia.org\/stop-violencia-sexual\/wp-json\/wp\/v2\/media?parent=84"}],"curies":[{"name":"wp","href":"https:\/\/api.w.org\/{rel}","templated":true}]}}