{"id":88,"date":"2023-01-26T17:50:22","date_gmt":"2023-01-26T17:50:22","guid":{"rendered":"https:\/\/culturayciencia.org\/stop-violencia-sexual\/?page_id=88"},"modified":"2023-01-26T17:50:23","modified_gmt":"2023-01-26T17:50:23","slug":"concepcion-arenal","status":"publish","type":"page","link":"https:\/\/culturayciencia.org\/stop-violencia-sexual\/recursos-digitales\/referentes\/concepcion-arenal\/","title":{"rendered":"Concepci\u00f3n Arenal"},"content":{"rendered":"<div class=\"wp-block-image\">\n<figure class=\"aligncenter size-full is-resized\"><img loading=\"lazy\" decoding=\"async\" src=\"https:\/\/culturayciencia.org\/stop-violencia-sexual\/wp-content\/uploads\/2023\/01\/Concepcion_arenal_stop_violencia_sexual.jpg\" alt=\"\" class=\"wp-image-89\" width=\"768\" height=\"538\" srcset=\"https:\/\/culturayciencia.org\/stop-violencia-sexual\/wp-content\/uploads\/2023\/01\/Concepcion_arenal_stop_violencia_sexual.jpg 1024w, https:\/\/culturayciencia.org\/stop-violencia-sexual\/wp-content\/uploads\/2023\/01\/Concepcion_arenal_stop_violencia_sexual-300x210.jpg 300w, https:\/\/culturayciencia.org\/stop-violencia-sexual\/wp-content\/uploads\/2023\/01\/Concepcion_arenal_stop_violencia_sexual-768x538.jpg 768w\" sizes=\"auto, (max-width: 768px) 100vw, 768px\" \/><\/figure>\n<\/div>\n\n\n<p><\/p>\n\n\n\n<p><strong>Concepci\u00f3n Arenal Ponte&nbsp;<\/strong>(1820-1893)<\/p>\n\n\n\n<p>\u201cLa prostituci\u00f3n es para la mujer el m\u00e1s horrible de todos los males. Es la lepra de la sociedad\u201d.<\/p>\n\n\n\n<p>Pionera en el feminismo espa\u00f1ol, desde joven se propuso ser abogada. A los veinti\u00fan a\u00f1os, para poder ingresar como oyente en la Facultad de Derecho de la Universidad Central de Madrid se disfraz\u00f3 de hombre, se cort\u00f3 el pelo, visti\u00f3 levita, capa y sombrero de copa. Al descubrirse su verdadera identidad y tras superar un examen fue autorizada a asistir a las clases, desde 1842 a 1845, sentada en un lugar alejada de sus compa\u00f1eros.<\/p>\n\n\n\n<p>Experta en Derecho, pensadora, periodista, poeta y autora dram\u00e1tica espa\u00f1ola, colabor\u00f3 en el Bolet\u00edn de la Instituci\u00f3n Libre de Ense\u00f1anza y ha sido considerada la precursora del Trabajo Social en Espa\u00f1a.<\/p>\n\n\n\n<p>En 1864, se convirti\u00f3 en la primera mujer que recibi\u00f3 el t\u00edtulo de Visitadora de C\u00e1rceles de mujeres. En 1868, fue nombrada inspectora de Casas de Correcci\u00f3n de Mujeres y tres a\u00f1os despu\u00e9s, en 1871, comenz\u00f3 a colaborar con la revista La Voz de la Caridad, de Madrid, en la que escribi\u00f3 durante catorce a\u00f1os sobre las miserias del mundo que la rodeaba.<\/p>\n\n\n\n<p>A lo largo de su vida y obra denunci\u00f3 la situaci\u00f3n de las c\u00e1rceles de hombres y mujeres, la miseria en las casas de salud o la mendicidad y la condici\u00f3n de la mujer en el siglo xix, esta preocupaci\u00f3n por la situaci\u00f3n de las mujeres qued\u00f3 expuesta en una serie de obras reunidas bajo el t\u00edtulo&nbsp;<em>La Emancipaci\u00f3n de la Mujer Espa\u00f1ola.<\/em><\/p>\n\n\n\n<p>Entre sus obras se encuentra Oda a la Esclavitud (1866) que fue premiada por la Sociedad Abolicionista de Madrid.<\/p>\n\n\n\n<p>&nbsp;\u201cNunca me conmueve tan tristemente mi \u00e1nimo como al entrar en un hospital de mujeres donde se curan las enfermedades consecuencia de la prostituci\u00f3n. All\u00ed las enfermas no suelen quejarse, saben que a nadie inspiran l\u00e1stima y procuran sofocar el dolor f\u00edsico lo mismo que el dolor moral\u201d.&nbsp;&nbsp;<em>La Mujer del Porvenir (1869)<\/em><\/p>\n","protected":false},"excerpt":{"rendered":"<p>Concepci\u00f3n Arenal Ponte&nbsp;(1820-1893) \u201cLa prostituci\u00f3n es para la mujer el m\u00e1s horrible de todos los males. Es la lepra de la sociedad\u201d. Pionera en el feminismo espa\u00f1ol, desde joven se propuso ser abogada. A los veinti\u00fan a\u00f1os, para poder ingresar como oyente en la Facultad de Derecho de la Universidad Central de Madrid se disfraz\u00f3 &#8230; <a title=\"Concepci\u00f3n Arenal\" class=\"read-more\" href=\"https:\/\/culturayciencia.org\/stop-violencia-sexual\/recursos-digitales\/referentes\/concepcion-arenal\/\" aria-label=\"Leer m\u00e1s sobre Concepci\u00f3n Arenal\">Leer m\u00e1s<\/a><\/p>\n","protected":false},"author":1,"featured_media":0,"parent":40,"menu_order":0,"comment_status":"closed","ping_status":"closed","template":"","meta":{"om_disable_all_campaigns":false,"_uag_custom_page_level_css":"","_monsterinsights_skip_tracking":false,"_monsterinsights_sitenote_active":false,"_monsterinsights_sitenote_note":"","_monsterinsights_sitenote_category":0,"footnotes":""},"class_list":["post-88","page","type-page","status-publish"],"yoast_head":"<!-- This site is optimized with the Yoast SEO plugin v27.3 - https:\/\/yoast.com\/product\/yoast-seo-wordpress\/ -->\n<title>Concepci\u00f3n Arenal - Stop. Violencia Sexual<\/title>\n<meta name=\"robots\" content=\"index, follow, max-snippet:-1, max-image-preview:large, max-video-preview:-1\" \/>\n<link rel=\"canonical\" href=\"https:\/\/culturayciencia.org\/stop-violencia-sexual\/recursos-digitales\/referentes\/concepcion-arenal\/\" \/>\n<meta property=\"og:locale\" content=\"es_ES\" \/>\n<meta property=\"og:type\" content=\"article\" \/>\n<meta property=\"og:title\" content=\"Concepci\u00f3n Arenal - Stop. Violencia Sexual\" \/>\n<meta property=\"og:description\" content=\"Concepci\u00f3n Arenal Ponte&nbsp;(1820-1893) \u201cLa prostituci\u00f3n es para la mujer el m\u00e1s horrible de todos los males. Es la lepra de la sociedad\u201d. Pionera en el feminismo espa\u00f1ol, desde joven se propuso ser abogada. A los veinti\u00fan a\u00f1os, para poder ingresar como oyente en la Facultad de Derecho de la Universidad Central de Madrid se disfraz\u00f3 ... Leer m\u00e1s\" \/>\n<meta property=\"og:url\" content=\"https:\/\/culturayciencia.org\/stop-violencia-sexual\/recursos-digitales\/referentes\/concepcion-arenal\/\" \/>\n<meta property=\"og:site_name\" content=\"Stop. Violencia Sexual\" \/>\n<meta property=\"article:modified_time\" content=\"2023-01-26T17:50:23+00:00\" \/>\n<meta property=\"og:image\" content=\"https:\/\/culturayciencia.org\/stop-violencia-sexual\/wp-content\/uploads\/2023\/01\/Concepcion_arenal_stop_violencia_sexual.jpg\" \/>\n<meta name=\"twitter:card\" content=\"summary_large_image\" \/>\n<meta name=\"twitter:label1\" content=\"Tiempo de lectura\" \/>\n\t<meta name=\"twitter:data1\" content=\"2 minutos\" \/>\n<script type=\"application\/ld+json\" class=\"yoast-schema-graph\">{\"@context\":\"https:\\\/\\\/schema.org\",\"@graph\":[{\"@type\":\"WebPage\",\"@id\":\"https:\\\/\\\/culturayciencia.org\\\/stop-violencia-sexual\\\/recursos-digitales\\\/referentes\\\/concepcion-arenal\\\/\",\"url\":\"https:\\\/\\\/culturayciencia.org\\\/stop-violencia-sexual\\\/recursos-digitales\\\/referentes\\\/concepcion-arenal\\\/\",\"name\":\"Concepci\u00f3n Arenal - Stop. Violencia Sexual\",\"isPartOf\":{\"@id\":\"https:\\\/\\\/culturayciencia.org\\\/stop-violencia-sexual\\\/#website\"},\"primaryImageOfPage\":{\"@id\":\"https:\\\/\\\/culturayciencia.org\\\/stop-violencia-sexual\\\/recursos-digitales\\\/referentes\\\/concepcion-arenal\\\/#primaryimage\"},\"image\":{\"@id\":\"https:\\\/\\\/culturayciencia.org\\\/stop-violencia-sexual\\\/recursos-digitales\\\/referentes\\\/concepcion-arenal\\\/#primaryimage\"},\"thumbnailUrl\":\"https:\\\/\\\/culturayciencia.org\\\/stop-violencia-sexual\\\/wp-content\\\/uploads\\\/2023\\\/01\\\/Concepcion_arenal_stop_violencia_sexual.jpg\",\"datePublished\":\"2023-01-26T17:50:22+00:00\",\"dateModified\":\"2023-01-26T17:50:23+00:00\",\"breadcrumb\":{\"@id\":\"https:\\\/\\\/culturayciencia.org\\\/stop-violencia-sexual\\\/recursos-digitales\\\/referentes\\\/concepcion-arenal\\\/#breadcrumb\"},\"inLanguage\":\"es\",\"potentialAction\":[{\"@type\":\"ReadAction\",\"target\":[\"https:\\\/\\\/culturayciencia.org\\\/stop-violencia-sexual\\\/recursos-digitales\\\/referentes\\\/concepcion-arenal\\\/\"]}]},{\"@type\":\"ImageObject\",\"inLanguage\":\"es\",\"@id\":\"https:\\\/\\\/culturayciencia.org\\\/stop-violencia-sexual\\\/recursos-digitales\\\/referentes\\\/concepcion-arenal\\\/#primaryimage\",\"url\":\"https:\\\/\\\/culturayciencia.org\\\/stop-violencia-sexual\\\/wp-content\\\/uploads\\\/2023\\\/01\\\/Concepcion_arenal_stop_violencia_sexual.jpg\",\"contentUrl\":\"https:\\\/\\\/culturayciencia.org\\\/stop-violencia-sexual\\\/wp-content\\\/uploads\\\/2023\\\/01\\\/Concepcion_arenal_stop_violencia_sexual.jpg\",\"width\":1024,\"height\":717},{\"@type\":\"BreadcrumbList\",\"@id\":\"https:\\\/\\\/culturayciencia.org\\\/stop-violencia-sexual\\\/recursos-digitales\\\/referentes\\\/concepcion-arenal\\\/#breadcrumb\",\"itemListElement\":[{\"@type\":\"ListItem\",\"position\":1,\"name\":\"Portada\",\"item\":\"https:\\\/\\\/culturayciencia.org\\\/stop-violencia-sexual\\\/\"},{\"@type\":\"ListItem\",\"position\":2,\"name\":\"Recursos digitales\",\"item\":\"https:\\\/\\\/culturayciencia.org\\\/stop-violencia-sexual\\\/recursos-digitales\\\/\"},{\"@type\":\"ListItem\",\"position\":3,\"name\":\"Referentes\",\"item\":\"https:\\\/\\\/culturayciencia.org\\\/stop-violencia-sexual\\\/recursos-digitales\\\/referentes\\\/\"},{\"@type\":\"ListItem\",\"position\":4,\"name\":\"Concepci\u00f3n Arenal\"}]},{\"@type\":\"WebSite\",\"@id\":\"https:\\\/\\\/culturayciencia.org\\\/stop-violencia-sexual\\\/#website\",\"url\":\"https:\\\/\\\/culturayciencia.org\\\/stop-violencia-sexual\\\/\",\"name\":\"Stop. Violencia Sexual\",\"description\":\"\",\"publisher\":{\"@id\":\"https:\\\/\\\/culturayciencia.org\\\/stop-violencia-sexual\\\/#organization\"},\"potentialAction\":[{\"@type\":\"SearchAction\",\"target\":{\"@type\":\"EntryPoint\",\"urlTemplate\":\"https:\\\/\\\/culturayciencia.org\\\/stop-violencia-sexual\\\/?s={search_term_string}\"},\"query-input\":{\"@type\":\"PropertyValueSpecification\",\"valueRequired\":true,\"valueName\":\"search_term_string\"}}],\"inLanguage\":\"es\"},{\"@type\":\"Organization\",\"@id\":\"https:\\\/\\\/culturayciencia.org\\\/stop-violencia-sexual\\\/#organization\",\"name\":\"Stop. Violencia Sexual\",\"url\":\"https:\\\/\\\/culturayciencia.org\\\/stop-violencia-sexual\\\/\",\"logo\":{\"@type\":\"ImageObject\",\"inLanguage\":\"es\",\"@id\":\"https:\\\/\\\/culturayciencia.org\\\/stop-violencia-sexual\\\/#\\\/schema\\\/logo\\\/image\\\/\",\"url\":\"https:\\\/\\\/culturayciencia.org\\\/stop-violencia-sexual\\\/wp-content\\\/uploads\\\/2023\\\/01\\\/Stop-violencia-sexual-logo-banner-01.png\",\"contentUrl\":\"https:\\\/\\\/culturayciencia.org\\\/stop-violencia-sexual\\\/wp-content\\\/uploads\\\/2023\\\/01\\\/Stop-violencia-sexual-logo-banner-01.png\",\"width\":786,\"height\":346,\"caption\":\"Stop. Violencia Sexual\"},\"image\":{\"@id\":\"https:\\\/\\\/culturayciencia.org\\\/stop-violencia-sexual\\\/#\\\/schema\\\/logo\\\/image\\\/\"}}]}<\/script>\n<!-- \/ Yoast SEO plugin. -->","yoast_head_json":{"title":"Concepci\u00f3n Arenal - Stop. Violencia Sexual","robots":{"index":"index","follow":"follow","max-snippet":"max-snippet:-1","max-image-preview":"max-image-preview:large","max-video-preview":"max-video-preview:-1"},"canonical":"https:\/\/culturayciencia.org\/stop-violencia-sexual\/recursos-digitales\/referentes\/concepcion-arenal\/","og_locale":"es_ES","og_type":"article","og_title":"Concepci\u00f3n Arenal - Stop. Violencia Sexual","og_description":"Concepci\u00f3n Arenal Ponte&nbsp;(1820-1893) \u201cLa prostituci\u00f3n es para la mujer el m\u00e1s horrible de todos los males. Es la lepra de la sociedad\u201d. Pionera en el feminismo espa\u00f1ol, desde joven se propuso ser abogada. A los veinti\u00fan a\u00f1os, para poder ingresar como oyente en la Facultad de Derecho de la Universidad Central de Madrid se disfraz\u00f3 ... Leer m\u00e1s","og_url":"https:\/\/culturayciencia.org\/stop-violencia-sexual\/recursos-digitales\/referentes\/concepcion-arenal\/","og_site_name":"Stop. Violencia Sexual","article_modified_time":"2023-01-26T17:50:23+00:00","og_image":[{"url":"https:\/\/culturayciencia.org\/stop-violencia-sexual\/wp-content\/uploads\/2023\/01\/Concepcion_arenal_stop_violencia_sexual.jpg","type":"","width":"","height":""}],"twitter_card":"summary_large_image","twitter_misc":{"Tiempo de lectura":"2 minutos"},"schema":{"@context":"https:\/\/schema.org","@graph":[{"@type":"WebPage","@id":"https:\/\/culturayciencia.org\/stop-violencia-sexual\/recursos-digitales\/referentes\/concepcion-arenal\/","url":"https:\/\/culturayciencia.org\/stop-violencia-sexual\/recursos-digitales\/referentes\/concepcion-arenal\/","name":"Concepci\u00f3n Arenal - Stop. Violencia Sexual","isPartOf":{"@id":"https:\/\/culturayciencia.org\/stop-violencia-sexual\/#website"},"primaryImageOfPage":{"@id":"https:\/\/culturayciencia.org\/stop-violencia-sexual\/recursos-digitales\/referentes\/concepcion-arenal\/#primaryimage"},"image":{"@id":"https:\/\/culturayciencia.org\/stop-violencia-sexual\/recursos-digitales\/referentes\/concepcion-arenal\/#primaryimage"},"thumbnailUrl":"https:\/\/culturayciencia.org\/stop-violencia-sexual\/wp-content\/uploads\/2023\/01\/Concepcion_arenal_stop_violencia_sexual.jpg","datePublished":"2023-01-26T17:50:22+00:00","dateModified":"2023-01-26T17:50:23+00:00","breadcrumb":{"@id":"https:\/\/culturayciencia.org\/stop-violencia-sexual\/recursos-digitales\/referentes\/concepcion-arenal\/#breadcrumb"},"inLanguage":"es","potentialAction":[{"@type":"ReadAction","target":["https:\/\/culturayciencia.org\/stop-violencia-sexual\/recursos-digitales\/referentes\/concepcion-arenal\/"]}]},{"@type":"ImageObject","inLanguage":"es","@id":"https:\/\/culturayciencia.org\/stop-violencia-sexual\/recursos-digitales\/referentes\/concepcion-arenal\/#primaryimage","url":"https:\/\/culturayciencia.org\/stop-violencia-sexual\/wp-content\/uploads\/2023\/01\/Concepcion_arenal_stop_violencia_sexual.jpg","contentUrl":"https:\/\/culturayciencia.org\/stop-violencia-sexual\/wp-content\/uploads\/2023\/01\/Concepcion_arenal_stop_violencia_sexual.jpg","width":1024,"height":717},{"@type":"BreadcrumbList","@id":"https:\/\/culturayciencia.org\/stop-violencia-sexual\/recursos-digitales\/referentes\/concepcion-arenal\/#breadcrumb","itemListElement":[{"@type":"ListItem","position":1,"name":"Portada","item":"https:\/\/culturayciencia.org\/stop-violencia-sexual\/"},{"@type":"ListItem","position":2,"name":"Recursos digitales","item":"https:\/\/culturayciencia.org\/stop-violencia-sexual\/recursos-digitales\/"},{"@type":"ListItem","position":3,"name":"Referentes","item":"https:\/\/culturayciencia.org\/stop-violencia-sexual\/recursos-digitales\/referentes\/"},{"@type":"ListItem","position":4,"name":"Concepci\u00f3n Arenal"}]},{"@type":"WebSite","@id":"https:\/\/culturayciencia.org\/stop-violencia-sexual\/#website","url":"https:\/\/culturayciencia.org\/stop-violencia-sexual\/","name":"Stop. Violencia Sexual","description":"","publisher":{"@id":"https:\/\/culturayciencia.org\/stop-violencia-sexual\/#organization"},"potentialAction":[{"@type":"SearchAction","target":{"@type":"EntryPoint","urlTemplate":"https:\/\/culturayciencia.org\/stop-violencia-sexual\/?s={search_term_string}"},"query-input":{"@type":"PropertyValueSpecification","valueRequired":true,"valueName":"search_term_string"}}],"inLanguage":"es"},{"@type":"Organization","@id":"https:\/\/culturayciencia.org\/stop-violencia-sexual\/#organization","name":"Stop. Violencia Sexual","url":"https:\/\/culturayciencia.org\/stop-violencia-sexual\/","logo":{"@type":"ImageObject","inLanguage":"es","@id":"https:\/\/culturayciencia.org\/stop-violencia-sexual\/#\/schema\/logo\/image\/","url":"https:\/\/culturayciencia.org\/stop-violencia-sexual\/wp-content\/uploads\/2023\/01\/Stop-violencia-sexual-logo-banner-01.png","contentUrl":"https:\/\/culturayciencia.org\/stop-violencia-sexual\/wp-content\/uploads\/2023\/01\/Stop-violencia-sexual-logo-banner-01.png","width":786,"height":346,"caption":"Stop. Violencia Sexual"},"image":{"@id":"https:\/\/culturayciencia.org\/stop-violencia-sexual\/#\/schema\/logo\/image\/"}}]}},"uagb_featured_image_src":{"full":false,"thumbnail":false,"medium":false,"medium_large":false,"large":false,"1536x1536":false,"2048x2048":false},"uagb_author_info":{"display_name":false,"author_link":"https:\/\/culturayciencia.org\/stop-violencia-sexual\/author\/amelia\/"},"uagb_comment_info":0,"uagb_excerpt":"Concepci\u00f3n Arenal Ponte&nbsp;(1820-1893) \u201cLa prostituci\u00f3n es para la mujer el m\u00e1s horrible de todos los males. Es la lepra de la sociedad\u201d. Pionera en el feminismo espa\u00f1ol, desde joven se propuso ser abogada. A los veinti\u00fan a\u00f1os, para poder ingresar como oyente en la Facultad de Derecho de la Universidad Central de Madrid se disfraz\u00f3&hellip;","_links":{"self":[{"href":"https:\/\/culturayciencia.org\/stop-violencia-sexual\/wp-json\/wp\/v2\/pages\/88","targetHints":{"allow":["GET"]}}],"collection":[{"href":"https:\/\/culturayciencia.org\/stop-violencia-sexual\/wp-json\/wp\/v2\/pages"}],"about":[{"href":"https:\/\/culturayciencia.org\/stop-violencia-sexual\/wp-json\/wp\/v2\/types\/page"}],"author":[{"embeddable":true,"href":"https:\/\/culturayciencia.org\/stop-violencia-sexual\/wp-json\/wp\/v2\/users\/1"}],"replies":[{"embeddable":true,"href":"https:\/\/culturayciencia.org\/stop-violencia-sexual\/wp-json\/wp\/v2\/comments?post=88"}],"version-history":[{"count":0,"href":"https:\/\/culturayciencia.org\/stop-violencia-sexual\/wp-json\/wp\/v2\/pages\/88\/revisions"}],"up":[{"embeddable":true,"href":"https:\/\/culturayciencia.org\/stop-violencia-sexual\/wp-json\/wp\/v2\/pages\/40"}],"wp:attachment":[{"href":"https:\/\/culturayciencia.org\/stop-violencia-sexual\/wp-json\/wp\/v2\/media?parent=88"}],"curies":[{"name":"wp","href":"https:\/\/api.w.org\/{rel}","templated":true}]}}